{"id":1037,"date":"2025-12-13T05:13:39","date_gmt":"2025-12-13T05:13:39","guid":{"rendered":"https:\/\/zunzz.com\/product\/trossipressi-masin-150t\/"},"modified":"2025-12-20T13:00:28","modified_gmt":"2025-12-20T13:00:28","slug":"wire-rope-press-machine","status":"publish","type":"product","link":"https:\/\/zunzz.com\/et\/product\/wire-rope-press-machine\/","title":{"rendered":"Trossipressi masin 150T"},"content":{"rendered":"<h3>1.About tross press masin<\/h3>\n<p><strong>Trossipressimismasin<\/strong> on uus masin, mille t\u00f6\u00f6tas iseseisvalt v\u00e4lja Zunzz masinafirma 2001. aastal. Suure t\u00f6\u00f6kindluse ja vastupidavuse tagamiseks kasutame juhtivate kaubam\u00e4rkide kvaliteetseid komponente. <\/p>\n<p>See on valmistatud k\u00f5rgekvaliteedilisest legeerterasest ja on klientide poolt tunnustatud selle madala rikkem\u00e4\u00e4ra, sujuva t\u00f6\u00f6, k\u00f5rge efektiivsuse, madala m\u00fcrataseme ja kompaktse struktuuri poolest.<br \/>\nSeet\u00f5ttu kasutatakse seda laialdaselt terases, laevaehituses, elektrijaamades, sadamates, transpordis, ehituses ja muudes t\u00f6\u00f6stusharudes.<\/p>\n<p>Traditsiooniline trossitroppide liitmisprotsess n\u00f5uab metallh\u00fclsi sisestamist terastrossi otsa. Ja siis vajutades ja kinnitades. See protsess v\u00f5ib kergesti p\u00f5hjustada terastrossi sisemisi kahjustusi.  <\/p>\n<p>H\u00fcdraulilise trossipressi kasutatav mittel\u00f5ikava vormimistehnoloogia ei n\u00f5ua pressimise ajal metallh\u00fclsside sisestamist. Selle asemel asetatakse tross otse vormi ja surve avaldatakse h\u00fcdros\u00fcsteemi kaudu. <\/p>\n<p>Matriitsi\u00f5\u00f5nsuses olev metall on t\u00e4ielikult ja tihedalt \u00fchendatud ning tross on kinnitatud tarvikute k\u00fclge. See meetod v\u00e4hendab terastrossi sisemuse kahjustusi, suudab paremini s\u00e4ilitada terastrossi tugevust ja vastupidavust ning pikendab selle kasutusiga. <\/p>\n<h3>2. Parameeter<\/h3>\n<div class=\"table-r\">\n<table width=\"100%\">\n<tbody>\n<tr>\n<td width=\"50%\">Mahutavus\n<\/td>\n<td width=\"50%\">1500 kN<\/td>\n<\/tr>\n<tr>\n<td width=\"50%\">Swage vahemik\n<\/td>\n<td width=\"50%\">6-16 mm<\/td>\n<\/tr>\n<tr>\n<td width=\"50%\">Mitmekordne vajutus\n<\/td>\n<td width=\"50%\">20 mm<\/td>\n<\/tr>\n<tr>\n<td width=\"50%\">Max. \u00d5li r\u00f5hk<\/td>\n<td width=\"50%\">63Mpa<\/td>\n<\/tr>\n<tr>\n<td width=\"50%\">\u00d5li r\u00f5hu juhtimine\n<\/td>\n<td width=\"50%\">7 MPa<\/td>\n<\/tr>\n<tr>\n<td width=\"50%\">T\u00f6\u00f6tav insult\n<\/td>\n<td width=\"50%\">50 mm<\/td>\n<\/tr>\n<tr>\n<td width=\"50%\">Kiirus \u00fclespoole\n<\/td>\n<td width=\"50%\">9,8 mm\/s<\/td>\n<\/tr>\n<\/tbody>\n<\/table>\n<\/div>\n<p>&nbsp;<\/p>\n<p><iframe title=\"wire rope swaging machine\" width=\"1060\" height=\"596\" src=\"https:\/\/www.youtube.com\/embed\/Gn9A0sCPr0Y?feature=oembed\" frameborder=\"0\" allow=\"accelerometer; autoplay; clipboard-write; encrypted-media; gyroscope; picture-in-picture; web-share\" referrerpolicy=\"strict-origin-when-cross-origin\" allowfullscreen><\/iframe><\/p>\n<h3>3. Trossipressimismasina omadused:<\/h3>\n<p><strong>Pressitud trossi suur tugevus, hea kontsentrilisus ja sile pind:<\/strong> kasutatakse t\u00e4iustatud pressimistehnoloogiat, et tagada pressitud trossitropi k\u00f5rge tugevus, hea kontsentrilisus ja sile pind.<\/p>\n<p><strong>\u00dchtlane j\u00f5ud, stabiilne pressimine, pikk kasutusiga, v\u00e4he hooldust:<\/strong> Masina konstruktsioon on m\u00f5istlik ja j\u00f5ud on pressimise ajal \u00fchtlane, tagades tropi kvaliteedi ja kasutusea ning v\u00e4hendades hoolduskordade arvu ja hoolduskulusid.<\/p>\n<p><strong>\u00d5livarustuss\u00fcsteemil on k\u00f5rge tihendusv\u00f5ime, see on ohutu, t\u00f6\u00f6kindel ja vastupidav:<\/strong> \u00f5lipumbas\u00fcsteem kasutab \u00f5li varustamiseks k\u00f5rg- ja madalsurvepumpasid ning masinal on \u00e4\u00e4rmiselt k\u00f5rge tihendusv\u00f5ime, mis muudab selle ohutumaks, t\u00f6\u00f6kindlamaks ja vastupidavamaks.<\/p>\n<p><strong>\u00dcmmargune vormikujundus, automaatne positsioneerimine, mugav erinevate vormide vahetamine:<\/strong> \u00dcmmargune vormikujundus v\u00f5imaldab automaatset positsioneerimist, erinevate vormide mugavat ja kiiret asendamist, parandades tootmise efektiivsust ning terastraadi pressimise saab l\u00f5petada vaid m\u00f5ne minutiga. <strong>Pakkuda saab ka plokistantse.<\/strong><\/p>\n<p><strong>Kolb v\u00f5ib peatuda mis tahes asendis:<\/strong> kolb on konstrueeritud nii, et see oleks paindlik ja v\u00f5ib seiskuda mis tahes asendis, et seda oleks lihtne kasutada ja reguleerida.<\/p>\n<p><strong>T\u00e4iustatud tehnoloogia, ilus v\u00e4limus:<\/strong> valmistatud t\u00e4iustatud tehnoloogiaga, ilus v\u00e4limus, mis vastab t\u00e4nap\u00e4evasele t\u00f6\u00f6stusesteetikale ja ergonoomilistele n\u00f5uetele.<\/p>\n<p><strong>S\u00e4\u00e4stke terastrossi:<\/strong> terastrossi kasutamine s\u00e4\u00e4stetakse pressimise ajal, s\u00e4\u00e4stes klientide kulusid.<\/p>\n<h3><img fetchpriority=\"high\" decoding=\"async\" class=\"alignnone wp-image-373 \" src=\"https:\/\/zunzz.com\/wp-content\/uploads\/2023\/09\/Wire-Rope-Press-Machine-150T-3.webp\" alt=\"Trossipressi masin 150T-3\" width=\"1080\" height=\"1080\" srcset=\"https:\/\/zunzz.com\/wp-content\/uploads\/2023\/09\/Wire-Rope-Press-Machine-150T-3.webp 1024w, https:\/\/zunzz.com\/wp-content\/uploads\/2023\/09\/Wire-Rope-Press-Machine-150T-3-300x300.webp 300w, https:\/\/zunzz.com\/wp-content\/uploads\/2023\/09\/Wire-Rope-Press-Machine-150T-3-150x150.webp 150w, https:\/\/zunzz.com\/wp-content\/uploads\/2023\/09\/Wire-Rope-Press-Machine-150T-3-768x768.webp 768w, https:\/\/zunzz.com\/wp-content\/uploads\/2023\/09\/Wire-Rope-Press-Machine-150T-3-570x570.webp 570w, https:\/\/zunzz.com\/wp-content\/uploads\/2023\/09\/Wire-Rope-Press-Machine-150T-3-500x500.webp 500w, https:\/\/zunzz.com\/wp-content\/uploads\/2023\/09\/Wire-Rope-Press-Machine-150T-3-1000x1000.webp 1000w, https:\/\/zunzz.com\/wp-content\/uploads\/2023\/09\/Wire-Rope-Press-Machine-150T-3-700x700.webp 700w, https:\/\/zunzz.com\/wp-content\/uploads\/2023\/09\/Wire-Rope-Press-Machine-150T-3-650x650.webp 650w, https:\/\/zunzz.com\/wp-content\/uploads\/2023\/09\/Wire-Rope-Press-Machine-150T-3-600x600.webp 600w, https:\/\/zunzz.com\/wp-content\/uploads\/2023\/09\/Wire-Rope-Press-Machine-150T-3-100x100.webp 100w\" sizes=\"(max-width: 1080px) 100vw, 1080px\" \/><\/h3>\n<h3><img decoding=\"async\" class=\"alignnone wp-image-372 size-full\" src=\"https:\/\/zunzz.com\/wp-content\/uploads\/2023\/09\/Wire-Rope-Press-Machine-150T-2.webp\" alt=\"Trossipressi masin 150T-2\" width=\"1080\" height=\"1440\" srcset=\"https:\/\/zunzz.com\/wp-content\/uploads\/2023\/09\/Wire-Rope-Press-Machine-150T-2.webp 1080w, https:\/\/zunzz.com\/wp-content\/uploads\/2023\/09\/Wire-Rope-Press-Machine-150T-2-225x300.webp 225w, https:\/\/zunzz.com\/wp-content\/uploads\/2023\/09\/Wire-Rope-Press-Machine-150T-2-768x1024.webp 768w, https:\/\/zunzz.com\/wp-content\/uploads\/2023\/09\/Wire-Rope-Press-Machine-150T-2-600x800.webp 600w, https:\/\/zunzz.com\/wp-content\/uploads\/2023\/09\/Wire-Rope-Press-Machine-150T-2-700x933.webp 700w\" sizes=\"(max-width: 1080px) 100vw, 1080px\" \/><\/h3>\n<h3>4. H\u00fcdraulilise trossipressi masina t\u00f6\u00f6etapid:<\/h3>\n<p><strong>Vormi kinnitamine:<\/strong> vormide paigaldamine.<\/p>\n<p><strong>Reguleerige r\u00f5hku:<\/strong> reguleerige masin nii, et see avaldaks sobivat survet vastavalt trossi n\u00f5uetele.<\/p>\n<p><strong>T\u00f5stmine:<\/strong> asetage trossih\u00fclss vertikaalselt vormi keskele. Vajutage pedaali \u00fcles l\u00fclitit ja kolb hakkab t\u00f5usma. Kui kolb t\u00f5useb etteantud r\u00f5huni, s\u00fcttib t\u00f5usu indikaatortuli ning masin peatub automaatselt ja l\u00f5petab vajutamise.  <\/p>\n<p><strong>Langetamine:<\/strong> P\u00e4rast vajutamise l\u00f5petamist vajutage langetamise l\u00fclitit ja kolb kukub alla. Langetamise m\u00e4rgutuli s\u00fcttib, mis n\u00e4itab, et kolb langeb. P\u00e4rast kolvi t\u00e4ielikku laskumist eemaldage pressitud tross.  <\/p>\n<h3><img decoding=\"async\" class=\"alignnone wp-image-371 size-full\" src=\"https:\/\/zunzz.com\/wp-content\/uploads\/2023\/09\/Wire-Rope-Press-Machine-150T-1.webp\" alt=\"Trossipressi masin 150T-1\" width=\"1080\" height=\"1440\" srcset=\"https:\/\/zunzz.com\/wp-content\/uploads\/2023\/09\/Wire-Rope-Press-Machine-150T-1.webp 1080w, https:\/\/zunzz.com\/wp-content\/uploads\/2023\/09\/Wire-Rope-Press-Machine-150T-1-225x300.webp 225w, https:\/\/zunzz.com\/wp-content\/uploads\/2023\/09\/Wire-Rope-Press-Machine-150T-1-768x1024.webp 768w, https:\/\/zunzz.com\/wp-content\/uploads\/2023\/09\/Wire-Rope-Press-Machine-150T-1-600x800.webp 600w, https:\/\/zunzz.com\/wp-content\/uploads\/2023\/09\/Wire-Rope-Press-Machine-150T-1-700x933.webp 700w\" sizes=\"(max-width: 1080px) 100vw, 1080px\" \/><\/h3>\n<p><img loading=\"lazy\" decoding=\"async\" class=\"alignnone wp-image-374 size-full\" src=\"https:\/\/zunzz.com\/wp-content\/uploads\/2023\/09\/Wire-Rope-Press-Machine-150T-4.webp\" alt=\"Trossipressi masin 150T-4\" width=\"1080\" height=\"1440\" srcset=\"https:\/\/zunzz.com\/wp-content\/uploads\/2023\/09\/Wire-Rope-Press-Machine-150T-4.webp 1080w, https:\/\/zunzz.com\/wp-content\/uploads\/2023\/09\/Wire-Rope-Press-Machine-150T-4-225x300.webp 225w, https:\/\/zunzz.com\/wp-content\/uploads\/2023\/09\/Wire-Rope-Press-Machine-150T-4-768x1024.webp 768w, https:\/\/zunzz.com\/wp-content\/uploads\/2023\/09\/Wire-Rope-Press-Machine-150T-4-600x800.webp 600w, https:\/\/zunzz.com\/wp-content\/uploads\/2023\/09\/Wire-Rope-Press-Machine-150T-4-700x933.webp 700w\" sizes=\"(max-width: 1080px) 100vw, 1080px\" \/><\/p>\n<h3>5. Korduma kippuvad k\u00fcsimused:<\/h3>\n<p><strong>1. Mis on m\u00fc\u00fcgij\u00e4rgne teenindus?<\/strong><br \/>\nM\u00fc\u00fcgij\u00e4rgne teenindus viitab tugi- ja hooldusteenustele, mida osutatakse p\u00e4rast klientide toodete ostmist, sealhulgas garantii- ja hooldusteenust jne. Pakume 24-tunnise garantii ja 12-kuulise toote eluea hooldusteenuseid. <\/p>\n<p><strong>2.Kui ma pole varem pressi kasutanud, kuidas masin paigaldada ja kasutada?<\/strong><br \/>\npole probleemi! Alustamise h\u00f5lbustamiseks pakume teile kasutusjuhendit koos \u00fcksikasjalike paigaldus- ja t\u00f6\u00f6etappidega. <\/p>\n<p><strong>3.Kas ma peaksin enne tellimist n\u00e4gema masinat t\u00f6\u00f6tamas?<\/strong><br \/>\na. You can send an inquiry and we will check if there is a customer display machine in your country.<x id=\"gid_0\"><\/x>b. Welcome to our factory, we will personally teach you how to operate.<br \/>\nc. If it is not convenient to be there, we can also show you the working process of the machine through video.   <\/p>\n<p><strong>4. Kui ma esitan tellimuse, kui kaua kulub masina valmimiseks?<\/strong><br \/>\nTavaliselt on tarneaeg 45 p\u00e4eva. Kui meil on laos vajalikke masinaid ja vorme, v\u00f5ime need tarnida 7-10 p\u00e4eva jooksul p\u00e4rast makse laekumist. <\/p>\n<p><strong>5.Kas olete kaubandusettev\u00f5te v\u00f5i tehas?<br \/>\n<\/strong>Oleme 20-aastase kogemusega professionaalne <strong>terastrossi pressimismasin<\/strong> ja <strong>trossi l\u00f5\u00f5mutamismasina<\/strong> tootja. K\u00f5ik tooted on toodetud meie enda tehases. <\/p>\n<p><strong>6. Kas teil on muid terastrossi pressimismasinate mudeleid?<br \/>\n<\/strong>Meil on endiselt 350T, <a title=\"Trossi pressimismasin 600T\" href=\"https:\/\/zunzz.com\/et\/product\/wire-rope-pressing-machine\/\">terastrossi pressimismasin 600T<\/a>, 1000T, 1500T, 3000T, 5000T.<\/p>\n<p><strong>7.Kuidas m\u00fc\u00fcgiga \u00fchendust v\u00f5tta?<\/strong><br \/>\nMeiega saate \u00fchendust v\u00f5tta t\u00e4ites s\u00f5numivormi ja meie m\u00fc\u00fcgimeeskond v\u00f5tab teiega \u00fchendust esimesel v\u00f5imalusel.<\/p>\n\n<div class=\"wpcf7 no-js\" id=\"wpcf7-f5520-o1\" lang=\"et\" dir=\"ltr\" data-wpcf7-id=\"5520\">\n<div class=\"screen-reader-response\"><p role=\"status\" aria-live=\"polite\" aria-atomic=\"true\"><\/p> <ul><\/ul><\/div>\n<form action=\"\/et\/wp-json\/wp\/v2\/product\/1037#wpcf7-f5520-o1\" method=\"post\" class=\"wpcf7-form init\" aria-label=\"Contact form\" novalidate=\"novalidate\" data-status=\"init\">\n<fieldset class=\"hidden-fields-container\"><input type=\"hidden\" name=\"_wpcf7\" value=\"5520\" \/><input type=\"hidden\" name=\"_wpcf7_version\" value=\"6.1.4\" \/><input type=\"hidden\" name=\"_wpcf7_locale\" value=\"et\" \/><input type=\"hidden\" name=\"_wpcf7_unit_tag\" value=\"wpcf7-f5520-o1\" \/><input type=\"hidden\" name=\"_wpcf7_container_post\" value=\"0\" \/><input type=\"hidden\" name=\"_wpcf7_posted_data_hash\" value=\"\" \/>\n<\/fieldset>\n<div class=\"wpcf7-turnstile cf-turnstile\" data-sitekey=\"0x4AAAAAACHlhHyKtoljFN8P\" data-response-field-name=\"_wpcf7_turnstile_response\"><\/div>\n\n<p>\n    <\/p><h4 style=\"color:#333333;font-size:20px;font-family:\"background-color:#FFFFFF;font-weight:normal !important;\">\n        <span style=\"color:red;\">Saatke meile oma n\u00f5uded - me vastame 24 tunni jooksul.<\/span>\n    <\/h4>\n\n\n<div class=\"row\" style=\"display:flex; flex-wrap:wrap; width:100%;\">\n\n    <!-- Name -->\n    <div style=\"width:40%; padding-right:10px; box-sizing:border-box;\">\n        <div class=\"form-group\" style=\"margin-bottom:15px;\">\n <span class=\"wpcf7-form-control-wrap\" data-name=\"your-name\"><input size=\"40\" maxlength=\"400\" class=\"wpcf7-form-control wpcf7-text wpcf7-validates-as-required\" aria-required=\"true\" aria-invalid=\"false\" placeholder=\"Sinu nimi *\" value=\"\" type=\"text\" name=\"your-name\" \/><\/span>\n        <\/div>\n    <\/div>\n\n    <!-- Email -->\n    <div style=\"width:60%; padding-left:10px; box-sizing:border-box;\">\n        <div class=\"form-group\" style=\"margin-bottom:15px;\">\n <span class=\"wpcf7-form-control-wrap\" data-name=\"your-email\"><input size=\"40\" maxlength=\"400\" class=\"wpcf7-form-control wpcf7-email wpcf7-validates-as-required wpcf7-text wpcf7-validates-as-email\" aria-required=\"true\" aria-invalid=\"false\" placeholder=\"E-posti aadress *\" value=\"\" type=\"email\" name=\"your-email\" \/><\/span>\n        <\/div>\n    <\/div>\n\n    <!-- Message -->\n    <div style=\"width:100%; box-sizing:border-box;\">\n        <div class=\"form-group\" style=\"margin-bottom:15px;\">\n            <span class=\"wpcf7-form-control-wrap\" data-name=\"your-message\"><textarea cols=\"30\" rows=\"4\" maxlength=\"2000\" class=\"wpcf7-form-control wpcf7-textarea\" aria-invalid=\"false\" placeholder=\"Palun kirjutage oma s\u00f5num siia\" name=\"your-message\"><\/textarea><\/span>\n        <\/div>\n    <\/div>\n\n    <!-- Submit -->\n    <div style=\"width:100%; box-sizing:border-box;\">\n        <input class=\"wpcf7-form-control wpcf7-submit has-spinner btn btn-default\" type=\"submit\" value=\"V\u00f5tke meiega \u00fchendust ja k\u00fcsige pakkumist\" \/>\n    <\/div>\n\n<\/div><div class=\"wpcf7-response-output\" aria-hidden=\"true\"><\/div>\n<\/form>\n<\/div>\n\n","protected":false},"excerpt":{"rendered":"<div class=\"table-r\">\n<table width=\"100%\">\n<tbody>\n<tr>\n<td width=\"50%\">Mudel:\n<\/td>\n<td width=\"50%\">YT150<\/td>\n<\/tr>\n<tr>\n<td width=\"50%\">Mahutavus:\n<\/td>\n<td width=\"50%\">1500 kn<\/td>\n<\/tr>\n<tr>\n<td width=\"50%\">Pressi l\u00e4bim\u00f5\u00f5t:\n<\/td>\n<td width=\"50%\">16 cm<\/td>\n<\/tr>\n<tr>\n<td width=\"50%\">V\u00f5imsus:\n<\/td>\n<td width=\"50%\">4kw<\/td>\n<\/tr>\n<tr>\n<td width=\"50%\">Suurus:\n<\/td>\n<td width=\"50%\">900 * 530 * 1400 mm<\/td>\n<\/tr>\n<tr>\n<td width=\"50%\">Kaal:\n<\/td>\n<td width=\"50%\">400 kg<\/td>\n<\/tr>\n<\/tbody>\n<\/table>\n<p><strong>Kasutatav keel:<\/strong>[wpml_language_selector_widget]<\/p>\n[contact-form-7 id=\"055e9b5\" title=\"Contact form 2\"]\n<\/div>\n","protected":false},"featured_media":644,"comment_status":"open","ping_status":"closed","template":"","meta":[],"product_brand":[],"product_cat":[66],"product_tag":[78],"class_list":{"0":"post-1037","1":"product","2":"type-product","3":"status-publish","4":"has-post-thumbnail","6":"product_cat-wire-rope-swaging-machine","7":"product_tag-wire-rope-swaging-machine","9":"first","10":"instock","11":"taxable","12":"shipping-taxable","13":"product-type-simple"},"yoast_head":"<!-- This site is optimized with the Yoast SEO plugin v26.8 - https:\/\/yoast.com\/product\/yoast-seo-wordpress\/ -->\n<title>Trossipressi masin 150T<\/title>\n<meta name=\"description\" content=\"Trossipressimismasin on uus masin, mille Zunzz t\u00f6\u00f6tas iseseisvalt v\u00e4lja 2001. aastal. Kasutame juhtivate kaubam\u00e4rkide kvaliteetseid komponente.\" \/>\n<meta name=\"robots\" content=\"index, follow, max-snippet:-1, max-image-preview:large, max-video-preview:-1\" \/>\n<link rel=\"canonical\" href=\"https:\/\/zunzz.com\/et\/product\/wire-rope-press-machine\/\" \/>\n<meta property=\"og:locale\" content=\"et_EE\" \/>\n<meta property=\"og:type\" content=\"article\" \/>\n<meta property=\"og:title\" content=\"Trossipressi masin 150T\" \/>\n<meta property=\"og:description\" content=\"Trossipressimismasin on uus masin, mille Zunzz t\u00f6\u00f6tas iseseisvalt v\u00e4lja 2001. aastal. Kasutame juhtivate kaubam\u00e4rkide kvaliteetseid komponente.\" \/>\n<meta property=\"og:url\" content=\"https:\/\/zunzz.com\/et\/product\/wire-rope-press-machine\/\" \/>\n<meta property=\"og:site_name\" content=\"Zunzz Wire Rope Sling Machine Company\" \/>\n<meta property=\"article:modified_time\" content=\"2025-12-20T13:00:28+00:00\" \/>\n<meta property=\"og:image\" content=\"https:\/\/zunzz.com\/wp-content\/uploads\/2023\/09\/Wire-Rope-Press-Machine-150T-3.webp\" \/>\n\t<meta property=\"og:image:width\" content=\"1024\" \/>\n\t<meta property=\"og:image:height\" content=\"1024\" \/>\n\t<meta property=\"og:image:type\" content=\"image\/webp\" \/>\n<meta name=\"twitter:card\" content=\"summary_large_image\" \/>\n<meta name=\"twitter:label1\" content=\"Est. reading time\" \/>\n\t<meta name=\"twitter:data1\" content=\"5 minutit\" \/>\n<script type=\"application\/ld+json\" class=\"yoast-schema-graph\">{\"@context\":\"https:\/\/schema.org\",\"@graph\":[{\"@type\":\"WebPage\",\"@id\":\"https:\/\/zunzz.com\/et\/product\/wire-rope-press-machine\/\",\"url\":\"https:\/\/zunzz.com\/et\/product\/wire-rope-press-machine\/\",\"name\":\"Trossipressi masin 150T\",\"isPartOf\":{\"@id\":\"https:\/\/zunzz.com\/et\/#website\"},\"primaryImageOfPage\":{\"@id\":\"https:\/\/zunzz.com\/et\/product\/wire-rope-press-machine\/#primaryimage\"},\"image\":{\"@id\":\"https:\/\/zunzz.com\/et\/product\/wire-rope-press-machine\/#primaryimage\"},\"thumbnailUrl\":\"https:\/\/zunzz.com\/wp-content\/uploads\/2023\/09\/Wire-Rope-Press-Machine-150T-3.webp\",\"datePublished\":\"2025-12-13T05:13:39+00:00\",\"dateModified\":\"2025-12-20T13:00:28+00:00\",\"description\":\"Trossipressimismasin on uus masin, mille Zunzz t\u00f6\u00f6tas iseseisvalt v\u00e4lja 2001. aastal. Kasutame juhtivate kaubam\u00e4rkide kvaliteetseid komponente.\",\"breadcrumb\":{\"@id\":\"https:\/\/zunzz.com\/et\/product\/wire-rope-press-machine\/#breadcrumb\"},\"inLanguage\":\"et\",\"potentialAction\":[{\"@type\":\"ReadAction\",\"target\":[\"https:\/\/zunzz.com\/et\/product\/wire-rope-press-machine\/\"]}]},{\"@type\":\"ImageObject\",\"inLanguage\":\"et\",\"@id\":\"https:\/\/zunzz.com\/et\/product\/wire-rope-press-machine\/#primaryimage\",\"url\":\"https:\/\/zunzz.com\/wp-content\/uploads\/2023\/09\/Wire-Rope-Press-Machine-150T-3.webp\",\"contentUrl\":\"https:\/\/zunzz.com\/wp-content\/uploads\/2023\/09\/Wire-Rope-Press-Machine-150T-3.webp\",\"width\":1024,\"height\":1024,\"caption\":\"Trossipressi masin 150T-3\"},{\"@type\":\"BreadcrumbList\",\"@id\":\"https:\/\/zunzz.com\/et\/product\/wire-rope-press-machine\/#breadcrumb\",\"itemListElement\":[{\"@type\":\"ListItem\",\"position\":1,\"name\":\"Home\",\"item\":\"https:\/\/zunzz.com\/et\/home\/\"},{\"@type\":\"ListItem\",\"position\":2,\"name\":\"Shop\",\"item\":\"https:\/\/zunzz.com\/bg\/shop\/\"},{\"@type\":\"ListItem\",\"position\":3,\"name\":\"Trossipressi masin 150T\"}]},{\"@type\":\"WebSite\",\"@id\":\"https:\/\/zunzz.com\/et\/#website\",\"url\":\"https:\/\/zunzz.com\/et\/\",\"name\":\"Zunzz Wire Rope Sling Machine Company\",\"description\":\"Zunzz Wire Rope Sling Machine Company is a leading manufacturer of wire rope sling machines and related products.\",\"publisher\":{\"@id\":\"https:\/\/zunzz.com\/et\/#organization\"},\"potentialAction\":[{\"@type\":\"SearchAction\",\"target\":{\"@type\":\"EntryPoint\",\"urlTemplate\":\"https:\/\/zunzz.com\/et\/?s={search_term_string}\"},\"query-input\":{\"@type\":\"PropertyValueSpecification\",\"valueRequired\":true,\"valueName\":\"search_term_string\"}}],\"inLanguage\":\"et\"},{\"@type\":\"Organization\",\"@id\":\"https:\/\/zunzz.com\/et\/#organization\",\"name\":\"Zunzz Wire Rope Sling Machine Company\",\"url\":\"https:\/\/zunzz.com\/et\/\",\"logo\":{\"@type\":\"ImageObject\",\"inLanguage\":\"et\",\"@id\":\"https:\/\/zunzz.com\/et\/#\/schema\/logo\/image\/\",\"url\":\"https:\/\/zunzz.com\/wp-content\/uploads\/2023\/09\/Logo.png\",\"contentUrl\":\"https:\/\/zunzz.com\/wp-content\/uploads\/2023\/09\/Logo.png\",\"width\":171,\"height\":133,\"caption\":\"Zunzz Wire Rope Sling Machine Company\"},\"image\":{\"@id\":\"https:\/\/zunzz.com\/et\/#\/schema\/logo\/image\/\"}}]}<\/script>\n<!-- \/ Yoast SEO plugin. -->","yoast_head_json":{"title":"Trossipressi masin 150T","description":"Trossipressimismasin on uus masin, mille Zunzz t\u00f6\u00f6tas iseseisvalt v\u00e4lja 2001. aastal. Kasutame juhtivate kaubam\u00e4rkide kvaliteetseid komponente.","robots":{"index":"index","follow":"follow","max-snippet":"max-snippet:-1","max-image-preview":"max-image-preview:large","max-video-preview":"max-video-preview:-1"},"canonical":"https:\/\/zunzz.com\/et\/product\/wire-rope-press-machine\/","og_locale":"et_EE","og_type":"article","og_title":"Trossipressi masin 150T","og_description":"Trossipressimismasin on uus masin, mille Zunzz t\u00f6\u00f6tas iseseisvalt v\u00e4lja 2001. aastal. Kasutame juhtivate kaubam\u00e4rkide kvaliteetseid komponente.","og_url":"https:\/\/zunzz.com\/et\/product\/wire-rope-press-machine\/","og_site_name":"Zunzz Wire Rope Sling Machine Company","article_modified_time":"2025-12-20T13:00:28+00:00","og_image":[{"width":1024,"height":1024,"url":"https:\/\/zunzz.com\/wp-content\/uploads\/2023\/09\/Wire-Rope-Press-Machine-150T-3.webp","type":"image\/webp"}],"twitter_card":"summary_large_image","twitter_misc":{"Est. reading time":"5 minutit"},"schema":{"@context":"https:\/\/schema.org","@graph":[{"@type":"WebPage","@id":"https:\/\/zunzz.com\/et\/product\/wire-rope-press-machine\/","url":"https:\/\/zunzz.com\/et\/product\/wire-rope-press-machine\/","name":"Trossipressi masin 150T","isPartOf":{"@id":"https:\/\/zunzz.com\/et\/#website"},"primaryImageOfPage":{"@id":"https:\/\/zunzz.com\/et\/product\/wire-rope-press-machine\/#primaryimage"},"image":{"@id":"https:\/\/zunzz.com\/et\/product\/wire-rope-press-machine\/#primaryimage"},"thumbnailUrl":"https:\/\/zunzz.com\/wp-content\/uploads\/2023\/09\/Wire-Rope-Press-Machine-150T-3.webp","datePublished":"2025-12-13T05:13:39+00:00","dateModified":"2025-12-20T13:00:28+00:00","description":"Trossipressimismasin on uus masin, mille Zunzz t\u00f6\u00f6tas iseseisvalt v\u00e4lja 2001. aastal. Kasutame juhtivate kaubam\u00e4rkide kvaliteetseid komponente.","breadcrumb":{"@id":"https:\/\/zunzz.com\/et\/product\/wire-rope-press-machine\/#breadcrumb"},"inLanguage":"et","potentialAction":[{"@type":"ReadAction","target":["https:\/\/zunzz.com\/et\/product\/wire-rope-press-machine\/"]}]},{"@type":"ImageObject","inLanguage":"et","@id":"https:\/\/zunzz.com\/et\/product\/wire-rope-press-machine\/#primaryimage","url":"https:\/\/zunzz.com\/wp-content\/uploads\/2023\/09\/Wire-Rope-Press-Machine-150T-3.webp","contentUrl":"https:\/\/zunzz.com\/wp-content\/uploads\/2023\/09\/Wire-Rope-Press-Machine-150T-3.webp","width":1024,"height":1024,"caption":"Trossipressi masin 150T-3"},{"@type":"BreadcrumbList","@id":"https:\/\/zunzz.com\/et\/product\/wire-rope-press-machine\/#breadcrumb","itemListElement":[{"@type":"ListItem","position":1,"name":"Home","item":"https:\/\/zunzz.com\/et\/home\/"},{"@type":"ListItem","position":2,"name":"Shop","item":"https:\/\/zunzz.com\/bg\/shop\/"},{"@type":"ListItem","position":3,"name":"Trossipressi masin 150T"}]},{"@type":"WebSite","@id":"https:\/\/zunzz.com\/et\/#website","url":"https:\/\/zunzz.com\/et\/","name":"Zunzz Wire Rope Sling Machine Company","description":"Zunzz Wire Rope Sling Machine Company is a leading manufacturer of wire rope sling machines and related products.","publisher":{"@id":"https:\/\/zunzz.com\/et\/#organization"},"potentialAction":[{"@type":"SearchAction","target":{"@type":"EntryPoint","urlTemplate":"https:\/\/zunzz.com\/et\/?s={search_term_string}"},"query-input":{"@type":"PropertyValueSpecification","valueRequired":true,"valueName":"search_term_string"}}],"inLanguage":"et"},{"@type":"Organization","@id":"https:\/\/zunzz.com\/et\/#organization","name":"Zunzz Wire Rope Sling Machine Company","url":"https:\/\/zunzz.com\/et\/","logo":{"@type":"ImageObject","inLanguage":"et","@id":"https:\/\/zunzz.com\/et\/#\/schema\/logo\/image\/","url":"https:\/\/zunzz.com\/wp-content\/uploads\/2023\/09\/Logo.png","contentUrl":"https:\/\/zunzz.com\/wp-content\/uploads\/2023\/09\/Logo.png","width":171,"height":133,"caption":"Zunzz Wire Rope Sling Machine Company"},"image":{"@id":"https:\/\/zunzz.com\/et\/#\/schema\/logo\/image\/"}}]}},"_links":{"self":[{"href":"https:\/\/zunzz.com\/et\/wp-json\/wp\/v2\/product\/1037","targetHints":{"allow":["GET"]}}],"collection":[{"href":"https:\/\/zunzz.com\/et\/wp-json\/wp\/v2\/product"}],"about":[{"href":"https:\/\/zunzz.com\/et\/wp-json\/wp\/v2\/types\/product"}],"replies":[{"embeddable":true,"href":"https:\/\/zunzz.com\/et\/wp-json\/wp\/v2\/comments?post=1037"}],"wp:featuredmedia":[{"embeddable":true,"href":"https:\/\/zunzz.com\/et\/wp-json\/wp\/v2\/media\/644"}],"wp:attachment":[{"href":"https:\/\/zunzz.com\/et\/wp-json\/wp\/v2\/media?parent=1037"}],"wp:term":[{"taxonomy":"product_brand","embeddable":true,"href":"https:\/\/zunzz.com\/et\/wp-json\/wp\/v2\/product_brand?post=1037"},{"taxonomy":"product_cat","embeddable":true,"href":"https:\/\/zunzz.com\/et\/wp-json\/wp\/v2\/product_cat?post=1037"},{"taxonomy":"product_tag","embeddable":true,"href":"https:\/\/zunzz.com\/et\/wp-json\/wp\/v2\/product_tag?post=1037"}],"curies":[{"name":"wp","href":"https:\/\/api.w.org\/{rel}","templated":true}]}}