{"id":1035,"date":"2023-09-22T02:36:31","date_gmt":"2023-09-22T02:36:31","guid":{"rendered":"https:\/\/zunzz.com\/product\/hudrauliline-tombekatse-masin\/"},"modified":"2025-04-29T03:17:54","modified_gmt":"2025-04-29T03:17:54","slug":"hydraulic-tensile-testing-machine","status":"publish","type":"product","link":"https:\/\/zunzz.com\/et\/product\/hydraulic-tensile-testing-machine\/","title":{"rendered":"H\u00fcdrauliline t\u00f5mbekatse masin 200T"},"content":{"rendered":"<h2>1. H\u00fcdrauliline t\u00f5mbekatse masin<\/h2>\n<p><strong>H\u00fcdrauliline t\u00f5mbekatseseade<\/strong> testib terastrossi, terastrossist t\u00f5stetrakse, v\u00f6\u00f6trakse, konksu, ketti ja muud sarnast. Seda kasutatakse laialdaselt sellistes valdkondades nagu laevandus, ehitus, elektrit\u00f6\u00f6d, t\u00f5stet\u00f6\u00f6d ja p\u00e4\u00e4stet\u00f6\u00f6d, et tagada t\u00f5steseadmete ohutus ja t\u00f6\u00f6kindlus.<\/p>\n<p>Katseprotokolli saab printida.<\/p>\n<p><strong>Ohutusabin\u00f5ud:<\/strong> Enne testimist kontrollige, kas kinnitus on libisemise v\u00e4ltimiseks kindlalt kinnitatud. \u00dclekoormamine on rangelt keelatud, et v\u00e4ltida seadmete kahjustumist v\u00f5i personali vigastamist. Andmete t\u00e4psuse tagamiseks kalibreerige andureid regulaarselt.<\/p>\n<p><strong>major function<\/strong><\/p>\n<p>T\u00f5mbekatse: m\u00f5\u00f5tke s\u00fcsteemi maksimaalset t\u00f5mbetugevust (purunemiskindlust).<br \/>\nKoormuskatse: simuleerige tegelikke t\u00f6\u00f6koormusi, et kontrollida s\u00fcsteemi kandev\u00f5imet.<br \/>\nVenivuskatse: registreerige materjali deformatsiooniaste pinge all.<br \/>\nVastupidavuskatse: korduv koormus v\u00e4simuskindluse testimiseks.<br \/>\nStaatiline\/d\u00fcnaamiline katse: valige erinevad katsere\u017eiimid vastavalt n\u00f5uetele.<\/p>\n<p><img fetchpriority=\"high\" decoding=\"async\" class=\"alignnone wp-image-383 size-full\" src=\"https:\/\/zunzz.com\/wp-content\/uploads\/2023\/09\/Hydraulic-Tensile-Testing-Machine-2.webp\" alt=\"H\u00fcdrauliline-tenssile-testimismasin-2\" width=\"1000\" height=\"1267\" srcset=\"https:\/\/zunzz.com\/wp-content\/uploads\/2023\/09\/Hydraulic-Tensile-Testing-Machine-2.webp 1000w, https:\/\/zunzz.com\/wp-content\/uploads\/2023\/09\/Hydraulic-Tensile-Testing-Machine-2-237x300.webp 237w, https:\/\/zunzz.com\/wp-content\/uploads\/2023\/09\/Hydraulic-Tensile-Testing-Machine-2-808x1024.webp 808w, https:\/\/zunzz.com\/wp-content\/uploads\/2023\/09\/Hydraulic-Tensile-Testing-Machine-2-768x973.webp 768w, https:\/\/zunzz.com\/wp-content\/uploads\/2023\/09\/Hydraulic-Tensile-Testing-Machine-2-700x887.webp 700w, https:\/\/zunzz.com\/wp-content\/uploads\/2023\/09\/Hydraulic-Tensile-Testing-Machine-2-600x760.webp 600w\" sizes=\"(max-width: 1000px) 100vw, 1000px\" \/><\/p>\n<h2>2.Tehnilised parameetrid<\/h2>\n<div class=\"table-r\">\n<table width=\"100%\">\n<tbody>\n<tr>\n<td width=\"50%\">Max. koormatud r\u00f5hk<\/td>\n<td width=\"50%\">63Mpa<\/td>\n<\/tr>\n<tr>\n<td width=\"50%\">Max. Kolvi liikumine<\/td>\n<td width=\"50%\">1500mm<\/td>\n<\/tr>\n<tr>\n<td width=\"50%\">Kolvi v\u00e4ljat\u00f5mbekiirus<\/td>\n<td width=\"50%\">8 mm\/s<\/td>\n<\/tr>\n<tr>\n<td width=\"50%\">Kolvi koormuskiirus<\/td>\n<td width=\"50%\">2 mm\/sek<\/td>\n<\/tr>\n<tr>\n<td width=\"50%\">Kolvi tagurpidi kiirus<\/td>\n<td width=\"50%\">10 mm\/s<\/td>\n<\/tr>\n<tr>\n<td width=\"50%\">T\u00f5mbekatsetuse t\u00e4psuse tolerants<\/td>\n<td width=\"50%\">\u22641%<\/td>\n<\/tr>\n<tr>\n<td width=\"50%\">Nihke t\u00e4psuse tolerants<\/td>\n<td width=\"50%\">\u22641%<\/td>\n<\/tr>\n<tr>\n<td width=\"50%\">Staatilise koormuse t\u00e4psuse tolerants<\/td>\n<td width=\"50%\">\u22641%<\/td>\n<\/tr>\n<tr>\n<td width=\"50%\">M\u00fcratase<\/td>\n<td width=\"50%\">\u226470dB<\/td>\n<\/tr>\n<tr>\n<td width=\"50%\">Juhtimismeetod<\/td>\n<td width=\"50%\">Arvuti<\/td>\n<\/tr>\n<tr>\n<td width=\"50%\">Automaatne kaitsekate<\/td>\n<td width=\"50%\">Saadaval<\/td>\n<\/tr>\n<\/tbody>\n<\/table>\n<p>&nbsp;<\/p>\n<p><iframe title=\"test bench for wire rope, websling, chain and so on testing.\" width=\"1060\" height=\"596\" src=\"https:\/\/www.youtube.com\/embed\/vC5deAoKkuU?feature=oembed\" frameborder=\"0\" allow=\"accelerometer; autoplay; clipboard-write; encrypted-media; gyroscope; picture-in-picture; web-share\" referrerpolicy=\"strict-origin-when-cross-origin\" allowfullscreen><\/iframe><\/p>\n<h2>3. Katsealuse eelised<\/h2>\n<p>1. Kasutades inimese ja arvuti interaktsiooni testitud materjalide mehaaniliste j\u00f5udlusn\u00e4itajate anal\u00fc\u00fcsimiseks ja arvutamiseks, arvutatakse t\u00f5mbej\u00f5ud katse l\u00f5pus automaatselt. Automaatse anal\u00fc\u00fcsi p\u00f5hjal saab anal\u00fc\u00fcsi tulemusi korrigeerida ka k\u00e4sitsi, et parandada anal\u00fc\u00fcsi t\u00e4psust.<\/p>\n<p>2. Juhtida saab mitmesuguseid k\u00f5veraid, nagu j\u00f5u deformatsioon, j\u00f5u nihe, j\u00f5u aeg, pingepinge, deformatsiooni aeg, nihke aeg;<\/p>\n<p>3. Eksperimentaalsete k\u00f5verate osaline amplifikatsioon ja mitmekordsete k\u00f5verate v\u00f5rdlus;<\/p>\n<p>4. Juhtimisre\u017eiimil on automaatne juhtimisre\u017eiim. Automaatjuhtimine on t\u00e4ielikult digitaalne t\u00f6\u00f6tav servore\u017eiim, millel on kaks katsetingimuste seadmise meetodit: t\u00e4isautomaatne juhtimine ja inimese ja masina dialoog programmeeritav juhtimine.<\/p>\n<p>5. Mitmek\u00fclgne kasutus: saab teha t\u00f5mbe-, rebenemis- ja muid katseid metalli, mittemetalli ja komponentide puhul. See v\u00f5ib vastata erinevatele katsemeetodite standarditele, nagu ISO ja GB.<\/p>\n<p>6. \u00d5liallikas on vaikse disainiga, mis on keskkonnas\u00f5bralik ja kasutajas\u00f5bralik, v\u00e4hendades energiatarbimist, soojuse teket ja kaitstes \u00f5liringlust;<\/p>\n<p>7. Kiire, k\u00f5rge integreerituse, v\u00f5imsa juhtimise, andmet\u00f6\u00f6tlusv\u00f5imaluste ja k\u00f5rge t\u00f6\u00f6kindluse kasutamine on teiste protsessoritega testimismasinatega v\u00f5rreldamatu.<\/p>\n<p>&nbsp;<\/p>\n<\/div>\n<p><img decoding=\"async\" class=\"alignnone wp-image-385 size-full\" src=\"https:\/\/zunzz.com\/wp-content\/uploads\/2023\/09\/Hydraulic-Tensile-Testing-Machine-4.webp\" alt=\"H\u00fcdrauliline-tenssile-testimismasin-4\" width=\"1000\" height=\"800\" srcset=\"https:\/\/zunzz.com\/wp-content\/uploads\/2023\/09\/Hydraulic-Tensile-Testing-Machine-4.webp 1000w, https:\/\/zunzz.com\/wp-content\/uploads\/2023\/09\/Hydraulic-Tensile-Testing-Machine-4-300x240.webp 300w, https:\/\/zunzz.com\/wp-content\/uploads\/2023\/09\/Hydraulic-Tensile-Testing-Machine-4-768x614.webp 768w, https:\/\/zunzz.com\/wp-content\/uploads\/2023\/09\/Hydraulic-Tensile-Testing-Machine-4-700x560.webp 700w, https:\/\/zunzz.com\/wp-content\/uploads\/2023\/09\/Hydraulic-Tensile-Testing-Machine-4-600x480.webp 600w\" sizes=\"(max-width: 1000px) 100vw, 1000px\" \/> <img decoding=\"async\" class=\"alignnone wp-image-384 size-full\" src=\"https:\/\/zunzz.com\/wp-content\/uploads\/2023\/09\/Hydraulic-Tensile-Testing-Machine-3.webp\" alt=\"H\u00fcdrauliline-tenssile-testimismasin-3\" width=\"1000\" height=\"1267\" srcset=\"https:\/\/zunzz.com\/wp-content\/uploads\/2023\/09\/Hydraulic-Tensile-Testing-Machine-3.webp 1000w, https:\/\/zunzz.com\/wp-content\/uploads\/2023\/09\/Hydraulic-Tensile-Testing-Machine-3-237x300.webp 237w, https:\/\/zunzz.com\/wp-content\/uploads\/2023\/09\/Hydraulic-Tensile-Testing-Machine-3-808x1024.webp 808w, https:\/\/zunzz.com\/wp-content\/uploads\/2023\/09\/Hydraulic-Tensile-Testing-Machine-3-768x973.webp 768w, https:\/\/zunzz.com\/wp-content\/uploads\/2023\/09\/Hydraulic-Tensile-Testing-Machine-3-700x887.webp 700w, https:\/\/zunzz.com\/wp-content\/uploads\/2023\/09\/Hydraulic-Tensile-Testing-Machine-3-600x760.webp 600w\" sizes=\"(max-width: 1000px) 100vw, 1000px\" \/> <img loading=\"lazy\" decoding=\"async\" class=\"alignnone wp-image-382 \" src=\"https:\/\/zunzz.com\/wp-content\/uploads\/2023\/09\/Hydraulic-Tensile-Testing-Machine-1.webp\" alt=\"H\u00fcdrauliline-tenssile-testimismasin-1\" width=\"1000\" height=\"1000\" srcset=\"https:\/\/zunzz.com\/wp-content\/uploads\/2023\/09\/Hydraulic-Tensile-Testing-Machine-1.webp 988w, https:\/\/zunzz.com\/wp-content\/uploads\/2023\/09\/Hydraulic-Tensile-Testing-Machine-1-300x300.webp 300w, https:\/\/zunzz.com\/wp-content\/uploads\/2023\/09\/Hydraulic-Tensile-Testing-Machine-1-150x150.webp 150w, https:\/\/zunzz.com\/wp-content\/uploads\/2023\/09\/Hydraulic-Tensile-Testing-Machine-1-768x768.webp 768w, https:\/\/zunzz.com\/wp-content\/uploads\/2023\/09\/Hydraulic-Tensile-Testing-Machine-1-570x570.webp 570w, https:\/\/zunzz.com\/wp-content\/uploads\/2023\/09\/Hydraulic-Tensile-Testing-Machine-1-500x500.webp 500w, https:\/\/zunzz.com\/wp-content\/uploads\/2023\/09\/Hydraulic-Tensile-Testing-Machine-1-700x700.webp 700w, https:\/\/zunzz.com\/wp-content\/uploads\/2023\/09\/Hydraulic-Tensile-Testing-Machine-1-650x650.webp 650w, https:\/\/zunzz.com\/wp-content\/uploads\/2023\/09\/Hydraulic-Tensile-Testing-Machine-1-600x600.webp 600w, https:\/\/zunzz.com\/wp-content\/uploads\/2023\/09\/Hydraulic-Tensile-Testing-Machine-1-100x100.webp 100w\" sizes=\"(max-width: 1000px) 100vw, 1000px\" \/><\/p>\n<h4><span style=\"color: #ff0000;\">Lisateabe saamiseks v\u00f5tke meiega \u00fchendust, vastame teile 24 tunni jooksul<\/span><\/h4>\n<p class=\"wpcf7-contact-form-not-found\"><strong>Error:<\/strong> Contact form not found.<\/p>\n<p>&nbsp;<\/p>\n","protected":false},"excerpt":{"rendered":"<div class=\"table-r\">\n<p><strong>H\u00fcdraulilise t\u00f5mbekatseseadme<\/strong> p\u00f5histruktuur koosneb suure tugevusega p\u00f5hiraamist, h\u00fcdraulilisest koormamiss\u00fcsteemist, kinnituss\u00fcsteemist, anduris\u00fcsteemist ning juhtimis- ja andmekogumiss\u00fcsteemist. Me toodame katsestende mahutavusega 100T, 200T, 300T, 600T, 1000T ja 2000T. <\/p>\n<table width=\"100%\">\n<tbody>\n<tr>\n<td width=\"50%\">Mudel:\n<\/td>\n<td width=\"50%\">DYWP-2000<\/td>\n<\/tr>\n<tr>\n<td width=\"50%\">Max. Mahutavus:<\/td>\n<td width=\"50%\">2000 kN<\/td>\n<\/tr>\n<tr>\n<td width=\"50%\">\u00dcldm\u00f5\u00f5tmed:\n<\/td>\n<td width=\"50%\">25000mm * 1800mm * 900mm<\/td>\n<\/tr>\n<tr>\n<td width=\"50%\">Testi pikkus:\n<\/td>\n<td width=\"50%\">nagu n\u00f5utud<\/td>\n<\/tr>\n<tr>\n<td width=\"50%\">Kaal:\n<\/td>\n<td width=\"50%\">20000 kg<\/td>\n<\/tr>\n<tr>\n<td width=\"50%\">Andmete kogumine ja anal\u00fc\u00fcs:\n<\/td>\n<td width=\"50%\">Pinge-nihkek\u00f5vera reaalajas kuvamine ja katsearuande automaatne genereerimine.<\/td>\n<\/tr>\n<\/tbody>\n<\/table>\n<p><strong>Kasutatav keel:<\/strong>[wpml_language_selector_widget]<\/p>\n<p><a class=\"single_add_to_cart_button button alt\" href=\"https:\/\/zunzz.com\/et\/contact-store\/\" target=\"_blank\" rel=\"noopener noreferrer\">K\u00dcSI KOHE<\/a><\/p>\n<\/div>\n","protected":false},"featured_media":659,"comment_status":"open","ping_status":"closed","template":"","meta":[],"product_brand":[],"product_cat":[68],"product_tag":[114,76],"class_list":{"0":"post-1035","1":"product","2":"type-product","3":"status-publish","4":"has-post-thumbnail","6":"product_cat-tensile-test-machine","7":"product_tag-hydraulic-tensile-test-machine","8":"product_tag-tensile-test-machine","10":"first","11":"instock","12":"taxable","13":"shipping-taxable","14":"product-type-simple"},"yoast_head":"<!-- This site is optimized with the Yoast SEO plugin v26.8 - https:\/\/yoast.com\/product\/yoast-seo-wordpress\/ -->\n<title>H\u00fcdrauliline t\u00f5mbekatse masin<\/title>\n<meta name=\"description\" content=\"H\u00fcdrauliline t\u00f5mbekatse masin testib trossi, trossi troppi, linttroppi, konksu, ketti. Katsepunkt: t\u00f5mbekatse \/ staatilise koormuse katse \/ purunemiskatse\" \/>\n<meta name=\"robots\" content=\"index, follow, max-snippet:-1, max-image-preview:large, max-video-preview:-1\" \/>\n<link rel=\"canonical\" href=\"https:\/\/zunzz.com\/et\/product\/hydraulic-tensile-testing-machine\/\" \/>\n<meta property=\"og:locale\" content=\"et_EE\" \/>\n<meta property=\"og:type\" content=\"article\" \/>\n<meta property=\"og:title\" content=\"H\u00fcdrauliline t\u00f5mbekatse masin\" \/>\n<meta property=\"og:description\" content=\"H\u00fcdrauliline t\u00f5mbekatse masin testib trossi, trossi troppi, linttroppi, konksu, ketti. Katsepunkt: t\u00f5mbekatse \/ staatilise koormuse katse \/ purunemiskatse\" \/>\n<meta property=\"og:url\" content=\"https:\/\/zunzz.com\/et\/product\/hydraulic-tensile-testing-machine\/\" \/>\n<meta property=\"og:site_name\" content=\"Zunzz Wire Rope Sling Machine Company\" \/>\n<meta property=\"article:modified_time\" content=\"2025-04-29T03:17:54+00:00\" \/>\n<meta property=\"og:image\" content=\"https:\/\/zunzz.com\/wp-content\/uploads\/2023\/09\/Hydraulic-Tensile-Testing-Machine-1.webp\" \/>\n\t<meta property=\"og:image:width\" content=\"988\" \/>\n\t<meta property=\"og:image:height\" content=\"988\" \/>\n\t<meta property=\"og:image:type\" content=\"image\/webp\" \/>\n<meta name=\"twitter:card\" content=\"summary_large_image\" \/>\n<meta name=\"twitter:label1\" content=\"Est. reading time\" \/>\n\t<meta name=\"twitter:data1\" content=\"4 minutit\" \/>\n<script type=\"application\/ld+json\" class=\"yoast-schema-graph\">{\"@context\":\"https:\/\/schema.org\",\"@graph\":[{\"@type\":\"WebPage\",\"@id\":\"https:\/\/zunzz.com\/et\/product\/hydraulic-tensile-testing-machine\/\",\"url\":\"https:\/\/zunzz.com\/et\/product\/hydraulic-tensile-testing-machine\/\",\"name\":\"H\u00fcdrauliline t\u00f5mbekatse masin\",\"isPartOf\":{\"@id\":\"https:\/\/zunzz.com\/et\/#website\"},\"primaryImageOfPage\":{\"@id\":\"https:\/\/zunzz.com\/et\/product\/hydraulic-tensile-testing-machine\/#primaryimage\"},\"image\":{\"@id\":\"https:\/\/zunzz.com\/et\/product\/hydraulic-tensile-testing-machine\/#primaryimage\"},\"thumbnailUrl\":\"https:\/\/zunzz.com\/wp-content\/uploads\/2023\/09\/Hydraulic-Tensile-Testing-Machine-1.webp\",\"datePublished\":\"2023-09-22T02:36:31+00:00\",\"dateModified\":\"2025-04-29T03:17:54+00:00\",\"description\":\"H\u00fcdrauliline t\u00f5mbekatse masin testib trossi, trossi troppi, linttroppi, konksu, ketti. Katsepunkt: t\u00f5mbekatse \/ staatilise koormuse katse \/ purunemiskatse\",\"breadcrumb\":{\"@id\":\"https:\/\/zunzz.com\/et\/product\/hydraulic-tensile-testing-machine\/#breadcrumb\"},\"inLanguage\":\"et\",\"potentialAction\":[{\"@type\":\"ReadAction\",\"target\":[\"https:\/\/zunzz.com\/et\/product\/hydraulic-tensile-testing-machine\/\"]}]},{\"@type\":\"ImageObject\",\"inLanguage\":\"et\",\"@id\":\"https:\/\/zunzz.com\/et\/product\/hydraulic-tensile-testing-machine\/#primaryimage\",\"url\":\"https:\/\/zunzz.com\/wp-content\/uploads\/2023\/09\/Hydraulic-Tensile-Testing-Machine-1.webp\",\"contentUrl\":\"https:\/\/zunzz.com\/wp-content\/uploads\/2023\/09\/Hydraulic-Tensile-Testing-Machine-1.webp\",\"width\":988,\"height\":988,\"caption\":\"Hydraulic-Tensile-Testing-Machine\"},{\"@type\":\"BreadcrumbList\",\"@id\":\"https:\/\/zunzz.com\/et\/product\/hydraulic-tensile-testing-machine\/#breadcrumb\",\"itemListElement\":[{\"@type\":\"ListItem\",\"position\":1,\"name\":\"Home\",\"item\":\"https:\/\/zunzz.com\/et\/home\/\"},{\"@type\":\"ListItem\",\"position\":2,\"name\":\"Shop\",\"item\":\"https:\/\/zunzz.com\/bg\/shop\/\"},{\"@type\":\"ListItem\",\"position\":3,\"name\":\"H\u00fcdrauliline t\u00f5mbekatse masin 200T\"}]},{\"@type\":\"WebSite\",\"@id\":\"https:\/\/zunzz.com\/et\/#website\",\"url\":\"https:\/\/zunzz.com\/et\/\",\"name\":\"Zunzz Wire Rope Sling Machine Company\",\"description\":\"Zunzz Wire Rope Sling Machine Company is a leading manufacturer of wire rope sling machines and related products.\",\"publisher\":{\"@id\":\"https:\/\/zunzz.com\/et\/#organization\"},\"potentialAction\":[{\"@type\":\"SearchAction\",\"target\":{\"@type\":\"EntryPoint\",\"urlTemplate\":\"https:\/\/zunzz.com\/et\/?s={search_term_string}\"},\"query-input\":{\"@type\":\"PropertyValueSpecification\",\"valueRequired\":true,\"valueName\":\"search_term_string\"}}],\"inLanguage\":\"et\"},{\"@type\":\"Organization\",\"@id\":\"https:\/\/zunzz.com\/et\/#organization\",\"name\":\"Zunzz Wire Rope Sling Machine Company\",\"url\":\"https:\/\/zunzz.com\/et\/\",\"logo\":{\"@type\":\"ImageObject\",\"inLanguage\":\"et\",\"@id\":\"https:\/\/zunzz.com\/et\/#\/schema\/logo\/image\/\",\"url\":\"https:\/\/zunzz.com\/wp-content\/uploads\/2023\/09\/Logo.png\",\"contentUrl\":\"https:\/\/zunzz.com\/wp-content\/uploads\/2023\/09\/Logo.png\",\"width\":171,\"height\":133,\"caption\":\"Zunzz Wire Rope Sling Machine Company\"},\"image\":{\"@id\":\"https:\/\/zunzz.com\/et\/#\/schema\/logo\/image\/\"}}]}<\/script>\n<!-- \/ Yoast SEO plugin. -->","yoast_head_json":{"title":"H\u00fcdrauliline t\u00f5mbekatse masin","description":"H\u00fcdrauliline t\u00f5mbekatse masin testib trossi, trossi troppi, linttroppi, konksu, ketti. Katsepunkt: t\u00f5mbekatse \/ staatilise koormuse katse \/ purunemiskatse","robots":{"index":"index","follow":"follow","max-snippet":"max-snippet:-1","max-image-preview":"max-image-preview:large","max-video-preview":"max-video-preview:-1"},"canonical":"https:\/\/zunzz.com\/et\/product\/hydraulic-tensile-testing-machine\/","og_locale":"et_EE","og_type":"article","og_title":"H\u00fcdrauliline t\u00f5mbekatse masin","og_description":"H\u00fcdrauliline t\u00f5mbekatse masin testib trossi, trossi troppi, linttroppi, konksu, ketti. Katsepunkt: t\u00f5mbekatse \/ staatilise koormuse katse \/ purunemiskatse","og_url":"https:\/\/zunzz.com\/et\/product\/hydraulic-tensile-testing-machine\/","og_site_name":"Zunzz Wire Rope Sling Machine Company","article_modified_time":"2025-04-29T03:17:54+00:00","og_image":[{"width":988,"height":988,"url":"https:\/\/zunzz.com\/wp-content\/uploads\/2023\/09\/Hydraulic-Tensile-Testing-Machine-1.webp","type":"image\/webp"}],"twitter_card":"summary_large_image","twitter_misc":{"Est. reading time":"4 minutit"},"schema":{"@context":"https:\/\/schema.org","@graph":[{"@type":"WebPage","@id":"https:\/\/zunzz.com\/et\/product\/hydraulic-tensile-testing-machine\/","url":"https:\/\/zunzz.com\/et\/product\/hydraulic-tensile-testing-machine\/","name":"H\u00fcdrauliline t\u00f5mbekatse masin","isPartOf":{"@id":"https:\/\/zunzz.com\/et\/#website"},"primaryImageOfPage":{"@id":"https:\/\/zunzz.com\/et\/product\/hydraulic-tensile-testing-machine\/#primaryimage"},"image":{"@id":"https:\/\/zunzz.com\/et\/product\/hydraulic-tensile-testing-machine\/#primaryimage"},"thumbnailUrl":"https:\/\/zunzz.com\/wp-content\/uploads\/2023\/09\/Hydraulic-Tensile-Testing-Machine-1.webp","datePublished":"2023-09-22T02:36:31+00:00","dateModified":"2025-04-29T03:17:54+00:00","description":"H\u00fcdrauliline t\u00f5mbekatse masin testib trossi, trossi troppi, linttroppi, konksu, ketti. Katsepunkt: t\u00f5mbekatse \/ staatilise koormuse katse \/ purunemiskatse","breadcrumb":{"@id":"https:\/\/zunzz.com\/et\/product\/hydraulic-tensile-testing-machine\/#breadcrumb"},"inLanguage":"et","potentialAction":[{"@type":"ReadAction","target":["https:\/\/zunzz.com\/et\/product\/hydraulic-tensile-testing-machine\/"]}]},{"@type":"ImageObject","inLanguage":"et","@id":"https:\/\/zunzz.com\/et\/product\/hydraulic-tensile-testing-machine\/#primaryimage","url":"https:\/\/zunzz.com\/wp-content\/uploads\/2023\/09\/Hydraulic-Tensile-Testing-Machine-1.webp","contentUrl":"https:\/\/zunzz.com\/wp-content\/uploads\/2023\/09\/Hydraulic-Tensile-Testing-Machine-1.webp","width":988,"height":988,"caption":"Hydraulic-Tensile-Testing-Machine"},{"@type":"BreadcrumbList","@id":"https:\/\/zunzz.com\/et\/product\/hydraulic-tensile-testing-machine\/#breadcrumb","itemListElement":[{"@type":"ListItem","position":1,"name":"Home","item":"https:\/\/zunzz.com\/et\/home\/"},{"@type":"ListItem","position":2,"name":"Shop","item":"https:\/\/zunzz.com\/bg\/shop\/"},{"@type":"ListItem","position":3,"name":"H\u00fcdrauliline t\u00f5mbekatse masin 200T"}]},{"@type":"WebSite","@id":"https:\/\/zunzz.com\/et\/#website","url":"https:\/\/zunzz.com\/et\/","name":"Zunzz Wire Rope Sling Machine Company","description":"Zunzz Wire Rope Sling Machine Company is a leading manufacturer of wire rope sling machines and related products.","publisher":{"@id":"https:\/\/zunzz.com\/et\/#organization"},"potentialAction":[{"@type":"SearchAction","target":{"@type":"EntryPoint","urlTemplate":"https:\/\/zunzz.com\/et\/?s={search_term_string}"},"query-input":{"@type":"PropertyValueSpecification","valueRequired":true,"valueName":"search_term_string"}}],"inLanguage":"et"},{"@type":"Organization","@id":"https:\/\/zunzz.com\/et\/#organization","name":"Zunzz Wire Rope Sling Machine Company","url":"https:\/\/zunzz.com\/et\/","logo":{"@type":"ImageObject","inLanguage":"et","@id":"https:\/\/zunzz.com\/et\/#\/schema\/logo\/image\/","url":"https:\/\/zunzz.com\/wp-content\/uploads\/2023\/09\/Logo.png","contentUrl":"https:\/\/zunzz.com\/wp-content\/uploads\/2023\/09\/Logo.png","width":171,"height":133,"caption":"Zunzz Wire Rope Sling Machine Company"},"image":{"@id":"https:\/\/zunzz.com\/et\/#\/schema\/logo\/image\/"}}]}},"_links":{"self":[{"href":"https:\/\/zunzz.com\/et\/wp-json\/wp\/v2\/product\/1035","targetHints":{"allow":["GET"]}}],"collection":[{"href":"https:\/\/zunzz.com\/et\/wp-json\/wp\/v2\/product"}],"about":[{"href":"https:\/\/zunzz.com\/et\/wp-json\/wp\/v2\/types\/product"}],"replies":[{"embeddable":true,"href":"https:\/\/zunzz.com\/et\/wp-json\/wp\/v2\/comments?post=1035"}],"wp:featuredmedia":[{"embeddable":true,"href":"https:\/\/zunzz.com\/et\/wp-json\/wp\/v2\/media\/659"}],"wp:attachment":[{"href":"https:\/\/zunzz.com\/et\/wp-json\/wp\/v2\/media?parent=1035"}],"wp:term":[{"taxonomy":"product_brand","embeddable":true,"href":"https:\/\/zunzz.com\/et\/wp-json\/wp\/v2\/product_brand?post=1035"},{"taxonomy":"product_cat","embeddable":true,"href":"https:\/\/zunzz.com\/et\/wp-json\/wp\/v2\/product_cat?post=1035"},{"taxonomy":"product_tag","embeddable":true,"href":"https:\/\/zunzz.com\/et\/wp-json\/wp\/v2\/product_tag?post=1035"}],"curies":[{"name":"wp","href":"https:\/\/api.w.org\/{rel}","templated":true}]}}