{"id":1034,"date":"2023-09-22T02:45:05","date_gmt":"2023-09-22T02:45:05","guid":{"rendered":"https:\/\/zunzz.com\/product\/trossi-rullimismasin-5t\/"},"modified":"2023-12-26T05:12:48","modified_gmt":"2023-12-26T05:12:48","slug":"wire-rope-coiling-machine","status":"publish","type":"product","link":"https:\/\/zunzz.com\/et\/product\/wire-rope-coiling-machine\/","title":{"rendered":"Trossi rullimismasin 5T"},"content":{"rendered":"<h3>1.Trossi rullimismasin 5T<\/h3>\n<p>Trossi rullimismasinat kasutatakse tavaliselt mootorita plaadim\u00e4ngija ja pikkuseloenduriga. See masin on 5T laagri kandev\u00f5imega. Meil on endiselt 10T 15T v\u00f5imsusega masin.<\/p>\n<h3>2. Terastrossi rullimismasina 5T parameeter<\/h3>\n<div class=\"table-r\">\n<table width=\"100%\">\n<tbody>\n<tr>\n<td width=\"50%\">Max kandev\u00f5ime<\/td>\n<td width=\"50%\">5T<\/td>\n<\/tr>\n<tr>\n<td width=\"50%\">K\u00f5rgus<\/td>\n<td width=\"50%\">1000mm<\/td>\n<\/tr>\n<tr>\n<td width=\"50%\">Pikkus<\/td>\n<td width=\"50%\">1150mm<\/td>\n<\/tr>\n<tr>\n<td width=\"50%\">Efektiivne l\u00e4bim\u00f5\u00f5t<\/td>\n<td width=\"50%\">1200mm<\/td>\n<\/tr>\n<tr>\n<td width=\"50%\">Max. Diameeter<\/td>\n<td width=\"50%\">1500mm<\/td>\n<\/tr>\n<tr>\n<td width=\"50%\">V\u00f5imsus<\/td>\n<td width=\"50%\">1,5Kw<\/td>\n<\/tr>\n<tr>\n<td width=\"50%\">Kaal<\/td>\n<td width=\"50%\">550kg<\/td>\n<\/tr>\n<tr>\n<td width=\"50%\">Kiiruse reguleerimine<\/td>\n<td width=\"50%\">Saadaval<\/td>\n<\/tr>\n<tr>\n<td width=\"50%\">Minimaalne p\u00f6\u00f6rlemiskiirus<\/td>\n<td width=\"50%\">5 r\/min<\/td>\n<\/tr>\n<tr>\n<td width=\"50%\">Maksimaalne p\u00f6\u00f6rlemiskiirus<\/td>\n<td width=\"50%\">23r \/ min<\/td>\n<\/tr>\n<tr>\n<td width=\"50%\">Pinge ja sagedus<\/td>\n<td width=\"50%\">Soovi korral<\/td>\n<\/tr>\n<\/tbody>\n<\/table>\n<p>&nbsp;<\/p>\n<\/div>\n<p><iframe title=\"wire rope coiling machine\" width=\"1060\" height=\"596\" src=\"https:\/\/www.youtube.com\/embed\/vu4QzkZTDEo?feature=oembed\" frameborder=\"0\" allow=\"accelerometer; autoplay; clipboard-write; encrypted-media; gyroscope; picture-in-picture; web-share\" allowfullscreen><\/iframe><\/p>\n<h3>3. Kerimismasina eelised<\/h3>\n<p>Kaabli automaatsetel vastuv\u00f5tumasinatel on palju eeliseid. Esiteks v\u00f5ib see oluliselt v\u00e4hendada kaablite k\u00e4sitsi salvestamise t\u00f6\u00f6j\u00f5u intensiivsust ja parandada t\u00f6\u00f6 efektiivsust. Teiseks v\u00f5ib see tagada kaabli salvestuskvaliteedi ja kasutusea, v\u00e4ltides kaabli kahjustamist v\u00f5i saastumist. Lisaks v\u00f5ib see saavutada ka kaablite kiire vabastamise ja ringlussev\u00f5tu, muutes kasutajate kasutamise ja kasutamise mugavaks.<\/p>\n<p>L\u00fchidalt \u00f6eldes on kaabli automaatne vastuv\u00f5tumasin v\u00e4ga praktiline seade, mida saab laialdaselt kasutada erinevates olukordades, kus kaableid tuleb hoida ja hallata. Tehnoloogia pideva arenguga ja kasvava n\u00f5udlusega rakenduste j\u00e4rele usume, et ka selle j\u00f5udlust ja kvaliteeti t\u00e4iustatakse ja t\u00e4iustatakse pidevalt.<\/p>\n<p><img fetchpriority=\"high\" decoding=\"async\" class=\"alignnone wp-image-388 size-full\" src=\"https:\/\/zunzz.com\/wp-content\/uploads\/2023\/09\/Wire-Rope-Coiling-Machine-5T-1.webp\" alt=\"Trossi rullimismasin 5T-1\" width=\"1000\" height=\"1000\" srcset=\"https:\/\/zunzz.com\/wp-content\/uploads\/2023\/09\/Wire-Rope-Coiling-Machine-5T-1.webp 1000w, https:\/\/zunzz.com\/wp-content\/uploads\/2023\/09\/Wire-Rope-Coiling-Machine-5T-1-300x300.webp 300w, https:\/\/zunzz.com\/wp-content\/uploads\/2023\/09\/Wire-Rope-Coiling-Machine-5T-1-150x150.webp 150w, https:\/\/zunzz.com\/wp-content\/uploads\/2023\/09\/Wire-Rope-Coiling-Machine-5T-1-768x768.webp 768w, https:\/\/zunzz.com\/wp-content\/uploads\/2023\/09\/Wire-Rope-Coiling-Machine-5T-1-570x570.webp 570w, https:\/\/zunzz.com\/wp-content\/uploads\/2023\/09\/Wire-Rope-Coiling-Machine-5T-1-500x500.webp 500w, https:\/\/zunzz.com\/wp-content\/uploads\/2023\/09\/Wire-Rope-Coiling-Machine-5T-1-700x700.webp 700w, https:\/\/zunzz.com\/wp-content\/uploads\/2023\/09\/Wire-Rope-Coiling-Machine-5T-1-650x650.webp 650w, https:\/\/zunzz.com\/wp-content\/uploads\/2023\/09\/Wire-Rope-Coiling-Machine-5T-1-600x600.webp 600w, https:\/\/zunzz.com\/wp-content\/uploads\/2023\/09\/Wire-Rope-Coiling-Machine-5T-1-100x100.webp 100w\" sizes=\"(max-width: 1000px) 100vw, 1000px\" \/> <img decoding=\"async\" class=\"alignnone wp-image-389 size-full\" src=\"https:\/\/zunzz.com\/wp-content\/uploads\/2023\/09\/Wire-Rope-Coiling-Machine-5T-2.webp\" alt=\"Trossi rullimismasin 5T-2\" width=\"1000\" height=\"750\" srcset=\"https:\/\/zunzz.com\/wp-content\/uploads\/2023\/09\/Wire-Rope-Coiling-Machine-5T-2.webp 1000w, https:\/\/zunzz.com\/wp-content\/uploads\/2023\/09\/Wire-Rope-Coiling-Machine-5T-2-300x225.webp 300w, https:\/\/zunzz.com\/wp-content\/uploads\/2023\/09\/Wire-Rope-Coiling-Machine-5T-2-768x576.webp 768w, https:\/\/zunzz.com\/wp-content\/uploads\/2023\/09\/Wire-Rope-Coiling-Machine-5T-2-800x600.webp 800w, https:\/\/zunzz.com\/wp-content\/uploads\/2023\/09\/Wire-Rope-Coiling-Machine-5T-2-700x525.webp 700w, https:\/\/zunzz.com\/wp-content\/uploads\/2023\/09\/Wire-Rope-Coiling-Machine-5T-2-600x450.webp 600w\" sizes=\"(max-width: 1000px) 100vw, 1000px\" \/> <img decoding=\"async\" class=\"alignnone wp-image-390 size-full\" src=\"https:\/\/zunzz.com\/wp-content\/uploads\/2023\/09\/Wire-Rope-Coiling-Machine-5T-3.webp\" alt=\"Trossi rullimismasin 5T-3\" width=\"1000\" height=\"998\" srcset=\"https:\/\/zunzz.com\/wp-content\/uploads\/2023\/09\/Wire-Rope-Coiling-Machine-5T-3.webp 1000w, https:\/\/zunzz.com\/wp-content\/uploads\/2023\/09\/Wire-Rope-Coiling-Machine-5T-3-300x300.webp 300w, https:\/\/zunzz.com\/wp-content\/uploads\/2023\/09\/Wire-Rope-Coiling-Machine-5T-3-150x150.webp 150w, https:\/\/zunzz.com\/wp-content\/uploads\/2023\/09\/Wire-Rope-Coiling-Machine-5T-3-768x766.webp 768w, https:\/\/zunzz.com\/wp-content\/uploads\/2023\/09\/Wire-Rope-Coiling-Machine-5T-3-570x570.webp 570w, https:\/\/zunzz.com\/wp-content\/uploads\/2023\/09\/Wire-Rope-Coiling-Machine-5T-3-500x500.webp 500w, https:\/\/zunzz.com\/wp-content\/uploads\/2023\/09\/Wire-Rope-Coiling-Machine-5T-3-700x699.webp 700w, https:\/\/zunzz.com\/wp-content\/uploads\/2023\/09\/Wire-Rope-Coiling-Machine-5T-3-650x650.webp 650w, https:\/\/zunzz.com\/wp-content\/uploads\/2023\/09\/Wire-Rope-Coiling-Machine-5T-3-600x599.webp 600w, https:\/\/zunzz.com\/wp-content\/uploads\/2023\/09\/Wire-Rope-Coiling-Machine-5T-3-100x100.webp 100w\" sizes=\"(max-width: 1000px) 100vw, 1000px\" \/><img loading=\"lazy\" decoding=\"async\" class=\"alignnone wp-image-2495 size-full\" src=\"https:\/\/zunzz.com\/wp-content\/uploads\/2023\/09\/Wire-Rope-Coiling-Machine-5T-4.webp\" alt=\"Traattross-pooli-masin-5T-4\" width=\"1000\" height=\"1768\" srcset=\"https:\/\/zunzz.com\/wp-content\/uploads\/2023\/09\/Wire-Rope-Coiling-Machine-5T-4.webp 1000w, https:\/\/zunzz.com\/wp-content\/uploads\/2023\/09\/Wire-Rope-Coiling-Machine-5T-4-170x300.webp 170w, https:\/\/zunzz.com\/wp-content\/uploads\/2023\/09\/Wire-Rope-Coiling-Machine-5T-4-579x1024.webp 579w, https:\/\/zunzz.com\/wp-content\/uploads\/2023\/09\/Wire-Rope-Coiling-Machine-5T-4-768x1358.webp 768w, https:\/\/zunzz.com\/wp-content\/uploads\/2023\/09\/Wire-Rope-Coiling-Machine-5T-4-869x1536.webp 869w, https:\/\/zunzz.com\/wp-content\/uploads\/2023\/09\/Wire-Rope-Coiling-Machine-5T-4-700x1238.webp 700w, https:\/\/zunzz.com\/wp-content\/uploads\/2023\/09\/Wire-Rope-Coiling-Machine-5T-4-600x1061.webp 600w\" sizes=\"(max-width: 1000px) 100vw, 1000px\" \/> <img loading=\"lazy\" decoding=\"async\" class=\"alignnone wp-image-2510 size-full\" src=\"https:\/\/zunzz.com\/wp-content\/uploads\/2023\/09\/Wire-Rope-Coiling-Machine-5T-5.webp\" alt=\"Traat-tross-pooli-masin-5T-5\" width=\"1000\" height=\"565\" srcset=\"https:\/\/zunzz.com\/wp-content\/uploads\/2023\/09\/Wire-Rope-Coiling-Machine-5T-5.webp 1000w, https:\/\/zunzz.com\/wp-content\/uploads\/2023\/09\/Wire-Rope-Coiling-Machine-5T-5-300x170.webp 300w, https:\/\/zunzz.com\/wp-content\/uploads\/2023\/09\/Wire-Rope-Coiling-Machine-5T-5-768x434.webp 768w, https:\/\/zunzz.com\/wp-content\/uploads\/2023\/09\/Wire-Rope-Coiling-Machine-5T-5-700x396.webp 700w, https:\/\/zunzz.com\/wp-content\/uploads\/2023\/09\/Wire-Rope-Coiling-Machine-5T-5-600x339.webp 600w\" sizes=\"(max-width: 1000px) 100vw, 1000px\" \/><\/p>\n","protected":false},"excerpt":{"rendered":"<p>Mudel: FS05<br \/>\nMahutavus: 5T<br \/>\nMax. L\u00e4bim\u00f5\u00f5t: 1200mm<br \/>\nV\u00f5imsus: 1.5KW<br \/>\nSuurus: 1200 * 1150 * 1100mm<br \/>\nKaal: 550KG<\/p>\n<p>Kasutatav keel:[wpml_language_selector_widget]<\/p>\n<p><a href=\"https:\/\/zunzz.com\/et\/contact-store\/\"><button class=\"single_add_to_cart_button button alt\" type=\"submit\">K\u00dcSI KOHE<\/button><\/a><\/p>\n","protected":false},"featured_media":677,"comment_status":"open","ping_status":"closed","template":"","meta":[],"product_brand":[],"product_cat":[64],"product_tag":[77],"class_list":{"0":"post-1034","1":"product","2":"type-product","3":"status-publish","4":"has-post-thumbnail","6":"product_cat-wire-rope-coiling-machine","7":"product_tag-wire-rope-coiling-machine","9":"first","10":"instock","11":"taxable","12":"shipping-taxable","13":"product-type-simple"},"yoast_head":"<!-- This site is optimized with the Yoast SEO plugin v26.8 - https:\/\/yoast.com\/product\/yoast-seo-wordpress\/ -->\n<title>Trossi rullimismasin 5T<\/title>\n<meta name=\"description\" content=\"Trossi rullimismasinat kasutatakse tavaliselt mootorita plaadim\u00e4ngija ja pikkuseloenduriga. See masin on 5T laagri kandev\u00f5imega.\" \/>\n<meta name=\"robots\" content=\"index, follow, max-snippet:-1, max-image-preview:large, max-video-preview:-1\" \/>\n<link rel=\"canonical\" href=\"https:\/\/zunzz.com\/et\/product\/wire-rope-coiling-machine\/\" \/>\n<meta property=\"og:locale\" content=\"et_EE\" \/>\n<meta property=\"og:type\" content=\"article\" \/>\n<meta property=\"og:title\" content=\"Trossi rullimismasin 5T\" \/>\n<meta property=\"og:description\" content=\"Trossi rullimismasinat kasutatakse tavaliselt mootorita plaadim\u00e4ngija ja pikkuseloenduriga. See masin on 5T laagri kandev\u00f5imega.\" \/>\n<meta property=\"og:url\" content=\"https:\/\/zunzz.com\/et\/product\/wire-rope-coiling-machine\/\" \/>\n<meta property=\"og:site_name\" content=\"Zunzz Wire Rope Sling Machine Company\" \/>\n<meta property=\"article:modified_time\" content=\"2023-12-26T05:12:48+00:00\" \/>\n<meta property=\"og:image\" content=\"https:\/\/zunzz.com\/wp-content\/uploads\/2023\/09\/Wire-Rope-Coiling-Machine-5T-3.webp\" \/>\n\t<meta property=\"og:image:width\" content=\"1000\" \/>\n\t<meta property=\"og:image:height\" content=\"998\" \/>\n\t<meta property=\"og:image:type\" content=\"image\/webp\" \/>\n<meta name=\"twitter:card\" content=\"summary_large_image\" \/>\n<meta name=\"twitter:label1\" content=\"Est. reading time\" \/>\n\t<meta name=\"twitter:data1\" content=\"3 minutit\" \/>\n<script type=\"application\/ld+json\" class=\"yoast-schema-graph\">{\"@context\":\"https:\/\/schema.org\",\"@graph\":[{\"@type\":\"WebPage\",\"@id\":\"https:\/\/zunzz.com\/et\/product\/wire-rope-coiling-machine\/\",\"url\":\"https:\/\/zunzz.com\/et\/product\/wire-rope-coiling-machine\/\",\"name\":\"Trossi rullimismasin 5T\",\"isPartOf\":{\"@id\":\"https:\/\/zunzz.com\/et\/#website\"},\"primaryImageOfPage\":{\"@id\":\"https:\/\/zunzz.com\/et\/product\/wire-rope-coiling-machine\/#primaryimage\"},\"image\":{\"@id\":\"https:\/\/zunzz.com\/et\/product\/wire-rope-coiling-machine\/#primaryimage\"},\"thumbnailUrl\":\"https:\/\/zunzz.com\/wp-content\/uploads\/2023\/09\/Wire-Rope-Coiling-Machine-5T-3.webp\",\"datePublished\":\"2023-09-22T02:45:05+00:00\",\"dateModified\":\"2023-12-26T05:12:48+00:00\",\"description\":\"Trossi rullimismasinat kasutatakse tavaliselt mootorita plaadim\u00e4ngija ja pikkuseloenduriga. See masin on 5T laagri kandev\u00f5imega.\",\"breadcrumb\":{\"@id\":\"https:\/\/zunzz.com\/et\/product\/wire-rope-coiling-machine\/#breadcrumb\"},\"inLanguage\":\"et\",\"potentialAction\":[{\"@type\":\"ReadAction\",\"target\":[\"https:\/\/zunzz.com\/et\/product\/wire-rope-coiling-machine\/\"]}]},{\"@type\":\"ImageObject\",\"inLanguage\":\"et\",\"@id\":\"https:\/\/zunzz.com\/et\/product\/wire-rope-coiling-machine\/#primaryimage\",\"url\":\"https:\/\/zunzz.com\/wp-content\/uploads\/2023\/09\/Wire-Rope-Coiling-Machine-5T-3.webp\",\"contentUrl\":\"https:\/\/zunzz.com\/wp-content\/uploads\/2023\/09\/Wire-Rope-Coiling-Machine-5T-3.webp\",\"width\":1000,\"height\":998,\"caption\":\"Wire Rope Coiling Machine 5T\"},{\"@type\":\"BreadcrumbList\",\"@id\":\"https:\/\/zunzz.com\/et\/product\/wire-rope-coiling-machine\/#breadcrumb\",\"itemListElement\":[{\"@type\":\"ListItem\",\"position\":1,\"name\":\"Home\",\"item\":\"https:\/\/zunzz.com\/et\/home\/\"},{\"@type\":\"ListItem\",\"position\":2,\"name\":\"Shop\",\"item\":\"https:\/\/zunzz.com\/bg\/shop\/\"},{\"@type\":\"ListItem\",\"position\":3,\"name\":\"Trossi rullimismasin 5T\"}]},{\"@type\":\"WebSite\",\"@id\":\"https:\/\/zunzz.com\/et\/#website\",\"url\":\"https:\/\/zunzz.com\/et\/\",\"name\":\"Zunzz Wire Rope Sling Machine Company\",\"description\":\"Zunzz Wire Rope Sling Machine Company is a leading manufacturer of wire rope sling machines and related products.\",\"publisher\":{\"@id\":\"https:\/\/zunzz.com\/et\/#organization\"},\"potentialAction\":[{\"@type\":\"SearchAction\",\"target\":{\"@type\":\"EntryPoint\",\"urlTemplate\":\"https:\/\/zunzz.com\/et\/?s={search_term_string}\"},\"query-input\":{\"@type\":\"PropertyValueSpecification\",\"valueRequired\":true,\"valueName\":\"search_term_string\"}}],\"inLanguage\":\"et\"},{\"@type\":\"Organization\",\"@id\":\"https:\/\/zunzz.com\/et\/#organization\",\"name\":\"Zunzz Wire Rope Sling Machine Company\",\"url\":\"https:\/\/zunzz.com\/et\/\",\"logo\":{\"@type\":\"ImageObject\",\"inLanguage\":\"et\",\"@id\":\"https:\/\/zunzz.com\/et\/#\/schema\/logo\/image\/\",\"url\":\"https:\/\/zunzz.com\/wp-content\/uploads\/2023\/09\/Logo.png\",\"contentUrl\":\"https:\/\/zunzz.com\/wp-content\/uploads\/2023\/09\/Logo.png\",\"width\":171,\"height\":133,\"caption\":\"Zunzz Wire Rope Sling Machine Company\"},\"image\":{\"@id\":\"https:\/\/zunzz.com\/et\/#\/schema\/logo\/image\/\"}}]}<\/script>\n<!-- \/ Yoast SEO plugin. -->","yoast_head_json":{"title":"Trossi rullimismasin 5T","description":"Trossi rullimismasinat kasutatakse tavaliselt mootorita plaadim\u00e4ngija ja pikkuseloenduriga. See masin on 5T laagri kandev\u00f5imega.","robots":{"index":"index","follow":"follow","max-snippet":"max-snippet:-1","max-image-preview":"max-image-preview:large","max-video-preview":"max-video-preview:-1"},"canonical":"https:\/\/zunzz.com\/et\/product\/wire-rope-coiling-machine\/","og_locale":"et_EE","og_type":"article","og_title":"Trossi rullimismasin 5T","og_description":"Trossi rullimismasinat kasutatakse tavaliselt mootorita plaadim\u00e4ngija ja pikkuseloenduriga. See masin on 5T laagri kandev\u00f5imega.","og_url":"https:\/\/zunzz.com\/et\/product\/wire-rope-coiling-machine\/","og_site_name":"Zunzz Wire Rope Sling Machine Company","article_modified_time":"2023-12-26T05:12:48+00:00","og_image":[{"width":1000,"height":998,"url":"https:\/\/zunzz.com\/wp-content\/uploads\/2023\/09\/Wire-Rope-Coiling-Machine-5T-3.webp","type":"image\/webp"}],"twitter_card":"summary_large_image","twitter_misc":{"Est. reading time":"3 minutit"},"schema":{"@context":"https:\/\/schema.org","@graph":[{"@type":"WebPage","@id":"https:\/\/zunzz.com\/et\/product\/wire-rope-coiling-machine\/","url":"https:\/\/zunzz.com\/et\/product\/wire-rope-coiling-machine\/","name":"Trossi rullimismasin 5T","isPartOf":{"@id":"https:\/\/zunzz.com\/et\/#website"},"primaryImageOfPage":{"@id":"https:\/\/zunzz.com\/et\/product\/wire-rope-coiling-machine\/#primaryimage"},"image":{"@id":"https:\/\/zunzz.com\/et\/product\/wire-rope-coiling-machine\/#primaryimage"},"thumbnailUrl":"https:\/\/zunzz.com\/wp-content\/uploads\/2023\/09\/Wire-Rope-Coiling-Machine-5T-3.webp","datePublished":"2023-09-22T02:45:05+00:00","dateModified":"2023-12-26T05:12:48+00:00","description":"Trossi rullimismasinat kasutatakse tavaliselt mootorita plaadim\u00e4ngija ja pikkuseloenduriga. See masin on 5T laagri kandev\u00f5imega.","breadcrumb":{"@id":"https:\/\/zunzz.com\/et\/product\/wire-rope-coiling-machine\/#breadcrumb"},"inLanguage":"et","potentialAction":[{"@type":"ReadAction","target":["https:\/\/zunzz.com\/et\/product\/wire-rope-coiling-machine\/"]}]},{"@type":"ImageObject","inLanguage":"et","@id":"https:\/\/zunzz.com\/et\/product\/wire-rope-coiling-machine\/#primaryimage","url":"https:\/\/zunzz.com\/wp-content\/uploads\/2023\/09\/Wire-Rope-Coiling-Machine-5T-3.webp","contentUrl":"https:\/\/zunzz.com\/wp-content\/uploads\/2023\/09\/Wire-Rope-Coiling-Machine-5T-3.webp","width":1000,"height":998,"caption":"Wire Rope Coiling Machine 5T"},{"@type":"BreadcrumbList","@id":"https:\/\/zunzz.com\/et\/product\/wire-rope-coiling-machine\/#breadcrumb","itemListElement":[{"@type":"ListItem","position":1,"name":"Home","item":"https:\/\/zunzz.com\/et\/home\/"},{"@type":"ListItem","position":2,"name":"Shop","item":"https:\/\/zunzz.com\/bg\/shop\/"},{"@type":"ListItem","position":3,"name":"Trossi rullimismasin 5T"}]},{"@type":"WebSite","@id":"https:\/\/zunzz.com\/et\/#website","url":"https:\/\/zunzz.com\/et\/","name":"Zunzz Wire Rope Sling Machine Company","description":"Zunzz Wire Rope Sling Machine Company is a leading manufacturer of wire rope sling machines and related products.","publisher":{"@id":"https:\/\/zunzz.com\/et\/#organization"},"potentialAction":[{"@type":"SearchAction","target":{"@type":"EntryPoint","urlTemplate":"https:\/\/zunzz.com\/et\/?s={search_term_string}"},"query-input":{"@type":"PropertyValueSpecification","valueRequired":true,"valueName":"search_term_string"}}],"inLanguage":"et"},{"@type":"Organization","@id":"https:\/\/zunzz.com\/et\/#organization","name":"Zunzz Wire Rope Sling Machine Company","url":"https:\/\/zunzz.com\/et\/","logo":{"@type":"ImageObject","inLanguage":"et","@id":"https:\/\/zunzz.com\/et\/#\/schema\/logo\/image\/","url":"https:\/\/zunzz.com\/wp-content\/uploads\/2023\/09\/Logo.png","contentUrl":"https:\/\/zunzz.com\/wp-content\/uploads\/2023\/09\/Logo.png","width":171,"height":133,"caption":"Zunzz Wire Rope Sling Machine Company"},"image":{"@id":"https:\/\/zunzz.com\/et\/#\/schema\/logo\/image\/"}}]}},"_links":{"self":[{"href":"https:\/\/zunzz.com\/et\/wp-json\/wp\/v2\/product\/1034","targetHints":{"allow":["GET"]}}],"collection":[{"href":"https:\/\/zunzz.com\/et\/wp-json\/wp\/v2\/product"}],"about":[{"href":"https:\/\/zunzz.com\/et\/wp-json\/wp\/v2\/types\/product"}],"replies":[{"embeddable":true,"href":"https:\/\/zunzz.com\/et\/wp-json\/wp\/v2\/comments?post=1034"}],"wp:featuredmedia":[{"embeddable":true,"href":"https:\/\/zunzz.com\/et\/wp-json\/wp\/v2\/media\/677"}],"wp:attachment":[{"href":"https:\/\/zunzz.com\/et\/wp-json\/wp\/v2\/media?parent=1034"}],"wp:term":[{"taxonomy":"product_brand","embeddable":true,"href":"https:\/\/zunzz.com\/et\/wp-json\/wp\/v2\/product_brand?post=1034"},{"taxonomy":"product_cat","embeddable":true,"href":"https:\/\/zunzz.com\/et\/wp-json\/wp\/v2\/product_cat?post=1034"},{"taxonomy":"product_tag","embeddable":true,"href":"https:\/\/zunzz.com\/et\/wp-json\/wp\/v2\/product_tag?post=1034"}],"curies":[{"name":"wp","href":"https:\/\/api.w.org\/{rel}","templated":true}]}}