{"id":1033,"date":"2023-09-22T02:53:44","date_gmt":"2023-09-22T02:53:44","guid":{"rendered":"https:\/\/zunzz.com\/product\/trossi-poorlev-press-3000t\/"},"modified":"2023-12-24T13:21:45","modified_gmt":"2023-12-24T13:21:45","slug":"wire-rope-swaging-press","status":"publish","type":"product","link":"https:\/\/zunzz.com\/et\/product\/wire-rope-swaging-press\/","title":{"rendered":"Trossi p\u00f6\u00f6rlev press 3000T"},"content":{"rendered":"<h3>1. Trossi p\u00f6\u00f6rleva pressi 3000T kasutuselev\u00f5tt<\/h3>\n<p>See trossiga p\u00f6\u00f6rlev press on m\u00f5eldud trossi jaoks 22mm kuni 105mm. Plokkstantsidega \u00fcmmarguste stantside jaoks. Matriitsid saab teha alumiiniumh\u00fclsi, S-505, pesa jaoks vastavalt soovile.<\/p>\n<p>Pinge tehakse vastavalt soovile.<\/p>\n<p>Valikus on nii ruudukujulised kui ka \u00fcmarvormid.<\/p>\n<h3>2.Tehnilised parameetrid<\/h3>\n<div class=\"table-r\">\n<table width=\"100%\">\n<tbody>\n<tr>\n<td width=\"50%\">Max. \u00fcks Swaging l\u00e4bim\u00f5\u00f5t<\/td>\n<td width=\"50%\">32mm-105mm<\/td>\n<\/tr>\n<tr>\n<td width=\"50%\">Stantsi varustus<\/td>\n<td width=\"50%\">22-65mm tasuta,65-110mm vali 4 komplekti tasuta<\/td>\n<\/tr>\n<tr>\n<td width=\"50%\">Max. koormatud \u00f5lir\u00f5hk<\/td>\n<td width=\"50%\">76Mpa<\/td>\n<\/tr>\n<tr>\n<td width=\"50%\">Kontrollige \u00f5lir\u00f5hku<\/td>\n<td width=\"50%\">12Mpa<\/td>\n<\/tr>\n<tr>\n<td width=\"50%\">Max. Kolvi liikumine<\/td>\n<td width=\"50%\">240mm<\/td>\n<\/tr>\n<tr>\n<td width=\"50%\">T\u00f6\u00f6tav kolvi liikumine<\/td>\n<td width=\"50%\">270mm<\/td>\n<\/tr>\n<tr>\n<td width=\"50%\">Kolvi \u00fcleskiirus<\/td>\n<td width=\"50%\">5mm\/sek<\/td>\n<\/tr>\n<tr>\n<td width=\"50%\">Kolvi koormatud kiirus<\/td>\n<td width=\"50%\">2mm\/sek<\/td>\n<\/tr>\n<tr>\n<td width=\"50%\">Kolvi allak\u00e4ik<\/td>\n<td width=\"50%\">9,8mm\/sek<\/td>\n<\/tr>\n<\/tbody>\n<\/table>\n<\/div>\n<p>&nbsp;<\/p>\n<p><img fetchpriority=\"high\" decoding=\"async\" class=\"alignnone wp-image-393 size-full\" src=\"https:\/\/zunzz.com\/wp-content\/uploads\/2023\/09\/Wire-Rope-Swaging-Press-3000T-1.webp\" alt=\"Trossi p\u00fchkimispress 3000T-1\" width=\"1000\" height=\"1000\" srcset=\"https:\/\/zunzz.com\/wp-content\/uploads\/2023\/09\/Wire-Rope-Swaging-Press-3000T-1.webp 1000w, https:\/\/zunzz.com\/wp-content\/uploads\/2023\/09\/Wire-Rope-Swaging-Press-3000T-1-300x300.webp 300w, https:\/\/zunzz.com\/wp-content\/uploads\/2023\/09\/Wire-Rope-Swaging-Press-3000T-1-150x150.webp 150w, https:\/\/zunzz.com\/wp-content\/uploads\/2023\/09\/Wire-Rope-Swaging-Press-3000T-1-768x768.webp 768w, https:\/\/zunzz.com\/wp-content\/uploads\/2023\/09\/Wire-Rope-Swaging-Press-3000T-1-570x570.webp 570w, https:\/\/zunzz.com\/wp-content\/uploads\/2023\/09\/Wire-Rope-Swaging-Press-3000T-1-500x500.webp 500w, https:\/\/zunzz.com\/wp-content\/uploads\/2023\/09\/Wire-Rope-Swaging-Press-3000T-1-700x700.webp 700w, https:\/\/zunzz.com\/wp-content\/uploads\/2023\/09\/Wire-Rope-Swaging-Press-3000T-1-650x650.webp 650w, https:\/\/zunzz.com\/wp-content\/uploads\/2023\/09\/Wire-Rope-Swaging-Press-3000T-1-600x600.webp 600w, https:\/\/zunzz.com\/wp-content\/uploads\/2023\/09\/Wire-Rope-Swaging-Press-3000T-1-100x100.webp 100w\" sizes=\"(max-width: 1000px) 100vw, 1000px\" \/> <img decoding=\"async\" class=\"alignnone wp-image-394 size-full\" src=\"https:\/\/zunzz.com\/wp-content\/uploads\/2023\/09\/Wire-Rope-Swaging-Press-3000T-2.webp\" alt=\"Trossi p\u00fchkimispress 3000T-2\" width=\"1000\" height=\"1333\" srcset=\"https:\/\/zunzz.com\/wp-content\/uploads\/2023\/09\/Wire-Rope-Swaging-Press-3000T-2.webp 1000w, https:\/\/zunzz.com\/wp-content\/uploads\/2023\/09\/Wire-Rope-Swaging-Press-3000T-2-225x300.webp 225w, https:\/\/zunzz.com\/wp-content\/uploads\/2023\/09\/Wire-Rope-Swaging-Press-3000T-2-768x1024.webp 768w, https:\/\/zunzz.com\/wp-content\/uploads\/2023\/09\/Wire-Rope-Swaging-Press-3000T-2-600x800.webp 600w, https:\/\/zunzz.com\/wp-content\/uploads\/2023\/09\/Wire-Rope-Swaging-Press-3000T-2-700x933.webp 700w\" sizes=\"(max-width: 1000px) 100vw, 1000px\" \/> <img decoding=\"async\" class=\"alignnone wp-image-395 size-full\" src=\"https:\/\/zunzz.com\/wp-content\/uploads\/2023\/09\/Wire-Rope-Swaging-Press-3000T-3.webp\" alt=\"Trossi p\u00fchkimispress 3000T-3\" width=\"1000\" height=\"1333\" srcset=\"https:\/\/zunzz.com\/wp-content\/uploads\/2023\/09\/Wire-Rope-Swaging-Press-3000T-3.webp 1000w, https:\/\/zunzz.com\/wp-content\/uploads\/2023\/09\/Wire-Rope-Swaging-Press-3000T-3-225x300.webp 225w, https:\/\/zunzz.com\/wp-content\/uploads\/2023\/09\/Wire-Rope-Swaging-Press-3000T-3-768x1024.webp 768w, https:\/\/zunzz.com\/wp-content\/uploads\/2023\/09\/Wire-Rope-Swaging-Press-3000T-3-600x800.webp 600w, https:\/\/zunzz.com\/wp-content\/uploads\/2023\/09\/Wire-Rope-Swaging-Press-3000T-3-700x933.webp 700w\" sizes=\"(max-width: 1000px) 100vw, 1000px\" \/><\/p>\n<h3>3. Meie ettev\u00f5ttest<\/h3>\n<p>Meil on kogenud inseneride ja ekspertide meeskond, kes suudab pakkuda kasutajatele igak\u00fclgset tehnilist tuge ja lahendusi. Pole t\u00e4htis, millist t\u00fc\u00fcpi terastrosside t\u00f6\u00f6tlemise masinat ja teenust vajate, saame teile pakkuda rahuldavaid lahendusi.<\/p>\n<p>Kui olete huvitatud meie toodetest ja teenustest v\u00f5i soovite rohkem teada saada terastrosside t\u00f6\u00f6tlemise t\u00f6\u00f6stuse kohta, k\u00fclastage meie veebisaiti v\u00f5i v\u00f5tke meiega otse \u00fchendust. Me teenime teid kogu s\u00fcdamest! Oleme j\u00e4tkuvalt p\u00fchendunud tehnoloogilistele uuendustele ja tootearendusele, pakkudes teile t\u00f5husamaid ja stabiilsemaid terastrosside t\u00f6\u00f6tlemise masinaid ja teenuseid. T\u00f6\u00f6tame koos parema tuleviku nimel!<\/p>\n","protected":false},"excerpt":{"rendered":"<p>Mudel: YT3000<br \/>\nMahutavus: 30000KN<br \/>\nPressi l\u00e4bim\u00f5\u00f5t: 105mm<br \/>\nV\u00f5imsus: 7.5KW*2<br \/>\nSuurus: 2000*990*3400mm<br \/>\nKaal: 18000kg<\/p>\n<p>Kasutatav keel:[wpml_language_selector_widget]<\/p>\n<p><a href=\"https:\/\/zunzz.com\/et\/contact-store\/\"><button class=\"single_add_to_cart_button button alt\" type=\"submit\">K\u00dcSI KOHE<\/button><\/a><\/p>\n","protected":false},"featured_media":680,"comment_status":"open","ping_status":"closed","template":"","meta":[],"product_brand":[],"product_cat":[66],"product_tag":[78],"class_list":{"0":"post-1033","1":"product","2":"type-product","3":"status-publish","4":"has-post-thumbnail","6":"product_cat-wire-rope-swaging-machine","7":"product_tag-wire-rope-swaging-machine","9":"first","10":"instock","11":"taxable","12":"shipping-taxable","13":"product-type-simple"},"yoast_head":"<!-- This site is optimized with the Yoast SEO plugin v26.8 - https:\/\/yoast.com\/product\/yoast-seo-wordpress\/ -->\n<title>Trossi p\u00f6\u00f6rlev press<\/title>\n<meta name=\"description\" content=\"See trossiga p\u00f6\u00f6rlev press on m\u00f5eldud trossi jaoks 22mm kuni 105mm. Plokkstantsidega \u00fcmmarguste stantside jaoks. Matriitsid saab teha alumiiniumh\u00fclsi, S-505, pesa jaoks\" \/>\n<meta name=\"robots\" content=\"index, follow, max-snippet:-1, max-image-preview:large, max-video-preview:-1\" \/>\n<link rel=\"canonical\" href=\"https:\/\/zunzz.com\/et\/product\/wire-rope-swaging-press\/\" \/>\n<meta property=\"og:locale\" content=\"et_EE\" \/>\n<meta property=\"og:type\" content=\"article\" \/>\n<meta property=\"og:title\" content=\"Trossi p\u00f6\u00f6rlev press\" \/>\n<meta property=\"og:description\" content=\"See trossiga p\u00f6\u00f6rlev press on m\u00f5eldud trossi jaoks 22mm kuni 105mm. Plokkstantsidega \u00fcmmarguste stantside jaoks. Matriitsid saab teha alumiiniumh\u00fclsi, S-505, pesa jaoks\" \/>\n<meta property=\"og:url\" content=\"https:\/\/zunzz.com\/et\/product\/wire-rope-swaging-press\/\" \/>\n<meta property=\"og:site_name\" content=\"Zunzz Wire Rope Sling Machine Company\" \/>\n<meta property=\"article:modified_time\" content=\"2023-12-24T13:21:45+00:00\" \/>\n<meta property=\"og:image\" content=\"https:\/\/zunzz.com\/wp-content\/uploads\/2023\/09\/Wire-Rope-Swaging-Press-3000T-1.webp\" \/>\n\t<meta property=\"og:image:width\" content=\"1000\" \/>\n\t<meta property=\"og:image:height\" content=\"1000\" \/>\n\t<meta property=\"og:image:type\" content=\"image\/webp\" \/>\n<meta name=\"twitter:card\" content=\"summary_large_image\" \/>\n<meta name=\"twitter:label1\" content=\"Est. reading time\" \/>\n\t<meta name=\"twitter:data1\" content=\"3 minutit\" \/>\n<script type=\"application\/ld+json\" class=\"yoast-schema-graph\">{\"@context\":\"https:\/\/schema.org\",\"@graph\":[{\"@type\":\"WebPage\",\"@id\":\"https:\/\/zunzz.com\/et\/product\/wire-rope-swaging-press\/\",\"url\":\"https:\/\/zunzz.com\/et\/product\/wire-rope-swaging-press\/\",\"name\":\"Trossi p\u00f6\u00f6rlev press\",\"isPartOf\":{\"@id\":\"https:\/\/zunzz.com\/et\/#website\"},\"primaryImageOfPage\":{\"@id\":\"https:\/\/zunzz.com\/et\/product\/wire-rope-swaging-press\/#primaryimage\"},\"image\":{\"@id\":\"https:\/\/zunzz.com\/et\/product\/wire-rope-swaging-press\/#primaryimage\"},\"thumbnailUrl\":\"https:\/\/zunzz.com\/wp-content\/uploads\/2023\/09\/Wire-Rope-Swaging-Press-3000T-1.webp\",\"datePublished\":\"2023-09-22T02:53:44+00:00\",\"dateModified\":\"2023-12-24T13:21:45+00:00\",\"description\":\"See trossiga p\u00f6\u00f6rlev press on m\u00f5eldud trossi jaoks 22mm kuni 105mm. Plokkstantsidega \u00fcmmarguste stantside jaoks. Matriitsid saab teha alumiiniumh\u00fclsi, S-505, pesa jaoks\",\"breadcrumb\":{\"@id\":\"https:\/\/zunzz.com\/et\/product\/wire-rope-swaging-press\/#breadcrumb\"},\"inLanguage\":\"et\",\"potentialAction\":[{\"@type\":\"ReadAction\",\"target\":[\"https:\/\/zunzz.com\/et\/product\/wire-rope-swaging-press\/\"]}]},{\"@type\":\"ImageObject\",\"inLanguage\":\"et\",\"@id\":\"https:\/\/zunzz.com\/et\/product\/wire-rope-swaging-press\/#primaryimage\",\"url\":\"https:\/\/zunzz.com\/wp-content\/uploads\/2023\/09\/Wire-Rope-Swaging-Press-3000T-1.webp\",\"contentUrl\":\"https:\/\/zunzz.com\/wp-content\/uploads\/2023\/09\/Wire-Rope-Swaging-Press-3000T-1.webp\",\"width\":1000,\"height\":1000,\"caption\":\"Wire Rope Swaging Press 3000T\"},{\"@type\":\"BreadcrumbList\",\"@id\":\"https:\/\/zunzz.com\/et\/product\/wire-rope-swaging-press\/#breadcrumb\",\"itemListElement\":[{\"@type\":\"ListItem\",\"position\":1,\"name\":\"Home\",\"item\":\"https:\/\/zunzz.com\/et\/home\/\"},{\"@type\":\"ListItem\",\"position\":2,\"name\":\"Shop\",\"item\":\"https:\/\/zunzz.com\/bg\/shop\/\"},{\"@type\":\"ListItem\",\"position\":3,\"name\":\"Trossi p\u00f6\u00f6rlev press 3000T\"}]},{\"@type\":\"WebSite\",\"@id\":\"https:\/\/zunzz.com\/et\/#website\",\"url\":\"https:\/\/zunzz.com\/et\/\",\"name\":\"Zunzz Wire Rope Sling Machine Company\",\"description\":\"Zunzz Wire Rope Sling Machine Company is a leading manufacturer of wire rope sling machines and related products.\",\"publisher\":{\"@id\":\"https:\/\/zunzz.com\/et\/#organization\"},\"potentialAction\":[{\"@type\":\"SearchAction\",\"target\":{\"@type\":\"EntryPoint\",\"urlTemplate\":\"https:\/\/zunzz.com\/et\/?s={search_term_string}\"},\"query-input\":{\"@type\":\"PropertyValueSpecification\",\"valueRequired\":true,\"valueName\":\"search_term_string\"}}],\"inLanguage\":\"et\"},{\"@type\":\"Organization\",\"@id\":\"https:\/\/zunzz.com\/et\/#organization\",\"name\":\"Zunzz Wire Rope Sling Machine Company\",\"url\":\"https:\/\/zunzz.com\/et\/\",\"logo\":{\"@type\":\"ImageObject\",\"inLanguage\":\"et\",\"@id\":\"https:\/\/zunzz.com\/et\/#\/schema\/logo\/image\/\",\"url\":\"https:\/\/zunzz.com\/wp-content\/uploads\/2023\/09\/Logo.png\",\"contentUrl\":\"https:\/\/zunzz.com\/wp-content\/uploads\/2023\/09\/Logo.png\",\"width\":171,\"height\":133,\"caption\":\"Zunzz Wire Rope Sling Machine Company\"},\"image\":{\"@id\":\"https:\/\/zunzz.com\/et\/#\/schema\/logo\/image\/\"}}]}<\/script>\n<!-- \/ Yoast SEO plugin. -->","yoast_head_json":{"title":"Trossi p\u00f6\u00f6rlev press","description":"See trossiga p\u00f6\u00f6rlev press on m\u00f5eldud trossi jaoks 22mm kuni 105mm. Plokkstantsidega \u00fcmmarguste stantside jaoks. Matriitsid saab teha alumiiniumh\u00fclsi, S-505, pesa jaoks","robots":{"index":"index","follow":"follow","max-snippet":"max-snippet:-1","max-image-preview":"max-image-preview:large","max-video-preview":"max-video-preview:-1"},"canonical":"https:\/\/zunzz.com\/et\/product\/wire-rope-swaging-press\/","og_locale":"et_EE","og_type":"article","og_title":"Trossi p\u00f6\u00f6rlev press","og_description":"See trossiga p\u00f6\u00f6rlev press on m\u00f5eldud trossi jaoks 22mm kuni 105mm. Plokkstantsidega \u00fcmmarguste stantside jaoks. Matriitsid saab teha alumiiniumh\u00fclsi, S-505, pesa jaoks","og_url":"https:\/\/zunzz.com\/et\/product\/wire-rope-swaging-press\/","og_site_name":"Zunzz Wire Rope Sling Machine Company","article_modified_time":"2023-12-24T13:21:45+00:00","og_image":[{"width":1000,"height":1000,"url":"https:\/\/zunzz.com\/wp-content\/uploads\/2023\/09\/Wire-Rope-Swaging-Press-3000T-1.webp","type":"image\/webp"}],"twitter_card":"summary_large_image","twitter_misc":{"Est. reading time":"3 minutit"},"schema":{"@context":"https:\/\/schema.org","@graph":[{"@type":"WebPage","@id":"https:\/\/zunzz.com\/et\/product\/wire-rope-swaging-press\/","url":"https:\/\/zunzz.com\/et\/product\/wire-rope-swaging-press\/","name":"Trossi p\u00f6\u00f6rlev press","isPartOf":{"@id":"https:\/\/zunzz.com\/et\/#website"},"primaryImageOfPage":{"@id":"https:\/\/zunzz.com\/et\/product\/wire-rope-swaging-press\/#primaryimage"},"image":{"@id":"https:\/\/zunzz.com\/et\/product\/wire-rope-swaging-press\/#primaryimage"},"thumbnailUrl":"https:\/\/zunzz.com\/wp-content\/uploads\/2023\/09\/Wire-Rope-Swaging-Press-3000T-1.webp","datePublished":"2023-09-22T02:53:44+00:00","dateModified":"2023-12-24T13:21:45+00:00","description":"See trossiga p\u00f6\u00f6rlev press on m\u00f5eldud trossi jaoks 22mm kuni 105mm. Plokkstantsidega \u00fcmmarguste stantside jaoks. Matriitsid saab teha alumiiniumh\u00fclsi, S-505, pesa jaoks","breadcrumb":{"@id":"https:\/\/zunzz.com\/et\/product\/wire-rope-swaging-press\/#breadcrumb"},"inLanguage":"et","potentialAction":[{"@type":"ReadAction","target":["https:\/\/zunzz.com\/et\/product\/wire-rope-swaging-press\/"]}]},{"@type":"ImageObject","inLanguage":"et","@id":"https:\/\/zunzz.com\/et\/product\/wire-rope-swaging-press\/#primaryimage","url":"https:\/\/zunzz.com\/wp-content\/uploads\/2023\/09\/Wire-Rope-Swaging-Press-3000T-1.webp","contentUrl":"https:\/\/zunzz.com\/wp-content\/uploads\/2023\/09\/Wire-Rope-Swaging-Press-3000T-1.webp","width":1000,"height":1000,"caption":"Wire Rope Swaging Press 3000T"},{"@type":"BreadcrumbList","@id":"https:\/\/zunzz.com\/et\/product\/wire-rope-swaging-press\/#breadcrumb","itemListElement":[{"@type":"ListItem","position":1,"name":"Home","item":"https:\/\/zunzz.com\/et\/home\/"},{"@type":"ListItem","position":2,"name":"Shop","item":"https:\/\/zunzz.com\/bg\/shop\/"},{"@type":"ListItem","position":3,"name":"Trossi p\u00f6\u00f6rlev press 3000T"}]},{"@type":"WebSite","@id":"https:\/\/zunzz.com\/et\/#website","url":"https:\/\/zunzz.com\/et\/","name":"Zunzz Wire Rope Sling Machine Company","description":"Zunzz Wire Rope Sling Machine Company is a leading manufacturer of wire rope sling machines and related products.","publisher":{"@id":"https:\/\/zunzz.com\/et\/#organization"},"potentialAction":[{"@type":"SearchAction","target":{"@type":"EntryPoint","urlTemplate":"https:\/\/zunzz.com\/et\/?s={search_term_string}"},"query-input":{"@type":"PropertyValueSpecification","valueRequired":true,"valueName":"search_term_string"}}],"inLanguage":"et"},{"@type":"Organization","@id":"https:\/\/zunzz.com\/et\/#organization","name":"Zunzz Wire Rope Sling Machine Company","url":"https:\/\/zunzz.com\/et\/","logo":{"@type":"ImageObject","inLanguage":"et","@id":"https:\/\/zunzz.com\/et\/#\/schema\/logo\/image\/","url":"https:\/\/zunzz.com\/wp-content\/uploads\/2023\/09\/Logo.png","contentUrl":"https:\/\/zunzz.com\/wp-content\/uploads\/2023\/09\/Logo.png","width":171,"height":133,"caption":"Zunzz Wire Rope Sling Machine Company"},"image":{"@id":"https:\/\/zunzz.com\/et\/#\/schema\/logo\/image\/"}}]}},"_links":{"self":[{"href":"https:\/\/zunzz.com\/et\/wp-json\/wp\/v2\/product\/1033","targetHints":{"allow":["GET"]}}],"collection":[{"href":"https:\/\/zunzz.com\/et\/wp-json\/wp\/v2\/product"}],"about":[{"href":"https:\/\/zunzz.com\/et\/wp-json\/wp\/v2\/types\/product"}],"replies":[{"embeddable":true,"href":"https:\/\/zunzz.com\/et\/wp-json\/wp\/v2\/comments?post=1033"}],"wp:featuredmedia":[{"embeddable":true,"href":"https:\/\/zunzz.com\/et\/wp-json\/wp\/v2\/media\/680"}],"wp:attachment":[{"href":"https:\/\/zunzz.com\/et\/wp-json\/wp\/v2\/media?parent=1033"}],"wp:term":[{"taxonomy":"product_brand","embeddable":true,"href":"https:\/\/zunzz.com\/et\/wp-json\/wp\/v2\/product_brand?post=1033"},{"taxonomy":"product_cat","embeddable":true,"href":"https:\/\/zunzz.com\/et\/wp-json\/wp\/v2\/product_cat?post=1033"},{"taxonomy":"product_tag","embeddable":true,"href":"https:\/\/zunzz.com\/et\/wp-json\/wp\/v2\/product_tag?post=1033"}],"curies":[{"name":"wp","href":"https:\/\/api.w.org\/{rel}","templated":true}]}}