{"id":846,"date":"2020-01-14T14:10:46","date_gmt":"2020-01-14T14:10:46","guid":{"rendered":"https:\/\/zunzz.com\/viimased-uudised\/"},"modified":"2025-12-18T02:51:50","modified_gmt":"2025-12-18T02:51:50","slug":"latest-news","status":"publish","type":"page","link":"https:\/\/zunzz.com\/et\/latest-news\/","title":{"rendered":"Viimased uudised"},"content":{"rendered":"\t\t<div data-elementor-type=\"wp-page\" data-elementor-id=\"846\" class=\"elementor elementor-846 elementor-160\">\n\t\t\t\t\t\t<section class=\"elementor-section elementor-top-section elementor-element elementor-element-6ee884d elementor-section-boxed elementor-section-height-default elementor-section-height-default parallax_section_no qode_elementor_container_no\" data-id=\"6ee884d\" data-element_type=\"section\">\n\t\t\t\t\t\t<div class=\"elementor-container elementor-column-gap-default\">\n\t\t\t\t\t<div class=\"elementor-column elementor-col-100 elementor-top-column elementor-element elementor-element-16e9107\" data-id=\"16e9107\" data-element_type=\"column\">\n\t\t\t<div class=\"elementor-widget-wrap elementor-element-populated\">\n\t\t\t\t\t\t<div class=\"elementor-element elementor-element-75f07c1 elementor-widget elementor-widget-bridge_latest_posts\" data-id=\"75f07c1\" data-element_type=\"widget\" data-widget_type=\"bridge_latest_posts.default\">\n\t\t\t\t<div class=\"elementor-widget-container\">\n\t\t\t\t\t\n<div class='latest_post_holder image_in_box  ' >\n    <ul>\n    \n        <li class=\"clearfix\">\n            <div class=\"latest_post\"  >\n                <div class=\"latest_post_image clearfix\">\n                    <a itemprop=\"url\" href=\"https:\/\/zunzz.com\/et\/trossi-kerimismasina-kohta-levinud-kusimused-ja-vastused\/\">\n                                            <\/a>\n                <\/div>\n\n\n                <div class=\"latest_post_text\">\n                    <div class=\"latest_post_inner\">\n                        <div class=\"latest_post_text_inner\">\n                            <h3 itemprop=\"name\" class=\"latest_post_title entry_title\"><a itemprop=\"url\" href=\"https:\/\/zunzz.com\/et\/trossi-kerimismasina-kohta-levinud-kusimused-ja-vastused\/\">Trossi kerimismasina kohta levinud k\u00fcsimused ja vastused<\/a><\/h3>\n                            <p class=\"excerpt\">Terastrossi ehitamise ja paigaldamise protsessis m\u00e4ngib terastrossi kerimismasin olulist rolli olulise abiseadmena. Siiski v\u00f5ib kohapealse keskkonna, t\u00f6\u00f6harjumuste ja seadme konstruktsiooni t\u00f5ttu keri...<\/p>\n                            <span class=\"post_infos\">\n                                                                    <span class=\"date_hour_holder\">\n                                        <span itemprop=\"dateCreated\" class=\"date entry_date updated\">03 juuni, 2025 <meta itemprop=\"interactionCount\" content=\"UserComments: 0\"\/><\/span>\n                                    <\/span>\n                                \n                                \n                                \n                                \n                                                            <\/span>\n                        <\/div>\n                    <\/div>\n                <\/div>\n            <\/div>\n        <\/li>\n        \n        <li class=\"clearfix\">\n            <div class=\"latest_post\"  >\n                <div class=\"latest_post_image clearfix\">\n                    <a itemprop=\"url\" href=\"https:\/\/zunzz.com\/et\/ten-major-faults-of-wire-rope-swaging-machine\/\">\n                        <img decoding=\"async\" width=\"150\" height=\"150\" src=\"https:\/\/zunzz.com\/wp-content\/uploads\/2024\/12\/swager-motor-1-150x150.webp\" class=\"attachment-thumbnail size-thumbnail\" alt=\"swager mootor\" srcset=\"https:\/\/zunzz.com\/wp-content\/uploads\/2024\/12\/swager-motor-1-150x150.webp 150w, https:\/\/zunzz.com\/wp-content\/uploads\/2024\/12\/swager-motor-1-300x300.webp 300w, https:\/\/zunzz.com\/wp-content\/uploads\/2024\/12\/swager-motor-1-100x100.webp 100w, https:\/\/zunzz.com\/wp-content\/uploads\/2024\/12\/swager-motor-1.webp 500w\" sizes=\"(max-width: 150px) 100vw, 150px\" \/>                    <\/a>\n                <\/div>\n\n\n                <div class=\"latest_post_text\">\n                    <div class=\"latest_post_inner\">\n                        <div class=\"latest_post_text_inner\">\n                            <h3 itemprop=\"name\" class=\"latest_post_title entry_title\"><a itemprop=\"url\" href=\"https:\/\/zunzz.com\/et\/ten-major-faults-of-wire-rope-swaging-machine\/\">Trossipuhastusmasina k\u00fcmme peamist viga<\/a><\/h3>\n                            <p class=\"excerpt\">\u00dcksikasjalik anal\u00fc\u00fcs 10 peamise probleemi kohta, mis v\u00f5ivad masina kasutamisel tekkida, ja pakub praktilisi lahendusi. 1. Masina r\u00f5hk ei ulatu Kui trossipuhastusmasin t\u00f6\u00f6tab, langeb r\u00f5hk p\u00e4rast selle ...<\/p>\n                            <span class=\"post_infos\">\n                                                                    <span class=\"date_hour_holder\">\n                                        <span itemprop=\"dateCreated\" class=\"date entry_date updated\">14 detsember, 2024 <meta itemprop=\"interactionCount\" content=\"UserComments: 0\"\/><\/span>\n                                    <\/span>\n                                \n                                \n                                \n                                \n                                                            <\/span>\n                        <\/div>\n                    <\/div>\n                <\/div>\n            <\/div>\n        <\/li>\n        \n        <li class=\"clearfix\">\n            <div class=\"latest_post\"  >\n                <div class=\"latest_post_image clearfix\">\n                    <a itemprop=\"url\" href=\"https:\/\/zunzz.com\/et\/let-you-know-about-cutting-and-annealing-machine-at-one-time\/\">\n                        <img decoding=\"async\" width=\"150\" height=\"150\" src=\"https:\/\/zunzz.com\/wp-content\/uploads\/2024\/12\/Cutting-and-Annealing-Machine-150x150.webp\" class=\"attachment-thumbnail size-thumbnail\" alt=\"L\u00f5ikamis- ja l\u00f5\u00f5mutamismasin\" srcset=\"https:\/\/zunzz.com\/wp-content\/uploads\/2024\/12\/Cutting-and-Annealing-Machine-150x150.webp 150w, https:\/\/zunzz.com\/wp-content\/uploads\/2024\/12\/Cutting-and-Annealing-Machine-300x300.webp 300w, https:\/\/zunzz.com\/wp-content\/uploads\/2024\/12\/Cutting-and-Annealing-Machine-570x570.webp 570w, https:\/\/zunzz.com\/wp-content\/uploads\/2024\/12\/Cutting-and-Annealing-Machine-500x500.webp 500w, https:\/\/zunzz.com\/wp-content\/uploads\/2024\/12\/Cutting-and-Annealing-Machine-100x100.webp 100w, https:\/\/zunzz.com\/wp-content\/uploads\/2024\/12\/Cutting-and-Annealing-Machine.webp 600w\" sizes=\"(max-width: 150px) 100vw, 150px\" \/>                    <\/a>\n                <\/div>\n\n\n                <div class=\"latest_post_text\">\n                    <div class=\"latest_post_inner\">\n                        <div class=\"latest_post_text_inner\">\n                            <h3 itemprop=\"name\" class=\"latest_post_title entry_title\"><a itemprop=\"url\" href=\"https:\/\/zunzz.com\/et\/let-you-know-about-cutting-and-annealing-machine-at-one-time\/\">Andke teile korraga teada l\u00f5ikamis- ja l\u00f5\u00f5mutamismasinast<\/a><\/h3>\n                            <p class=\"excerpt\">1. L\u00f5ikamis- ja l\u00f5\u00f5mutamismasina t\u00f6\u00f6voog T\u00e4na anname teile korraga teada l\u00f5ike- ja l\u00f5\u00f5mutamismasina. Esiteks k\u00e4ivitub k\u00e4sitsi v\u00f5i t\u00e4isautomaatne t\u00f6\u00f6. \u2193 S\u00f6\u00f6tmisetapis l\u00f5petab transpordimootor s\u00f6\u00f6tmise ...<\/p>\n                            <span class=\"post_infos\">\n                                                                    <span class=\"date_hour_holder\">\n                                        <span itemprop=\"dateCreated\" class=\"date entry_date updated\">05 detsember, 2024 <meta itemprop=\"interactionCount\" content=\"UserComments: 0\"\/><\/span>\n                                    <\/span>\n                                \n                                \n                                \n                                \n                                                            <\/span>\n                        <\/div>\n                    <\/div>\n                <\/div>\n            <\/div>\n        <\/li>\n        \n        <li class=\"clearfix\">\n            <div class=\"latest_post\"  >\n                <div class=\"latest_post_image clearfix\">\n                    <a itemprop=\"url\" href=\"https:\/\/zunzz.com\/et\/wire-rope-slings-classification\/\">\n                        <img decoding=\"async\" width=\"150\" height=\"150\" src=\"https:\/\/zunzz.com\/wp-content\/uploads\/2023\/09\/2-150x150.webp\" class=\"attachment-thumbnail size-thumbnail\" alt=\"Trossi troppide klassifikatsioon\" srcset=\"https:\/\/zunzz.com\/wp-content\/uploads\/2023\/09\/2-150x150.webp 150w, https:\/\/zunzz.com\/wp-content\/uploads\/2023\/09\/2-300x300.webp 300w, https:\/\/zunzz.com\/wp-content\/uploads\/2023\/09\/2-1024x1024.webp 1024w, https:\/\/zunzz.com\/wp-content\/uploads\/2023\/09\/2-768x768.webp 768w, https:\/\/zunzz.com\/wp-content\/uploads\/2023\/09\/2-570x570.webp 570w, https:\/\/zunzz.com\/wp-content\/uploads\/2023\/09\/2-500x500.webp 500w, https:\/\/zunzz.com\/wp-content\/uploads\/2023\/09\/2-1000x1000.webp 1000w, https:\/\/zunzz.com\/wp-content\/uploads\/2023\/09\/2-700x700.webp 700w, https:\/\/zunzz.com\/wp-content\/uploads\/2023\/09\/2-650x650.webp 650w, https:\/\/zunzz.com\/wp-content\/uploads\/2023\/09\/2-1300x1300.webp 1300w, https:\/\/zunzz.com\/wp-content\/uploads\/2023\/09\/2-600x600.webp 600w, https:\/\/zunzz.com\/wp-content\/uploads\/2023\/09\/2-100x100.webp 100w, https:\/\/zunzz.com\/wp-content\/uploads\/2023\/09\/2.webp 1400w\" sizes=\"(max-width: 150px) 100vw, 150px\" \/>                    <\/a>\n                <\/div>\n\n\n                <div class=\"latest_post_text\">\n                    <div class=\"latest_post_inner\">\n                        <div class=\"latest_post_text_inner\">\n                            <h3 itemprop=\"name\" class=\"latest_post_title entry_title\"><a itemprop=\"url\" href=\"https:\/\/zunzz.com\/et\/wire-rope-slings-classification\/\">Trossi troppide klassifikatsioon<\/a><\/h3>\n                            <p class=\"excerpt\">1. PRESSITUD TERASTROSSI TAGLASE Pressitud taglase on tavaliselt kasutatav terasest trosstropi t\u00fc\u00fcp, mis on tavaliselt jagatud kahte t\u00fc\u00fcpi: kraega ja ilma kraeta. V\u00f5rreldes vanamoodsate terastrossi tr...<\/p>\n                            <span class=\"post_infos\">\n                                                                    <span class=\"date_hour_holder\">\n                                        <span itemprop=\"dateCreated\" class=\"date entry_date updated\">24 september, 2023 <meta itemprop=\"interactionCount\" content=\"UserComments: 0\"\/><\/span>\n                                    <\/span>\n                                \n                                \n                                \n                                \n                                                            <\/span>\n                        <\/div>\n                    <\/div>\n                <\/div>\n            <\/div>\n        <\/li>\n        \n        <li class=\"clearfix\">\n            <div class=\"latest_post\"  >\n                <div class=\"latest_post_image clearfix\">\n                    <a itemprop=\"url\" href=\"https:\/\/zunzz.com\/et\/wire-rope-sling\/\">\n                        <img loading=\"lazy\" decoding=\"async\" width=\"150\" height=\"150\" src=\"https:\/\/zunzz.com\/wp-content\/uploads\/2020\/01\/1-150x150.webp\" class=\"attachment-thumbnail size-thumbnail\" alt=\"trossi\" srcset=\"https:\/\/zunzz.com\/wp-content\/uploads\/2020\/01\/1-150x150.webp 150w, https:\/\/zunzz.com\/wp-content\/uploads\/2020\/01\/1-300x300.webp 300w, https:\/\/zunzz.com\/wp-content\/uploads\/2020\/01\/1-1024x1024.webp 1024w, https:\/\/zunzz.com\/wp-content\/uploads\/2020\/01\/1-768x768.webp 768w, https:\/\/zunzz.com\/wp-content\/uploads\/2020\/01\/1-570x570.webp 570w, https:\/\/zunzz.com\/wp-content\/uploads\/2020\/01\/1-500x500.webp 500w, https:\/\/zunzz.com\/wp-content\/uploads\/2020\/01\/1-1000x1000.webp 1000w, https:\/\/zunzz.com\/wp-content\/uploads\/2020\/01\/1-700x700.webp 700w, https:\/\/zunzz.com\/wp-content\/uploads\/2020\/01\/1-650x650.webp 650w, https:\/\/zunzz.com\/wp-content\/uploads\/2020\/01\/1-1300x1300.webp 1300w, https:\/\/zunzz.com\/wp-content\/uploads\/2020\/01\/1-600x600.webp 600w, https:\/\/zunzz.com\/wp-content\/uploads\/2020\/01\/1-100x100.webp 100w, https:\/\/zunzz.com\/wp-content\/uploads\/2020\/01\/1.webp 1400w\" sizes=\"(max-width: 150px) 100vw, 150px\" \/>                    <\/a>\n                <\/div>\n\n\n                <div class=\"latest_post_text\">\n                    <div class=\"latest_post_inner\">\n                        <div class=\"latest_post_text_inner\">\n                            <h3 itemprop=\"name\" class=\"latest_post_title entry_title\"><a itemprop=\"url\" href=\"https:\/\/zunzz.com\/et\/wire-rope-sling\/\">Trossi tross<\/a><\/h3>\n                            <p class=\"excerpt\">Mis on terastrosstropp Terastross on k\u00f6is, mida t\u00f6\u00f6deldakse toorainena terastrossi abil ja mida kasutatakse peamiselt trosside t\u00f5stmiseks, t\u00f5mbamiseks, pingutamiseks ja kandmiseks. Terastrossi taglase...<\/p>\n                            <span class=\"post_infos\">\n                                                                    <span class=\"date_hour_holder\">\n                                        <span itemprop=\"dateCreated\" class=\"date entry_date updated\">14 jaanuar, 2020 <meta itemprop=\"interactionCount\" content=\"UserComments: 0\"\/><\/span>\n                                    <\/span>\n                                \n                                \n                                \n                                \n                                                            <\/span>\n                        <\/div>\n                    <\/div>\n                <\/div>\n            <\/div>\n        <\/li>\n        \n    <\/ul>\n<\/div>\t\t\t\t<\/div>\n\t\t\t\t<\/div>\n\t\t\t\t\t<\/div>\n\t\t<\/div>\n\t\t\t\t\t<\/div>\n\t\t<\/section>\n\t\t\t\t<\/div>\n\t\t","protected":false},"excerpt":{"rendered":"<p>Common Questions and Answers for Wire Rope Reeling Machine In the process of steel wire rope construction and application, the steel wire rope reeling machine plays a crucial role as an important auxiliary equipment. However, due to factors such as on-site en&#8230; 03 June, 2025&#8230;<\/p>\n","protected":false},"author":1,"featured_media":698,"parent":0,"menu_order":0,"comment_status":"closed","ping_status":"closed","template":"","meta":{"footnotes":""},"class_list":["post-846","page","type-page","status-publish","has-post-thumbnail","hentry"],"yoast_head":"<!-- This site is optimized with the Yoast SEO plugin v26.8 - https:\/\/yoast.com\/product\/yoast-seo-wordpress\/ -->\n<title>Viimased uudised - Zunzz trossi tropimasina ettev\u00f5te<\/title>\n<meta name=\"description\" content=\"P\u00f5hjalik teave Zunzz terasest trosside masinate ettev\u00f5te uusimate tootev\u00e4ljaannete, t\u00f6\u00f6stuse suundumuste, tehnoloogiliste uuenduste ja turusuundumuste kohta.\" \/>\n<meta name=\"robots\" content=\"index, follow, max-snippet:-1, max-image-preview:large, max-video-preview:-1\" \/>\n<link rel=\"canonical\" href=\"https:\/\/zunzz.com\/et\/latest-news\/\" \/>\n<meta property=\"og:locale\" content=\"et_EE\" \/>\n<meta property=\"og:type\" content=\"article\" \/>\n<meta property=\"og:title\" content=\"Viimased uudised - Zunzz trossi tropimasina ettev\u00f5te\" \/>\n<meta property=\"og:description\" content=\"P\u00f5hjalik teave Zunzz terasest trosside masinate ettev\u00f5te uusimate tootev\u00e4ljaannete, t\u00f6\u00f6stuse suundumuste, tehnoloogiliste uuenduste ja turusuundumuste kohta.\" \/>\n<meta property=\"og:url\" content=\"https:\/\/zunzz.com\/et\/latest-news\/\" \/>\n<meta property=\"og:site_name\" content=\"Zunzz Wire Rope Sling Machine Company\" \/>\n<meta property=\"article:modified_time\" content=\"2025-12-18T02:51:50+00:00\" \/>\n<meta property=\"og:image\" content=\"https:\/\/zunzz.com\/wp-content\/uploads\/2020\/01\/1.webp\" \/>\n\t<meta property=\"og:image:width\" content=\"1400\" \/>\n\t<meta property=\"og:image:height\" content=\"1400\" \/>\n\t<meta property=\"og:image:type\" content=\"image\/webp\" \/>\n<meta name=\"twitter:card\" content=\"summary_large_image\" \/>\n<meta name=\"twitter:label1\" content=\"Est. reading time\" \/>\n\t<meta name=\"twitter:data1\" content=\"1 minut\" \/>\n<script type=\"application\/ld+json\" class=\"yoast-schema-graph\">{\"@context\":\"https:\/\/schema.org\",\"@graph\":[{\"@type\":\"WebPage\",\"@id\":\"https:\/\/zunzz.com\/et\/latest-news\/\",\"url\":\"https:\/\/zunzz.com\/et\/latest-news\/\",\"name\":\"Viimased uudised - Zunzz trossi tropimasina ettev\u00f5te\",\"isPartOf\":{\"@id\":\"https:\/\/zunzz.com\/et\/#website\"},\"primaryImageOfPage\":{\"@id\":\"https:\/\/zunzz.com\/et\/latest-news\/#primaryimage\"},\"image\":{\"@id\":\"https:\/\/zunzz.com\/et\/latest-news\/#primaryimage\"},\"thumbnailUrl\":\"https:\/\/zunzz.com\/wp-content\/uploads\/2020\/01\/1.webp\",\"datePublished\":\"2020-01-14T14:10:46+00:00\",\"dateModified\":\"2025-12-18T02:51:50+00:00\",\"description\":\"P\u00f5hjalik teave Zunzz terasest trosside masinate ettev\u00f5te uusimate tootev\u00e4ljaannete, t\u00f6\u00f6stuse suundumuste, tehnoloogiliste uuenduste ja turusuundumuste kohta.\",\"breadcrumb\":{\"@id\":\"https:\/\/zunzz.com\/et\/latest-news\/#breadcrumb\"},\"inLanguage\":\"et\",\"potentialAction\":[{\"@type\":\"ReadAction\",\"target\":[\"https:\/\/zunzz.com\/et\/latest-news\/\"]}]},{\"@type\":\"ImageObject\",\"inLanguage\":\"et\",\"@id\":\"https:\/\/zunzz.com\/et\/latest-news\/#primaryimage\",\"url\":\"https:\/\/zunzz.com\/wp-content\/uploads\/2020\/01\/1.webp\",\"contentUrl\":\"https:\/\/zunzz.com\/wp-content\/uploads\/2020\/01\/1.webp\",\"width\":1400,\"height\":1400,\"caption\":\"trossi\"},{\"@type\":\"BreadcrumbList\",\"@id\":\"https:\/\/zunzz.com\/et\/latest-news\/#breadcrumb\",\"itemListElement\":[{\"@type\":\"ListItem\",\"position\":1,\"name\":\"Home\",\"item\":\"https:\/\/zunzz.com\/et\/home\/\"},{\"@type\":\"ListItem\",\"position\":2,\"name\":\"Viimased uudised\"}]},{\"@type\":\"WebSite\",\"@id\":\"https:\/\/zunzz.com\/et\/#website\",\"url\":\"https:\/\/zunzz.com\/et\/\",\"name\":\"Zunzz Wire Rope Sling Machine Company\",\"description\":\"Zunzz Wire Rope Sling Machine Company is a leading manufacturer of wire rope sling machines and related products.\",\"publisher\":{\"@id\":\"https:\/\/zunzz.com\/et\/#organization\"},\"potentialAction\":[{\"@type\":\"SearchAction\",\"target\":{\"@type\":\"EntryPoint\",\"urlTemplate\":\"https:\/\/zunzz.com\/et\/?s={search_term_string}\"},\"query-input\":{\"@type\":\"PropertyValueSpecification\",\"valueRequired\":true,\"valueName\":\"search_term_string\"}}],\"inLanguage\":\"et\"},{\"@type\":\"Organization\",\"@id\":\"https:\/\/zunzz.com\/et\/#organization\",\"name\":\"Zunzz Wire Rope Sling Machine Company\",\"url\":\"https:\/\/zunzz.com\/et\/\",\"logo\":{\"@type\":\"ImageObject\",\"inLanguage\":\"et\",\"@id\":\"https:\/\/zunzz.com\/et\/#\/schema\/logo\/image\/\",\"url\":\"https:\/\/zunzz.com\/wp-content\/uploads\/2023\/09\/Logo.png\",\"contentUrl\":\"https:\/\/zunzz.com\/wp-content\/uploads\/2023\/09\/Logo.png\",\"width\":171,\"height\":133,\"caption\":\"Zunzz Wire Rope Sling Machine Company\"},\"image\":{\"@id\":\"https:\/\/zunzz.com\/et\/#\/schema\/logo\/image\/\"}}]}<\/script>\n<!-- \/ Yoast SEO plugin. -->","yoast_head_json":{"title":"Viimased uudised - Zunzz trossi tropimasina ettev\u00f5te","description":"P\u00f5hjalik teave Zunzz terasest trosside masinate ettev\u00f5te uusimate tootev\u00e4ljaannete, t\u00f6\u00f6stuse suundumuste, tehnoloogiliste uuenduste ja turusuundumuste kohta.","robots":{"index":"index","follow":"follow","max-snippet":"max-snippet:-1","max-image-preview":"max-image-preview:large","max-video-preview":"max-video-preview:-1"},"canonical":"https:\/\/zunzz.com\/et\/latest-news\/","og_locale":"et_EE","og_type":"article","og_title":"Viimased uudised - Zunzz trossi tropimasina ettev\u00f5te","og_description":"P\u00f5hjalik teave Zunzz terasest trosside masinate ettev\u00f5te uusimate tootev\u00e4ljaannete, t\u00f6\u00f6stuse suundumuste, tehnoloogiliste uuenduste ja turusuundumuste kohta.","og_url":"https:\/\/zunzz.com\/et\/latest-news\/","og_site_name":"Zunzz Wire Rope Sling Machine Company","article_modified_time":"2025-12-18T02:51:50+00:00","og_image":[{"width":1400,"height":1400,"url":"https:\/\/zunzz.com\/wp-content\/uploads\/2020\/01\/1.webp","type":"image\/webp"}],"twitter_card":"summary_large_image","twitter_misc":{"Est. reading time":"1 minut"},"schema":{"@context":"https:\/\/schema.org","@graph":[{"@type":"WebPage","@id":"https:\/\/zunzz.com\/et\/latest-news\/","url":"https:\/\/zunzz.com\/et\/latest-news\/","name":"Viimased uudised - Zunzz trossi tropimasina ettev\u00f5te","isPartOf":{"@id":"https:\/\/zunzz.com\/et\/#website"},"primaryImageOfPage":{"@id":"https:\/\/zunzz.com\/et\/latest-news\/#primaryimage"},"image":{"@id":"https:\/\/zunzz.com\/et\/latest-news\/#primaryimage"},"thumbnailUrl":"https:\/\/zunzz.com\/wp-content\/uploads\/2020\/01\/1.webp","datePublished":"2020-01-14T14:10:46+00:00","dateModified":"2025-12-18T02:51:50+00:00","description":"P\u00f5hjalik teave Zunzz terasest trosside masinate ettev\u00f5te uusimate tootev\u00e4ljaannete, t\u00f6\u00f6stuse suundumuste, tehnoloogiliste uuenduste ja turusuundumuste kohta.","breadcrumb":{"@id":"https:\/\/zunzz.com\/et\/latest-news\/#breadcrumb"},"inLanguage":"et","potentialAction":[{"@type":"ReadAction","target":["https:\/\/zunzz.com\/et\/latest-news\/"]}]},{"@type":"ImageObject","inLanguage":"et","@id":"https:\/\/zunzz.com\/et\/latest-news\/#primaryimage","url":"https:\/\/zunzz.com\/wp-content\/uploads\/2020\/01\/1.webp","contentUrl":"https:\/\/zunzz.com\/wp-content\/uploads\/2020\/01\/1.webp","width":1400,"height":1400,"caption":"trossi"},{"@type":"BreadcrumbList","@id":"https:\/\/zunzz.com\/et\/latest-news\/#breadcrumb","itemListElement":[{"@type":"ListItem","position":1,"name":"Home","item":"https:\/\/zunzz.com\/et\/home\/"},{"@type":"ListItem","position":2,"name":"Viimased uudised"}]},{"@type":"WebSite","@id":"https:\/\/zunzz.com\/et\/#website","url":"https:\/\/zunzz.com\/et\/","name":"Zunzz Wire Rope Sling Machine Company","description":"Zunzz Wire Rope Sling Machine Company is a leading manufacturer of wire rope sling machines and related products.","publisher":{"@id":"https:\/\/zunzz.com\/et\/#organization"},"potentialAction":[{"@type":"SearchAction","target":{"@type":"EntryPoint","urlTemplate":"https:\/\/zunzz.com\/et\/?s={search_term_string}"},"query-input":{"@type":"PropertyValueSpecification","valueRequired":true,"valueName":"search_term_string"}}],"inLanguage":"et"},{"@type":"Organization","@id":"https:\/\/zunzz.com\/et\/#organization","name":"Zunzz Wire Rope Sling Machine Company","url":"https:\/\/zunzz.com\/et\/","logo":{"@type":"ImageObject","inLanguage":"et","@id":"https:\/\/zunzz.com\/et\/#\/schema\/logo\/image\/","url":"https:\/\/zunzz.com\/wp-content\/uploads\/2023\/09\/Logo.png","contentUrl":"https:\/\/zunzz.com\/wp-content\/uploads\/2023\/09\/Logo.png","width":171,"height":133,"caption":"Zunzz Wire Rope Sling Machine Company"},"image":{"@id":"https:\/\/zunzz.com\/et\/#\/schema\/logo\/image\/"}}]}},"_links":{"self":[{"href":"https:\/\/zunzz.com\/et\/wp-json\/wp\/v2\/pages\/846","targetHints":{"allow":["GET"]}}],"collection":[{"href":"https:\/\/zunzz.com\/et\/wp-json\/wp\/v2\/pages"}],"about":[{"href":"https:\/\/zunzz.com\/et\/wp-json\/wp\/v2\/types\/page"}],"author":[{"embeddable":true,"href":"https:\/\/zunzz.com\/et\/wp-json\/wp\/v2\/users\/1"}],"replies":[{"embeddable":true,"href":"https:\/\/zunzz.com\/et\/wp-json\/wp\/v2\/comments?post=846"}],"version-history":[{"count":13,"href":"https:\/\/zunzz.com\/et\/wp-json\/wp\/v2\/pages\/846\/revisions"}],"predecessor-version":[{"id":5950,"href":"https:\/\/zunzz.com\/et\/wp-json\/wp\/v2\/pages\/846\/revisions\/5950"}],"wp:featuredmedia":[{"embeddable":true,"href":"https:\/\/zunzz.com\/et\/wp-json\/wp\/v2\/media\/698"}],"wp:attachment":[{"href":"https:\/\/zunzz.com\/et\/wp-json\/wp\/v2\/media?parent=846"}],"curies":[{"name":"wp","href":"https:\/\/api.w.org\/{rel}","templated":true}]}}