{"id":1282,"date":"2023-11-02T12:43:48","date_gmt":"2023-11-02T12:43:48","guid":{"rendered":"https:\/\/zunzz.com\/?post_type=product&#038;p=1282"},"modified":"2023-11-06T04:30:05","modified_gmt":"2023-11-06T04:30:05","slug":"cable-spooling-machine","status":"publish","type":"product","link":"https:\/\/zunzz.com\/es\/product\/cable-spooling-machine\/","title":{"rendered":"M\u00e1quina de bobinado de cable"},"content":{"rendered":"<h3>1. Introducci\u00f3n de la m\u00e1quina enrolladora de cables<\/h3>\n<p>La m\u00e1quina enrolladora de cables se utiliza generalmente para enrollar cables de acero, cables de alambre, alambres de cobre y otros alambres. Puede enrollar y tender cables autom\u00e1ticamente.<\/p>\n<h3 style=\"text-align: left;\">2. Los par\u00e1metros de la m\u00e1quina enrolladora de cables<\/h3>\n<div class=\"table-r\">\n<table width=\"100%\">\n<tbody>\n<tr>\n<td width=\"50%\">Di\u00e1metro del disco de alambre<\/td>\n<td width=\"50%\">800-1250 mm<\/td>\n<\/tr>\n<tr>\n<td width=\"50%\">Di\u00e1metro del alambre<\/td>\n<td width=\"50%\">\u226420 mm<\/td>\n<\/tr>\n<tr>\n<td width=\"50%\">Poder<\/td>\n<td width=\"50%\">Reductor de velocidad 7.5KW + RV130<\/td>\n<\/tr>\n<tr>\n<td width=\"50%\">Voltaje<\/td>\n<td width=\"50%\">Seg\u00fan lo solicitado<\/td>\n<\/tr>\n<tr>\n<td width=\"50%\">Velocidad<\/td>\n<td width=\"50%\">0-30 m por minuto<\/td>\n<\/tr>\n<\/tbody>\n<\/table>\n<p>&nbsp;<\/p>\n<\/div>\n<p><iframe title=\"wire cable spooling machine\" width=\"1060\" height=\"596\" src=\"https:\/\/www.youtube.com\/embed\/kvHdzTHdCjQ?feature=oembed\" frameborder=\"0\" allow=\"accelerometer; autoplay; clipboard-write; encrypted-media; gyroscope; picture-in-picture; web-share\" allowfullscreen><\/iframe><\/p>\n<p>&nbsp;<\/p>\n<h3>3. Funci\u00f3n de la m\u00e1quina enrolladora de cables<\/h3>\n<p>El controlador se utiliza para controlar el funcionamiento de todo el equipo, y se pueden configurar diferentes modos y par\u00e1metros seg\u00fan las necesidades. El carrete de cable se utiliza para enrollar cables, que pueden girar y ajustar autom\u00e1ticamente la tensi\u00f3n de los cables. El motor tensor se utiliza para impulsar la rotaci\u00f3n del carrete de cable y tambi\u00e9n puede controlar la velocidad y la direcci\u00f3n de rotaci\u00f3n. El controlador se utiliza para controlar el funcionamiento de todo el equipo, y se pueden configurar diferentes modos y par\u00e1metros seg\u00fan las necesidades.<\/p>\n<p>Puede reducir en gran medida la intensidad de trabajo del almacenamiento manual de cables y mejorar la eficiencia del trabajo. En segundo lugar, puede garantizar la calidad de almacenamiento y la vida \u00fatil del cable, evitando da\u00f1os o contaminaci\u00f3n del cable. Adem\u00e1s, tambi\u00e9n puede lograr una r\u00e1pida liberaci\u00f3n y reciclaje de cables, lo que hace que sea conveniente para los usuarios usarlo y operarlo.<\/p>\n<p><img fetchpriority=\"high\" decoding=\"async\" class=\"alignnone wp-image-1284\" src=\"https:\/\/zunzz.com\/wp-content\/uploads\/2023\/11\/cable-coiling-machine.webp\" alt=\"m\u00e1quina enrolladora de cables\" width=\"1004\" height=\"1004\" srcset=\"https:\/\/zunzz.com\/wp-content\/uploads\/2023\/11\/cable-coiling-machine.webp 1200w, https:\/\/zunzz.com\/wp-content\/uploads\/2023\/11\/cable-coiling-machine-300x300.webp 300w, https:\/\/zunzz.com\/wp-content\/uploads\/2023\/11\/cable-coiling-machine-1024x1024.webp 1024w, https:\/\/zunzz.com\/wp-content\/uploads\/2023\/11\/cable-coiling-machine-150x150.webp 150w, https:\/\/zunzz.com\/wp-content\/uploads\/2023\/11\/cable-coiling-machine-768x768.webp 768w, https:\/\/zunzz.com\/wp-content\/uploads\/2023\/11\/cable-coiling-machine-570x570.webp 570w, https:\/\/zunzz.com\/wp-content\/uploads\/2023\/11\/cable-coiling-machine-500x500.webp 500w, https:\/\/zunzz.com\/wp-content\/uploads\/2023\/11\/cable-coiling-machine-1000x1000.webp 1000w, https:\/\/zunzz.com\/wp-content\/uploads\/2023\/11\/cable-coiling-machine-700x700.webp 700w, https:\/\/zunzz.com\/wp-content\/uploads\/2023\/11\/cable-coiling-machine-650x650.webp 650w, https:\/\/zunzz.com\/wp-content\/uploads\/2023\/11\/cable-coiling-machine-600x600.webp 600w, https:\/\/zunzz.com\/wp-content\/uploads\/2023\/11\/cable-coiling-machine-100x100.webp 100w\" sizes=\"(max-width: 1004px) 100vw, 1004px\" \/> <img decoding=\"async\" class=\"alignnone wp-image-1288\" src=\"https:\/\/zunzz.com\/wp-content\/uploads\/2023\/11\/cable-spooling-machine.webp\" alt=\"m\u00e1quina enrolladora de cables\" width=\"999\" height=\"999\" srcset=\"https:\/\/zunzz.com\/wp-content\/uploads\/2023\/11\/cable-spooling-machine.webp 1200w, https:\/\/zunzz.com\/wp-content\/uploads\/2023\/11\/cable-spooling-machine-300x300.webp 300w, https:\/\/zunzz.com\/wp-content\/uploads\/2023\/11\/cable-spooling-machine-1024x1024.webp 1024w, https:\/\/zunzz.com\/wp-content\/uploads\/2023\/11\/cable-spooling-machine-150x150.webp 150w, https:\/\/zunzz.com\/wp-content\/uploads\/2023\/11\/cable-spooling-machine-768x768.webp 768w, https:\/\/zunzz.com\/wp-content\/uploads\/2023\/11\/cable-spooling-machine-570x570.webp 570w, https:\/\/zunzz.com\/wp-content\/uploads\/2023\/11\/cable-spooling-machine-500x500.webp 500w, https:\/\/zunzz.com\/wp-content\/uploads\/2023\/11\/cable-spooling-machine-1000x1000.webp 1000w, https:\/\/zunzz.com\/wp-content\/uploads\/2023\/11\/cable-spooling-machine-700x700.webp 700w, https:\/\/zunzz.com\/wp-content\/uploads\/2023\/11\/cable-spooling-machine-650x650.webp 650w, https:\/\/zunzz.com\/wp-content\/uploads\/2023\/11\/cable-spooling-machine-600x600.webp 600w, https:\/\/zunzz.com\/wp-content\/uploads\/2023\/11\/cable-spooling-machine-100x100.webp 100w\" sizes=\"(max-width: 999px) 100vw, 999px\" \/> <img decoding=\"async\" class=\"alignnone wp-image-1292\" src=\"https:\/\/zunzz.com\/wp-content\/uploads\/2023\/11\/spooling-machine.webp\" alt=\"m\u00e1quina enrolladora de cables\" width=\"996\" height=\"996\" srcset=\"https:\/\/zunzz.com\/wp-content\/uploads\/2023\/11\/spooling-machine.webp 1200w, https:\/\/zunzz.com\/wp-content\/uploads\/2023\/11\/spooling-machine-300x300.webp 300w, https:\/\/zunzz.com\/wp-content\/uploads\/2023\/11\/spooling-machine-1024x1024.webp 1024w, https:\/\/zunzz.com\/wp-content\/uploads\/2023\/11\/spooling-machine-150x150.webp 150w, https:\/\/zunzz.com\/wp-content\/uploads\/2023\/11\/spooling-machine-768x768.webp 768w, https:\/\/zunzz.com\/wp-content\/uploads\/2023\/11\/spooling-machine-570x570.webp 570w, https:\/\/zunzz.com\/wp-content\/uploads\/2023\/11\/spooling-machine-500x500.webp 500w, https:\/\/zunzz.com\/wp-content\/uploads\/2023\/11\/spooling-machine-1000x1000.webp 1000w, https:\/\/zunzz.com\/wp-content\/uploads\/2023\/11\/spooling-machine-700x700.webp 700w, https:\/\/zunzz.com\/wp-content\/uploads\/2023\/11\/spooling-machine-650x650.webp 650w, https:\/\/zunzz.com\/wp-content\/uploads\/2023\/11\/spooling-machine-600x600.webp 600w, https:\/\/zunzz.com\/wp-content\/uploads\/2023\/11\/spooling-machine-100x100.webp 100w\" sizes=\"(max-width: 996px) 100vw, 996px\" \/> <img loading=\"lazy\" decoding=\"async\" class=\"alignnone wp-image-1296\" src=\"https:\/\/zunzz.com\/wp-content\/uploads\/2023\/11\/wire-rope-spooling-machine.webp\" alt=\"enrollador de cable de acero\" width=\"997\" height=\"997\" srcset=\"https:\/\/zunzz.com\/wp-content\/uploads\/2023\/11\/wire-rope-spooling-machine.webp 1200w, https:\/\/zunzz.com\/wp-content\/uploads\/2023\/11\/wire-rope-spooling-machine-300x300.webp 300w, https:\/\/zunzz.com\/wp-content\/uploads\/2023\/11\/wire-rope-spooling-machine-1024x1024.webp 1024w, https:\/\/zunzz.com\/wp-content\/uploads\/2023\/11\/wire-rope-spooling-machine-150x150.webp 150w, https:\/\/zunzz.com\/wp-content\/uploads\/2023\/11\/wire-rope-spooling-machine-768x768.webp 768w, https:\/\/zunzz.com\/wp-content\/uploads\/2023\/11\/wire-rope-spooling-machine-570x570.webp 570w, https:\/\/zunzz.com\/wp-content\/uploads\/2023\/11\/wire-rope-spooling-machine-500x500.webp 500w, https:\/\/zunzz.com\/wp-content\/uploads\/2023\/11\/wire-rope-spooling-machine-1000x1000.webp 1000w, https:\/\/zunzz.com\/wp-content\/uploads\/2023\/11\/wire-rope-spooling-machine-700x700.webp 700w, https:\/\/zunzz.com\/wp-content\/uploads\/2023\/11\/wire-rope-spooling-machine-650x650.webp 650w, https:\/\/zunzz.com\/wp-content\/uploads\/2023\/11\/wire-rope-spooling-machine-600x600.webp 600w, https:\/\/zunzz.com\/wp-content\/uploads\/2023\/11\/wire-rope-spooling-machine-100x100.webp 100w\" sizes=\"(max-width: 997px) 100vw, 997px\" \/><\/p>\n","protected":false},"excerpt":{"rendered":"<p>Modelo: CBCL-001<br class=\"yoast-text-mark\" \/>Capacidad: 1250 de di\u00e1metro<br \/>\nM\u00e1ximo. Di\u00e1metro: 20 mm<br \/>\nEnerg\u00eda: 7.5KW<br \/>\nUso: para cable de acero, cable de alambre, alambre de cobre y otros alambres enrollados<br \/>\nIdioma disponible:[wpml_language_selector_widget]<\/p>\n<p><a href=\"https:\/\/zunzz.com\/es\/contact-store\/\"><button class=\"single_add_to_cart_button button alt\" type=\"submit\">PREGUNTE AHORA<\/button><\/a><\/p>\n","protected":false},"featured_media":1295,"comment_status":"open","ping_status":"closed","template":"","meta":[],"product_brand":[],"product_cat":[65],"product_tag":[110,80],"class_list":{"0":"post-1282","1":"product","2":"type-product","3":"status-publish","4":"has-post-thumbnail","6":"product_cat-wire-rope-coiling-machine","7":"product_tag-spooling-machine","8":"product_tag-wire-rope-coiling-machine","10":"first","11":"instock","12":"taxable","13":"shipping-taxable","14":"product-type-simple"},"yoast_head":"<!-- This site is optimized with the Yoast SEO plugin v26.8 - https:\/\/yoast.com\/product\/yoast-seo-wordpress\/ -->\n<title>M\u00e1quina de bobinado de cable<\/title>\n<meta name=\"description\" content=\"La m\u00e1quina enrolladora de cables se utiliza generalmente para enrollar cables de acero, cables de alambre, alambres de cobre y otros alambres. Puede enrollar y tender cables autom\u00e1ticamente.\" \/>\n<meta name=\"robots\" content=\"index, follow, max-snippet:-1, max-image-preview:large, max-video-preview:-1\" \/>\n<link rel=\"canonical\" href=\"https:\/\/zunzz.com\/es\/product\/cable-spooling-machine\/\" \/>\n<meta property=\"og:locale\" content=\"es_ES\" \/>\n<meta property=\"og:type\" content=\"article\" \/>\n<meta property=\"og:title\" content=\"M\u00e1quina de bobinado de cable\" \/>\n<meta property=\"og:description\" content=\"La m\u00e1quina enrolladora de cables se utiliza generalmente para enrollar cables de acero, cables de alambre, alambres de cobre y otros alambres. Puede enrollar y tender cables autom\u00e1ticamente.\" \/>\n<meta property=\"og:url\" content=\"https:\/\/zunzz.com\/es\/product\/cable-spooling-machine\/\" \/>\n<meta property=\"og:site_name\" content=\"Zunzz Wire Rope Sling Machine Company\" \/>\n<meta property=\"article:modified_time\" content=\"2023-11-06T04:30:05+00:00\" \/>\n<meta property=\"og:image\" content=\"https:\/\/zunzz.com\/wp-content\/uploads\/2023\/11\/spooling-machine.webp\" \/>\n\t<meta property=\"og:image:width\" content=\"1200\" \/>\n\t<meta property=\"og:image:height\" content=\"1200\" \/>\n\t<meta property=\"og:image:type\" content=\"image\/webp\" \/>\n<meta name=\"twitter:card\" content=\"summary_large_image\" \/>\n<meta name=\"twitter:label1\" content=\"Tiempo de lectura\" \/>\n\t<meta name=\"twitter:data1\" content=\"2 minutos\" \/>\n<script type=\"application\/ld+json\" class=\"yoast-schema-graph\">{\"@context\":\"https:\/\/schema.org\",\"@graph\":[{\"@type\":\"WebPage\",\"@id\":\"https:\/\/zunzz.com\/es\/product\/cable-spooling-machine\/\",\"url\":\"https:\/\/zunzz.com\/es\/product\/cable-spooling-machine\/\",\"name\":\"M\u00e1quina de bobinado de cable\",\"isPartOf\":{\"@id\":\"https:\/\/zunzz.com\/es\/#website\"},\"primaryImageOfPage\":{\"@id\":\"https:\/\/zunzz.com\/es\/product\/cable-spooling-machine\/#primaryimage\"},\"image\":{\"@id\":\"https:\/\/zunzz.com\/es\/product\/cable-spooling-machine\/#primaryimage\"},\"thumbnailUrl\":\"https:\/\/zunzz.com\/wp-content\/uploads\/2023\/11\/spooling-machine.webp\",\"datePublished\":\"2023-11-02T12:43:48+00:00\",\"dateModified\":\"2023-11-06T04:30:05+00:00\",\"description\":\"La m\u00e1quina enrolladora de cables se utiliza generalmente para enrollar cables de acero, cables de alambre, alambres de cobre y otros alambres. Puede enrollar y tender cables autom\u00e1ticamente.\",\"breadcrumb\":{\"@id\":\"https:\/\/zunzz.com\/es\/product\/cable-spooling-machine\/#breadcrumb\"},\"inLanguage\":\"es\",\"potentialAction\":[{\"@type\":\"ReadAction\",\"target\":[\"https:\/\/zunzz.com\/es\/product\/cable-spooling-machine\/\"]}]},{\"@type\":\"ImageObject\",\"inLanguage\":\"es\",\"@id\":\"https:\/\/zunzz.com\/es\/product\/cable-spooling-machine\/#primaryimage\",\"url\":\"https:\/\/zunzz.com\/wp-content\/uploads\/2023\/11\/spooling-machine.webp\",\"contentUrl\":\"https:\/\/zunzz.com\/wp-content\/uploads\/2023\/11\/spooling-machine.webp\",\"width\":1200,\"height\":1200,\"caption\":\"m\u00e1quina enrolladora de cables\"},{\"@type\":\"BreadcrumbList\",\"@id\":\"https:\/\/zunzz.com\/es\/product\/cable-spooling-machine\/#breadcrumb\",\"itemListElement\":[{\"@type\":\"ListItem\",\"position\":1,\"name\":\"Home\",\"item\":\"https:\/\/zunzz.com\/es\/home\/\"},{\"@type\":\"ListItem\",\"position\":2,\"name\":\"Shop\",\"item\":\"https:\/\/zunzz.com\/bg\/shop\/\"},{\"@type\":\"ListItem\",\"position\":3,\"name\":\"M\u00e1quina de bobinado de cable\"}]},{\"@type\":\"WebSite\",\"@id\":\"https:\/\/zunzz.com\/es\/#website\",\"url\":\"https:\/\/zunzz.com\/es\/\",\"name\":\"Zunzz Wire Rope Sling Machine Company\",\"description\":\"Zunzz Wire Rope Sling Machine Company is a leading manufacturer of wire rope sling machines and related products.\",\"publisher\":{\"@id\":\"https:\/\/zunzz.com\/es\/#organization\"},\"potentialAction\":[{\"@type\":\"SearchAction\",\"target\":{\"@type\":\"EntryPoint\",\"urlTemplate\":\"https:\/\/zunzz.com\/es\/?s={search_term_string}\"},\"query-input\":{\"@type\":\"PropertyValueSpecification\",\"valueRequired\":true,\"valueName\":\"search_term_string\"}}],\"inLanguage\":\"es\"},{\"@type\":\"Organization\",\"@id\":\"https:\/\/zunzz.com\/es\/#organization\",\"name\":\"Zunzz Wire Rope Sling Machine Company\",\"url\":\"https:\/\/zunzz.com\/es\/\",\"logo\":{\"@type\":\"ImageObject\",\"inLanguage\":\"es\",\"@id\":\"https:\/\/zunzz.com\/es\/#\/schema\/logo\/image\/\",\"url\":\"https:\/\/zunzz.com\/wp-content\/uploads\/2023\/09\/Logo.png\",\"contentUrl\":\"https:\/\/zunzz.com\/wp-content\/uploads\/2023\/09\/Logo.png\",\"width\":171,\"height\":133,\"caption\":\"Zunzz Wire Rope Sling Machine Company\"},\"image\":{\"@id\":\"https:\/\/zunzz.com\/es\/#\/schema\/logo\/image\/\"}}]}<\/script>\n<!-- \/ Yoast SEO plugin. -->","yoast_head_json":{"title":"M\u00e1quina de bobinado de cable","description":"La m\u00e1quina enrolladora de cables se utiliza generalmente para enrollar cables de acero, cables de alambre, alambres de cobre y otros alambres. Puede enrollar y tender cables autom\u00e1ticamente.","robots":{"index":"index","follow":"follow","max-snippet":"max-snippet:-1","max-image-preview":"max-image-preview:large","max-video-preview":"max-video-preview:-1"},"canonical":"https:\/\/zunzz.com\/es\/product\/cable-spooling-machine\/","og_locale":"es_ES","og_type":"article","og_title":"M\u00e1quina de bobinado de cable","og_description":"La m\u00e1quina enrolladora de cables se utiliza generalmente para enrollar cables de acero, cables de alambre, alambres de cobre y otros alambres. Puede enrollar y tender cables autom\u00e1ticamente.","og_url":"https:\/\/zunzz.com\/es\/product\/cable-spooling-machine\/","og_site_name":"Zunzz Wire Rope Sling Machine Company","article_modified_time":"2023-11-06T04:30:05+00:00","og_image":[{"width":1200,"height":1200,"url":"https:\/\/zunzz.com\/wp-content\/uploads\/2023\/11\/spooling-machine.webp","type":"image\/webp"}],"twitter_card":"summary_large_image","twitter_misc":{"Tiempo de lectura":"2 minutos"},"schema":{"@context":"https:\/\/schema.org","@graph":[{"@type":"WebPage","@id":"https:\/\/zunzz.com\/es\/product\/cable-spooling-machine\/","url":"https:\/\/zunzz.com\/es\/product\/cable-spooling-machine\/","name":"M\u00e1quina de bobinado de cable","isPartOf":{"@id":"https:\/\/zunzz.com\/es\/#website"},"primaryImageOfPage":{"@id":"https:\/\/zunzz.com\/es\/product\/cable-spooling-machine\/#primaryimage"},"image":{"@id":"https:\/\/zunzz.com\/es\/product\/cable-spooling-machine\/#primaryimage"},"thumbnailUrl":"https:\/\/zunzz.com\/wp-content\/uploads\/2023\/11\/spooling-machine.webp","datePublished":"2023-11-02T12:43:48+00:00","dateModified":"2023-11-06T04:30:05+00:00","description":"La m\u00e1quina enrolladora de cables se utiliza generalmente para enrollar cables de acero, cables de alambre, alambres de cobre y otros alambres. Puede enrollar y tender cables autom\u00e1ticamente.","breadcrumb":{"@id":"https:\/\/zunzz.com\/es\/product\/cable-spooling-machine\/#breadcrumb"},"inLanguage":"es","potentialAction":[{"@type":"ReadAction","target":["https:\/\/zunzz.com\/es\/product\/cable-spooling-machine\/"]}]},{"@type":"ImageObject","inLanguage":"es","@id":"https:\/\/zunzz.com\/es\/product\/cable-spooling-machine\/#primaryimage","url":"https:\/\/zunzz.com\/wp-content\/uploads\/2023\/11\/spooling-machine.webp","contentUrl":"https:\/\/zunzz.com\/wp-content\/uploads\/2023\/11\/spooling-machine.webp","width":1200,"height":1200,"caption":"m\u00e1quina enrolladora de cables"},{"@type":"BreadcrumbList","@id":"https:\/\/zunzz.com\/es\/product\/cable-spooling-machine\/#breadcrumb","itemListElement":[{"@type":"ListItem","position":1,"name":"Home","item":"https:\/\/zunzz.com\/es\/home\/"},{"@type":"ListItem","position":2,"name":"Shop","item":"https:\/\/zunzz.com\/bg\/shop\/"},{"@type":"ListItem","position":3,"name":"M\u00e1quina de bobinado de cable"}]},{"@type":"WebSite","@id":"https:\/\/zunzz.com\/es\/#website","url":"https:\/\/zunzz.com\/es\/","name":"Zunzz Wire Rope Sling Machine Company","description":"Zunzz Wire Rope Sling Machine Company is a leading manufacturer of wire rope sling machines and related products.","publisher":{"@id":"https:\/\/zunzz.com\/es\/#organization"},"potentialAction":[{"@type":"SearchAction","target":{"@type":"EntryPoint","urlTemplate":"https:\/\/zunzz.com\/es\/?s={search_term_string}"},"query-input":{"@type":"PropertyValueSpecification","valueRequired":true,"valueName":"search_term_string"}}],"inLanguage":"es"},{"@type":"Organization","@id":"https:\/\/zunzz.com\/es\/#organization","name":"Zunzz Wire Rope Sling Machine Company","url":"https:\/\/zunzz.com\/es\/","logo":{"@type":"ImageObject","inLanguage":"es","@id":"https:\/\/zunzz.com\/es\/#\/schema\/logo\/image\/","url":"https:\/\/zunzz.com\/wp-content\/uploads\/2023\/09\/Logo.png","contentUrl":"https:\/\/zunzz.com\/wp-content\/uploads\/2023\/09\/Logo.png","width":171,"height":133,"caption":"Zunzz Wire Rope Sling Machine Company"},"image":{"@id":"https:\/\/zunzz.com\/es\/#\/schema\/logo\/image\/"}}]}},"_links":{"self":[{"href":"https:\/\/zunzz.com\/es\/wp-json\/wp\/v2\/product\/1282","targetHints":{"allow":["GET"]}}],"collection":[{"href":"https:\/\/zunzz.com\/es\/wp-json\/wp\/v2\/product"}],"about":[{"href":"https:\/\/zunzz.com\/es\/wp-json\/wp\/v2\/types\/product"}],"replies":[{"embeddable":true,"href":"https:\/\/zunzz.com\/es\/wp-json\/wp\/v2\/comments?post=1282"}],"wp:featuredmedia":[{"embeddable":true,"href":"https:\/\/zunzz.com\/es\/wp-json\/wp\/v2\/media\/1295"}],"wp:attachment":[{"href":"https:\/\/zunzz.com\/es\/wp-json\/wp\/v2\/media?parent=1282"}],"wp:term":[{"taxonomy":"product_brand","embeddable":true,"href":"https:\/\/zunzz.com\/es\/wp-json\/wp\/v2\/product_brand?post=1282"},{"taxonomy":"product_cat","embeddable":true,"href":"https:\/\/zunzz.com\/es\/wp-json\/wp\/v2\/product_cat?post=1282"},{"taxonomy":"product_tag","embeddable":true,"href":"https:\/\/zunzz.com\/es\/wp-json\/wp\/v2\/product_tag?post=1282"}],"curies":[{"name":"wp","href":"https:\/\/api.w.org\/{rel}","templated":true}]}}