{"id":1052,"date":"2025-12-12T01:50:14","date_gmt":"2025-12-12T01:50:14","guid":{"rendered":"https:\/\/zunzz.com\/product\/maquina-de-corte-y-recocido-5mm\/"},"modified":"2025-12-13T12:39:05","modified_gmt":"2025-12-13T12:39:05","slug":"cutting-and-annealing-machine","status":"publish","type":"product","link":"https:\/\/zunzz.com\/es\/product\/cutting-and-annealing-machine\/","title":{"rendered":"M\u00e1quina de corte y recocido 5MM"},"content":{"rendered":"<h2 class=\"product_title entry-title\">1. Introducci\u00f3n de la m\u00e1quina de corte y recocido<\/h2>\n<p>En 2001, Zunzz Wire Rope Sling Machine Company lanz\u00f3 con \u00e9xito esta <strong>m\u00e1quina de corte y recocido<\/strong> de cables. Gracias a nuestra constante b\u00fasqueda de la calidad y al desarrollo continuo de la tecnolog\u00eda, hemos obtenido numerosas patentes de invenci\u00f3n nacionales. No solo se ha mejorado significativamente el rendimiento, sino que tambi\u00e9n permite fundir el cable en poco tiempo sin da\u00f1ar otras partes del mismo.  <\/p>\n<p>La unidad tambi\u00e9n cuenta con un sistema de control preciso que garantiza que la corriente y la temperatura requeridas est\u00e9n siempre disponibles. El funcionamiento de la m\u00e1quina es ahora m\u00e1s sencillo y f\u00e1cil de usar, satisfaciendo mejor las necesidades del cliente. <\/p>\n<p>Utilizamos componentes de alta calidad de marcas l\u00edderes para garantizar una fiabilidad y durabilidad superiores. Nos comprometemos a ofrecer a nuestros clientes productos de primera calidad, con el objetivo de aliviar sus preocupaciones. Gracias a la innovaci\u00f3n y la mejora continuas, nuestras m\u00e1quinas no solo satisfacen las necesidades del mercado, sino que tambi\u00e9n ofrecen a los clientes una excelente experiencia de uso.  <\/p>\n<p>Gracias por su confianza en nosotros, seguiremos trabajando duro para brindarle mejores servicios y productos.<\/p>\n<p>Este dispositivo se utiliza ampliamente para el corte autom\u00e1tico de cables de acero de cualquier especificaci\u00f3n en industrias como equipos m\u00e9dicos, autopartes, seguridad en edificios, mobiliario de oficina, bicicletas, equipos deportivos y confinamientos. <\/p>\n<p><img fetchpriority=\"high\" decoding=\"async\" class=\"alignnone wp-image-5021 size-full\" src=\"https:\/\/zunzz.com\/wp-content\/uploads\/2023\/09\/Cutting-and-Annealing-Machine.webp\" alt=\"M\u00e1quina de corte y recocido\" width=\"600\" height=\"600\" srcset=\"https:\/\/zunzz.com\/wp-content\/uploads\/2023\/09\/Cutting-and-Annealing-Machine.webp 600w, https:\/\/zunzz.com\/wp-content\/uploads\/2023\/09\/Cutting-and-Annealing-Machine-300x300.webp 300w, https:\/\/zunzz.com\/wp-content\/uploads\/2023\/09\/Cutting-and-Annealing-Machine-150x150.webp 150w, https:\/\/zunzz.com\/wp-content\/uploads\/2023\/09\/Cutting-and-Annealing-Machine-570x570.webp 570w, https:\/\/zunzz.com\/wp-content\/uploads\/2023\/09\/Cutting-and-Annealing-Machine-500x500.webp 500w, https:\/\/zunzz.com\/wp-content\/uploads\/2023\/09\/Cutting-and-Annealing-Machine-100x100.webp 100w\" sizes=\"(max-width: 600px) 100vw, 600px\" \/><\/p>\n<p><iframe title=\"Wire Rope Annealing Machine 1-5mm\" width=\"1060\" height=\"596\" src=\"https:\/\/www.youtube.com\/embed\/-hWHbhQLEHA?feature=oembed\" frameborder=\"0\" allow=\"accelerometer; autoplay; clipboard-write; encrypted-media; gyroscope; picture-in-picture; web-share\" referrerpolicy=\"strict-origin-when-cross-origin\" allowfullscreen><\/iframe><\/p>\n<h2>2. Par\u00e1metros t\u00e9cnicos<\/h2>\n<div class=\"table-r\">\n<table width=\"100%\">\n<tbody>\n<tr>\n<td width=\"50%\">Tipo de m\u00e1quina\n<\/td>\n<td width=\"50%\"><strong>M\u00e1quina de corte y recocido<\/strong><\/td>\n<\/tr>\n<tr>\n<td width=\"50%\">Rango de quemado\n<\/td>\n<td width=\"50%\">1 mm-5 mm<\/td>\n<\/tr>\n<tr>\n<td width=\"50%\">Presi\u00f3n del aire\n<\/td>\n<td width=\"50%\">0,4 Mpa<\/td>\n<\/tr>\n<tr>\n<td width=\"50%\">Voltaje\n<\/td>\n<td width=\"50%\">Seg\u00fan solicitud<\/td>\n<\/tr>\n<tr>\n<td width=\"50%\">Potencia\n<\/td>\n<td width=\"50%\">7,5 kW<\/td>\n<\/tr>\n<tr>\n<td width=\"50%\">Dimensiones (mm)\n<\/td>\n<td width=\"50%\">800 largo x 800 ancho x 1500 alto<\/td>\n<\/tr>\n<tr>\n<td width=\"50%\">Peso\n<\/td>\n<td width=\"50%\">400 kg<\/td>\n<\/tr>\n<tr>\n<td width=\"50%\">Precisi\u00f3n\n<\/td>\n<td width=\"50%\">\u00b12 mm\/m<\/td>\n<\/tr>\n<tr>\n<td width=\"50%\">Longitud m\u00ednima de recocido\n<\/td>\n<td width=\"50%\">1,5 cm<\/td>\n<\/tr>\n<\/tbody>\n<\/table>\n<\/div>\n<h3><img decoding=\"async\" class=\"alignnone wp-image-5036 size-large\" src=\"https:\/\/zunzz.com\/wp-content\/uploads\/2023\/09\/11-1024x634.webp\" alt=\"M\u00e1quina de corte y recocido\" width=\"1024\" height=\"634\" srcset=\"https:\/\/zunzz.com\/wp-content\/uploads\/2023\/09\/11-1024x634.webp 1024w, https:\/\/zunzz.com\/wp-content\/uploads\/2023\/09\/11-300x186.webp 300w, https:\/\/zunzz.com\/wp-content\/uploads\/2023\/09\/11-768x476.webp 768w, https:\/\/zunzz.com\/wp-content\/uploads\/2023\/09\/11-700x434.webp 700w, https:\/\/zunzz.com\/wp-content\/uploads\/2023\/09\/11-600x372.webp 600w, https:\/\/zunzz.com\/wp-content\/uploads\/2023\/09\/11.webp 1093w\" sizes=\"(max-width: 1024px) 100vw, 1024px\" \/><\/h3>\n<h2>3. Caracter\u00edsticas de la m\u00e1quina de corte y recocido<\/h2>\n<ul>\n<li>Dise\u00f1o exquisito, ligero y c\u00f3modo, f\u00e1cil de mover.<\/li>\n<li>El rango de di\u00e1metro de fusi\u00f3n es amplio y la fusi\u00f3n del cable de acero se puede completar dentro del rango de di\u00e1metro especificado sin reemplazar ninguna pieza.<\/li>\n<li>Es f\u00e1cil de operar, no se necesita llave para el dispositivo de fijaci\u00f3n.<\/li>\n<li>Bajo consumo de energ\u00eda, alta eficiencia y ahorro de energ\u00eda, lo que garantiza un uso seguro.<\/li>\n<li>Precios asequibles, excelente calidad y excelente relaci\u00f3n calidad-precio.<\/li>\n<li>La velocidad de fusi\u00f3n es r\u00e1pida. El cable de acero fundido es limpio y liso, con un extremo c\u00f3nico. <\/li>\n<li>El ruido durante el funcionamiento es de solo 75 decibeles y el dise\u00f1o de bajo ruido garantiza un entorno de trabajo c\u00f3modo.<\/li>\n<\/ul>\n<h1><img decoding=\"async\" class=\"alignnone size-large wp-image-5051\" src=\"https:\/\/zunzz.com\/wp-content\/uploads\/2023\/09\/2-1-1024x634.webp\" alt=\"M\u00e1quina de corte y recocido\" width=\"1024\" height=\"634\" srcset=\"https:\/\/zunzz.com\/wp-content\/uploads\/2023\/09\/2-1-1024x634.webp 1024w, https:\/\/zunzz.com\/wp-content\/uploads\/2023\/09\/2-1-300x186.webp 300w, https:\/\/zunzz.com\/wp-content\/uploads\/2023\/09\/2-1-768x476.webp 768w, https:\/\/zunzz.com\/wp-content\/uploads\/2023\/09\/2-1-700x434.webp 700w, https:\/\/zunzz.com\/wp-content\/uploads\/2023\/09\/2-1-600x372.webp 600w, https:\/\/zunzz.com\/wp-content\/uploads\/2023\/09\/2-1.webp 1093w\" sizes=\"(max-width: 1024px) 100vw, 1024px\" \/><\/h1>\n<h1 class=\"product_title entry-title\"><img loading=\"lazy\" decoding=\"async\" class=\"alignnone wp-image-361 \" src=\"https:\/\/zunzz.com\/wp-content\/uploads\/2023\/09\/Cutting-and-Annealing-Machine-5MM-1.webp\" alt=\"M\u00e1quina de corte y recocido 5MM-1\" width=\"1021\" height=\"1541\" srcset=\"https:\/\/zunzz.com\/wp-content\/uploads\/2023\/09\/Cutting-and-Annealing-Machine-5MM-1.webp 1000w, https:\/\/zunzz.com\/wp-content\/uploads\/2023\/09\/Cutting-and-Annealing-Machine-5MM-1-199x300.webp 199w, https:\/\/zunzz.com\/wp-content\/uploads\/2023\/09\/Cutting-and-Annealing-Machine-5MM-1-679x1024.webp 679w, https:\/\/zunzz.com\/wp-content\/uploads\/2023\/09\/Cutting-and-Annealing-Machine-5MM-1-768x1159.webp 768w, https:\/\/zunzz.com\/wp-content\/uploads\/2023\/09\/Cutting-and-Annealing-Machine-5MM-1-700x1056.webp 700w, https:\/\/zunzz.com\/wp-content\/uploads\/2023\/09\/Cutting-and-Annealing-Machine-5MM-1-600x905.webp 600w\" sizes=\"(max-width: 1021px) 100vw, 1021px\" \/><\/h1>\n<h3>4.Otros par\u00e1metros de la m\u00e1quina de corte y recocido<\/h3>\n<div class=\"table-r\">\n<table width=\"100%\">\n<tbody>\n<tr>\n<td width=\"50%\">Marca\n<\/td>\n<td width=\"50%\">Zunzz Wire Rope Sling Machine Company<\/td>\n<\/tr>\n<tr>\n<td width=\"50%\">Pa\u00eds\/Regi\u00f3n de producci\u00f3n\n<\/td>\n<td width=\"50%\">Baoding, China<\/td>\n<\/tr>\n<tr>\n<td width=\"50%\">A\u00f1o de la primera publicaci\u00f3n\n<\/td>\n<td width=\"50%\">2001<\/td>\n<\/tr>\n<tr>\n<td width=\"50%\">Fecha de producci\u00f3n\n<\/td>\n<td width=\"50%\">Hora del pedido<\/td>\n<\/tr>\n<tr>\n<td width=\"50%\">Periodo de garant\u00eda\n<\/td>\n<td width=\"50%\">1 a\u00f1o<\/td>\n<\/tr>\n<tr>\n<td width=\"50%\">Cantidad (piezas)\/plazo de entrega (d\u00edas)\n<\/td>\n<td width=\"50%\">1-1 (piezas)\/35 (d\u00edas), 2-10 (piezas)\/45 (d\u00edas), M\u00e1s de 10 (piezas)\/a negociar<\/td>\n<\/tr>\n<tr>\n<td width=\"50%\">Color\n<\/td>\n<td width=\"50%\">azul o personalizado<\/td>\n<\/tr>\n<tr>\n<td width=\"50%\">Detalles del embalaje\n<\/td>\n<td width=\"50%\">Caja de madera<\/td>\n<\/tr>\n<tr>\n<td width=\"50%\">Soporte t\u00e9cnico\n<\/td>\n<td width=\"50%\">Soporte telef\u00f3nico remoto<\/td>\n<\/tr>\n<\/tbody>\n<\/table>\n<\/div>\n<p><strong>5. El paquete fuerte<\/strong><\/p>\n<p>Las <a href=\"https:\/\/zunzz.com\/es\/product\/automated-wire-rope-fuser-cutting-machine\/\">m\u00e1quinas cortadoras y fusoras autom\u00e1ticas de cables de acero<\/a> se han exportado a numerosos pa\u00edses. Utilizamos cajas de madera internacionales para el env\u00edo, garantizando as\u00ed la seguridad durante el env\u00edo. <\/p>\n<p>La <strong>m\u00e1quina de corte y recocido<\/strong> es para cables de acero de 1 a 5 mm con extremo c\u00f3nico autom\u00e1tico. Todav\u00eda tenemos esta m\u00e1quina para cable de acero de 1-3 mm.<\/p>\n<p>Las m\u00e1quinas se han exportado al Reino Unido, Dinamarca, Italia, Marruecos, Ir\u00e1n, Indonesia, India, Emiratos \u00c1rabes Unidos, Singapur, Polonia, etc.<\/p>\n<p><img loading=\"lazy\" decoding=\"async\" class=\"alignnone size-large wp-image-5066\" src=\"https:\/\/zunzz.com\/wp-content\/uploads\/2023\/09\/baozhuag-1024x512.webp\" alt=\"M\u00e1quina de corte y recocido\" width=\"1024\" height=\"512\" srcset=\"https:\/\/zunzz.com\/wp-content\/uploads\/2023\/09\/baozhuag-1024x512.webp 1024w, https:\/\/zunzz.com\/wp-content\/uploads\/2023\/09\/baozhuag-300x150.webp 300w, https:\/\/zunzz.com\/wp-content\/uploads\/2023\/09\/baozhuag-768x384.webp 768w, https:\/\/zunzz.com\/wp-content\/uploads\/2023\/09\/baozhuag-1000x500.webp 1000w, https:\/\/zunzz.com\/wp-content\/uploads\/2023\/09\/baozhuag-700x350.webp 700w, https:\/\/zunzz.com\/wp-content\/uploads\/2023\/09\/baozhuag-1300x650.webp 1300w, https:\/\/zunzz.com\/wp-content\/uploads\/2023\/09\/baozhuag-600x300.webp 600w, https:\/\/zunzz.com\/wp-content\/uploads\/2023\/09\/baozhuag.webp 1500w\" sizes=\"(max-width: 1024px) 100vw, 1024px\" \/><\/p>\n\n<div class=\"wpcf7 no-js\" id=\"wpcf7-f5528-o1\" lang=\"es-ES\" dir=\"ltr\" data-wpcf7-id=\"5528\">\n<div class=\"screen-reader-response\"><p role=\"status\" aria-live=\"polite\" aria-atomic=\"true\"><\/p> <ul><\/ul><\/div>\n<form action=\"\/es\/wp-json\/wp\/v2\/product\/1052#wpcf7-f5528-o1\" method=\"post\" class=\"wpcf7-form init\" aria-label=\"Formulario de contacto\" novalidate=\"novalidate\" data-status=\"init\">\n<fieldset class=\"hidden-fields-container\"><input type=\"hidden\" name=\"_wpcf7\" value=\"5528\" \/><input type=\"hidden\" name=\"_wpcf7_version\" value=\"6.1.4\" \/><input type=\"hidden\" name=\"_wpcf7_locale\" value=\"es_ES\" \/><input type=\"hidden\" name=\"_wpcf7_unit_tag\" value=\"wpcf7-f5528-o1\" \/><input type=\"hidden\" name=\"_wpcf7_container_post\" value=\"0\" \/><input type=\"hidden\" name=\"_wpcf7_posted_data_hash\" value=\"\" \/>\n<\/fieldset>\n<div class=\"wpcf7-turnstile cf-turnstile\" data-sitekey=\"0x4AAAAAACHlhHyKtoljFN8P\" data-response-field-name=\"_wpcf7_turnstile_response\"><\/div>\n\n<p>\n    <\/p><h4 style=\"color:#333333;font-size:20px;font-family:\"background-color:#FFFFFF;font-weight:normal !important;\">\n        <span style=\"color:red;\">Env\u00edanos tus requisitos - te responderemos en 24 horas<\/span>\n    <\/h4>\n\n\n<div class=\"row\" style=\"display:flex; flex-wrap:wrap; width:100%;\">\n\n    <!-- Name -->\n    <div style=\"width:40%; padding-right:10px; box-sizing:border-box;\">\n        <div class=\"form-group\" style=\"margin-bottom:15px;\">\n <span class=\"wpcf7-form-control-wrap\" data-name=\"your-name\"><input size=\"40\" maxlength=\"400\" class=\"wpcf7-form-control wpcf7-text wpcf7-validates-as-required\" aria-required=\"true\" aria-invalid=\"false\" placeholder=\"Su nombre *\" value=\"\" type=\"text\" name=\"your-name\" \/><\/span>\n        <\/div>\n    <\/div>\n\n    <!-- Email -->\n    <div style=\"width:60%; padding-left:10px; box-sizing:border-box;\">\n        <div class=\"form-group\" style=\"margin-bottom:15px;\">\n <span class=\"wpcf7-form-control-wrap\" data-name=\"your-email\"><input size=\"40\" maxlength=\"400\" class=\"wpcf7-form-control wpcf7-email wpcf7-validates-as-required wpcf7-text wpcf7-validates-as-email\" aria-required=\"true\" aria-invalid=\"false\" placeholder=\"Direcci\u00f3n de correo electr\u00f3nico *\" value=\"\" type=\"email\" name=\"your-email\" \/><\/span>\n        <\/div>\n    <\/div>\n\n    <!-- Message -->\n    <div style=\"width:100%; box-sizing:border-box;\">\n        <div class=\"form-group\" style=\"margin-bottom:15px;\">\n            <span class=\"wpcf7-form-control-wrap\" data-name=\"your-message\"><textarea cols=\"30\" rows=\"4\" maxlength=\"2000\" class=\"wpcf7-form-control wpcf7-textarea\" aria-invalid=\"false\" placeholder=\"Por favor escribe tu mensaje aqu\u00ed\" name=\"your-message\"><\/textarea><\/span>\n        <\/div>\n    <\/div>\n\n    <!-- Submit -->\n    <div style=\"width:100%; box-sizing:border-box;\">\n        <input class=\"wpcf7-form-control wpcf7-submit has-spinner btn btn-default\" type=\"submit\" value=\"Env\u00edanos un mensaje y obt\u00e9n una cotizaci\u00f3n\" \/>\n    <\/div>\n\n<\/div><div class=\"wpcf7-response-output\" aria-hidden=\"true\"><\/div>\n<\/form>\n<\/div>\n\n","protected":false},"excerpt":{"rendered":"<div class=\"table-r\">\n<table width=\"100%\">\n<tbody>\n<tr>\n<td width=\"50%\">Modelo:\n<\/td>\n<td width=\"50%\">WST-500<\/td>\n<\/tr>\n<tr>\n<td width=\"50%\">M\u00e1ximo. cable de acero:<\/td>\n<td width=\"50%\">5 mm<\/td>\n<\/tr>\n<tr>\n<td width=\"50%\">Potencia:\n<\/td>\n<td width=\"50%\">7,5 kW<\/td>\n<\/tr>\n<tr>\n<td width=\"50%\">Dimensiones:\n<\/td>\n<td width=\"50%\">800*800*1500mm<\/td>\n<\/tr>\n<tr>\n<td width=\"50%\">Peso:\n<\/td>\n<td width=\"50%\">400 kilos<\/td>\n<\/tr>\n<\/tbody>\n<\/table>\n<p><strong>Idioma disponible:<\/strong>[wpml_language_selector_widget]<\/p>\n[contact-form-7 id=\"055e9b5\" title=\"Contact form 2\"]\n<\/div>\n","protected":false},"featured_media":624,"comment_status":"open","ping_status":"closed","template":"","meta":[],"product_brand":[],"product_cat":[63],"product_tag":[121,118],"class_list":{"0":"post-1052","1":"product","2":"type-product","3":"status-publish","4":"has-post-thumbnail","6":"product_cat-wire-rope-annealing-machine","7":"product_tag-cutting-and-annealing-machine","8":"product_tag-wire-rope-annealing-machine","10":"first","11":"instock","12":"taxable","13":"shipping-taxable","14":"product-type-simple"},"yoast_head":"<!-- This site is optimized with the Yoast SEO plugin v26.8 - https:\/\/yoast.com\/product\/yoast-seo-wordpress\/ -->\n<title>M\u00e1quina de corte y recocido 5MM<\/title>\n<meta name=\"description\" content=\"La m\u00e1quina de corte y recocido de cable de acero es para cable de acero de 1-5 mm con extremo c\u00f3nico autom\u00e1tico. Todav\u00eda tenemos esta m\u00e1quina para cable de acero de 1-3 mm.\" \/>\n<meta name=\"robots\" content=\"index, follow, max-snippet:-1, max-image-preview:large, max-video-preview:-1\" \/>\n<link rel=\"canonical\" href=\"https:\/\/zunzz.com\/es\/product\/cutting-and-annealing-machine\/\" \/>\n<meta property=\"og:locale\" content=\"es_ES\" \/>\n<meta property=\"og:type\" content=\"article\" \/>\n<meta property=\"og:title\" content=\"M\u00e1quina de corte y recocido 5MM\" \/>\n<meta property=\"og:description\" content=\"La m\u00e1quina de corte y recocido de cable de acero es para cable de acero de 1-5 mm con extremo c\u00f3nico autom\u00e1tico. Todav\u00eda tenemos esta m\u00e1quina para cable de acero de 1-3 mm.\" \/>\n<meta property=\"og:url\" content=\"https:\/\/zunzz.com\/es\/product\/cutting-and-annealing-machine\/\" \/>\n<meta property=\"og:site_name\" content=\"Zunzz Wire Rope Sling Machine Company\" \/>\n<meta property=\"article:modified_time\" content=\"2025-12-13T12:39:05+00:00\" \/>\n<meta property=\"og:image\" content=\"https:\/\/zunzz.com\/wp-content\/uploads\/2023\/09\/Cutting-and-Annealing-Machine-5MM-3.webp\" \/>\n\t<meta property=\"og:image:width\" content=\"600\" \/>\n\t<meta property=\"og:image:height\" content=\"600\" \/>\n\t<meta property=\"og:image:type\" content=\"image\/webp\" \/>\n<meta name=\"twitter:card\" content=\"summary_large_image\" \/>\n<meta name=\"twitter:label1\" content=\"Tiempo de lectura\" \/>\n\t<meta name=\"twitter:data1\" content=\"5 minutos\" \/>\n<script type=\"application\/ld+json\" class=\"yoast-schema-graph\">{\"@context\":\"https:\/\/schema.org\",\"@graph\":[{\"@type\":\"WebPage\",\"@id\":\"https:\/\/zunzz.com\/es\/product\/cutting-and-annealing-machine\/\",\"url\":\"https:\/\/zunzz.com\/es\/product\/cutting-and-annealing-machine\/\",\"name\":\"M\u00e1quina de corte y recocido 5MM\",\"isPartOf\":{\"@id\":\"https:\/\/zunzz.com\/es\/#website\"},\"primaryImageOfPage\":{\"@id\":\"https:\/\/zunzz.com\/es\/product\/cutting-and-annealing-machine\/#primaryimage\"},\"image\":{\"@id\":\"https:\/\/zunzz.com\/es\/product\/cutting-and-annealing-machine\/#primaryimage\"},\"thumbnailUrl\":\"https:\/\/zunzz.com\/wp-content\/uploads\/2023\/09\/Cutting-and-Annealing-Machine-5MM-3.webp\",\"datePublished\":\"2025-12-12T01:50:14+00:00\",\"dateModified\":\"2025-12-13T12:39:05+00:00\",\"description\":\"La m\u00e1quina de corte y recocido de cable de acero es para cable de acero de 1-5 mm con extremo c\u00f3nico autom\u00e1tico. Todav\u00eda tenemos esta m\u00e1quina para cable de acero de 1-3 mm.\",\"breadcrumb\":{\"@id\":\"https:\/\/zunzz.com\/es\/product\/cutting-and-annealing-machine\/#breadcrumb\"},\"inLanguage\":\"es\",\"potentialAction\":[{\"@type\":\"ReadAction\",\"target\":[\"https:\/\/zunzz.com\/es\/product\/cutting-and-annealing-machine\/\"]}]},{\"@type\":\"ImageObject\",\"inLanguage\":\"es\",\"@id\":\"https:\/\/zunzz.com\/es\/product\/cutting-and-annealing-machine\/#primaryimage\",\"url\":\"https:\/\/zunzz.com\/wp-content\/uploads\/2023\/09\/Cutting-and-Annealing-Machine-5MM-3.webp\",\"contentUrl\":\"https:\/\/zunzz.com\/wp-content\/uploads\/2023\/09\/Cutting-and-Annealing-Machine-5MM-3.webp\",\"width\":600,\"height\":600,\"caption\":\"M\u00e1quina de corte y recocido 5MM-3\"},{\"@type\":\"BreadcrumbList\",\"@id\":\"https:\/\/zunzz.com\/es\/product\/cutting-and-annealing-machine\/#breadcrumb\",\"itemListElement\":[{\"@type\":\"ListItem\",\"position\":1,\"name\":\"Home\",\"item\":\"https:\/\/zunzz.com\/es\/home\/\"},{\"@type\":\"ListItem\",\"position\":2,\"name\":\"Shop\",\"item\":\"https:\/\/zunzz.com\/bg\/shop\/\"},{\"@type\":\"ListItem\",\"position\":3,\"name\":\"M\u00e1quina de corte y recocido 5MM\"}]},{\"@type\":\"WebSite\",\"@id\":\"https:\/\/zunzz.com\/es\/#website\",\"url\":\"https:\/\/zunzz.com\/es\/\",\"name\":\"Zunzz Wire Rope Sling Machine Company\",\"description\":\"Zunzz Wire Rope Sling Machine Company is a leading manufacturer of wire rope sling machines and related products.\",\"publisher\":{\"@id\":\"https:\/\/zunzz.com\/es\/#organization\"},\"potentialAction\":[{\"@type\":\"SearchAction\",\"target\":{\"@type\":\"EntryPoint\",\"urlTemplate\":\"https:\/\/zunzz.com\/es\/?s={search_term_string}\"},\"query-input\":{\"@type\":\"PropertyValueSpecification\",\"valueRequired\":true,\"valueName\":\"search_term_string\"}}],\"inLanguage\":\"es\"},{\"@type\":\"Organization\",\"@id\":\"https:\/\/zunzz.com\/es\/#organization\",\"name\":\"Zunzz Wire Rope Sling Machine Company\",\"url\":\"https:\/\/zunzz.com\/es\/\",\"logo\":{\"@type\":\"ImageObject\",\"inLanguage\":\"es\",\"@id\":\"https:\/\/zunzz.com\/es\/#\/schema\/logo\/image\/\",\"url\":\"https:\/\/zunzz.com\/wp-content\/uploads\/2023\/09\/Logo.png\",\"contentUrl\":\"https:\/\/zunzz.com\/wp-content\/uploads\/2023\/09\/Logo.png\",\"width\":171,\"height\":133,\"caption\":\"Zunzz Wire Rope Sling Machine Company\"},\"image\":{\"@id\":\"https:\/\/zunzz.com\/es\/#\/schema\/logo\/image\/\"}}]}<\/script>\n<!-- \/ Yoast SEO plugin. -->","yoast_head_json":{"title":"M\u00e1quina de corte y recocido 5MM","description":"La m\u00e1quina de corte y recocido de cable de acero es para cable de acero de 1-5 mm con extremo c\u00f3nico autom\u00e1tico. Todav\u00eda tenemos esta m\u00e1quina para cable de acero de 1-3 mm.","robots":{"index":"index","follow":"follow","max-snippet":"max-snippet:-1","max-image-preview":"max-image-preview:large","max-video-preview":"max-video-preview:-1"},"canonical":"https:\/\/zunzz.com\/es\/product\/cutting-and-annealing-machine\/","og_locale":"es_ES","og_type":"article","og_title":"M\u00e1quina de corte y recocido 5MM","og_description":"La m\u00e1quina de corte y recocido de cable de acero es para cable de acero de 1-5 mm con extremo c\u00f3nico autom\u00e1tico. Todav\u00eda tenemos esta m\u00e1quina para cable de acero de 1-3 mm.","og_url":"https:\/\/zunzz.com\/es\/product\/cutting-and-annealing-machine\/","og_site_name":"Zunzz Wire Rope Sling Machine Company","article_modified_time":"2025-12-13T12:39:05+00:00","og_image":[{"width":600,"height":600,"url":"https:\/\/zunzz.com\/wp-content\/uploads\/2023\/09\/Cutting-and-Annealing-Machine-5MM-3.webp","type":"image\/webp"}],"twitter_card":"summary_large_image","twitter_misc":{"Tiempo de lectura":"5 minutos"},"schema":{"@context":"https:\/\/schema.org","@graph":[{"@type":"WebPage","@id":"https:\/\/zunzz.com\/es\/product\/cutting-and-annealing-machine\/","url":"https:\/\/zunzz.com\/es\/product\/cutting-and-annealing-machine\/","name":"M\u00e1quina de corte y recocido 5MM","isPartOf":{"@id":"https:\/\/zunzz.com\/es\/#website"},"primaryImageOfPage":{"@id":"https:\/\/zunzz.com\/es\/product\/cutting-and-annealing-machine\/#primaryimage"},"image":{"@id":"https:\/\/zunzz.com\/es\/product\/cutting-and-annealing-machine\/#primaryimage"},"thumbnailUrl":"https:\/\/zunzz.com\/wp-content\/uploads\/2023\/09\/Cutting-and-Annealing-Machine-5MM-3.webp","datePublished":"2025-12-12T01:50:14+00:00","dateModified":"2025-12-13T12:39:05+00:00","description":"La m\u00e1quina de corte y recocido de cable de acero es para cable de acero de 1-5 mm con extremo c\u00f3nico autom\u00e1tico. Todav\u00eda tenemos esta m\u00e1quina para cable de acero de 1-3 mm.","breadcrumb":{"@id":"https:\/\/zunzz.com\/es\/product\/cutting-and-annealing-machine\/#breadcrumb"},"inLanguage":"es","potentialAction":[{"@type":"ReadAction","target":["https:\/\/zunzz.com\/es\/product\/cutting-and-annealing-machine\/"]}]},{"@type":"ImageObject","inLanguage":"es","@id":"https:\/\/zunzz.com\/es\/product\/cutting-and-annealing-machine\/#primaryimage","url":"https:\/\/zunzz.com\/wp-content\/uploads\/2023\/09\/Cutting-and-Annealing-Machine-5MM-3.webp","contentUrl":"https:\/\/zunzz.com\/wp-content\/uploads\/2023\/09\/Cutting-and-Annealing-Machine-5MM-3.webp","width":600,"height":600,"caption":"M\u00e1quina de corte y recocido 5MM-3"},{"@type":"BreadcrumbList","@id":"https:\/\/zunzz.com\/es\/product\/cutting-and-annealing-machine\/#breadcrumb","itemListElement":[{"@type":"ListItem","position":1,"name":"Home","item":"https:\/\/zunzz.com\/es\/home\/"},{"@type":"ListItem","position":2,"name":"Shop","item":"https:\/\/zunzz.com\/bg\/shop\/"},{"@type":"ListItem","position":3,"name":"M\u00e1quina de corte y recocido 5MM"}]},{"@type":"WebSite","@id":"https:\/\/zunzz.com\/es\/#website","url":"https:\/\/zunzz.com\/es\/","name":"Zunzz Wire Rope Sling Machine Company","description":"Zunzz Wire Rope Sling Machine Company is a leading manufacturer of wire rope sling machines and related products.","publisher":{"@id":"https:\/\/zunzz.com\/es\/#organization"},"potentialAction":[{"@type":"SearchAction","target":{"@type":"EntryPoint","urlTemplate":"https:\/\/zunzz.com\/es\/?s={search_term_string}"},"query-input":{"@type":"PropertyValueSpecification","valueRequired":true,"valueName":"search_term_string"}}],"inLanguage":"es"},{"@type":"Organization","@id":"https:\/\/zunzz.com\/es\/#organization","name":"Zunzz Wire Rope Sling Machine Company","url":"https:\/\/zunzz.com\/es\/","logo":{"@type":"ImageObject","inLanguage":"es","@id":"https:\/\/zunzz.com\/es\/#\/schema\/logo\/image\/","url":"https:\/\/zunzz.com\/wp-content\/uploads\/2023\/09\/Logo.png","contentUrl":"https:\/\/zunzz.com\/wp-content\/uploads\/2023\/09\/Logo.png","width":171,"height":133,"caption":"Zunzz Wire Rope Sling Machine Company"},"image":{"@id":"https:\/\/zunzz.com\/es\/#\/schema\/logo\/image\/"}}]}},"_links":{"self":[{"href":"https:\/\/zunzz.com\/es\/wp-json\/wp\/v2\/product\/1052","targetHints":{"allow":["GET"]}}],"collection":[{"href":"https:\/\/zunzz.com\/es\/wp-json\/wp\/v2\/product"}],"about":[{"href":"https:\/\/zunzz.com\/es\/wp-json\/wp\/v2\/types\/product"}],"replies":[{"embeddable":true,"href":"https:\/\/zunzz.com\/es\/wp-json\/wp\/v2\/comments?post=1052"}],"wp:featuredmedia":[{"embeddable":true,"href":"https:\/\/zunzz.com\/es\/wp-json\/wp\/v2\/media\/624"}],"wp:attachment":[{"href":"https:\/\/zunzz.com\/es\/wp-json\/wp\/v2\/media?parent=1052"}],"wp:term":[{"taxonomy":"product_brand","embeddable":true,"href":"https:\/\/zunzz.com\/es\/wp-json\/wp\/v2\/product_brand?post=1052"},{"taxonomy":"product_cat","embeddable":true,"href":"https:\/\/zunzz.com\/es\/wp-json\/wp\/v2\/product_cat?post=1052"},{"taxonomy":"product_tag","embeddable":true,"href":"https:\/\/zunzz.com\/es\/wp-json\/wp\/v2\/product_tag?post=1052"}],"curies":[{"name":"wp","href":"https:\/\/api.w.org\/{rel}","templated":true}]}}