{"id":1051,"date":"2025-12-13T02:04:06","date_gmt":"2025-12-13T02:04:06","guid":{"rendered":"https:\/\/zunzz.com\/product\/maquina-de-recocido-de-cable-de-acero-de-55-mm\/"},"modified":"2025-12-14T03:27:12","modified_gmt":"2025-12-14T03:27:12","slug":"wire-rope-annealing-machine","status":"publish","type":"product","link":"https:\/\/zunzz.com\/es\/product\/wire-rope-annealing-machine\/","title":{"rendered":"M\u00e1quina de recocido de cable de acero de 55 mm"},"content":{"rendered":"<h3>1.Acerca de la m\u00e1quina de recocido de cables de acero<\/h3>\n<p>Esta <strong>m\u00e1quina de recocido de cables de acero<\/strong> es adecuada para cables de acero de 22 a 55 mm. Es el resultado de una mejora continua desde el desarrollo de Zunzz Wire Rope Machine Company en 2001. Gracias a la innovaci\u00f3n y el desarrollo tecnol\u00f3gico continuos, nuestras m\u00e1quinas han mejorado considerablemente la eficiencia y la seguridad en el trabajo. Es ideal para cualquier industria que requiera el corte frecuente de cables de acero.   <\/p>\n<h3>2.El par\u00e1metro de la m\u00e1quina de recocido de cables met\u00e1licos<\/h3>\n<div class=\"table-r\">\n<table width=\"100%\">\n<tbody>\n<tr>\n<td width=\"50%\">N\u00famero de modelo\n<\/td>\n<td width=\"50%\">UNR-55<\/td>\n<\/tr>\n<tr>\n<td width=\"50%\">Color de la m\u00e1quina\n<\/td>\n<td width=\"50%\">de acuerdo a lo pedido<\/td>\n<\/tr>\n<tr>\n<td width=\"50%\">Quema nuestra gama\n<\/td>\n<td width=\"50%\">\u00d820-55mm<\/td>\n<\/tr>\n<tr>\n<td width=\"50%\">Abrazadera\n<\/td>\n<td width=\"50%\">Juego de 4<\/td>\n<\/tr>\n<tr>\n<td width=\"50%\">Potencia\n<\/td>\n<td width=\"50%\">150KW<\/td>\n<\/tr>\n<tr>\n<td width=\"50%\">Voltaje\n<\/td>\n<td width=\"50%\">Seg\u00fan solicitud<\/td>\n<\/tr>\n<tr>\n<td width=\"50%\">Dimensiones (mm)\n<\/td>\n<td width=\"50%\">1100 x 900 x 1600<\/td>\n<\/tr>\n<tr>\n<td width=\"50%\">Peso\n<\/td>\n<td width=\"50%\">800 kg<\/td>\n<\/tr>\n<tr>\n<td width=\"50%\">Control\n<\/td>\n<td width=\"50%\">microordenador<\/td>\n<\/tr>\n<\/tbody>\n<\/table>\n<p>&nbsp;<\/p>\n<\/div>\n<p><iframe title=\"Wire Rope Annealing Machine 55mmm\" width=\"1060\" height=\"596\" src=\"https:\/\/www.youtube.com\/embed\/dyr3C3Txx3w?feature=oembed\" frameborder=\"0\" allow=\"accelerometer; autoplay; clipboard-write; encrypted-media; gyroscope; picture-in-picture; web-share\" referrerpolicy=\"strict-origin-when-cross-origin\" allowfullscreen><\/iframe><\/p>\n<div class=\"table-r\">\n<h3>3. Instrucciones de la m\u00e1quina de recocido de cables de acero<\/h3>\n<p>El proceso de recocido de cables de acero a veces se denomina fusi\u00f3n y ahusamiento. Durante este proceso, los cordones del cable se calientan a una temperatura muy alta controlando el suministro de corriente mediante un pedal. Las part\u00edculas met\u00e1licas se recristalizan a altas temperaturas, lo que permite que se fundan.  <\/p>\n<p>Finalmente, consta de dos partes independientes: 1. Mediante la rueda y el mango, el cable se enrolla ligeramente y se fusiona. 2. Se ajusta la distancia entre las abrazaderas. Finalmente, se divide en dos partes. De esta manera, el extremo del cable queda ligeramente c\u00f3nico y completamente fusionado.    <\/p>\n<p>Para evitar que la cuerda se vuelva quebradiza, aseg\u00farese de enfriarla lentamente. As\u00ed obtendr\u00e1 un cable limpio y liso, con forma c\u00f3nica y extremos en espiral. <\/p>\n<h3><img fetchpriority=\"high\" decoding=\"async\" class=\"alignnone wp-image-365 size-full\" src=\"https:\/\/zunzz.com\/wp-content\/uploads\/2023\/09\/Wire-Rope-Annealing-Machine-55mm-2.webp\" alt=\"M\u00e1quina de recocido de cable de acero 55mm-2\" width=\"1000\" height=\"1000\" srcset=\"https:\/\/zunzz.com\/wp-content\/uploads\/2023\/09\/Wire-Rope-Annealing-Machine-55mm-2.webp 1000w, https:\/\/zunzz.com\/wp-content\/uploads\/2023\/09\/Wire-Rope-Annealing-Machine-55mm-2-300x300.webp 300w, https:\/\/zunzz.com\/wp-content\/uploads\/2023\/09\/Wire-Rope-Annealing-Machine-55mm-2-150x150.webp 150w, https:\/\/zunzz.com\/wp-content\/uploads\/2023\/09\/Wire-Rope-Annealing-Machine-55mm-2-768x768.webp 768w, https:\/\/zunzz.com\/wp-content\/uploads\/2023\/09\/Wire-Rope-Annealing-Machine-55mm-2-570x570.webp 570w, https:\/\/zunzz.com\/wp-content\/uploads\/2023\/09\/Wire-Rope-Annealing-Machine-55mm-2-500x500.webp 500w, https:\/\/zunzz.com\/wp-content\/uploads\/2023\/09\/Wire-Rope-Annealing-Machine-55mm-2-700x700.webp 700w, https:\/\/zunzz.com\/wp-content\/uploads\/2023\/09\/Wire-Rope-Annealing-Machine-55mm-2-650x650.webp 650w, https:\/\/zunzz.com\/wp-content\/uploads\/2023\/09\/Wire-Rope-Annealing-Machine-55mm-2-600x600.webp 600w, https:\/\/zunzz.com\/wp-content\/uploads\/2023\/09\/Wire-Rope-Annealing-Machine-55mm-2-100x100.webp 100w\" sizes=\"(max-width: 1000px) 100vw, 1000px\" \/><\/h3>\n<h3><\/h3>\n<h3>4. Ventajas de la m\u00e1quina de recocido de cables de acero<\/h3>\n<ul>\n<li>Forma inteligente y portabilidad:<\/li>\n<\/ul>\n<p>La <strong>m\u00e1quina de recocido de cables de acero<\/strong> est\u00e1 inteligentemente dise\u00f1ada para facilitar su manejo en diferentes situaciones de trabajo. Por ejemplo, este equipo puede desempe\u00f1ar un papel importante en obras de construcci\u00f3n, puentes, astilleros y muchas otras situaciones donde es necesario cortar cables de acero. <\/p>\n<ul>\n<li>Fusi\u00f3n r\u00e1pida y operaci\u00f3n conveniente:<\/li>\n<\/ul>\n<p>La <a title=\"M\u00e1quina de corte y recocido 5MM\" href=\"https:\/\/zunzz.com\/es\/product\/cutting-and-annealing-machine\/\">m\u00e1quina de corte y recocido<\/a> tiene las caracter\u00edsticas de fusi\u00f3n y corte r\u00e1pidos de cables de acero y, al mismo tiempo, es f\u00e1cil de operar y mejora la eficiencia de producci\u00f3n.<\/p>\n<ul>\n<li>Ahorro energ\u00e9tico y seguridad:<\/li>\n<\/ul>\n<p>La potencia de trabajo de la m\u00e1quina de recocido es relativamente baja, lo que contribuye al ahorro de energ\u00eda. Adem\u00e1s, su dise\u00f1o \u00fanico garantiza la seguridad de la operaci\u00f3n. <\/p>\n<ul>\n<li>El extremo del recocido es limpio y suave:<\/li>\n<\/ul>\n<p>c\u00f3nico y espiral, el alambre no se desenredar\u00e1.<\/p>\n<ul>\n<li>Trabajando en conjunto con el dispositivo de extracci\u00f3n de humos:<\/li>\n<\/ul>\n<p>La m\u00e1quina puede trabajar junto con el dispositivo de extracci\u00f3n de humo para controlar y eliminar eficazmente el humo y el polvo generados durante el proceso de soldadura, garantizando la limpieza y seguridad del entorno de trabajo.<\/p>\n<ul>\n<li>Amplio rango de di\u00e1metro de recocido:<\/li>\n<\/ul>\n<p>La m\u00e1quina de recocido tiene un amplio rango de di\u00e1metro de fusi\u00f3n y puede fusionar cables de acero de 22 a 55 mm sin reemplazar ninguna pieza. <span style=\"color: #ff0000;\">Si necesita fusionar cables de diferentes di\u00e1metros, tambi\u00e9n ofrecemos otros modelos de m\u00e1quinas que pueden satisfacer sus necesidades.<\/span><\/p>\n<ul>\n<li>Dise\u00f1o de abrazadera \u00fanico:<\/li>\n<\/ul>\n<p>La abrazadera tiene un dise\u00f1o de abrazadera \u00fanico para garantizar que el cable de acero est\u00e9 firmemente fijado, mejorando la estabilidad y la seguridad de la operaci\u00f3n.<\/p>\n<\/div>\n<p><img decoding=\"async\" class=\"alignnone wp-image-366 \" src=\"https:\/\/zunzz.com\/wp-content\/uploads\/2023\/09\/Wire-Rope-Annealing-Machine-55mm-1.webp\" alt=\"M\u00e1quina de recocido de cable de acero 55mm-1\" width=\"1000\" height=\"1333\" srcset=\"https:\/\/zunzz.com\/wp-content\/uploads\/2023\/09\/Wire-Rope-Annealing-Machine-55mm-1.webp 960w, https:\/\/zunzz.com\/wp-content\/uploads\/2023\/09\/Wire-Rope-Annealing-Machine-55mm-1-225x300.webp 225w, https:\/\/zunzz.com\/wp-content\/uploads\/2023\/09\/Wire-Rope-Annealing-Machine-55mm-1-768x1024.webp 768w, https:\/\/zunzz.com\/wp-content\/uploads\/2023\/09\/Wire-Rope-Annealing-Machine-55mm-1-600x800.webp 600w, https:\/\/zunzz.com\/wp-content\/uploads\/2023\/09\/Wire-Rope-Annealing-Machine-55mm-1-700x933.webp 700w\" sizes=\"(max-width: 1000px) 100vw, 1000px\" \/><\/p>\n<p><img decoding=\"async\" class=\"alignnone wp-image-368 \" src=\"https:\/\/zunzz.com\/wp-content\/uploads\/2023\/09\/Wire-Rope-Annealing-Machine-55mm-4.webp\" alt=\"M\u00e1quina de recocido de cable de acero 55mm-4\" width=\"1000\" height=\"1333\" srcset=\"https:\/\/zunzz.com\/wp-content\/uploads\/2023\/09\/Wire-Rope-Annealing-Machine-55mm-4.webp 960w, https:\/\/zunzz.com\/wp-content\/uploads\/2023\/09\/Wire-Rope-Annealing-Machine-55mm-4-225x300.webp 225w, https:\/\/zunzz.com\/wp-content\/uploads\/2023\/09\/Wire-Rope-Annealing-Machine-55mm-4-768x1024.webp 768w, https:\/\/zunzz.com\/wp-content\/uploads\/2023\/09\/Wire-Rope-Annealing-Machine-55mm-4-600x800.webp 600w, https:\/\/zunzz.com\/wp-content\/uploads\/2023\/09\/Wire-Rope-Annealing-Machine-55mm-4-700x933.webp 700w\" sizes=\"(max-width: 1000px) 100vw, 1000px\" \/><\/p>\n<h3><\/h3>\n<h3>5.Otros par\u00e1metros de la m\u00e1quina de corte y recocido<\/h3>\n<div class=\"table-r\">\n<table width=\"100%\">\n<tbody>\n<tr>\n<td width=\"50%\">Estado\n<\/td>\n<td width=\"50%\">Nuevo<\/td>\n<\/tr>\n<tr>\n<td width=\"50%\">Marca\n<\/td>\n<td width=\"50%\">Zunzz Wire Rope Sling Machine Company<\/td>\n<\/tr>\n<tr>\n<td width=\"50%\">Pa\u00eds\/Regi\u00f3n de producci\u00f3n\n<\/td>\n<td width=\"50%\">Baoding, China<\/td>\n<\/tr>\n<tr>\n<td width=\"50%\">A\u00f1o de la primera publicaci\u00f3n\n<\/td>\n<td width=\"50%\">2001<\/td>\n<\/tr>\n<tr>\n<td width=\"50%\">Fecha de producci\u00f3n\n<\/td>\n<td width=\"50%\">Hora del pedido<\/td>\n<\/tr>\n<tr>\n<td width=\"50%\">Periodo de garant\u00eda\n<\/td>\n<td width=\"50%\">1 a\u00f1o<\/td>\n<\/tr>\n<tr>\n<td width=\"50%\">Cantidad (piezas)\/plazo de entrega (d\u00edas)\n<\/td>\n<td width=\"50%\">1-1 (piezas)\/35 (d\u00edas), 2-10 (piezas)\/45 (d\u00edas), M\u00e1s de 10 (piezas)\/a negociar<\/td>\n<\/tr>\n<tr>\n<td width=\"50%\">Color\n<\/td>\n<td width=\"50%\">Rojo o personalizado<\/td>\n<\/tr>\n<tr>\n<td width=\"50%\">Detalles del embalaje\n<\/td>\n<td width=\"50%\">Caja de madera<\/td>\n<\/tr>\n<tr>\n<td width=\"50%\">Soporte t\u00e9cnico\n<\/td>\n<td width=\"50%\">Soporte telef\u00f3nico remoto<\/td>\n<\/tr>\n<\/tbody>\n<\/table>\n<\/div>\n<p>&nbsp;<\/p>\n<p><img loading=\"lazy\" decoding=\"async\" class=\"alignnone wp-image-367 \" src=\"https:\/\/zunzz.com\/wp-content\/uploads\/2023\/09\/Wire-Rope-Annealing-Machine-55mm-3.webp\" alt=\"M\u00e1quina de recocido de cable de acero 55mm-3\" width=\"1000\" height=\"1334\" srcset=\"https:\/\/zunzz.com\/wp-content\/uploads\/2023\/09\/Wire-Rope-Annealing-Machine-55mm-3.webp 810w, https:\/\/zunzz.com\/wp-content\/uploads\/2023\/09\/Wire-Rope-Annealing-Machine-55mm-3-225x300.webp 225w, https:\/\/zunzz.com\/wp-content\/uploads\/2023\/09\/Wire-Rope-Annealing-Machine-55mm-3-768x1024.webp 768w, https:\/\/zunzz.com\/wp-content\/uploads\/2023\/09\/Wire-Rope-Annealing-Machine-55mm-3-600x800.webp 600w, https:\/\/zunzz.com\/wp-content\/uploads\/2023\/09\/Wire-Rope-Annealing-Machine-55mm-3-700x933.webp 700w\" sizes=\"(max-width: 1000px) 100vw, 1000px\" \/><\/p>\n<p>Las m\u00e1quinas se han exportado al Reino Unido, Dinamarca, Italia, Marruecos, Ir\u00e1n, Indonesia, India, Emiratos \u00c1rabes Unidos, Singapur, Polonia, etc.<\/p>\n\n<div class=\"wpcf7 no-js\" id=\"wpcf7-f5528-o1\" lang=\"es-ES\" dir=\"ltr\" data-wpcf7-id=\"5528\">\n<div class=\"screen-reader-response\"><p role=\"status\" aria-live=\"polite\" aria-atomic=\"true\"><\/p> <ul><\/ul><\/div>\n<form action=\"\/es\/wp-json\/wp\/v2\/product\/1051#wpcf7-f5528-o1\" method=\"post\" class=\"wpcf7-form init\" aria-label=\"Formulario de contacto\" novalidate=\"novalidate\" data-status=\"init\">\n<fieldset class=\"hidden-fields-container\"><input type=\"hidden\" name=\"_wpcf7\" value=\"5528\" \/><input type=\"hidden\" name=\"_wpcf7_version\" value=\"6.1.4\" \/><input type=\"hidden\" name=\"_wpcf7_locale\" value=\"es_ES\" \/><input type=\"hidden\" name=\"_wpcf7_unit_tag\" value=\"wpcf7-f5528-o1\" \/><input type=\"hidden\" name=\"_wpcf7_container_post\" value=\"0\" \/><input type=\"hidden\" name=\"_wpcf7_posted_data_hash\" value=\"\" \/>\n<\/fieldset>\n<div class=\"wpcf7-turnstile cf-turnstile\" data-sitekey=\"0x4AAAAAACHlhHyKtoljFN8P\" data-response-field-name=\"_wpcf7_turnstile_response\"><\/div>\n\n<p>\n    <\/p><h4 style=\"color:#333333;font-size:20px;font-family:\"background-color:#FFFFFF;font-weight:normal !important;\">\n        <span style=\"color:red;\">Env\u00edanos tus requisitos - te responderemos en 24 horas<\/span>\n    <\/h4>\n\n\n<div class=\"row\" style=\"display:flex; flex-wrap:wrap; width:100%;\">\n\n    <!-- Name -->\n    <div style=\"width:40%; padding-right:10px; box-sizing:border-box;\">\n        <div class=\"form-group\" style=\"margin-bottom:15px;\">\n <span class=\"wpcf7-form-control-wrap\" data-name=\"your-name\"><input size=\"40\" maxlength=\"400\" class=\"wpcf7-form-control wpcf7-text wpcf7-validates-as-required\" aria-required=\"true\" aria-invalid=\"false\" placeholder=\"Su nombre *\" value=\"\" type=\"text\" name=\"your-name\" \/><\/span>\n        <\/div>\n    <\/div>\n\n    <!-- Email -->\n    <div style=\"width:60%; padding-left:10px; box-sizing:border-box;\">\n        <div class=\"form-group\" style=\"margin-bottom:15px;\">\n <span class=\"wpcf7-form-control-wrap\" data-name=\"your-email\"><input size=\"40\" maxlength=\"400\" class=\"wpcf7-form-control wpcf7-email wpcf7-validates-as-required wpcf7-text wpcf7-validates-as-email\" aria-required=\"true\" aria-invalid=\"false\" placeholder=\"Direcci\u00f3n de correo electr\u00f3nico *\" value=\"\" type=\"email\" name=\"your-email\" \/><\/span>\n        <\/div>\n    <\/div>\n\n    <!-- Message -->\n    <div style=\"width:100%; box-sizing:border-box;\">\n        <div class=\"form-group\" style=\"margin-bottom:15px;\">\n            <span class=\"wpcf7-form-control-wrap\" data-name=\"your-message\"><textarea cols=\"30\" rows=\"4\" maxlength=\"2000\" class=\"wpcf7-form-control wpcf7-textarea\" aria-invalid=\"false\" placeholder=\"Por favor escribe tu mensaje aqu\u00ed\" name=\"your-message\"><\/textarea><\/span>\n        <\/div>\n    <\/div>\n\n    <!-- Submit -->\n    <div style=\"width:100%; box-sizing:border-box;\">\n        <input class=\"wpcf7-form-control wpcf7-submit has-spinner btn btn-default\" type=\"submit\" value=\"Env\u00edanos un mensaje y obt\u00e9n una cotizaci\u00f3n\" \/>\n    <\/div>\n\n<\/div><div class=\"wpcf7-response-output\" aria-hidden=\"true\"><\/div>\n<\/form>\n<\/div>\n\n","protected":false},"excerpt":{"rendered":"<div class=\"table-r\">\n<table width=\"100%\">\n<tbody>\n<tr>\n<td width=\"50%\">Modelo:\n<\/td>\n<td width=\"50%\">RDJ-175<\/td>\n<\/tr>\n<tr>\n<td width=\"50%\">M\u00e1ximo. cable de acero:<\/td>\n<td width=\"50%\">55 mm<\/td>\n<\/tr>\n<tr>\n<td width=\"50%\">Fuerza:\n<\/td>\n<td width=\"50%\">175kW<\/td>\n<\/tr>\n<tr>\n<td width=\"50%\">Dimensiones:\n<\/td>\n<td width=\"50%\">1100 mm x 640 mm x 1500 mm<\/td>\n<\/tr>\n<tr>\n<td width=\"50%\">Peso:\n<\/td>\n<td width=\"50%\">750 kilos<\/td>\n<\/tr>\n<\/tbody>\n<\/table>\n<p><strong>Idioma disponible:<\/strong>[wpml_language_selector_widget]<\/p>\n[contact-form-7 id=\"055e9b5\" title=\"Contact form 2\"]\n<\/div>\n","protected":false},"featured_media":627,"comment_status":"open","ping_status":"closed","template":"","meta":[],"product_brand":[],"product_cat":[63],"product_tag":[118],"class_list":{"0":"post-1051","1":"product","2":"type-product","3":"status-publish","4":"has-post-thumbnail","6":"product_cat-wire-rope-annealing-machine","7":"product_tag-wire-rope-annealing-machine","9":"first","10":"instock","11":"taxable","12":"shipping-taxable","13":"product-type-simple"},"yoast_head":"<!-- This site is optimized with the Yoast SEO plugin v26.8 - https:\/\/yoast.com\/product\/yoast-seo-wordpress\/ -->\n<title>M\u00e1quina de recocido de cable de acero de 55 mm<\/title>\n<meta name=\"description\" content=\"M\u00e1quina de recocido de cable de acero para cable de acero de 22-55 mm. La m\u00e1quina puede trabajar junto con el escape de humo. Se pueden fabricar otros tipos de cables de acero seg\u00fan pedido.\" \/>\n<meta name=\"robots\" content=\"index, follow, max-snippet:-1, max-image-preview:large, max-video-preview:-1\" \/>\n<link rel=\"canonical\" href=\"https:\/\/zunzz.com\/es\/product\/wire-rope-annealing-machine\/\" \/>\n<meta property=\"og:locale\" content=\"es_ES\" \/>\n<meta property=\"og:type\" content=\"article\" \/>\n<meta property=\"og:title\" content=\"M\u00e1quina de recocido de cable de acero de 55 mm\" \/>\n<meta property=\"og:description\" content=\"M\u00e1quina de recocido de cable de acero para cable de acero de 22-55 mm. La m\u00e1quina puede trabajar junto con el escape de humo. Se pueden fabricar otros tipos de cables de acero seg\u00fan pedido.\" \/>\n<meta property=\"og:url\" content=\"https:\/\/zunzz.com\/es\/product\/wire-rope-annealing-machine\/\" \/>\n<meta property=\"og:site_name\" content=\"Zunzz Wire Rope Sling Machine Company\" \/>\n<meta property=\"article:modified_time\" content=\"2025-12-14T03:27:12+00:00\" \/>\n<meta property=\"og:image\" content=\"https:\/\/zunzz.com\/wp-content\/uploads\/2023\/09\/Wire-Rope-Annealing-Machine-55mm-2.webp\" \/>\n\t<meta property=\"og:image:width\" content=\"1000\" \/>\n\t<meta property=\"og:image:height\" content=\"1000\" \/>\n\t<meta property=\"og:image:type\" content=\"image\/webp\" \/>\n<meta name=\"twitter:card\" content=\"summary_large_image\" \/>\n<meta name=\"twitter:label1\" content=\"Tiempo de lectura\" \/>\n\t<meta name=\"twitter:data1\" content=\"5 minutos\" \/>\n<script type=\"application\/ld+json\" class=\"yoast-schema-graph\">{\"@context\":\"https:\/\/schema.org\",\"@graph\":[{\"@type\":\"WebPage\",\"@id\":\"https:\/\/zunzz.com\/es\/product\/wire-rope-annealing-machine\/\",\"url\":\"https:\/\/zunzz.com\/es\/product\/wire-rope-annealing-machine\/\",\"name\":\"M\u00e1quina de recocido de cable de acero de 55 mm\",\"isPartOf\":{\"@id\":\"https:\/\/zunzz.com\/es\/#website\"},\"primaryImageOfPage\":{\"@id\":\"https:\/\/zunzz.com\/es\/product\/wire-rope-annealing-machine\/#primaryimage\"},\"image\":{\"@id\":\"https:\/\/zunzz.com\/es\/product\/wire-rope-annealing-machine\/#primaryimage\"},\"thumbnailUrl\":\"https:\/\/zunzz.com\/wp-content\/uploads\/2023\/09\/Wire-Rope-Annealing-Machine-55mm-2.webp\",\"datePublished\":\"2025-12-13T02:04:06+00:00\",\"dateModified\":\"2025-12-14T03:27:12+00:00\",\"description\":\"M\u00e1quina de recocido de cable de acero para cable de acero de 22-55 mm. La m\u00e1quina puede trabajar junto con el escape de humo. Se pueden fabricar otros tipos de cables de acero seg\u00fan pedido.\",\"breadcrumb\":{\"@id\":\"https:\/\/zunzz.com\/es\/product\/wire-rope-annealing-machine\/#breadcrumb\"},\"inLanguage\":\"es\",\"potentialAction\":[{\"@type\":\"ReadAction\",\"target\":[\"https:\/\/zunzz.com\/es\/product\/wire-rope-annealing-machine\/\"]}]},{\"@type\":\"ImageObject\",\"inLanguage\":\"es\",\"@id\":\"https:\/\/zunzz.com\/es\/product\/wire-rope-annealing-machine\/#primaryimage\",\"url\":\"https:\/\/zunzz.com\/wp-content\/uploads\/2023\/09\/Wire-Rope-Annealing-Machine-55mm-2.webp\",\"contentUrl\":\"https:\/\/zunzz.com\/wp-content\/uploads\/2023\/09\/Wire-Rope-Annealing-Machine-55mm-2.webp\",\"width\":1000,\"height\":1000,\"caption\":\"M\u00e1quina de recocido de cable de acero 55mm-2\"},{\"@type\":\"BreadcrumbList\",\"@id\":\"https:\/\/zunzz.com\/es\/product\/wire-rope-annealing-machine\/#breadcrumb\",\"itemListElement\":[{\"@type\":\"ListItem\",\"position\":1,\"name\":\"Home\",\"item\":\"https:\/\/zunzz.com\/es\/home\/\"},{\"@type\":\"ListItem\",\"position\":2,\"name\":\"Shop\",\"item\":\"https:\/\/zunzz.com\/bg\/shop\/\"},{\"@type\":\"ListItem\",\"position\":3,\"name\":\"M\u00e1quina de recocido de cable de acero de 55 mm\"}]},{\"@type\":\"WebSite\",\"@id\":\"https:\/\/zunzz.com\/es\/#website\",\"url\":\"https:\/\/zunzz.com\/es\/\",\"name\":\"Zunzz Wire Rope Sling Machine Company\",\"description\":\"Zunzz Wire Rope Sling Machine Company is a leading manufacturer of wire rope sling machines and related products.\",\"publisher\":{\"@id\":\"https:\/\/zunzz.com\/es\/#organization\"},\"potentialAction\":[{\"@type\":\"SearchAction\",\"target\":{\"@type\":\"EntryPoint\",\"urlTemplate\":\"https:\/\/zunzz.com\/es\/?s={search_term_string}\"},\"query-input\":{\"@type\":\"PropertyValueSpecification\",\"valueRequired\":true,\"valueName\":\"search_term_string\"}}],\"inLanguage\":\"es\"},{\"@type\":\"Organization\",\"@id\":\"https:\/\/zunzz.com\/es\/#organization\",\"name\":\"Zunzz Wire Rope Sling Machine Company\",\"url\":\"https:\/\/zunzz.com\/es\/\",\"logo\":{\"@type\":\"ImageObject\",\"inLanguage\":\"es\",\"@id\":\"https:\/\/zunzz.com\/es\/#\/schema\/logo\/image\/\",\"url\":\"https:\/\/zunzz.com\/wp-content\/uploads\/2023\/09\/Logo.png\",\"contentUrl\":\"https:\/\/zunzz.com\/wp-content\/uploads\/2023\/09\/Logo.png\",\"width\":171,\"height\":133,\"caption\":\"Zunzz Wire Rope Sling Machine Company\"},\"image\":{\"@id\":\"https:\/\/zunzz.com\/es\/#\/schema\/logo\/image\/\"}}]}<\/script>\n<!-- \/ Yoast SEO plugin. -->","yoast_head_json":{"title":"M\u00e1quina de recocido de cable de acero de 55 mm","description":"M\u00e1quina de recocido de cable de acero para cable de acero de 22-55 mm. La m\u00e1quina puede trabajar junto con el escape de humo. Se pueden fabricar otros tipos de cables de acero seg\u00fan pedido.","robots":{"index":"index","follow":"follow","max-snippet":"max-snippet:-1","max-image-preview":"max-image-preview:large","max-video-preview":"max-video-preview:-1"},"canonical":"https:\/\/zunzz.com\/es\/product\/wire-rope-annealing-machine\/","og_locale":"es_ES","og_type":"article","og_title":"M\u00e1quina de recocido de cable de acero de 55 mm","og_description":"M\u00e1quina de recocido de cable de acero para cable de acero de 22-55 mm. La m\u00e1quina puede trabajar junto con el escape de humo. Se pueden fabricar otros tipos de cables de acero seg\u00fan pedido.","og_url":"https:\/\/zunzz.com\/es\/product\/wire-rope-annealing-machine\/","og_site_name":"Zunzz Wire Rope Sling Machine Company","article_modified_time":"2025-12-14T03:27:12+00:00","og_image":[{"width":1000,"height":1000,"url":"https:\/\/zunzz.com\/wp-content\/uploads\/2023\/09\/Wire-Rope-Annealing-Machine-55mm-2.webp","type":"image\/webp"}],"twitter_card":"summary_large_image","twitter_misc":{"Tiempo de lectura":"5 minutos"},"schema":{"@context":"https:\/\/schema.org","@graph":[{"@type":"WebPage","@id":"https:\/\/zunzz.com\/es\/product\/wire-rope-annealing-machine\/","url":"https:\/\/zunzz.com\/es\/product\/wire-rope-annealing-machine\/","name":"M\u00e1quina de recocido de cable de acero de 55 mm","isPartOf":{"@id":"https:\/\/zunzz.com\/es\/#website"},"primaryImageOfPage":{"@id":"https:\/\/zunzz.com\/es\/product\/wire-rope-annealing-machine\/#primaryimage"},"image":{"@id":"https:\/\/zunzz.com\/es\/product\/wire-rope-annealing-machine\/#primaryimage"},"thumbnailUrl":"https:\/\/zunzz.com\/wp-content\/uploads\/2023\/09\/Wire-Rope-Annealing-Machine-55mm-2.webp","datePublished":"2025-12-13T02:04:06+00:00","dateModified":"2025-12-14T03:27:12+00:00","description":"M\u00e1quina de recocido de cable de acero para cable de acero de 22-55 mm. La m\u00e1quina puede trabajar junto con el escape de humo. Se pueden fabricar otros tipos de cables de acero seg\u00fan pedido.","breadcrumb":{"@id":"https:\/\/zunzz.com\/es\/product\/wire-rope-annealing-machine\/#breadcrumb"},"inLanguage":"es","potentialAction":[{"@type":"ReadAction","target":["https:\/\/zunzz.com\/es\/product\/wire-rope-annealing-machine\/"]}]},{"@type":"ImageObject","inLanguage":"es","@id":"https:\/\/zunzz.com\/es\/product\/wire-rope-annealing-machine\/#primaryimage","url":"https:\/\/zunzz.com\/wp-content\/uploads\/2023\/09\/Wire-Rope-Annealing-Machine-55mm-2.webp","contentUrl":"https:\/\/zunzz.com\/wp-content\/uploads\/2023\/09\/Wire-Rope-Annealing-Machine-55mm-2.webp","width":1000,"height":1000,"caption":"M\u00e1quina de recocido de cable de acero 55mm-2"},{"@type":"BreadcrumbList","@id":"https:\/\/zunzz.com\/es\/product\/wire-rope-annealing-machine\/#breadcrumb","itemListElement":[{"@type":"ListItem","position":1,"name":"Home","item":"https:\/\/zunzz.com\/es\/home\/"},{"@type":"ListItem","position":2,"name":"Shop","item":"https:\/\/zunzz.com\/bg\/shop\/"},{"@type":"ListItem","position":3,"name":"M\u00e1quina de recocido de cable de acero de 55 mm"}]},{"@type":"WebSite","@id":"https:\/\/zunzz.com\/es\/#website","url":"https:\/\/zunzz.com\/es\/","name":"Zunzz Wire Rope Sling Machine Company","description":"Zunzz Wire Rope Sling Machine Company is a leading manufacturer of wire rope sling machines and related products.","publisher":{"@id":"https:\/\/zunzz.com\/es\/#organization"},"potentialAction":[{"@type":"SearchAction","target":{"@type":"EntryPoint","urlTemplate":"https:\/\/zunzz.com\/es\/?s={search_term_string}"},"query-input":{"@type":"PropertyValueSpecification","valueRequired":true,"valueName":"search_term_string"}}],"inLanguage":"es"},{"@type":"Organization","@id":"https:\/\/zunzz.com\/es\/#organization","name":"Zunzz Wire Rope Sling Machine Company","url":"https:\/\/zunzz.com\/es\/","logo":{"@type":"ImageObject","inLanguage":"es","@id":"https:\/\/zunzz.com\/es\/#\/schema\/logo\/image\/","url":"https:\/\/zunzz.com\/wp-content\/uploads\/2023\/09\/Logo.png","contentUrl":"https:\/\/zunzz.com\/wp-content\/uploads\/2023\/09\/Logo.png","width":171,"height":133,"caption":"Zunzz Wire Rope Sling Machine Company"},"image":{"@id":"https:\/\/zunzz.com\/es\/#\/schema\/logo\/image\/"}}]}},"_links":{"self":[{"href":"https:\/\/zunzz.com\/es\/wp-json\/wp\/v2\/product\/1051","targetHints":{"allow":["GET"]}}],"collection":[{"href":"https:\/\/zunzz.com\/es\/wp-json\/wp\/v2\/product"}],"about":[{"href":"https:\/\/zunzz.com\/es\/wp-json\/wp\/v2\/types\/product"}],"replies":[{"embeddable":true,"href":"https:\/\/zunzz.com\/es\/wp-json\/wp\/v2\/comments?post=1051"}],"wp:featuredmedia":[{"embeddable":true,"href":"https:\/\/zunzz.com\/es\/wp-json\/wp\/v2\/media\/627"}],"wp:attachment":[{"href":"https:\/\/zunzz.com\/es\/wp-json\/wp\/v2\/media?parent=1051"}],"wp:term":[{"taxonomy":"product_brand","embeddable":true,"href":"https:\/\/zunzz.com\/es\/wp-json\/wp\/v2\/product_brand?post=1051"},{"taxonomy":"product_cat","embeddable":true,"href":"https:\/\/zunzz.com\/es\/wp-json\/wp\/v2\/product_cat?post=1051"},{"taxonomy":"product_tag","embeddable":true,"href":"https:\/\/zunzz.com\/es\/wp-json\/wp\/v2\/product_tag?post=1051"}],"curies":[{"name":"wp","href":"https:\/\/api.w.org\/{rel}","templated":true}]}}