{"id":1049,"date":"2025-12-13T05:13:39","date_gmt":"2025-12-13T05:13:39","guid":{"rendered":"https:\/\/zunzz.com\/product\/maquina-de-prensa-de-cable-de-acero-150t\/"},"modified":"2025-12-20T13:24:01","modified_gmt":"2025-12-20T13:24:01","slug":"wire-rope-press-machine","status":"publish","type":"product","link":"https:\/\/zunzz.com\/es\/product\/wire-rope-press-machine\/","title":{"rendered":"M\u00e1quina de prensa de cable de acero 150T"},"content":{"rendered":"<h3>1.Acerca de la prensa de cable de acero<\/h3>\n<p>La <strong>m\u00e1quina prensadora de cables de acero<\/strong> es una m\u00e1quina nueva desarrollada independientemente por la empresa Zunzz Machine en 2001. Utilizamos componentes de alta calidad de marcas l\u00edderes para garantizar una excelente confiabilidad y durabilidad. <\/p>\n<p>Est\u00e1 fabricado con acero de aleaci\u00f3n de alta calidad y es reconocido por sus clientes por su baja tasa de fallos, su funcionamiento suave, su alta eficiencia, su bajo nivel de ruido y su estructura compacta. Por lo tanto, se utiliza ampliamente en la industria sider\u00fargica, la construcci\u00f3n naval, las centrales el\u00e9ctricas, los puertos, el transporte, la construcci\u00f3n y otras industrias.<\/p>\n<p>El proceso tradicional de empalme de eslingas de cable met\u00e1lico requiere insertar un manguito met\u00e1lico en el extremo del cable, presionarlo y fijarlo. Este proceso puede causar f\u00e1cilmente da\u00f1os internos al cable.  <\/p>\n<p>La tecnolog\u00eda de conformado sin corte que utiliza la prensa hidr\u00e1ulica de cable de acero no requiere la inserci\u00f3n de manguitos met\u00e1licos durante el proceso de prensado. En su lugar, el cable se coloca directamente en el molde y se aplica presi\u00f3n mediante el sistema hidr\u00e1ulico. <\/p>\n<p>El metal en la cavidad de la matriz se combina completa y firmemente, y el cable se fija a los accesorios. Este m\u00e9todo reduce los da\u00f1os en el interior del cable, mantiene mejor su resistencia y durabilidad, y prolonga su vida \u00fatil. <\/p>\n<h3>2. Par\u00e1metro<\/h3>\n<div class=\"table-r\">\n<table width=\"100%\">\n<tbody>\n<tr>\n<td width=\"50%\">Capacidad\n<\/td>\n<td width=\"50%\">1500 kN<\/td>\n<\/tr>\n<tr>\n<td width=\"50%\">Rango de prensado\n<\/td>\n<td width=\"50%\">6-16 mm<\/td>\n<\/tr>\n<tr>\n<td width=\"50%\">Multiprensa\n<\/td>\n<td width=\"50%\">20 mm<\/td>\n<\/tr>\n<tr>\n<td width=\"50%\">M\u00e1ximo. Presi\u00f3n de aceite<\/td>\n<td width=\"50%\">63Mpa<\/td>\n<\/tr>\n<tr>\n<td width=\"50%\">Control de presi\u00f3n de aceite\n<\/td>\n<td width=\"50%\">7 Mpa<\/td>\n<\/tr>\n<tr>\n<td width=\"50%\">Carrera de trabajo\n<\/td>\n<td width=\"50%\">50 mm<\/td>\n<\/tr>\n<tr>\n<td width=\"50%\">Velocidad ascendente\n<\/td>\n<td width=\"50%\">9,8 mm\/s<\/td>\n<\/tr>\n<\/tbody>\n<\/table>\n<\/div>\n<p>&nbsp;<\/p>\n<p><iframe title=\"wire rope swaging machine\" width=\"1060\" height=\"596\" src=\"https:\/\/www.youtube.com\/embed\/Gn9A0sCPr0Y?feature=oembed\" frameborder=\"0\" allow=\"accelerometer; autoplay; clipboard-write; encrypted-media; gyroscope; picture-in-picture; web-share\" referrerpolicy=\"strict-origin-when-cross-origin\" allowfullscreen><\/iframe><\/p>\n<h3>3. Caracter\u00edsticas de la m\u00e1quina prensadora de cables de acero:<\/h3>\n<p><strong>Alta resistencia, buena concentricidad y superficie lisa de la eslinga prensada:<\/strong> se utiliza tecnolog\u00eda de prensado avanzada para garantizar que la eslinga de cable de acero prensado tenga alta resistencia, buena concentricidad y superficie lisa.<\/p>\n<p><strong>Fuerza uniforme, prensado estable, larga vida \u00fatil, poco mantenimiento:<\/strong> el dise\u00f1o de la m\u00e1quina es razonable y la fuerza es uniforme durante el proceso de prensado, lo que garantiza la calidad y la vida \u00fatil de la eslinga y reduce la cantidad de tiempos de mantenimiento y costos de mantenimiento.<\/p>\n<p><strong>El sistema de suministro de aceite tiene un alto rendimiento de sellado, es seguro, confiable y duradero:<\/strong> el sistema de bomba de aceite utiliza bombas de alta y baja presi\u00f3n para suministrar aceite, y la m\u00e1quina tiene un rendimiento de sellado extremadamente alto, lo que la hace m\u00e1s segura, confiable y duradera.<\/p>\n<p><strong>Dise\u00f1o de molde redondo, posicionamiento autom\u00e1tico, f\u00e1cil reemplazo de moldes:<\/strong> El dise\u00f1o de molde redondo permite el posicionamiento autom\u00e1tico, lo que facilita y agiliza el reemplazo de moldes, mejorando la eficiencia de producci\u00f3n. El prensado de alambre de acero se completa en minutos. <strong>Tambi\u00e9n se suministran matrices de bloque.<\/strong><\/p>\n<p><strong>El pist\u00f3n puede detenerse en cualquier posici\u00f3n:<\/strong> el pist\u00f3n est\u00e1 dise\u00f1ado para ser flexible y puede detenerse en cualquier posici\u00f3n para facilitar la operaci\u00f3n y el ajuste.<\/p>\n<p><strong>Tecnolog\u00eda avanzada, hermosa apariencia:<\/strong> Fabricado con tecnolog\u00eda avanzada, hermosa apariencia, en l\u00ednea con la est\u00e9tica industrial moderna y los requisitos ergon\u00f3micos.<\/p>\n<p><strong>Ahorro de cable de acero:<\/strong> se ahorra el uso de cable de acero durante el proceso de prensado, lo que ahorra costos para los clientes.<\/p>\n<h3><img fetchpriority=\"high\" decoding=\"async\" class=\"alignnone wp-image-373 \" src=\"https:\/\/zunzz.com\/wp-content\/uploads\/2023\/09\/Wire-Rope-Press-Machine-150T-3.webp\" alt=\"M\u00e1quina de prensa de cable de acero 150T-3\" width=\"1080\" height=\"1080\" srcset=\"https:\/\/zunzz.com\/wp-content\/uploads\/2023\/09\/Wire-Rope-Press-Machine-150T-3.webp 1024w, https:\/\/zunzz.com\/wp-content\/uploads\/2023\/09\/Wire-Rope-Press-Machine-150T-3-300x300.webp 300w, https:\/\/zunzz.com\/wp-content\/uploads\/2023\/09\/Wire-Rope-Press-Machine-150T-3-150x150.webp 150w, https:\/\/zunzz.com\/wp-content\/uploads\/2023\/09\/Wire-Rope-Press-Machine-150T-3-768x768.webp 768w, https:\/\/zunzz.com\/wp-content\/uploads\/2023\/09\/Wire-Rope-Press-Machine-150T-3-570x570.webp 570w, https:\/\/zunzz.com\/wp-content\/uploads\/2023\/09\/Wire-Rope-Press-Machine-150T-3-500x500.webp 500w, https:\/\/zunzz.com\/wp-content\/uploads\/2023\/09\/Wire-Rope-Press-Machine-150T-3-1000x1000.webp 1000w, https:\/\/zunzz.com\/wp-content\/uploads\/2023\/09\/Wire-Rope-Press-Machine-150T-3-700x700.webp 700w, https:\/\/zunzz.com\/wp-content\/uploads\/2023\/09\/Wire-Rope-Press-Machine-150T-3-650x650.webp 650w, https:\/\/zunzz.com\/wp-content\/uploads\/2023\/09\/Wire-Rope-Press-Machine-150T-3-600x600.webp 600w, https:\/\/zunzz.com\/wp-content\/uploads\/2023\/09\/Wire-Rope-Press-Machine-150T-3-100x100.webp 100w\" sizes=\"(max-width: 1080px) 100vw, 1080px\" \/><\/h3>\n<h3><img decoding=\"async\" class=\"alignnone wp-image-372 size-full\" src=\"https:\/\/zunzz.com\/wp-content\/uploads\/2023\/09\/Wire-Rope-Press-Machine-150T-2.webp\" alt=\"M\u00e1quina de prensa de cable de acero 150T-2\" width=\"1080\" height=\"1440\" srcset=\"https:\/\/zunzz.com\/wp-content\/uploads\/2023\/09\/Wire-Rope-Press-Machine-150T-2.webp 1080w, https:\/\/zunzz.com\/wp-content\/uploads\/2023\/09\/Wire-Rope-Press-Machine-150T-2-225x300.webp 225w, https:\/\/zunzz.com\/wp-content\/uploads\/2023\/09\/Wire-Rope-Press-Machine-150T-2-768x1024.webp 768w, https:\/\/zunzz.com\/wp-content\/uploads\/2023\/09\/Wire-Rope-Press-Machine-150T-2-600x800.webp 600w, https:\/\/zunzz.com\/wp-content\/uploads\/2023\/09\/Wire-Rope-Press-Machine-150T-2-700x933.webp 700w\" sizes=\"(max-width: 1080px) 100vw, 1080px\" \/><\/h3>\n<h3>4. Pasos de funcionamiento de la prensa hidr\u00e1ulica de cables de acero:<\/h3>\n<p><strong>Arreglar el molde:<\/strong> Instalaci\u00f3n de los moldes.<\/p>\n<p><strong>Ajustar la presi\u00f3n:<\/strong> Ajuste la m\u00e1quina para aplicar la presi\u00f3n adecuada seg\u00fan los requisitos del cable de acero.<\/p>\n<p><strong>Operaci\u00f3n de elevaci\u00f3n:<\/strong> Coloque la funda del cable de acero verticalmente en el centro del molde. Presione el pedal de elevaci\u00f3n y el pist\u00f3n comenzar\u00e1 a ascender. Cuando el pist\u00f3n alcance una presi\u00f3n determinada, se encender\u00e1 el indicador de elevaci\u00f3n y la m\u00e1quina se detendr\u00e1 autom\u00e1ticamente y finalizar\u00e1 el prensado.  <\/p>\n<p><strong>Operaci\u00f3n de descenso:<\/strong> Tras finalizar el prensado, presione el interruptor de descenso y el pist\u00f3n descender\u00e1. La luz indicadora de descenso se iluminar\u00e1, indicando que el pist\u00f3n est\u00e1 bajando. Una vez que el pist\u00f3n haya descendido por completo, retire el cable prensado.  <\/p>\n<h3><img decoding=\"async\" class=\"alignnone wp-image-371 size-full\" src=\"https:\/\/zunzz.com\/wp-content\/uploads\/2023\/09\/Wire-Rope-Press-Machine-150T-1.webp\" alt=\"M\u00e1quina de prensa de cable de acero 150T-1\" width=\"1080\" height=\"1440\" srcset=\"https:\/\/zunzz.com\/wp-content\/uploads\/2023\/09\/Wire-Rope-Press-Machine-150T-1.webp 1080w, https:\/\/zunzz.com\/wp-content\/uploads\/2023\/09\/Wire-Rope-Press-Machine-150T-1-225x300.webp 225w, https:\/\/zunzz.com\/wp-content\/uploads\/2023\/09\/Wire-Rope-Press-Machine-150T-1-768x1024.webp 768w, https:\/\/zunzz.com\/wp-content\/uploads\/2023\/09\/Wire-Rope-Press-Machine-150T-1-600x800.webp 600w, https:\/\/zunzz.com\/wp-content\/uploads\/2023\/09\/Wire-Rope-Press-Machine-150T-1-700x933.webp 700w\" sizes=\"(max-width: 1080px) 100vw, 1080px\" \/><\/h3>\n<p><img loading=\"lazy\" decoding=\"async\" class=\"alignnone wp-image-374 size-full\" src=\"https:\/\/zunzz.com\/wp-content\/uploads\/2023\/09\/Wire-Rope-Press-Machine-150T-4.webp\" alt=\"M\u00e1quina de prensa de cable de acero 150T-4\" width=\"1080\" height=\"1440\" srcset=\"https:\/\/zunzz.com\/wp-content\/uploads\/2023\/09\/Wire-Rope-Press-Machine-150T-4.webp 1080w, https:\/\/zunzz.com\/wp-content\/uploads\/2023\/09\/Wire-Rope-Press-Machine-150T-4-225x300.webp 225w, https:\/\/zunzz.com\/wp-content\/uploads\/2023\/09\/Wire-Rope-Press-Machine-150T-4-768x1024.webp 768w, https:\/\/zunzz.com\/wp-content\/uploads\/2023\/09\/Wire-Rope-Press-Machine-150T-4-600x800.webp 600w, https:\/\/zunzz.com\/wp-content\/uploads\/2023\/09\/Wire-Rope-Press-Machine-150T-4-700x933.webp 700w\" sizes=\"(max-width: 1080px) 100vw, 1080px\" \/><\/p>\n<h3>5. Preguntas frecuentes:<\/h3>\n<p><strong>1. \u00bfQu\u00e9 es el servicio posventa?<\/strong><br \/>\nEl servicio posventa se refiere a los servicios de soporte y mantenimiento brindados despu\u00e9s de que los clientes compran productos, incluida la garant\u00eda y el mantenimiento, etc. Brindamos garant\u00eda de 24 horas y servicios de mantenimiento de por vida del producto de 12 meses. <\/p>\n<p><strong>2. Si no he utilizado una prensa antes, \u00bfc\u00f3mo instalo y opero la m\u00e1quina?<\/strong><br \/>\n\u00a1No hay problema! Le proporcionaremos un manual de usuario con instrucciones detalladas de instalaci\u00f3n y funcionamiento para que pueda empezar f\u00e1cilmente. <\/p>\n<p><strong>3.\u00bfDebo ver la m\u00e1quina en funcionamiento antes de realizar el pedido?<\/strong><br \/>\na. Puede enviarnos una consulta y comprobaremos si disponemos de una m\u00e1quina de exhibici\u00f3n para clientes en su pa\u00eds.<x id=\"gid_0\"><\/x>b. Le damos la bienvenida a nuestra f\u00e1brica; le ense\u00f1aremos personalmente a operarla.<x id=\"gid_1\"><\/x>c. Si no le resulta conveniente estar presente, tambi\u00e9n podemos mostrarle el funcionamiento de la m\u00e1quina mediante un video.   <\/p>\n<p><strong>4. Si hago un pedido, \u00bfcu\u00e1nto tiempo tarda en completarse una m\u00e1quina?<\/strong><br \/>\nEl plazo de entrega habitual es de 45 d\u00edas. Si disponemos de las m\u00e1quinas y los moldes que necesita en stock, podemos enviarlos en un plazo de 7 a 10 d\u00edas tras recibir su pago. <\/p>\n<p><strong>5. \u00bfSon una empresa comercial o una f\u00e1brica?<br \/>\n<\/strong>Somos un fabricante profesional de <strong>m\u00e1quinas prensadoras de cables de acero<\/strong> y <strong>m\u00e1quinas de recocido de cables de acero<\/strong> con 20 a\u00f1os de experiencia. Todos los productos se fabrican en nuestra propia f\u00e1brica. <\/p>\n<p><strong>6. \u00bfTienen otros modelos de m\u00e1quinas de prensado de cables de acero?<br \/>\n<\/strong>S\u00ed, tambi\u00e9n disponemos de los modelos 350T, <a title=\"M\u00e1quina prensadora de cable 600T\" href=\"https:\/\/zunzz.com\/es\/product\/wire-rope-pressing-machine\/\">m\u00e1quina prensadora de cables de acero 600T<\/a>, 1000T, 1500T, 3000T y 5000T.<\/p>\n<p><strong>7.\u00bfC\u00f3mo contactar con ventas?<\/strong><br \/>\nPuede ponerse en contacto con nosotros rellenando el formulario de mensajes y nuestro equipo comercial se comunicar\u00e1 con usted lo antes posible.<\/p>\n\n<div class=\"wpcf7 no-js\" id=\"wpcf7-f5528-o1\" lang=\"es-ES\" dir=\"ltr\" data-wpcf7-id=\"5528\">\n<div class=\"screen-reader-response\"><p role=\"status\" aria-live=\"polite\" aria-atomic=\"true\"><\/p> <ul><\/ul><\/div>\n<form action=\"\/es\/wp-json\/wp\/v2\/product\/1049#wpcf7-f5528-o1\" method=\"post\" class=\"wpcf7-form init\" aria-label=\"Formulario de contacto\" novalidate=\"novalidate\" data-status=\"init\">\n<fieldset class=\"hidden-fields-container\"><input type=\"hidden\" name=\"_wpcf7\" value=\"5528\" \/><input type=\"hidden\" name=\"_wpcf7_version\" value=\"6.1.4\" \/><input type=\"hidden\" name=\"_wpcf7_locale\" value=\"es_ES\" \/><input type=\"hidden\" name=\"_wpcf7_unit_tag\" value=\"wpcf7-f5528-o1\" \/><input type=\"hidden\" name=\"_wpcf7_container_post\" value=\"0\" \/><input type=\"hidden\" name=\"_wpcf7_posted_data_hash\" value=\"\" \/>\n<\/fieldset>\n<div class=\"wpcf7-turnstile cf-turnstile\" data-sitekey=\"0x4AAAAAACHlhHyKtoljFN8P\" data-response-field-name=\"_wpcf7_turnstile_response\"><\/div>\n\n<p>\n    <\/p><h4 style=\"color:#333333;font-size:20px;font-family:\"background-color:#FFFFFF;font-weight:normal !important;\">\n        <span style=\"color:red;\">Env\u00edanos tus requisitos - te responderemos en 24 horas<\/span>\n    <\/h4>\n\n\n<div class=\"row\" style=\"display:flex; flex-wrap:wrap; width:100%;\">\n\n    <!-- Name -->\n    <div style=\"width:40%; padding-right:10px; box-sizing:border-box;\">\n        <div class=\"form-group\" style=\"margin-bottom:15px;\">\n <span class=\"wpcf7-form-control-wrap\" data-name=\"your-name\"><input size=\"40\" maxlength=\"400\" class=\"wpcf7-form-control wpcf7-text wpcf7-validates-as-required\" aria-required=\"true\" aria-invalid=\"false\" placeholder=\"Su nombre *\" value=\"\" type=\"text\" name=\"your-name\" \/><\/span>\n        <\/div>\n    <\/div>\n\n    <!-- Email -->\n    <div style=\"width:60%; padding-left:10px; box-sizing:border-box;\">\n        <div class=\"form-group\" style=\"margin-bottom:15px;\">\n <span class=\"wpcf7-form-control-wrap\" data-name=\"your-email\"><input size=\"40\" maxlength=\"400\" class=\"wpcf7-form-control wpcf7-email wpcf7-validates-as-required wpcf7-text wpcf7-validates-as-email\" aria-required=\"true\" aria-invalid=\"false\" placeholder=\"Direcci\u00f3n de correo electr\u00f3nico *\" value=\"\" type=\"email\" name=\"your-email\" \/><\/span>\n        <\/div>\n    <\/div>\n\n    <!-- Message -->\n    <div style=\"width:100%; box-sizing:border-box;\">\n        <div class=\"form-group\" style=\"margin-bottom:15px;\">\n            <span class=\"wpcf7-form-control-wrap\" data-name=\"your-message\"><textarea cols=\"30\" rows=\"4\" maxlength=\"2000\" class=\"wpcf7-form-control wpcf7-textarea\" aria-invalid=\"false\" placeholder=\"Por favor escribe tu mensaje aqu\u00ed\" name=\"your-message\"><\/textarea><\/span>\n        <\/div>\n    <\/div>\n\n    <!-- Submit -->\n    <div style=\"width:100%; box-sizing:border-box;\">\n        <input class=\"wpcf7-form-control wpcf7-submit has-spinner btn btn-default\" type=\"submit\" value=\"Env\u00edanos un mensaje y obt\u00e9n una cotizaci\u00f3n\" \/>\n    <\/div>\n\n<\/div><div class=\"wpcf7-response-output\" aria-hidden=\"true\"><\/div>\n<\/form>\n<\/div>\n\n","protected":false},"excerpt":{"rendered":"<div class=\"table-r\">\n<table width=\"100%\">\n<tbody>\n<tr>\n<td width=\"50%\">Modelo:\n<\/td>\n<td width=\"50%\">YT150<\/td>\n<\/tr>\n<tr>\n<td width=\"50%\">Capacidad:\n<\/td>\n<td width=\"50%\">1500kn<\/td>\n<\/tr>\n<tr>\n<td width=\"50%\">Di\u00e1metro de prensa:\n<\/td>\n<td width=\"50%\">16cm<\/td>\n<\/tr>\n<tr>\n<td width=\"50%\">Fuerza:\n<\/td>\n<td width=\"50%\">4kW<\/td>\n<\/tr>\n<tr>\n<td width=\"50%\">Tama\u00f1o:\n<\/td>\n<td width=\"50%\">900*530*1400mm<\/td>\n<\/tr>\n<tr>\n<td width=\"50%\">Peso:\n<\/td>\n<td width=\"50%\">400 kilos<\/td>\n<\/tr>\n<\/tbody>\n<\/table>\n<p><strong>Idioma disponible:<\/strong>[wpml_language_selector_widget]<\/p>\n[contact-form-7 id=\"055e9b5\" title=\"Contact form 2\"]\n<\/div>\n","protected":false},"featured_media":645,"comment_status":"open","ping_status":"closed","template":"","meta":[],"product_brand":[],"product_cat":[67],"product_tag":[81],"class_list":{"0":"post-1049","1":"product","2":"type-product","3":"status-publish","4":"has-post-thumbnail","6":"product_cat-wire-rope-swaging-machine","7":"product_tag-wire-rope-swaging-machine","9":"first","10":"instock","11":"taxable","12":"shipping-taxable","13":"product-type-simple"},"yoast_head":"<!-- This site is optimized with the Yoast SEO plugin v26.8 - https:\/\/yoast.com\/product\/yoast-seo-wordpress\/ -->\n<title>M\u00e1quina de prensa de cable de acero 150T<\/title>\n<meta name=\"description\" content=\"La prensa de cables de acero es una m\u00e1quina nueva desarrollada independientemente por Zunzz en 2001. Utilizamos componentes de alta calidad de marcas l\u00edderes.\" \/>\n<meta name=\"robots\" content=\"index, follow, max-snippet:-1, max-image-preview:large, max-video-preview:-1\" \/>\n<link rel=\"canonical\" href=\"https:\/\/zunzz.com\/es\/product\/wire-rope-press-machine\/\" \/>\n<meta property=\"og:locale\" content=\"es_ES\" \/>\n<meta property=\"og:type\" content=\"article\" \/>\n<meta property=\"og:title\" content=\"M\u00e1quina de prensa de cable de acero 150T\" \/>\n<meta property=\"og:description\" content=\"La prensa de cables de acero es una m\u00e1quina nueva desarrollada independientemente por Zunzz en 2001. Utilizamos componentes de alta calidad de marcas l\u00edderes.\" \/>\n<meta property=\"og:url\" content=\"https:\/\/zunzz.com\/es\/product\/wire-rope-press-machine\/\" \/>\n<meta property=\"og:site_name\" content=\"Zunzz Wire Rope Sling Machine Company\" \/>\n<meta property=\"article:modified_time\" content=\"2025-12-20T13:24:01+00:00\" \/>\n<meta property=\"og:image\" content=\"https:\/\/zunzz.com\/wp-content\/uploads\/2023\/09\/Wire-Rope-Press-Machine-150T-3.webp\" \/>\n\t<meta property=\"og:image:width\" content=\"1024\" \/>\n\t<meta property=\"og:image:height\" content=\"1024\" \/>\n\t<meta property=\"og:image:type\" content=\"image\/webp\" \/>\n<meta name=\"twitter:card\" content=\"summary_large_image\" \/>\n<meta name=\"twitter:label1\" content=\"Tiempo de lectura\" \/>\n\t<meta name=\"twitter:data1\" content=\"7 minutos\" \/>\n<script type=\"application\/ld+json\" class=\"yoast-schema-graph\">{\"@context\":\"https:\/\/schema.org\",\"@graph\":[{\"@type\":\"WebPage\",\"@id\":\"https:\/\/zunzz.com\/es\/product\/wire-rope-press-machine\/\",\"url\":\"https:\/\/zunzz.com\/es\/product\/wire-rope-press-machine\/\",\"name\":\"M\u00e1quina de prensa de cable de acero 150T\",\"isPartOf\":{\"@id\":\"https:\/\/zunzz.com\/es\/#website\"},\"primaryImageOfPage\":{\"@id\":\"https:\/\/zunzz.com\/es\/product\/wire-rope-press-machine\/#primaryimage\"},\"image\":{\"@id\":\"https:\/\/zunzz.com\/es\/product\/wire-rope-press-machine\/#primaryimage\"},\"thumbnailUrl\":\"https:\/\/zunzz.com\/wp-content\/uploads\/2023\/09\/Wire-Rope-Press-Machine-150T-3.webp\",\"datePublished\":\"2025-12-13T05:13:39+00:00\",\"dateModified\":\"2025-12-20T13:24:01+00:00\",\"description\":\"La prensa de cables de acero es una m\u00e1quina nueva desarrollada independientemente por Zunzz en 2001. Utilizamos componentes de alta calidad de marcas l\u00edderes.\",\"breadcrumb\":{\"@id\":\"https:\/\/zunzz.com\/es\/product\/wire-rope-press-machine\/#breadcrumb\"},\"inLanguage\":\"es\",\"potentialAction\":[{\"@type\":\"ReadAction\",\"target\":[\"https:\/\/zunzz.com\/es\/product\/wire-rope-press-machine\/\"]}]},{\"@type\":\"ImageObject\",\"inLanguage\":\"es\",\"@id\":\"https:\/\/zunzz.com\/es\/product\/wire-rope-press-machine\/#primaryimage\",\"url\":\"https:\/\/zunzz.com\/wp-content\/uploads\/2023\/09\/Wire-Rope-Press-Machine-150T-3.webp\",\"contentUrl\":\"https:\/\/zunzz.com\/wp-content\/uploads\/2023\/09\/Wire-Rope-Press-Machine-150T-3.webp\",\"width\":1024,\"height\":1024,\"caption\":\"M\u00e1quina de prensa de cable de acero 150T-3\"},{\"@type\":\"BreadcrumbList\",\"@id\":\"https:\/\/zunzz.com\/es\/product\/wire-rope-press-machine\/#breadcrumb\",\"itemListElement\":[{\"@type\":\"ListItem\",\"position\":1,\"name\":\"Home\",\"item\":\"https:\/\/zunzz.com\/es\/home\/\"},{\"@type\":\"ListItem\",\"position\":2,\"name\":\"Shop\",\"item\":\"https:\/\/zunzz.com\/bg\/shop\/\"},{\"@type\":\"ListItem\",\"position\":3,\"name\":\"M\u00e1quina de prensa de cable de acero 150T\"}]},{\"@type\":\"WebSite\",\"@id\":\"https:\/\/zunzz.com\/es\/#website\",\"url\":\"https:\/\/zunzz.com\/es\/\",\"name\":\"Zunzz Wire Rope Sling Machine Company\",\"description\":\"Zunzz Wire Rope Sling Machine Company is a leading manufacturer of wire rope sling machines and related products.\",\"publisher\":{\"@id\":\"https:\/\/zunzz.com\/es\/#organization\"},\"potentialAction\":[{\"@type\":\"SearchAction\",\"target\":{\"@type\":\"EntryPoint\",\"urlTemplate\":\"https:\/\/zunzz.com\/es\/?s={search_term_string}\"},\"query-input\":{\"@type\":\"PropertyValueSpecification\",\"valueRequired\":true,\"valueName\":\"search_term_string\"}}],\"inLanguage\":\"es\"},{\"@type\":\"Organization\",\"@id\":\"https:\/\/zunzz.com\/es\/#organization\",\"name\":\"Zunzz Wire Rope Sling Machine Company\",\"url\":\"https:\/\/zunzz.com\/es\/\",\"logo\":{\"@type\":\"ImageObject\",\"inLanguage\":\"es\",\"@id\":\"https:\/\/zunzz.com\/es\/#\/schema\/logo\/image\/\",\"url\":\"https:\/\/zunzz.com\/wp-content\/uploads\/2023\/09\/Logo.png\",\"contentUrl\":\"https:\/\/zunzz.com\/wp-content\/uploads\/2023\/09\/Logo.png\",\"width\":171,\"height\":133,\"caption\":\"Zunzz Wire Rope Sling Machine Company\"},\"image\":{\"@id\":\"https:\/\/zunzz.com\/es\/#\/schema\/logo\/image\/\"}}]}<\/script>\n<!-- \/ Yoast SEO plugin. -->","yoast_head_json":{"title":"M\u00e1quina de prensa de cable de acero 150T","description":"La prensa de cables de acero es una m\u00e1quina nueva desarrollada independientemente por Zunzz en 2001. Utilizamos componentes de alta calidad de marcas l\u00edderes.","robots":{"index":"index","follow":"follow","max-snippet":"max-snippet:-1","max-image-preview":"max-image-preview:large","max-video-preview":"max-video-preview:-1"},"canonical":"https:\/\/zunzz.com\/es\/product\/wire-rope-press-machine\/","og_locale":"es_ES","og_type":"article","og_title":"M\u00e1quina de prensa de cable de acero 150T","og_description":"La prensa de cables de acero es una m\u00e1quina nueva desarrollada independientemente por Zunzz en 2001. Utilizamos componentes de alta calidad de marcas l\u00edderes.","og_url":"https:\/\/zunzz.com\/es\/product\/wire-rope-press-machine\/","og_site_name":"Zunzz Wire Rope Sling Machine Company","article_modified_time":"2025-12-20T13:24:01+00:00","og_image":[{"width":1024,"height":1024,"url":"https:\/\/zunzz.com\/wp-content\/uploads\/2023\/09\/Wire-Rope-Press-Machine-150T-3.webp","type":"image\/webp"}],"twitter_card":"summary_large_image","twitter_misc":{"Tiempo de lectura":"7 minutos"},"schema":{"@context":"https:\/\/schema.org","@graph":[{"@type":"WebPage","@id":"https:\/\/zunzz.com\/es\/product\/wire-rope-press-machine\/","url":"https:\/\/zunzz.com\/es\/product\/wire-rope-press-machine\/","name":"M\u00e1quina de prensa de cable de acero 150T","isPartOf":{"@id":"https:\/\/zunzz.com\/es\/#website"},"primaryImageOfPage":{"@id":"https:\/\/zunzz.com\/es\/product\/wire-rope-press-machine\/#primaryimage"},"image":{"@id":"https:\/\/zunzz.com\/es\/product\/wire-rope-press-machine\/#primaryimage"},"thumbnailUrl":"https:\/\/zunzz.com\/wp-content\/uploads\/2023\/09\/Wire-Rope-Press-Machine-150T-3.webp","datePublished":"2025-12-13T05:13:39+00:00","dateModified":"2025-12-20T13:24:01+00:00","description":"La prensa de cables de acero es una m\u00e1quina nueva desarrollada independientemente por Zunzz en 2001. Utilizamos componentes de alta calidad de marcas l\u00edderes.","breadcrumb":{"@id":"https:\/\/zunzz.com\/es\/product\/wire-rope-press-machine\/#breadcrumb"},"inLanguage":"es","potentialAction":[{"@type":"ReadAction","target":["https:\/\/zunzz.com\/es\/product\/wire-rope-press-machine\/"]}]},{"@type":"ImageObject","inLanguage":"es","@id":"https:\/\/zunzz.com\/es\/product\/wire-rope-press-machine\/#primaryimage","url":"https:\/\/zunzz.com\/wp-content\/uploads\/2023\/09\/Wire-Rope-Press-Machine-150T-3.webp","contentUrl":"https:\/\/zunzz.com\/wp-content\/uploads\/2023\/09\/Wire-Rope-Press-Machine-150T-3.webp","width":1024,"height":1024,"caption":"M\u00e1quina de prensa de cable de acero 150T-3"},{"@type":"BreadcrumbList","@id":"https:\/\/zunzz.com\/es\/product\/wire-rope-press-machine\/#breadcrumb","itemListElement":[{"@type":"ListItem","position":1,"name":"Home","item":"https:\/\/zunzz.com\/es\/home\/"},{"@type":"ListItem","position":2,"name":"Shop","item":"https:\/\/zunzz.com\/bg\/shop\/"},{"@type":"ListItem","position":3,"name":"M\u00e1quina de prensa de cable de acero 150T"}]},{"@type":"WebSite","@id":"https:\/\/zunzz.com\/es\/#website","url":"https:\/\/zunzz.com\/es\/","name":"Zunzz Wire Rope Sling Machine Company","description":"Zunzz Wire Rope Sling Machine Company is a leading manufacturer of wire rope sling machines and related products.","publisher":{"@id":"https:\/\/zunzz.com\/es\/#organization"},"potentialAction":[{"@type":"SearchAction","target":{"@type":"EntryPoint","urlTemplate":"https:\/\/zunzz.com\/es\/?s={search_term_string}"},"query-input":{"@type":"PropertyValueSpecification","valueRequired":true,"valueName":"search_term_string"}}],"inLanguage":"es"},{"@type":"Organization","@id":"https:\/\/zunzz.com\/es\/#organization","name":"Zunzz Wire Rope Sling Machine Company","url":"https:\/\/zunzz.com\/es\/","logo":{"@type":"ImageObject","inLanguage":"es","@id":"https:\/\/zunzz.com\/es\/#\/schema\/logo\/image\/","url":"https:\/\/zunzz.com\/wp-content\/uploads\/2023\/09\/Logo.png","contentUrl":"https:\/\/zunzz.com\/wp-content\/uploads\/2023\/09\/Logo.png","width":171,"height":133,"caption":"Zunzz Wire Rope Sling Machine Company"},"image":{"@id":"https:\/\/zunzz.com\/es\/#\/schema\/logo\/image\/"}}]}},"_links":{"self":[{"href":"https:\/\/zunzz.com\/es\/wp-json\/wp\/v2\/product\/1049","targetHints":{"allow":["GET"]}}],"collection":[{"href":"https:\/\/zunzz.com\/es\/wp-json\/wp\/v2\/product"}],"about":[{"href":"https:\/\/zunzz.com\/es\/wp-json\/wp\/v2\/types\/product"}],"replies":[{"embeddable":true,"href":"https:\/\/zunzz.com\/es\/wp-json\/wp\/v2\/comments?post=1049"}],"wp:featuredmedia":[{"embeddable":true,"href":"https:\/\/zunzz.com\/es\/wp-json\/wp\/v2\/media\/645"}],"wp:attachment":[{"href":"https:\/\/zunzz.com\/es\/wp-json\/wp\/v2\/media?parent=1049"}],"wp:term":[{"taxonomy":"product_brand","embeddable":true,"href":"https:\/\/zunzz.com\/es\/wp-json\/wp\/v2\/product_brand?post=1049"},{"taxonomy":"product_cat","embeddable":true,"href":"https:\/\/zunzz.com\/es\/wp-json\/wp\/v2\/product_cat?post=1049"},{"taxonomy":"product_tag","embeddable":true,"href":"https:\/\/zunzz.com\/es\/wp-json\/wp\/v2\/product_tag?post=1049"}],"curies":[{"name":"wp","href":"https:\/\/api.w.org\/{rel}","templated":true}]}}