{"id":1047,"date":"2023-09-22T02:36:31","date_gmt":"2023-09-22T02:36:31","guid":{"rendered":"https:\/\/zunzz.com\/product\/maquina-de-prueba-de-traccion-hidraulica\/"},"modified":"2025-05-21T00:55:06","modified_gmt":"2025-05-21T00:55:06","slug":"hydraulic-tensile-testing-machine","status":"publish","type":"product","link":"https:\/\/zunzz.com\/es\/product\/hydraulic-tensile-testing-machine\/","title":{"rendered":"M\u00e1quina de ensayo de tracci\u00f3n hidr\u00e1ulica 200T"},"content":{"rendered":"<h2>1. M\u00e1quina de prueba de tracci\u00f3n hidr\u00e1ulica<\/h2>\n<p>La <strong>m\u00e1quina hidr\u00e1ulica de ensayos de tracci\u00f3n<\/strong> prueba cables, eslingas de cable, eslingas de cinta, ganchos, cadenas, etc. Se utiliza ampliamente en sectores como la industria naval, la construcci\u00f3n, la electricidad, la elevaci\u00f3n y el rescate para garantizar la seguridad y fiabilidad de los aparejos.<\/p>\n<p>El informe de prueba se puede imprimir.<\/p>\n<p><strong>Precauciones de seguridad:<\/strong> Antes de realizar la prueba, compruebe que el dispositivo est\u00e9 bien fijado para evitar deslizamientos. Se proh\u00edbe estrictamente la sobrecarga para evitar da\u00f1os al equipo o lesiones personales. Calibre los sensores peri\u00f3dicamente para garantizar la precisi\u00f3n de los datos.<\/p>\n<p><strong>funci\u00f3n principal<\/strong><\/p>\n<p>Tensile test: measure the maximum tensile strength (fracture strength) of the rigging.<br \/>\nLoad testing: Simulate actual working loads to verify the load-bearing capacity of rigging.<br \/>\nElongation test: Record the degree of deformation of the material under tension.<br \/>\nDurability testing: repeated loading to test fatigue life.<br \/>\nStatic\/Dynamic Testing: Choose different testing modes based on requirements.<\/p>\n<p><img fetchpriority=\"high\" decoding=\"async\" class=\"alignnone wp-image-383 size-full\" src=\"https:\/\/zunzz.com\/wp-content\/uploads\/2023\/09\/Hydraulic-Tensile-Testing-Machine-2.webp\" alt=\"m\u00e1quina de ensayo de tracci\u00f3n hidr\u00e1ulica-2\" width=\"1000\" height=\"1267\" srcset=\"https:\/\/zunzz.com\/wp-content\/uploads\/2023\/09\/Hydraulic-Tensile-Testing-Machine-2.webp 1000w, https:\/\/zunzz.com\/wp-content\/uploads\/2023\/09\/Hydraulic-Tensile-Testing-Machine-2-237x300.webp 237w, https:\/\/zunzz.com\/wp-content\/uploads\/2023\/09\/Hydraulic-Tensile-Testing-Machine-2-808x1024.webp 808w, https:\/\/zunzz.com\/wp-content\/uploads\/2023\/09\/Hydraulic-Tensile-Testing-Machine-2-768x973.webp 768w, https:\/\/zunzz.com\/wp-content\/uploads\/2023\/09\/Hydraulic-Tensile-Testing-Machine-2-700x887.webp 700w, https:\/\/zunzz.com\/wp-content\/uploads\/2023\/09\/Hydraulic-Tensile-Testing-Machine-2-600x760.webp 600w\" sizes=\"(max-width: 1000px) 100vw, 1000px\" \/><\/p>\n<h2>2. Par\u00e1metros t\u00e9cnicos<\/h2>\n<div class=\"table-r\">\n<table width=\"100%\">\n<tbody>\n<tr>\n<td width=\"50%\">M\u00e1ximo. Presi\u00f3n cargada<\/td>\n<td width=\"50%\">63Mpa<\/td>\n<\/tr>\n<tr>\n<td width=\"50%\">M\u00e1ximo. Movimiento del pist\u00f3n<\/td>\n<td width=\"50%\">1500mm<\/td>\n<\/tr>\n<tr>\n<td width=\"50%\">Velocidad de extracci\u00f3n del pist\u00f3n:<\/td>\n<td width=\"50%\">8 mm\/s<\/td>\n<\/tr>\n<tr>\n<td width=\"50%\">La velocidad cargada del pist\u00f3n<\/td>\n<td width=\"50%\">2 mm\/s<\/td>\n<\/tr>\n<tr>\n<td width=\"50%\">La velocidad de retroceso del pist\u00f3n<\/td>\n<td width=\"50%\">10 mm\/s<\/td>\n<\/tr>\n<tr>\n<td width=\"50%\">Tolerancia de precisi\u00f3n en pruebas de tracci\u00f3n<\/td>\n<td width=\"50%\">\u22641%<\/td>\n<\/tr>\n<tr>\n<td width=\"50%\">Tolerancia de precisi\u00f3n de desplazamiento<\/td>\n<td width=\"50%\">\u22641%<\/td>\n<\/tr>\n<tr>\n<td width=\"50%\">Tolerancia de precisi\u00f3n de carga est\u00e1tica<\/td>\n<td width=\"50%\">\u22641%<\/td>\n<\/tr>\n<tr>\n<td width=\"50%\">Nivel de ruido<\/td>\n<td width=\"50%\">\u226470 dB<\/td>\n<\/tr>\n<tr>\n<td width=\"50%\">M\u00e9todo de control<\/td>\n<td width=\"50%\">Computadora<\/td>\n<\/tr>\n<tr>\n<td width=\"50%\">Cubierta protectora autom\u00e1tica<\/td>\n<td width=\"50%\">Disponible<\/td>\n<\/tr>\n<\/tbody>\n<\/table>\n<p>&nbsp;<\/p>\n<p><iframe title=\"test bench for wire rope, websling, chain and so on testing.\" width=\"1060\" height=\"596\" src=\"https:\/\/www.youtube.com\/embed\/vC5deAoKkuU?feature=oembed\" frameborder=\"0\" allow=\"accelerometer; autoplay; clipboard-write; encrypted-media; gyroscope; picture-in-picture; web-share\" referrerpolicy=\"strict-origin-when-cross-origin\" allowfullscreen><\/iframe><\/p>\n<h2>3. Las ventajas del banco de pruebas<\/h2>\n<p>1. Al utilizar la interacci\u00f3n hombre-computadora para analizar y calcular los indicadores de rendimiento mec\u00e1nico de los materiales probados, la fuerza de tracci\u00f3n se calcula autom\u00e1ticamente al final del experimento. Sobre la base del an\u00e1lisis autom\u00e1tico, los resultados del an\u00e1lisis tambi\u00e9n se pueden corregir manualmente para mejorar la precisi\u00f3n del an\u00e1lisis.<\/p>\n<p>2. Se pueden controlar diversas curvas, como la deformaci\u00f3n de fuerza, el desplazamiento de fuerza, el tiempo de fuerza, la tensi\u00f3n, la deformaci\u00f3n, el tiempo de desplazamiento;<\/p>\n<p>3. Amplificaci\u00f3n parcial de curvas experimentales y comparaci\u00f3n de superposiciones de m\u00faltiples curvas;<\/p>\n<p>4. El modo de control tiene modo de control autom\u00e1tico. El control autom\u00e1tico es un modo servo de operaci\u00f3n completamente digital, con dos m\u00e9todos para establecer las condiciones de prueba: control completamente autom\u00e1tico y control programable de di\u00e1logo hombre-m\u00e1quina.<\/p>\n<p>5. Usos m\u00faltiples: puede realizar pruebas de tracci\u00f3n, desgarro y otras pruebas en metales, no metales y componentes. Puede cumplir con varios est\u00e1ndares de m\u00e9todos de prueba, como ISO y GB.<\/p>\n<p>6. La fuente de aceite adopta un dise\u00f1o silencioso, que es respetuoso con el medio ambiente y f\u00e1cil de usar, lo que reduce el consumo de energ\u00eda, la generaci\u00f3n de calor y protege el circuito de aceite;<\/p>\n<p>7. El uso de alta velocidad, alta integraci\u00f3n, potente control, capacidades de procesamiento de datos y alta confiabilidad no tiene comparaci\u00f3n con las m\u00e1quinas de prueba que utilizan otros procesadores.<\/p>\n<p>&nbsp;<\/p>\n<\/div>\n<p><img decoding=\"async\" class=\"alignnone wp-image-385 size-full\" src=\"https:\/\/zunzz.com\/wp-content\/uploads\/2023\/09\/Hydraulic-Tensile-Testing-Machine-4.webp\" alt=\"m\u00e1quina de ensayo de tracci\u00f3n hidr\u00e1ulica-4\" width=\"1000\" height=\"800\" srcset=\"https:\/\/zunzz.com\/wp-content\/uploads\/2023\/09\/Hydraulic-Tensile-Testing-Machine-4.webp 1000w, https:\/\/zunzz.com\/wp-content\/uploads\/2023\/09\/Hydraulic-Tensile-Testing-Machine-4-300x240.webp 300w, https:\/\/zunzz.com\/wp-content\/uploads\/2023\/09\/Hydraulic-Tensile-Testing-Machine-4-768x614.webp 768w, https:\/\/zunzz.com\/wp-content\/uploads\/2023\/09\/Hydraulic-Tensile-Testing-Machine-4-700x560.webp 700w, https:\/\/zunzz.com\/wp-content\/uploads\/2023\/09\/Hydraulic-Tensile-Testing-Machine-4-600x480.webp 600w\" sizes=\"(max-width: 1000px) 100vw, 1000px\" \/> <img decoding=\"async\" class=\"alignnone wp-image-384 size-full\" src=\"https:\/\/zunzz.com\/wp-content\/uploads\/2023\/09\/Hydraulic-Tensile-Testing-Machine-3.webp\" alt=\"m\u00e1quina de ensayo de tracci\u00f3n hidr\u00e1ulica-3\" width=\"1000\" height=\"1267\" srcset=\"https:\/\/zunzz.com\/wp-content\/uploads\/2023\/09\/Hydraulic-Tensile-Testing-Machine-3.webp 1000w, https:\/\/zunzz.com\/wp-content\/uploads\/2023\/09\/Hydraulic-Tensile-Testing-Machine-3-237x300.webp 237w, https:\/\/zunzz.com\/wp-content\/uploads\/2023\/09\/Hydraulic-Tensile-Testing-Machine-3-808x1024.webp 808w, https:\/\/zunzz.com\/wp-content\/uploads\/2023\/09\/Hydraulic-Tensile-Testing-Machine-3-768x973.webp 768w, https:\/\/zunzz.com\/wp-content\/uploads\/2023\/09\/Hydraulic-Tensile-Testing-Machine-3-700x887.webp 700w, https:\/\/zunzz.com\/wp-content\/uploads\/2023\/09\/Hydraulic-Tensile-Testing-Machine-3-600x760.webp 600w\" sizes=\"(max-width: 1000px) 100vw, 1000px\" \/> <img loading=\"lazy\" decoding=\"async\" class=\"alignnone wp-image-382 \" src=\"https:\/\/zunzz.com\/wp-content\/uploads\/2023\/09\/Hydraulic-Tensile-Testing-Machine-1.webp\" alt=\"m\u00e1quina de ensayo de tracci\u00f3n hidr\u00e1ulica-1\" width=\"1000\" height=\"1000\" srcset=\"https:\/\/zunzz.com\/wp-content\/uploads\/2023\/09\/Hydraulic-Tensile-Testing-Machine-1.webp 988w, https:\/\/zunzz.com\/wp-content\/uploads\/2023\/09\/Hydraulic-Tensile-Testing-Machine-1-300x300.webp 300w, https:\/\/zunzz.com\/wp-content\/uploads\/2023\/09\/Hydraulic-Tensile-Testing-Machine-1-150x150.webp 150w, https:\/\/zunzz.com\/wp-content\/uploads\/2023\/09\/Hydraulic-Tensile-Testing-Machine-1-768x768.webp 768w, https:\/\/zunzz.com\/wp-content\/uploads\/2023\/09\/Hydraulic-Tensile-Testing-Machine-1-570x570.webp 570w, https:\/\/zunzz.com\/wp-content\/uploads\/2023\/09\/Hydraulic-Tensile-Testing-Machine-1-500x500.webp 500w, https:\/\/zunzz.com\/wp-content\/uploads\/2023\/09\/Hydraulic-Tensile-Testing-Machine-1-700x700.webp 700w, https:\/\/zunzz.com\/wp-content\/uploads\/2023\/09\/Hydraulic-Tensile-Testing-Machine-1-650x650.webp 650w, https:\/\/zunzz.com\/wp-content\/uploads\/2023\/09\/Hydraulic-Tensile-Testing-Machine-1-600x600.webp 600w, https:\/\/zunzz.com\/wp-content\/uploads\/2023\/09\/Hydraulic-Tensile-Testing-Machine-1-100x100.webp 100w\" sizes=\"(max-width: 1000px) 100vw, 1000px\" \/><\/p>\n<h4><span style=\"color: #ff0000;\">Por favor cont\u00e1ctenos para m\u00e1s detalles, le responderemos dentro de las 24 horas.<\/span><\/h4>\n<p class=\"wpcf7-contact-form-not-found\"><strong>Error:<\/strong> Formulario de contacto no encontrado.<\/p>\n<p>&nbsp;<\/p>\n","protected":false},"excerpt":{"rendered":"<div class=\"table-r\">\n<p>La estructura b\u00e1sica de la <strong>m\u00e1quina de ensayos de tracci\u00f3n hidr\u00e1ulica<\/strong> incluye un bastidor principal de alta resistencia, un sistema de carga hidr\u00e1ulica, un sistema de fijaci\u00f3n, un sistema de sensores y un sistema de control y adquisici\u00f3n de datos. Fabricamos bancos de pruebas con capacidades de 100, 200, 300, 600, 1000 y 2000 toneladas. <\/p>\n<table width=\"100%\">\n<tbody>\n<tr>\n<td width=\"50%\">Modelo:<\/td>\n<td width=\"50%\">DYWP-2000<\/td>\n<\/tr>\n<tr>\n<td width=\"50%\">M\u00e1ximo. Capacidad:<\/td>\n<td width=\"50%\">2000 kN<\/td>\n<\/tr>\n<tr>\n<td width=\"50%\">Dimensiones generales:<\/td>\n<td width=\"50%\">25000 mm x 1800 mm x 900 mm<\/td>\n<\/tr>\n<tr>\n<td width=\"50%\">Duraci\u00f3n de la prueba:<\/td>\n<td width=\"50%\">seg\u00fan se solicite<\/td>\n<\/tr>\n<tr>\n<td width=\"50%\">Peso:<\/td>\n<td width=\"50%\">20000 kg<\/td>\n<\/tr>\n<tr>\n<td width=\"50%\">Recopilaci\u00f3n y an\u00e1lisis de datos:<\/td>\n<td width=\"50%\">Visualizaci\u00f3n en tiempo real de la curva de tensi\u00f3n-desplazamiento y generaci\u00f3n autom\u00e1tica de informes de prueba.<\/td>\n<\/tr>\n<\/tbody>\n<\/table>\n<p><strong>Idioma disponible:<\/strong>[wpml_language_selector_widget]<\/p>\n<p><a class=\"single_add_to_cart_button button alt\" href=\"https:\/\/zunzz.com\/es\/contact-store\/\" target=\"_blank\" rel=\"noopener noreferrer\">PREGUNTE AHORA<\/a><\/p>\n<\/div>\n","protected":false},"featured_media":660,"comment_status":"open","ping_status":"closed","template":"","meta":[],"product_brand":[],"product_cat":[69],"product_tag":[79,115],"class_list":{"0":"post-1047","1":"product","2":"type-product","3":"status-publish","4":"has-post-thumbnail","6":"product_cat-tensile-test-machine","7":"product_tag-tensile-test-machine","8":"product_tag-hydraulic-tensile-test-machine","10":"first","11":"instock","12":"taxable","13":"shipping-taxable","14":"product-type-simple"},"yoast_head":"<!-- This site is optimized with the Yoast SEO plugin v26.8 - https:\/\/yoast.com\/product\/yoast-seo-wordpress\/ -->\n<title>M\u00e1quina de prueba de tracci\u00f3n hidr\u00e1ulica<\/title>\n<meta name=\"description\" content=\"La m\u00e1quina de prueba de tracci\u00f3n hidr\u00e1ulica prueba el cable de acero, la eslinga de cable de acero, la eslinga de correa, el gancho, la cadena. Elemento de prueba: prueba de tracci\u00f3n \/ prueba de carga est\u00e1tica \/ prueba de rotura\" \/>\n<meta name=\"robots\" content=\"index, follow, max-snippet:-1, max-image-preview:large, max-video-preview:-1\" \/>\n<link rel=\"canonical\" href=\"https:\/\/zunzz.com\/es\/product\/hydraulic-tensile-testing-machine\/\" \/>\n<meta property=\"og:locale\" content=\"es_ES\" \/>\n<meta property=\"og:type\" content=\"article\" \/>\n<meta property=\"og:title\" content=\"M\u00e1quina de prueba de tracci\u00f3n hidr\u00e1ulica\" \/>\n<meta property=\"og:description\" content=\"La m\u00e1quina de prueba de tracci\u00f3n hidr\u00e1ulica prueba el cable de acero, la eslinga de cable de acero, la eslinga de correa, el gancho, la cadena. Elemento de prueba: prueba de tracci\u00f3n \/ prueba de carga est\u00e1tica \/ prueba de rotura\" \/>\n<meta property=\"og:url\" content=\"https:\/\/zunzz.com\/es\/product\/hydraulic-tensile-testing-machine\/\" \/>\n<meta property=\"og:site_name\" content=\"Zunzz Wire Rope Sling Machine Company\" \/>\n<meta property=\"article:modified_time\" content=\"2025-05-21T00:55:06+00:00\" \/>\n<meta property=\"og:image\" content=\"https:\/\/zunzz.com\/wp-content\/uploads\/2023\/09\/Hydraulic-Tensile-Testing-Machine-1.webp\" \/>\n\t<meta property=\"og:image:width\" content=\"988\" \/>\n\t<meta property=\"og:image:height\" content=\"988\" \/>\n\t<meta property=\"og:image:type\" content=\"image\/webp\" \/>\n<meta name=\"twitter:card\" content=\"summary_large_image\" \/>\n<meta name=\"twitter:label1\" content=\"Tiempo de lectura\" \/>\n\t<meta name=\"twitter:data1\" content=\"5 minutos\" \/>\n<script type=\"application\/ld+json\" class=\"yoast-schema-graph\">{\"@context\":\"https:\/\/schema.org\",\"@graph\":[{\"@type\":\"WebPage\",\"@id\":\"https:\/\/zunzz.com\/es\/product\/hydraulic-tensile-testing-machine\/\",\"url\":\"https:\/\/zunzz.com\/es\/product\/hydraulic-tensile-testing-machine\/\",\"name\":\"M\u00e1quina de prueba de tracci\u00f3n hidr\u00e1ulica\",\"isPartOf\":{\"@id\":\"https:\/\/zunzz.com\/es\/#website\"},\"primaryImageOfPage\":{\"@id\":\"https:\/\/zunzz.com\/es\/product\/hydraulic-tensile-testing-machine\/#primaryimage\"},\"image\":{\"@id\":\"https:\/\/zunzz.com\/es\/product\/hydraulic-tensile-testing-machine\/#primaryimage\"},\"thumbnailUrl\":\"https:\/\/zunzz.com\/wp-content\/uploads\/2023\/09\/Hydraulic-Tensile-Testing-Machine-1.webp\",\"datePublished\":\"2023-09-22T02:36:31+00:00\",\"dateModified\":\"2025-05-21T00:55:06+00:00\",\"description\":\"La m\u00e1quina de prueba de tracci\u00f3n hidr\u00e1ulica prueba el cable de acero, la eslinga de cable de acero, la eslinga de correa, el gancho, la cadena. Elemento de prueba: prueba de tracci\u00f3n \/ prueba de carga est\u00e1tica \/ prueba de rotura\",\"breadcrumb\":{\"@id\":\"https:\/\/zunzz.com\/es\/product\/hydraulic-tensile-testing-machine\/#breadcrumb\"},\"inLanguage\":\"es\",\"potentialAction\":[{\"@type\":\"ReadAction\",\"target\":[\"https:\/\/zunzz.com\/es\/product\/hydraulic-tensile-testing-machine\/\"]}]},{\"@type\":\"ImageObject\",\"inLanguage\":\"es\",\"@id\":\"https:\/\/zunzz.com\/es\/product\/hydraulic-tensile-testing-machine\/#primaryimage\",\"url\":\"https:\/\/zunzz.com\/wp-content\/uploads\/2023\/09\/Hydraulic-Tensile-Testing-Machine-1.webp\",\"contentUrl\":\"https:\/\/zunzz.com\/wp-content\/uploads\/2023\/09\/Hydraulic-Tensile-Testing-Machine-1.webp\",\"width\":988,\"height\":988,\"caption\":\"Hydraulic-Tensile-Testing-Machine\"},{\"@type\":\"BreadcrumbList\",\"@id\":\"https:\/\/zunzz.com\/es\/product\/hydraulic-tensile-testing-machine\/#breadcrumb\",\"itemListElement\":[{\"@type\":\"ListItem\",\"position\":1,\"name\":\"Home\",\"item\":\"https:\/\/zunzz.com\/es\/home\/\"},{\"@type\":\"ListItem\",\"position\":2,\"name\":\"Shop\",\"item\":\"https:\/\/zunzz.com\/bg\/shop\/\"},{\"@type\":\"ListItem\",\"position\":3,\"name\":\"M\u00e1quina de ensayo de tracci\u00f3n hidr\u00e1ulica 200T\"}]},{\"@type\":\"WebSite\",\"@id\":\"https:\/\/zunzz.com\/es\/#website\",\"url\":\"https:\/\/zunzz.com\/es\/\",\"name\":\"Zunzz Wire Rope Sling Machine Company\",\"description\":\"Zunzz Wire Rope Sling Machine Company is a leading manufacturer of wire rope sling machines and related products.\",\"publisher\":{\"@id\":\"https:\/\/zunzz.com\/es\/#organization\"},\"potentialAction\":[{\"@type\":\"SearchAction\",\"target\":{\"@type\":\"EntryPoint\",\"urlTemplate\":\"https:\/\/zunzz.com\/es\/?s={search_term_string}\"},\"query-input\":{\"@type\":\"PropertyValueSpecification\",\"valueRequired\":true,\"valueName\":\"search_term_string\"}}],\"inLanguage\":\"es\"},{\"@type\":\"Organization\",\"@id\":\"https:\/\/zunzz.com\/es\/#organization\",\"name\":\"Zunzz Wire Rope Sling Machine Company\",\"url\":\"https:\/\/zunzz.com\/es\/\",\"logo\":{\"@type\":\"ImageObject\",\"inLanguage\":\"es\",\"@id\":\"https:\/\/zunzz.com\/es\/#\/schema\/logo\/image\/\",\"url\":\"https:\/\/zunzz.com\/wp-content\/uploads\/2023\/09\/Logo.png\",\"contentUrl\":\"https:\/\/zunzz.com\/wp-content\/uploads\/2023\/09\/Logo.png\",\"width\":171,\"height\":133,\"caption\":\"Zunzz Wire Rope Sling Machine Company\"},\"image\":{\"@id\":\"https:\/\/zunzz.com\/es\/#\/schema\/logo\/image\/\"}}]}<\/script>\n<!-- \/ Yoast SEO plugin. -->","yoast_head_json":{"title":"M\u00e1quina de prueba de tracci\u00f3n hidr\u00e1ulica","description":"La m\u00e1quina de prueba de tracci\u00f3n hidr\u00e1ulica prueba el cable de acero, la eslinga de cable de acero, la eslinga de correa, el gancho, la cadena. Elemento de prueba: prueba de tracci\u00f3n \/ prueba de carga est\u00e1tica \/ prueba de rotura","robots":{"index":"index","follow":"follow","max-snippet":"max-snippet:-1","max-image-preview":"max-image-preview:large","max-video-preview":"max-video-preview:-1"},"canonical":"https:\/\/zunzz.com\/es\/product\/hydraulic-tensile-testing-machine\/","og_locale":"es_ES","og_type":"article","og_title":"M\u00e1quina de prueba de tracci\u00f3n hidr\u00e1ulica","og_description":"La m\u00e1quina de prueba de tracci\u00f3n hidr\u00e1ulica prueba el cable de acero, la eslinga de cable de acero, la eslinga de correa, el gancho, la cadena. Elemento de prueba: prueba de tracci\u00f3n \/ prueba de carga est\u00e1tica \/ prueba de rotura","og_url":"https:\/\/zunzz.com\/es\/product\/hydraulic-tensile-testing-machine\/","og_site_name":"Zunzz Wire Rope Sling Machine Company","article_modified_time":"2025-05-21T00:55:06+00:00","og_image":[{"width":988,"height":988,"url":"https:\/\/zunzz.com\/wp-content\/uploads\/2023\/09\/Hydraulic-Tensile-Testing-Machine-1.webp","type":"image\/webp"}],"twitter_card":"summary_large_image","twitter_misc":{"Tiempo de lectura":"5 minutos"},"schema":{"@context":"https:\/\/schema.org","@graph":[{"@type":"WebPage","@id":"https:\/\/zunzz.com\/es\/product\/hydraulic-tensile-testing-machine\/","url":"https:\/\/zunzz.com\/es\/product\/hydraulic-tensile-testing-machine\/","name":"M\u00e1quina de prueba de tracci\u00f3n hidr\u00e1ulica","isPartOf":{"@id":"https:\/\/zunzz.com\/es\/#website"},"primaryImageOfPage":{"@id":"https:\/\/zunzz.com\/es\/product\/hydraulic-tensile-testing-machine\/#primaryimage"},"image":{"@id":"https:\/\/zunzz.com\/es\/product\/hydraulic-tensile-testing-machine\/#primaryimage"},"thumbnailUrl":"https:\/\/zunzz.com\/wp-content\/uploads\/2023\/09\/Hydraulic-Tensile-Testing-Machine-1.webp","datePublished":"2023-09-22T02:36:31+00:00","dateModified":"2025-05-21T00:55:06+00:00","description":"La m\u00e1quina de prueba de tracci\u00f3n hidr\u00e1ulica prueba el cable de acero, la eslinga de cable de acero, la eslinga de correa, el gancho, la cadena. Elemento de prueba: prueba de tracci\u00f3n \/ prueba de carga est\u00e1tica \/ prueba de rotura","breadcrumb":{"@id":"https:\/\/zunzz.com\/es\/product\/hydraulic-tensile-testing-machine\/#breadcrumb"},"inLanguage":"es","potentialAction":[{"@type":"ReadAction","target":["https:\/\/zunzz.com\/es\/product\/hydraulic-tensile-testing-machine\/"]}]},{"@type":"ImageObject","inLanguage":"es","@id":"https:\/\/zunzz.com\/es\/product\/hydraulic-tensile-testing-machine\/#primaryimage","url":"https:\/\/zunzz.com\/wp-content\/uploads\/2023\/09\/Hydraulic-Tensile-Testing-Machine-1.webp","contentUrl":"https:\/\/zunzz.com\/wp-content\/uploads\/2023\/09\/Hydraulic-Tensile-Testing-Machine-1.webp","width":988,"height":988,"caption":"Hydraulic-Tensile-Testing-Machine"},{"@type":"BreadcrumbList","@id":"https:\/\/zunzz.com\/es\/product\/hydraulic-tensile-testing-machine\/#breadcrumb","itemListElement":[{"@type":"ListItem","position":1,"name":"Home","item":"https:\/\/zunzz.com\/es\/home\/"},{"@type":"ListItem","position":2,"name":"Shop","item":"https:\/\/zunzz.com\/bg\/shop\/"},{"@type":"ListItem","position":3,"name":"M\u00e1quina de ensayo de tracci\u00f3n hidr\u00e1ulica 200T"}]},{"@type":"WebSite","@id":"https:\/\/zunzz.com\/es\/#website","url":"https:\/\/zunzz.com\/es\/","name":"Zunzz Wire Rope Sling Machine Company","description":"Zunzz Wire Rope Sling Machine Company is a leading manufacturer of wire rope sling machines and related products.","publisher":{"@id":"https:\/\/zunzz.com\/es\/#organization"},"potentialAction":[{"@type":"SearchAction","target":{"@type":"EntryPoint","urlTemplate":"https:\/\/zunzz.com\/es\/?s={search_term_string}"},"query-input":{"@type":"PropertyValueSpecification","valueRequired":true,"valueName":"search_term_string"}}],"inLanguage":"es"},{"@type":"Organization","@id":"https:\/\/zunzz.com\/es\/#organization","name":"Zunzz Wire Rope Sling Machine Company","url":"https:\/\/zunzz.com\/es\/","logo":{"@type":"ImageObject","inLanguage":"es","@id":"https:\/\/zunzz.com\/es\/#\/schema\/logo\/image\/","url":"https:\/\/zunzz.com\/wp-content\/uploads\/2023\/09\/Logo.png","contentUrl":"https:\/\/zunzz.com\/wp-content\/uploads\/2023\/09\/Logo.png","width":171,"height":133,"caption":"Zunzz Wire Rope Sling Machine Company"},"image":{"@id":"https:\/\/zunzz.com\/es\/#\/schema\/logo\/image\/"}}]}},"_links":{"self":[{"href":"https:\/\/zunzz.com\/es\/wp-json\/wp\/v2\/product\/1047","targetHints":{"allow":["GET"]}}],"collection":[{"href":"https:\/\/zunzz.com\/es\/wp-json\/wp\/v2\/product"}],"about":[{"href":"https:\/\/zunzz.com\/es\/wp-json\/wp\/v2\/types\/product"}],"replies":[{"embeddable":true,"href":"https:\/\/zunzz.com\/es\/wp-json\/wp\/v2\/comments?post=1047"}],"wp:featuredmedia":[{"embeddable":true,"href":"https:\/\/zunzz.com\/es\/wp-json\/wp\/v2\/media\/660"}],"wp:attachment":[{"href":"https:\/\/zunzz.com\/es\/wp-json\/wp\/v2\/media?parent=1047"}],"wp:term":[{"taxonomy":"product_brand","embeddable":true,"href":"https:\/\/zunzz.com\/es\/wp-json\/wp\/v2\/product_brand?post=1047"},{"taxonomy":"product_cat","embeddable":true,"href":"https:\/\/zunzz.com\/es\/wp-json\/wp\/v2\/product_cat?post=1047"},{"taxonomy":"product_tag","embeddable":true,"href":"https:\/\/zunzz.com\/es\/wp-json\/wp\/v2\/product_tag?post=1047"}],"curies":[{"name":"wp","href":"https:\/\/api.w.org\/{rel}","templated":true}]}}