{"id":1042,"date":"2023-09-22T02:45:05","date_gmt":"2023-09-22T02:45:05","guid":{"rendered":"https:\/\/zunzz.com\/product\/maquina-enrolladora-de-cable-5t\/"},"modified":"2023-12-26T05:12:32","modified_gmt":"2023-12-26T05:12:32","slug":"wire-rope-coiling-machine","status":"publish","type":"product","link":"https:\/\/zunzz.com\/es\/product\/wire-rope-coiling-machine\/","title":{"rendered":"M\u00e1quina enrolladora de cable 5T"},"content":{"rendered":"<h3>1. M\u00e1quina enrolladora de cable de acero 5T<\/h3>\n<p>La m\u00e1quina enrolladora de cable se usa generalmente con plataforma giratoria sin motor y contador de longitud. Esta m\u00e1quina tiene capacidad de carga de carga de soporte 5T. Todav\u00eda tenemos una m\u00e1quina de capacidad 10T 15T.<\/p>\n<h3>2. El par\u00e1metro de la m\u00e1quina enrolladora de cable de acero 5T<\/h3>\n<div class=\"table-r\">\n<table width=\"100%\">\n<tbody>\n<tr>\n<td width=\"50%\">Carga m\u00e1x.<\/td>\n<td width=\"50%\">5T<\/td>\n<\/tr>\n<tr>\n<td width=\"50%\">Altura<\/td>\n<td width=\"50%\">1000mm<\/td>\n<\/tr>\n<tr>\n<td width=\"50%\">Largura<\/td>\n<td width=\"50%\">1150mm<\/td>\n<\/tr>\n<tr>\n<td width=\"50%\">Di\u00e1metro efectivo<\/td>\n<td width=\"50%\">1200mm<\/td>\n<\/tr>\n<tr>\n<td width=\"50%\">M\u00e1ximo. Di\u00e1metro<\/td>\n<td width=\"50%\">1500mm<\/td>\n<\/tr>\n<tr>\n<td width=\"50%\">Poder<\/td>\n<td width=\"50%\">1.5Kw<\/td>\n<\/tr>\n<tr>\n<td width=\"50%\">Peso<\/td>\n<td width=\"50%\">550Kg<\/td>\n<\/tr>\n<tr>\n<td width=\"50%\">Ajuste de velocidad<\/td>\n<td width=\"50%\">Disponible<\/td>\n<\/tr>\n<tr>\n<td width=\"50%\">Velocidad m\u00ednima de rotaci\u00f3n<\/td>\n<td width=\"50%\">5 r\/min<\/td>\n<\/tr>\n<tr>\n<td width=\"50%\">Velocidad m\u00e1xima de rotaci\u00f3n<\/td>\n<td width=\"50%\">23r\/min<\/td>\n<\/tr>\n<tr>\n<td width=\"50%\">Voltaje y frecuencia<\/td>\n<td width=\"50%\">A petici\u00f3n<\/td>\n<\/tr>\n<\/tbody>\n<\/table>\n<p>&nbsp;<\/p>\n<\/div>\n<p><iframe title=\"wire rope coiling machine\" width=\"1060\" height=\"596\" src=\"https:\/\/www.youtube.com\/embed\/vu4QzkZTDEo?feature=oembed\" frameborder=\"0\" allow=\"accelerometer; autoplay; clipboard-write; encrypted-media; gyroscope; picture-in-picture; web-share\" allowfullscreen><\/iframe><\/p>\n<h3>3. Las ventajas de la m\u00e1quina bobinadora.<\/h3>\n<p>Las m\u00e1quinas tensoras autom\u00e1ticas de cable tienen muchas ventajas. En primer lugar, puede reducir en gran medida la intensidad de mano de obra del almacenamiento manual de cables y mejorar la eficiencia del trabajo. En segundo lugar, puede garantizar la calidad de almacenamiento y la vida \u00fatil del cable, evitando da\u00f1os o contaminaci\u00f3n del cable. Adem\u00e1s, tambi\u00e9n puede lograr una r\u00e1pida liberaci\u00f3n y reciclaje de cables, lo que hace que sea conveniente para los usuarios usarlo y operarlo.<\/p>\n<p>En resumen, la m\u00e1quina de recogida autom\u00e1tica de cables es un dispositivo muy pr\u00e1ctico que puede ser ampliamente utilizado en diversas situaciones en las que es necesario almacenar y gestionar cables. Con el progreso continuo de la tecnolog\u00eda y la creciente demanda de aplicaciones, creemos que su rendimiento y calidad tambi\u00e9n se mejorar\u00e1n y mejorar\u00e1n continuamente.<\/p>\n<p><img fetchpriority=\"high\" decoding=\"async\" class=\"alignnone wp-image-388 size-full\" src=\"https:\/\/zunzz.com\/wp-content\/uploads\/2023\/09\/Wire-Rope-Coiling-Machine-5T-1.webp\" alt=\"M\u00e1quina enrolladora de cable 5T-1\" width=\"1000\" height=\"1000\" srcset=\"https:\/\/zunzz.com\/wp-content\/uploads\/2023\/09\/Wire-Rope-Coiling-Machine-5T-1.webp 1000w, https:\/\/zunzz.com\/wp-content\/uploads\/2023\/09\/Wire-Rope-Coiling-Machine-5T-1-300x300.webp 300w, https:\/\/zunzz.com\/wp-content\/uploads\/2023\/09\/Wire-Rope-Coiling-Machine-5T-1-150x150.webp 150w, https:\/\/zunzz.com\/wp-content\/uploads\/2023\/09\/Wire-Rope-Coiling-Machine-5T-1-768x768.webp 768w, https:\/\/zunzz.com\/wp-content\/uploads\/2023\/09\/Wire-Rope-Coiling-Machine-5T-1-570x570.webp 570w, https:\/\/zunzz.com\/wp-content\/uploads\/2023\/09\/Wire-Rope-Coiling-Machine-5T-1-500x500.webp 500w, https:\/\/zunzz.com\/wp-content\/uploads\/2023\/09\/Wire-Rope-Coiling-Machine-5T-1-700x700.webp 700w, https:\/\/zunzz.com\/wp-content\/uploads\/2023\/09\/Wire-Rope-Coiling-Machine-5T-1-650x650.webp 650w, https:\/\/zunzz.com\/wp-content\/uploads\/2023\/09\/Wire-Rope-Coiling-Machine-5T-1-600x600.webp 600w, https:\/\/zunzz.com\/wp-content\/uploads\/2023\/09\/Wire-Rope-Coiling-Machine-5T-1-100x100.webp 100w\" sizes=\"(max-width: 1000px) 100vw, 1000px\" \/> <img decoding=\"async\" class=\"alignnone wp-image-389 size-full\" src=\"https:\/\/zunzz.com\/wp-content\/uploads\/2023\/09\/Wire-Rope-Coiling-Machine-5T-2.webp\" alt=\"M\u00e1quina enrolladora de cable 5T-2\" width=\"1000\" height=\"750\" srcset=\"https:\/\/zunzz.com\/wp-content\/uploads\/2023\/09\/Wire-Rope-Coiling-Machine-5T-2.webp 1000w, https:\/\/zunzz.com\/wp-content\/uploads\/2023\/09\/Wire-Rope-Coiling-Machine-5T-2-300x225.webp 300w, https:\/\/zunzz.com\/wp-content\/uploads\/2023\/09\/Wire-Rope-Coiling-Machine-5T-2-768x576.webp 768w, https:\/\/zunzz.com\/wp-content\/uploads\/2023\/09\/Wire-Rope-Coiling-Machine-5T-2-800x600.webp 800w, https:\/\/zunzz.com\/wp-content\/uploads\/2023\/09\/Wire-Rope-Coiling-Machine-5T-2-700x525.webp 700w, https:\/\/zunzz.com\/wp-content\/uploads\/2023\/09\/Wire-Rope-Coiling-Machine-5T-2-600x450.webp 600w\" sizes=\"(max-width: 1000px) 100vw, 1000px\" \/> <img decoding=\"async\" class=\"alignnone wp-image-390 size-full\" src=\"https:\/\/zunzz.com\/wp-content\/uploads\/2023\/09\/Wire-Rope-Coiling-Machine-5T-3.webp\" alt=\"M\u00e1quina enrolladora de cable 5T-3\" width=\"1000\" height=\"998\" srcset=\"https:\/\/zunzz.com\/wp-content\/uploads\/2023\/09\/Wire-Rope-Coiling-Machine-5T-3.webp 1000w, https:\/\/zunzz.com\/wp-content\/uploads\/2023\/09\/Wire-Rope-Coiling-Machine-5T-3-300x300.webp 300w, https:\/\/zunzz.com\/wp-content\/uploads\/2023\/09\/Wire-Rope-Coiling-Machine-5T-3-150x150.webp 150w, https:\/\/zunzz.com\/wp-content\/uploads\/2023\/09\/Wire-Rope-Coiling-Machine-5T-3-768x766.webp 768w, https:\/\/zunzz.com\/wp-content\/uploads\/2023\/09\/Wire-Rope-Coiling-Machine-5T-3-570x570.webp 570w, https:\/\/zunzz.com\/wp-content\/uploads\/2023\/09\/Wire-Rope-Coiling-Machine-5T-3-500x500.webp 500w, https:\/\/zunzz.com\/wp-content\/uploads\/2023\/09\/Wire-Rope-Coiling-Machine-5T-3-700x699.webp 700w, https:\/\/zunzz.com\/wp-content\/uploads\/2023\/09\/Wire-Rope-Coiling-Machine-5T-3-650x650.webp 650w, https:\/\/zunzz.com\/wp-content\/uploads\/2023\/09\/Wire-Rope-Coiling-Machine-5T-3-600x599.webp 600w, https:\/\/zunzz.com\/wp-content\/uploads\/2023\/09\/Wire-Rope-Coiling-Machine-5T-3-100x100.webp 100w\" sizes=\"(max-width: 1000px) 100vw, 1000px\" \/><img loading=\"lazy\" decoding=\"async\" class=\"alignnone wp-image-2495 size-full\" src=\"https:\/\/zunzz.com\/wp-content\/uploads\/2023\/09\/Wire-Rope-Coiling-Machine-5T-4.webp\" alt=\"M\u00e1quina-enrolladora-de-cable-5T-4\" width=\"1000\" height=\"1768\" srcset=\"https:\/\/zunzz.com\/wp-content\/uploads\/2023\/09\/Wire-Rope-Coiling-Machine-5T-4.webp 1000w, https:\/\/zunzz.com\/wp-content\/uploads\/2023\/09\/Wire-Rope-Coiling-Machine-5T-4-170x300.webp 170w, https:\/\/zunzz.com\/wp-content\/uploads\/2023\/09\/Wire-Rope-Coiling-Machine-5T-4-579x1024.webp 579w, https:\/\/zunzz.com\/wp-content\/uploads\/2023\/09\/Wire-Rope-Coiling-Machine-5T-4-768x1358.webp 768w, https:\/\/zunzz.com\/wp-content\/uploads\/2023\/09\/Wire-Rope-Coiling-Machine-5T-4-869x1536.webp 869w, https:\/\/zunzz.com\/wp-content\/uploads\/2023\/09\/Wire-Rope-Coiling-Machine-5T-4-700x1238.webp 700w, https:\/\/zunzz.com\/wp-content\/uploads\/2023\/09\/Wire-Rope-Coiling-Machine-5T-4-600x1061.webp 600w\" sizes=\"(max-width: 1000px) 100vw, 1000px\" \/> <img loading=\"lazy\" decoding=\"async\" class=\"alignnone wp-image-2510 size-full\" src=\"https:\/\/zunzz.com\/wp-content\/uploads\/2023\/09\/Wire-Rope-Coiling-Machine-5T-5.webp\" alt=\"M\u00e1quina-enrolladora-de-cable-5T-5\" width=\"1000\" height=\"565\" srcset=\"https:\/\/zunzz.com\/wp-content\/uploads\/2023\/09\/Wire-Rope-Coiling-Machine-5T-5.webp 1000w, https:\/\/zunzz.com\/wp-content\/uploads\/2023\/09\/Wire-Rope-Coiling-Machine-5T-5-300x170.webp 300w, https:\/\/zunzz.com\/wp-content\/uploads\/2023\/09\/Wire-Rope-Coiling-Machine-5T-5-768x434.webp 768w, https:\/\/zunzz.com\/wp-content\/uploads\/2023\/09\/Wire-Rope-Coiling-Machine-5T-5-700x396.webp 700w, https:\/\/zunzz.com\/wp-content\/uploads\/2023\/09\/Wire-Rope-Coiling-Machine-5T-5-600x339.webp 600w\" sizes=\"(max-width: 1000px) 100vw, 1000px\" \/><\/p>\n","protected":false},"excerpt":{"rendered":"<p>Modelo: FS05<br \/>\nCapacidad: 5T<br \/>\nM\u00e1ximo. Di\u00e1metro: 1200mm<br \/>\nEnerg\u00eda: 1.5KW<br \/>\nTama\u00f1o: 1200*1150*1100m m<br \/>\nPeso: 550KG<\/p>\n<p>Idioma disponible:[wpml_language_selector_widget]<\/p>\n<p><a href=\"https:\/\/zunzz.com\/es\/contact-store\/\"><button class=\"single_add_to_cart_button button alt\" type=\"submit\">PREGUNTE AHORA<\/button><\/a><\/p>\n","protected":false},"featured_media":678,"comment_status":"open","ping_status":"closed","template":"","meta":[],"product_brand":[],"product_cat":[65],"product_tag":[80],"class_list":{"0":"post-1042","1":"product","2":"type-product","3":"status-publish","4":"has-post-thumbnail","6":"product_cat-wire-rope-coiling-machine","7":"product_tag-wire-rope-coiling-machine","9":"first","10":"instock","11":"taxable","12":"shipping-taxable","13":"product-type-simple"},"yoast_head":"<!-- This site is optimized with the Yoast SEO plugin v26.8 - https:\/\/yoast.com\/product\/yoast-seo-wordpress\/ -->\n<title>M\u00e1quina enrolladora de cable 5T<\/title>\n<meta name=\"description\" content=\"La m\u00e1quina enrolladora de cable se usa generalmente con plataforma giratoria sin motor y contador de longitud. Esta m\u00e1quina tiene capacidad de carga de carga de soporte 5T.\" \/>\n<meta name=\"robots\" content=\"index, follow, max-snippet:-1, max-image-preview:large, max-video-preview:-1\" \/>\n<link rel=\"canonical\" href=\"https:\/\/zunzz.com\/es\/product\/wire-rope-coiling-machine\/\" \/>\n<meta property=\"og:locale\" content=\"es_ES\" \/>\n<meta property=\"og:type\" content=\"article\" \/>\n<meta property=\"og:title\" content=\"M\u00e1quina enrolladora de cable 5T\" \/>\n<meta property=\"og:description\" content=\"La m\u00e1quina enrolladora de cable se usa generalmente con plataforma giratoria sin motor y contador de longitud. Esta m\u00e1quina tiene capacidad de carga de carga de soporte 5T.\" \/>\n<meta property=\"og:url\" content=\"https:\/\/zunzz.com\/es\/product\/wire-rope-coiling-machine\/\" \/>\n<meta property=\"og:site_name\" content=\"Zunzz Wire Rope Sling Machine Company\" \/>\n<meta property=\"article:modified_time\" content=\"2023-12-26T05:12:32+00:00\" \/>\n<meta property=\"og:image\" content=\"https:\/\/zunzz.com\/wp-content\/uploads\/2023\/09\/Wire-Rope-Coiling-Machine-5T-3.webp\" \/>\n\t<meta property=\"og:image:width\" content=\"1000\" \/>\n\t<meta property=\"og:image:height\" content=\"998\" \/>\n\t<meta property=\"og:image:type\" content=\"image\/webp\" \/>\n<meta name=\"twitter:card\" content=\"summary_large_image\" \/>\n<meta name=\"twitter:label1\" content=\"Tiempo de lectura\" \/>\n\t<meta name=\"twitter:data1\" content=\"4 minutos\" \/>\n<script type=\"application\/ld+json\" class=\"yoast-schema-graph\">{\"@context\":\"https:\/\/schema.org\",\"@graph\":[{\"@type\":\"WebPage\",\"@id\":\"https:\/\/zunzz.com\/es\/product\/wire-rope-coiling-machine\/\",\"url\":\"https:\/\/zunzz.com\/es\/product\/wire-rope-coiling-machine\/\",\"name\":\"M\u00e1quina enrolladora de cable 5T\",\"isPartOf\":{\"@id\":\"https:\/\/zunzz.com\/es\/#website\"},\"primaryImageOfPage\":{\"@id\":\"https:\/\/zunzz.com\/es\/product\/wire-rope-coiling-machine\/#primaryimage\"},\"image\":{\"@id\":\"https:\/\/zunzz.com\/es\/product\/wire-rope-coiling-machine\/#primaryimage\"},\"thumbnailUrl\":\"https:\/\/zunzz.com\/wp-content\/uploads\/2023\/09\/Wire-Rope-Coiling-Machine-5T-3.webp\",\"datePublished\":\"2023-09-22T02:45:05+00:00\",\"dateModified\":\"2023-12-26T05:12:32+00:00\",\"description\":\"La m\u00e1quina enrolladora de cable se usa generalmente con plataforma giratoria sin motor y contador de longitud. Esta m\u00e1quina tiene capacidad de carga de carga de soporte 5T.\",\"breadcrumb\":{\"@id\":\"https:\/\/zunzz.com\/es\/product\/wire-rope-coiling-machine\/#breadcrumb\"},\"inLanguage\":\"es\",\"potentialAction\":[{\"@type\":\"ReadAction\",\"target\":[\"https:\/\/zunzz.com\/es\/product\/wire-rope-coiling-machine\/\"]}]},{\"@type\":\"ImageObject\",\"inLanguage\":\"es\",\"@id\":\"https:\/\/zunzz.com\/es\/product\/wire-rope-coiling-machine\/#primaryimage\",\"url\":\"https:\/\/zunzz.com\/wp-content\/uploads\/2023\/09\/Wire-Rope-Coiling-Machine-5T-3.webp\",\"contentUrl\":\"https:\/\/zunzz.com\/wp-content\/uploads\/2023\/09\/Wire-Rope-Coiling-Machine-5T-3.webp\",\"width\":1000,\"height\":998,\"caption\":\"Wire Rope Coiling Machine 5T\"},{\"@type\":\"BreadcrumbList\",\"@id\":\"https:\/\/zunzz.com\/es\/product\/wire-rope-coiling-machine\/#breadcrumb\",\"itemListElement\":[{\"@type\":\"ListItem\",\"position\":1,\"name\":\"Home\",\"item\":\"https:\/\/zunzz.com\/es\/home\/\"},{\"@type\":\"ListItem\",\"position\":2,\"name\":\"Shop\",\"item\":\"https:\/\/zunzz.com\/bg\/shop\/\"},{\"@type\":\"ListItem\",\"position\":3,\"name\":\"M\u00e1quina enrolladora de cable 5T\"}]},{\"@type\":\"WebSite\",\"@id\":\"https:\/\/zunzz.com\/es\/#website\",\"url\":\"https:\/\/zunzz.com\/es\/\",\"name\":\"Zunzz Wire Rope Sling Machine Company\",\"description\":\"Zunzz Wire Rope Sling Machine Company is a leading manufacturer of wire rope sling machines and related products.\",\"publisher\":{\"@id\":\"https:\/\/zunzz.com\/es\/#organization\"},\"potentialAction\":[{\"@type\":\"SearchAction\",\"target\":{\"@type\":\"EntryPoint\",\"urlTemplate\":\"https:\/\/zunzz.com\/es\/?s={search_term_string}\"},\"query-input\":{\"@type\":\"PropertyValueSpecification\",\"valueRequired\":true,\"valueName\":\"search_term_string\"}}],\"inLanguage\":\"es\"},{\"@type\":\"Organization\",\"@id\":\"https:\/\/zunzz.com\/es\/#organization\",\"name\":\"Zunzz Wire Rope Sling Machine Company\",\"url\":\"https:\/\/zunzz.com\/es\/\",\"logo\":{\"@type\":\"ImageObject\",\"inLanguage\":\"es\",\"@id\":\"https:\/\/zunzz.com\/es\/#\/schema\/logo\/image\/\",\"url\":\"https:\/\/zunzz.com\/wp-content\/uploads\/2023\/09\/Logo.png\",\"contentUrl\":\"https:\/\/zunzz.com\/wp-content\/uploads\/2023\/09\/Logo.png\",\"width\":171,\"height\":133,\"caption\":\"Zunzz Wire Rope Sling Machine Company\"},\"image\":{\"@id\":\"https:\/\/zunzz.com\/es\/#\/schema\/logo\/image\/\"}}]}<\/script>\n<!-- \/ Yoast SEO plugin. -->","yoast_head_json":{"title":"M\u00e1quina enrolladora de cable 5T","description":"La m\u00e1quina enrolladora de cable se usa generalmente con plataforma giratoria sin motor y contador de longitud. Esta m\u00e1quina tiene capacidad de carga de carga de soporte 5T.","robots":{"index":"index","follow":"follow","max-snippet":"max-snippet:-1","max-image-preview":"max-image-preview:large","max-video-preview":"max-video-preview:-1"},"canonical":"https:\/\/zunzz.com\/es\/product\/wire-rope-coiling-machine\/","og_locale":"es_ES","og_type":"article","og_title":"M\u00e1quina enrolladora de cable 5T","og_description":"La m\u00e1quina enrolladora de cable se usa generalmente con plataforma giratoria sin motor y contador de longitud. Esta m\u00e1quina tiene capacidad de carga de carga de soporte 5T.","og_url":"https:\/\/zunzz.com\/es\/product\/wire-rope-coiling-machine\/","og_site_name":"Zunzz Wire Rope Sling Machine Company","article_modified_time":"2023-12-26T05:12:32+00:00","og_image":[{"width":1000,"height":998,"url":"https:\/\/zunzz.com\/wp-content\/uploads\/2023\/09\/Wire-Rope-Coiling-Machine-5T-3.webp","type":"image\/webp"}],"twitter_card":"summary_large_image","twitter_misc":{"Tiempo de lectura":"4 minutos"},"schema":{"@context":"https:\/\/schema.org","@graph":[{"@type":"WebPage","@id":"https:\/\/zunzz.com\/es\/product\/wire-rope-coiling-machine\/","url":"https:\/\/zunzz.com\/es\/product\/wire-rope-coiling-machine\/","name":"M\u00e1quina enrolladora de cable 5T","isPartOf":{"@id":"https:\/\/zunzz.com\/es\/#website"},"primaryImageOfPage":{"@id":"https:\/\/zunzz.com\/es\/product\/wire-rope-coiling-machine\/#primaryimage"},"image":{"@id":"https:\/\/zunzz.com\/es\/product\/wire-rope-coiling-machine\/#primaryimage"},"thumbnailUrl":"https:\/\/zunzz.com\/wp-content\/uploads\/2023\/09\/Wire-Rope-Coiling-Machine-5T-3.webp","datePublished":"2023-09-22T02:45:05+00:00","dateModified":"2023-12-26T05:12:32+00:00","description":"La m\u00e1quina enrolladora de cable se usa generalmente con plataforma giratoria sin motor y contador de longitud. Esta m\u00e1quina tiene capacidad de carga de carga de soporte 5T.","breadcrumb":{"@id":"https:\/\/zunzz.com\/es\/product\/wire-rope-coiling-machine\/#breadcrumb"},"inLanguage":"es","potentialAction":[{"@type":"ReadAction","target":["https:\/\/zunzz.com\/es\/product\/wire-rope-coiling-machine\/"]}]},{"@type":"ImageObject","inLanguage":"es","@id":"https:\/\/zunzz.com\/es\/product\/wire-rope-coiling-machine\/#primaryimage","url":"https:\/\/zunzz.com\/wp-content\/uploads\/2023\/09\/Wire-Rope-Coiling-Machine-5T-3.webp","contentUrl":"https:\/\/zunzz.com\/wp-content\/uploads\/2023\/09\/Wire-Rope-Coiling-Machine-5T-3.webp","width":1000,"height":998,"caption":"Wire Rope Coiling Machine 5T"},{"@type":"BreadcrumbList","@id":"https:\/\/zunzz.com\/es\/product\/wire-rope-coiling-machine\/#breadcrumb","itemListElement":[{"@type":"ListItem","position":1,"name":"Home","item":"https:\/\/zunzz.com\/es\/home\/"},{"@type":"ListItem","position":2,"name":"Shop","item":"https:\/\/zunzz.com\/bg\/shop\/"},{"@type":"ListItem","position":3,"name":"M\u00e1quina enrolladora de cable 5T"}]},{"@type":"WebSite","@id":"https:\/\/zunzz.com\/es\/#website","url":"https:\/\/zunzz.com\/es\/","name":"Zunzz Wire Rope Sling Machine Company","description":"Zunzz Wire Rope Sling Machine Company is a leading manufacturer of wire rope sling machines and related products.","publisher":{"@id":"https:\/\/zunzz.com\/es\/#organization"},"potentialAction":[{"@type":"SearchAction","target":{"@type":"EntryPoint","urlTemplate":"https:\/\/zunzz.com\/es\/?s={search_term_string}"},"query-input":{"@type":"PropertyValueSpecification","valueRequired":true,"valueName":"search_term_string"}}],"inLanguage":"es"},{"@type":"Organization","@id":"https:\/\/zunzz.com\/es\/#organization","name":"Zunzz Wire Rope Sling Machine Company","url":"https:\/\/zunzz.com\/es\/","logo":{"@type":"ImageObject","inLanguage":"es","@id":"https:\/\/zunzz.com\/es\/#\/schema\/logo\/image\/","url":"https:\/\/zunzz.com\/wp-content\/uploads\/2023\/09\/Logo.png","contentUrl":"https:\/\/zunzz.com\/wp-content\/uploads\/2023\/09\/Logo.png","width":171,"height":133,"caption":"Zunzz Wire Rope Sling Machine Company"},"image":{"@id":"https:\/\/zunzz.com\/es\/#\/schema\/logo\/image\/"}}]}},"_links":{"self":[{"href":"https:\/\/zunzz.com\/es\/wp-json\/wp\/v2\/product\/1042","targetHints":{"allow":["GET"]}}],"collection":[{"href":"https:\/\/zunzz.com\/es\/wp-json\/wp\/v2\/product"}],"about":[{"href":"https:\/\/zunzz.com\/es\/wp-json\/wp\/v2\/types\/product"}],"replies":[{"embeddable":true,"href":"https:\/\/zunzz.com\/es\/wp-json\/wp\/v2\/comments?post=1042"}],"wp:featuredmedia":[{"embeddable":true,"href":"https:\/\/zunzz.com\/es\/wp-json\/wp\/v2\/media\/678"}],"wp:attachment":[{"href":"https:\/\/zunzz.com\/es\/wp-json\/wp\/v2\/media?parent=1042"}],"wp:term":[{"taxonomy":"product_brand","embeddable":true,"href":"https:\/\/zunzz.com\/es\/wp-json\/wp\/v2\/product_brand?post=1042"},{"taxonomy":"product_cat","embeddable":true,"href":"https:\/\/zunzz.com\/es\/wp-json\/wp\/v2\/product_cat?post=1042"},{"taxonomy":"product_tag","embeddable":true,"href":"https:\/\/zunzz.com\/es\/wp-json\/wp\/v2\/product_tag?post=1042"}],"curies":[{"name":"wp","href":"https:\/\/api.w.org\/{rel}","templated":true}]}}