{"id":849,"date":"2020-01-14T14:10:46","date_gmt":"2020-01-14T14:10:46","guid":{"rendered":"https:\/\/zunzz.com\/ultimas-noticias\/"},"modified":"2025-12-18T02:51:49","modified_gmt":"2025-12-18T02:51:49","slug":"latest-news","status":"publish","type":"page","link":"https:\/\/zunzz.com\/es\/latest-news\/","title":{"rendered":"\u00daltimas noticias"},"content":{"rendered":"\t\t<div data-elementor-type=\"wp-page\" data-elementor-id=\"849\" class=\"elementor elementor-849 elementor-160\">\n\t\t\t\t\t\t<section class=\"elementor-section elementor-top-section elementor-element elementor-element-6ee884d elementor-section-boxed elementor-section-height-default elementor-section-height-default parallax_section_no qode_elementor_container_no\" data-id=\"6ee884d\" data-element_type=\"section\">\n\t\t\t\t\t\t<div class=\"elementor-container elementor-column-gap-default\">\n\t\t\t\t\t<div class=\"elementor-column elementor-col-100 elementor-top-column elementor-element elementor-element-16e9107\" data-id=\"16e9107\" data-element_type=\"column\">\n\t\t\t<div class=\"elementor-widget-wrap elementor-element-populated\">\n\t\t\t\t\t\t<div class=\"elementor-element elementor-element-75f07c1 elementor-widget elementor-widget-bridge_latest_posts\" data-id=\"75f07c1\" data-element_type=\"widget\" data-widget_type=\"bridge_latest_posts.default\">\n\t\t\t\t<div class=\"elementor-widget-container\">\n\t\t\t\t\t\n<div class='latest_post_holder image_in_box  ' >\n    <ul>\n    \n        <li class=\"clearfix\">\n            <div class=\"latest_post\"  >\n                <div class=\"latest_post_image clearfix\">\n                    <a itemprop=\"url\" href=\"https:\/\/zunzz.com\/es\/wire-rope-reeling-machine\/\">\n                                            <\/a>\n                <\/div>\n\n\n                <div class=\"latest_post_text\">\n                    <div class=\"latest_post_inner\">\n                        <div class=\"latest_post_text_inner\">\n                            <h3 itemprop=\"name\" class=\"latest_post_title entry_title\"><a itemprop=\"url\" href=\"https:\/\/zunzz.com\/es\/wire-rope-reeling-machine\/\">Preguntas y respuestas frecuentes sobre m\u00e1quinas enrolladoras de cables de acero<\/a><\/h3>\n                            <p class=\"excerpt\">En la construcci\u00f3n y aplicaci\u00f3n de cables de acero, la m\u00e1quina devanadora de cables de acero desempe\u00f1a un papel crucial como equipo auxiliar importante. Sin embargo, debido a factores como las condici...<\/p>\n                            <span class=\"post_infos\">\n                                                                    <span class=\"date_hour_holder\">\n                                        <span itemprop=\"dateCreated\" class=\"date entry_date updated\">03 junio, 2025 <meta itemprop=\"interactionCount\" content=\"UserComments: 0\"\/><\/span>\n                                    <\/span>\n                                \n                                \n                                \n                                \n                                                            <\/span>\n                        <\/div>\n                    <\/div>\n                <\/div>\n            <\/div>\n        <\/li>\n        \n        <li class=\"clearfix\">\n            <div class=\"latest_post\"  >\n                <div class=\"latest_post_image clearfix\">\n                    <a itemprop=\"url\" href=\"https:\/\/zunzz.com\/es\/ten-major-faults-of-wire-rope-swaging-machine\/\">\n                        <img decoding=\"async\" width=\"150\" height=\"150\" src=\"https:\/\/zunzz.com\/wp-content\/uploads\/2024\/12\/swager-motor-1-150x150.webp\" class=\"attachment-thumbnail size-thumbnail\" alt=\"motor de embutici\u00f3n\" srcset=\"https:\/\/zunzz.com\/wp-content\/uploads\/2024\/12\/swager-motor-1-150x150.webp 150w, https:\/\/zunzz.com\/wp-content\/uploads\/2024\/12\/swager-motor-1-300x300.webp 300w, https:\/\/zunzz.com\/wp-content\/uploads\/2024\/12\/swager-motor-1-100x100.webp 100w, https:\/\/zunzz.com\/wp-content\/uploads\/2024\/12\/swager-motor-1.webp 500w\" sizes=\"(max-width: 150px) 100vw, 150px\" \/>                    <\/a>\n                <\/div>\n\n\n                <div class=\"latest_post_text\">\n                    <div class=\"latest_post_inner\">\n                        <div class=\"latest_post_text_inner\">\n                            <h3 itemprop=\"name\" class=\"latest_post_title entry_title\"><a itemprop=\"url\" href=\"https:\/\/zunzz.com\/es\/ten-major-faults-of-wire-rope-swaging-machine\/\">Diez fallas principales de la m\u00e1quina prensadora de cables de acero<\/a><\/h3>\n                            <p class=\"excerpt\">An\u00e1lisis detallado de los 10 principales problemas que pueden ocurrir durante el uso de la m\u00e1quina y proporciona soluciones pr\u00e1cticas. 1. La presi\u00f3n de la m\u00e1quina de prensado no puede alcanzar Cuando ...<\/p>\n                            <span class=\"post_infos\">\n                                                                    <span class=\"date_hour_holder\">\n                                        <span itemprop=\"dateCreated\" class=\"date entry_date updated\">14 diciembre, 2024 <meta itemprop=\"interactionCount\" content=\"UserComments: 0\"\/><\/span>\n                                    <\/span>\n                                \n                                \n                                \n                                \n                                                            <\/span>\n                        <\/div>\n                    <\/div>\n                <\/div>\n            <\/div>\n        <\/li>\n        \n        <li class=\"clearfix\">\n            <div class=\"latest_post\"  >\n                <div class=\"latest_post_image clearfix\">\n                    <a itemprop=\"url\" href=\"https:\/\/zunzz.com\/es\/let-you-know-about-cutting-and-annealing-machine-at-one-time\/\">\n                        <img decoding=\"async\" width=\"150\" height=\"150\" src=\"https:\/\/zunzz.com\/wp-content\/uploads\/2024\/12\/Cutting-and-Annealing-Machine-150x150.webp\" class=\"attachment-thumbnail size-thumbnail\" alt=\"M\u00e1quina de corte y recocido\" srcset=\"https:\/\/zunzz.com\/wp-content\/uploads\/2024\/12\/Cutting-and-Annealing-Machine-150x150.webp 150w, https:\/\/zunzz.com\/wp-content\/uploads\/2024\/12\/Cutting-and-Annealing-Machine-300x300.webp 300w, https:\/\/zunzz.com\/wp-content\/uploads\/2024\/12\/Cutting-and-Annealing-Machine-570x570.webp 570w, https:\/\/zunzz.com\/wp-content\/uploads\/2024\/12\/Cutting-and-Annealing-Machine-500x500.webp 500w, https:\/\/zunzz.com\/wp-content\/uploads\/2024\/12\/Cutting-and-Annealing-Machine-100x100.webp 100w, https:\/\/zunzz.com\/wp-content\/uploads\/2024\/12\/Cutting-and-Annealing-Machine.webp 600w\" sizes=\"(max-width: 150px) 100vw, 150px\" \/>                    <\/a>\n                <\/div>\n\n\n                <div class=\"latest_post_text\">\n                    <div class=\"latest_post_inner\">\n                        <div class=\"latest_post_text_inner\">\n                            <h3 itemprop=\"name\" class=\"latest_post_title entry_title\"><a itemprop=\"url\" href=\"https:\/\/zunzz.com\/es\/let-you-know-about-cutting-and-annealing-machine-at-one-time\/\">Le informaremos sobre la m\u00e1quina de corte y recocido en un momento.<\/a><\/h3>\n                            <p class=\"excerpt\">1. Flujo de trabajo de la m\u00e1quina de corte y recocido Hoy os vamos a dar a conocer la m\u00e1quina de corte y recocido a la vez. Primero, inicio de operaci\u00f3n manual o totalmente autom\u00e1tica. \u2193 Durante la et...<\/p>\n                            <span class=\"post_infos\">\n                                                                    <span class=\"date_hour_holder\">\n                                        <span itemprop=\"dateCreated\" class=\"date entry_date updated\">05 diciembre, 2024 <meta itemprop=\"interactionCount\" content=\"UserComments: 0\"\/><\/span>\n                                    <\/span>\n                                \n                                \n                                \n                                \n                                                            <\/span>\n                        <\/div>\n                    <\/div>\n                <\/div>\n            <\/div>\n        <\/li>\n        \n        <li class=\"clearfix\">\n            <div class=\"latest_post\"  >\n                <div class=\"latest_post_image clearfix\">\n                    <a itemprop=\"url\" href=\"https:\/\/zunzz.com\/es\/wire-rope-slings-classification\/\">\n                        <img decoding=\"async\" width=\"150\" height=\"150\" src=\"https:\/\/zunzz.com\/wp-content\/uploads\/2023\/09\/2-150x150.webp\" class=\"attachment-thumbnail size-thumbnail\" alt=\"Clasificaci\u00f3n de eslingas de cable de acero\" srcset=\"https:\/\/zunzz.com\/wp-content\/uploads\/2023\/09\/2-150x150.webp 150w, https:\/\/zunzz.com\/wp-content\/uploads\/2023\/09\/2-300x300.webp 300w, https:\/\/zunzz.com\/wp-content\/uploads\/2023\/09\/2-1024x1024.webp 1024w, https:\/\/zunzz.com\/wp-content\/uploads\/2023\/09\/2-768x768.webp 768w, https:\/\/zunzz.com\/wp-content\/uploads\/2023\/09\/2-570x570.webp 570w, https:\/\/zunzz.com\/wp-content\/uploads\/2023\/09\/2-500x500.webp 500w, https:\/\/zunzz.com\/wp-content\/uploads\/2023\/09\/2-1000x1000.webp 1000w, https:\/\/zunzz.com\/wp-content\/uploads\/2023\/09\/2-700x700.webp 700w, https:\/\/zunzz.com\/wp-content\/uploads\/2023\/09\/2-650x650.webp 650w, https:\/\/zunzz.com\/wp-content\/uploads\/2023\/09\/2-1300x1300.webp 1300w, https:\/\/zunzz.com\/wp-content\/uploads\/2023\/09\/2-600x600.webp 600w, https:\/\/zunzz.com\/wp-content\/uploads\/2023\/09\/2-100x100.webp 100w, https:\/\/zunzz.com\/wp-content\/uploads\/2023\/09\/2.webp 1400w\" sizes=\"(max-width: 150px) 100vw, 150px\" \/>                    <\/a>\n                <\/div>\n\n\n                <div class=\"latest_post_text\">\n                    <div class=\"latest_post_inner\">\n                        <div class=\"latest_post_text_inner\">\n                            <h3 itemprop=\"name\" class=\"latest_post_title entry_title\"><a itemprop=\"url\" href=\"https:\/\/zunzz.com\/es\/wire-rope-slings-classification\/\">Clasificaci\u00f3n de eslingas de cable de acero<\/a><\/h3>\n                            <p class=\"excerpt\">1. APAREJO DE CABLE DE ACERO PRENSADO El aparejo prensado es un tipo de eslinga de cable de acero que usamos com\u00fanmente, que generalmente se divide en dos tipos: con collar y sin collar. En comparaci\u00f3...<\/p>\n                            <span class=\"post_infos\">\n                                                                    <span class=\"date_hour_holder\">\n                                        <span itemprop=\"dateCreated\" class=\"date entry_date updated\">24 septiembre, 2023 <meta itemprop=\"interactionCount\" content=\"UserComments: 0\"\/><\/span>\n                                    <\/span>\n                                \n                                \n                                \n                                \n                                                            <\/span>\n                        <\/div>\n                    <\/div>\n                <\/div>\n            <\/div>\n        <\/li>\n        \n        <li class=\"clearfix\">\n            <div class=\"latest_post\"  >\n                <div class=\"latest_post_image clearfix\">\n                    <a itemprop=\"url\" href=\"https:\/\/zunzz.com\/es\/wire-rope-sling\/\">\n                        <img loading=\"lazy\" decoding=\"async\" width=\"150\" height=\"150\" src=\"https:\/\/zunzz.com\/wp-content\/uploads\/2020\/01\/1-150x150.webp\" class=\"attachment-thumbnail size-thumbnail\" alt=\"eslinga de cable de acero\" srcset=\"https:\/\/zunzz.com\/wp-content\/uploads\/2020\/01\/1-150x150.webp 150w, https:\/\/zunzz.com\/wp-content\/uploads\/2020\/01\/1-300x300.webp 300w, https:\/\/zunzz.com\/wp-content\/uploads\/2020\/01\/1-1024x1024.webp 1024w, https:\/\/zunzz.com\/wp-content\/uploads\/2020\/01\/1-768x768.webp 768w, https:\/\/zunzz.com\/wp-content\/uploads\/2020\/01\/1-570x570.webp 570w, https:\/\/zunzz.com\/wp-content\/uploads\/2020\/01\/1-500x500.webp 500w, https:\/\/zunzz.com\/wp-content\/uploads\/2020\/01\/1-1000x1000.webp 1000w, https:\/\/zunzz.com\/wp-content\/uploads\/2020\/01\/1-700x700.webp 700w, https:\/\/zunzz.com\/wp-content\/uploads\/2020\/01\/1-650x650.webp 650w, https:\/\/zunzz.com\/wp-content\/uploads\/2020\/01\/1-1300x1300.webp 1300w, https:\/\/zunzz.com\/wp-content\/uploads\/2020\/01\/1-600x600.webp 600w, https:\/\/zunzz.com\/wp-content\/uploads\/2020\/01\/1-100x100.webp 100w, https:\/\/zunzz.com\/wp-content\/uploads\/2020\/01\/1.webp 1400w\" sizes=\"(max-width: 150px) 100vw, 150px\" \/>                    <\/a>\n                <\/div>\n\n\n                <div class=\"latest_post_text\">\n                    <div class=\"latest_post_inner\">\n                        <div class=\"latest_post_text_inner\">\n                            <h3 itemprop=\"name\" class=\"latest_post_title entry_title\"><a itemprop=\"url\" href=\"https:\/\/zunzz.com\/es\/wire-rope-sling\/\">Eslinga de cable de acero<\/a><\/h3>\n                            <p class=\"excerpt\">\u00bfQu\u00e9 es una eslinga de cable de acero? La eslinga de cable de acero es una cuerda que se procesa utilizando cable de acero como materia prima y se utiliza principalmente para elevar, tirar, tensar y s...<\/p>\n                            <span class=\"post_infos\">\n                                                                    <span class=\"date_hour_holder\">\n                                        <span itemprop=\"dateCreated\" class=\"date entry_date updated\">14 enero, 2020 <meta itemprop=\"interactionCount\" content=\"UserComments: 0\"\/><\/span>\n                                    <\/span>\n                                \n                                \n                                \n                                \n                                                            <\/span>\n                        <\/div>\n                    <\/div>\n                <\/div>\n            <\/div>\n        <\/li>\n        \n    <\/ul>\n<\/div>\t\t\t\t<\/div>\n\t\t\t\t<\/div>\n\t\t\t\t\t<\/div>\n\t\t<\/div>\n\t\t\t\t\t<\/div>\n\t\t<\/section>\n\t\t\t\t<\/div>\n\t\t","protected":false},"excerpt":{"rendered":"<p>Common Questions and Answers for Wire Rope Reeling Machine In the process of steel wire rope construction and application, the steel wire rope reeling machine plays a crucial role as an important auxiliary equipment. However, due to factors such as on-site en&#8230; 03 June, 2025&#8230;<\/p>\n","protected":false},"author":1,"featured_media":699,"parent":0,"menu_order":0,"comment_status":"closed","ping_status":"closed","template":"","meta":{"footnotes":""},"class_list":["post-849","page","type-page","status-publish","has-post-thumbnail","hentry"],"yoast_head":"<!-- This site is optimized with the Yoast SEO plugin v26.8 - https:\/\/yoast.com\/product\/yoast-seo-wordpress\/ -->\n<title>\u00daltimas noticias - Zunzz M\u00e1quina De Eslinga de Cable de Alambre Empresa<\/title>\n<meta name=\"description\" content=\"Informaci\u00f3n completa sobre los \u00faltimos lanzamientos de productos, tendencias de la industria, innovaciones tecnol\u00f3gicas y tendencias del mercado de Zunzz M\u00e1quina de eslinga de cable de acero Compa\u00f1\u00eda.\" \/>\n<meta name=\"robots\" content=\"index, follow, max-snippet:-1, max-image-preview:large, max-video-preview:-1\" \/>\n<link rel=\"canonical\" href=\"https:\/\/zunzz.com\/es\/latest-news\/\" \/>\n<meta property=\"og:locale\" content=\"es_ES\" \/>\n<meta property=\"og:type\" content=\"article\" \/>\n<meta property=\"og:title\" content=\"\u00daltimas noticias - Zunzz M\u00e1quina De Eslinga de Cable de Alambre Empresa\" \/>\n<meta property=\"og:description\" content=\"Informaci\u00f3n completa sobre los \u00faltimos lanzamientos de productos, tendencias de la industria, innovaciones tecnol\u00f3gicas y tendencias del mercado de Zunzz M\u00e1quina de eslinga de cable de acero Compa\u00f1\u00eda.\" \/>\n<meta property=\"og:url\" content=\"https:\/\/zunzz.com\/es\/latest-news\/\" \/>\n<meta property=\"og:site_name\" content=\"Zunzz Wire Rope Sling Machine Company\" \/>\n<meta property=\"article:modified_time\" content=\"2025-12-18T02:51:49+00:00\" \/>\n<meta property=\"og:image\" content=\"https:\/\/zunzz.com\/wp-content\/uploads\/2020\/01\/1.webp\" \/>\n\t<meta property=\"og:image:width\" content=\"1400\" \/>\n\t<meta property=\"og:image:height\" content=\"1400\" \/>\n\t<meta property=\"og:image:type\" content=\"image\/webp\" \/>\n<meta name=\"twitter:card\" content=\"summary_large_image\" \/>\n<meta name=\"twitter:label1\" content=\"Tiempo de lectura\" \/>\n\t<meta name=\"twitter:data1\" content=\"1 minuto\" \/>\n<script type=\"application\/ld+json\" class=\"yoast-schema-graph\">{\"@context\":\"https:\/\/schema.org\",\"@graph\":[{\"@type\":\"WebPage\",\"@id\":\"https:\/\/zunzz.com\/es\/latest-news\/\",\"url\":\"https:\/\/zunzz.com\/es\/latest-news\/\",\"name\":\"\u00daltimas noticias - Zunzz M\u00e1quina De Eslinga de Cable de Alambre Empresa\",\"isPartOf\":{\"@id\":\"https:\/\/zunzz.com\/es\/#website\"},\"primaryImageOfPage\":{\"@id\":\"https:\/\/zunzz.com\/es\/latest-news\/#primaryimage\"},\"image\":{\"@id\":\"https:\/\/zunzz.com\/es\/latest-news\/#primaryimage\"},\"thumbnailUrl\":\"https:\/\/zunzz.com\/wp-content\/uploads\/2020\/01\/1.webp\",\"datePublished\":\"2020-01-14T14:10:46+00:00\",\"dateModified\":\"2025-12-18T02:51:49+00:00\",\"description\":\"Informaci\u00f3n completa sobre los \u00faltimos lanzamientos de productos, tendencias de la industria, innovaciones tecnol\u00f3gicas y tendencias del mercado de Zunzz M\u00e1quina de eslinga de cable de acero Compa\u00f1\u00eda.\",\"breadcrumb\":{\"@id\":\"https:\/\/zunzz.com\/es\/latest-news\/#breadcrumb\"},\"inLanguage\":\"es\",\"potentialAction\":[{\"@type\":\"ReadAction\",\"target\":[\"https:\/\/zunzz.com\/es\/latest-news\/\"]}]},{\"@type\":\"ImageObject\",\"inLanguage\":\"es\",\"@id\":\"https:\/\/zunzz.com\/es\/latest-news\/#primaryimage\",\"url\":\"https:\/\/zunzz.com\/wp-content\/uploads\/2020\/01\/1.webp\",\"contentUrl\":\"https:\/\/zunzz.com\/wp-content\/uploads\/2020\/01\/1.webp\",\"width\":1400,\"height\":1400,\"caption\":\"eslinga de cable de acero\"},{\"@type\":\"BreadcrumbList\",\"@id\":\"https:\/\/zunzz.com\/es\/latest-news\/#breadcrumb\",\"itemListElement\":[{\"@type\":\"ListItem\",\"position\":1,\"name\":\"Home\",\"item\":\"https:\/\/zunzz.com\/es\/home\/\"},{\"@type\":\"ListItem\",\"position\":2,\"name\":\"\u00daltimas noticias\"}]},{\"@type\":\"WebSite\",\"@id\":\"https:\/\/zunzz.com\/es\/#website\",\"url\":\"https:\/\/zunzz.com\/es\/\",\"name\":\"Zunzz Wire Rope Sling Machine Company\",\"description\":\"Zunzz Wire Rope Sling Machine Company is a leading manufacturer of wire rope sling machines and related products.\",\"publisher\":{\"@id\":\"https:\/\/zunzz.com\/es\/#organization\"},\"potentialAction\":[{\"@type\":\"SearchAction\",\"target\":{\"@type\":\"EntryPoint\",\"urlTemplate\":\"https:\/\/zunzz.com\/es\/?s={search_term_string}\"},\"query-input\":{\"@type\":\"PropertyValueSpecification\",\"valueRequired\":true,\"valueName\":\"search_term_string\"}}],\"inLanguage\":\"es\"},{\"@type\":\"Organization\",\"@id\":\"https:\/\/zunzz.com\/es\/#organization\",\"name\":\"Zunzz Wire Rope Sling Machine Company\",\"url\":\"https:\/\/zunzz.com\/es\/\",\"logo\":{\"@type\":\"ImageObject\",\"inLanguage\":\"es\",\"@id\":\"https:\/\/zunzz.com\/es\/#\/schema\/logo\/image\/\",\"url\":\"https:\/\/zunzz.com\/wp-content\/uploads\/2023\/09\/Logo.png\",\"contentUrl\":\"https:\/\/zunzz.com\/wp-content\/uploads\/2023\/09\/Logo.png\",\"width\":171,\"height\":133,\"caption\":\"Zunzz Wire Rope Sling Machine Company\"},\"image\":{\"@id\":\"https:\/\/zunzz.com\/es\/#\/schema\/logo\/image\/\"}}]}<\/script>\n<!-- \/ Yoast SEO plugin. -->","yoast_head_json":{"title":"\u00daltimas noticias - Zunzz M\u00e1quina De Eslinga de Cable de Alambre Empresa","description":"Informaci\u00f3n completa sobre los \u00faltimos lanzamientos de productos, tendencias de la industria, innovaciones tecnol\u00f3gicas y tendencias del mercado de Zunzz M\u00e1quina de eslinga de cable de acero Compa\u00f1\u00eda.","robots":{"index":"index","follow":"follow","max-snippet":"max-snippet:-1","max-image-preview":"max-image-preview:large","max-video-preview":"max-video-preview:-1"},"canonical":"https:\/\/zunzz.com\/es\/latest-news\/","og_locale":"es_ES","og_type":"article","og_title":"\u00daltimas noticias - Zunzz M\u00e1quina De Eslinga de Cable de Alambre Empresa","og_description":"Informaci\u00f3n completa sobre los \u00faltimos lanzamientos de productos, tendencias de la industria, innovaciones tecnol\u00f3gicas y tendencias del mercado de Zunzz M\u00e1quina de eslinga de cable de acero Compa\u00f1\u00eda.","og_url":"https:\/\/zunzz.com\/es\/latest-news\/","og_site_name":"Zunzz Wire Rope Sling Machine Company","article_modified_time":"2025-12-18T02:51:49+00:00","og_image":[{"width":1400,"height":1400,"url":"https:\/\/zunzz.com\/wp-content\/uploads\/2020\/01\/1.webp","type":"image\/webp"}],"twitter_card":"summary_large_image","twitter_misc":{"Tiempo de lectura":"1 minuto"},"schema":{"@context":"https:\/\/schema.org","@graph":[{"@type":"WebPage","@id":"https:\/\/zunzz.com\/es\/latest-news\/","url":"https:\/\/zunzz.com\/es\/latest-news\/","name":"\u00daltimas noticias - Zunzz M\u00e1quina De Eslinga de Cable de Alambre Empresa","isPartOf":{"@id":"https:\/\/zunzz.com\/es\/#website"},"primaryImageOfPage":{"@id":"https:\/\/zunzz.com\/es\/latest-news\/#primaryimage"},"image":{"@id":"https:\/\/zunzz.com\/es\/latest-news\/#primaryimage"},"thumbnailUrl":"https:\/\/zunzz.com\/wp-content\/uploads\/2020\/01\/1.webp","datePublished":"2020-01-14T14:10:46+00:00","dateModified":"2025-12-18T02:51:49+00:00","description":"Informaci\u00f3n completa sobre los \u00faltimos lanzamientos de productos, tendencias de la industria, innovaciones tecnol\u00f3gicas y tendencias del mercado de Zunzz M\u00e1quina de eslinga de cable de acero Compa\u00f1\u00eda.","breadcrumb":{"@id":"https:\/\/zunzz.com\/es\/latest-news\/#breadcrumb"},"inLanguage":"es","potentialAction":[{"@type":"ReadAction","target":["https:\/\/zunzz.com\/es\/latest-news\/"]}]},{"@type":"ImageObject","inLanguage":"es","@id":"https:\/\/zunzz.com\/es\/latest-news\/#primaryimage","url":"https:\/\/zunzz.com\/wp-content\/uploads\/2020\/01\/1.webp","contentUrl":"https:\/\/zunzz.com\/wp-content\/uploads\/2020\/01\/1.webp","width":1400,"height":1400,"caption":"eslinga de cable de acero"},{"@type":"BreadcrumbList","@id":"https:\/\/zunzz.com\/es\/latest-news\/#breadcrumb","itemListElement":[{"@type":"ListItem","position":1,"name":"Home","item":"https:\/\/zunzz.com\/es\/home\/"},{"@type":"ListItem","position":2,"name":"\u00daltimas noticias"}]},{"@type":"WebSite","@id":"https:\/\/zunzz.com\/es\/#website","url":"https:\/\/zunzz.com\/es\/","name":"Zunzz Wire Rope Sling Machine Company","description":"Zunzz Wire Rope Sling Machine Company is a leading manufacturer of wire rope sling machines and related products.","publisher":{"@id":"https:\/\/zunzz.com\/es\/#organization"},"potentialAction":[{"@type":"SearchAction","target":{"@type":"EntryPoint","urlTemplate":"https:\/\/zunzz.com\/es\/?s={search_term_string}"},"query-input":{"@type":"PropertyValueSpecification","valueRequired":true,"valueName":"search_term_string"}}],"inLanguage":"es"},{"@type":"Organization","@id":"https:\/\/zunzz.com\/es\/#organization","name":"Zunzz Wire Rope Sling Machine Company","url":"https:\/\/zunzz.com\/es\/","logo":{"@type":"ImageObject","inLanguage":"es","@id":"https:\/\/zunzz.com\/es\/#\/schema\/logo\/image\/","url":"https:\/\/zunzz.com\/wp-content\/uploads\/2023\/09\/Logo.png","contentUrl":"https:\/\/zunzz.com\/wp-content\/uploads\/2023\/09\/Logo.png","width":171,"height":133,"caption":"Zunzz Wire Rope Sling Machine Company"},"image":{"@id":"https:\/\/zunzz.com\/es\/#\/schema\/logo\/image\/"}}]}},"_links":{"self":[{"href":"https:\/\/zunzz.com\/es\/wp-json\/wp\/v2\/pages\/849","targetHints":{"allow":["GET"]}}],"collection":[{"href":"https:\/\/zunzz.com\/es\/wp-json\/wp\/v2\/pages"}],"about":[{"href":"https:\/\/zunzz.com\/es\/wp-json\/wp\/v2\/types\/page"}],"author":[{"embeddable":true,"href":"https:\/\/zunzz.com\/es\/wp-json\/wp\/v2\/users\/1"}],"replies":[{"embeddable":true,"href":"https:\/\/zunzz.com\/es\/wp-json\/wp\/v2\/comments?post=849"}],"version-history":[{"count":13,"href":"https:\/\/zunzz.com\/es\/wp-json\/wp\/v2\/pages\/849\/revisions"}],"predecessor-version":[{"id":5949,"href":"https:\/\/zunzz.com\/es\/wp-json\/wp\/v2\/pages\/849\/revisions\/5949"}],"wp:featuredmedia":[{"embeddable":true,"href":"https:\/\/zunzz.com\/es\/wp-json\/wp\/v2\/media\/699"}],"wp:attachment":[{"href":"https:\/\/zunzz.com\/es\/wp-json\/wp\/v2\/media?parent=849"}],"curies":[{"name":"wp","href":"https:\/\/api.w.org\/{rel}","templated":true}]}}