{"id":2918,"date":"2025-12-12T01:50:14","date_gmt":"2025-12-12T01:50:14","guid":{"rendered":"https:\/\/zunzz.com\/product\/skaere-og-udgloedningsmaskine-5mm\/"},"modified":"2025-12-13T12:19:29","modified_gmt":"2025-12-13T12:19:29","slug":"skaere-og-udgloedningsmaskine-5mm","status":"publish","type":"product","link":"https:\/\/zunzz.com\/da\/product\/skaere-og-udgloedningsmaskine-5mm\/","title":{"rendered":"Sk\u00e6re- og udgl\u00f8dningsmaskine 5MM"},"content":{"rendered":"<h2 class=\"product_title entry-title\">1. Introduktion til sk\u00e6re- og udgl\u00f8dningsmaskine<\/h2>\n<p>I 2001 lancerede Zunzz Wire Rope Sling Machine Company med succes denne <strong>wiretovs-sk\u00e6re- og anl\u00f8bningsmaskine<\/strong>. Gennem vores kontinuerlige str\u00e6ben efter kvalitet og den vedvarende udvikling af teknologi har vi opn\u00e5et adskillige nationale opfindelsespatenter. Ikke alene er ydeevnen blevet markant forbedret, men maskinen kan ogs\u00e5 smelte wiretovet p\u00e5 kort tid uden at for\u00e5rsage skade p\u00e5 andre dele af wiretovet.  <\/p>\n<p>Enheden har ogs\u00e5 et pr\u00e6cist kontrolsystem, der sikrer, at den n\u00f8dvendige str\u00f8m og temperatur altid er tilg\u00e6ngelig. Betjening af maskinen er blevet enklere og nemmere at betjene, hvilket bedre opfylder kundernes behov. <\/p>\n<p>Vi bruger komponenter af h\u00f8j kvalitet fra f\u00f8rende m\u00e6rker for at sikre overlegen p\u00e5lidelighed og holdbarhed. Vi har forpligtet os til at give kunderne f\u00f8rsteklasses produkter, med det form\u00e5l at lindre dig for bekymringer. Gennem l\u00f8bende innovation og l\u00f8bende forbedringer opfylder vores maskiner ikke kun markedets behov, men giver ogs\u00e5 kunderne en fremragende brugsoplevelse.  <\/p>\n<p>Tak for din tillid til os, vi vil forts\u00e6tte med at arbejde h\u00e5rdt for at give dig bedre tjenester og produkter.<\/p>\n<p>Denne enhed bruges i vid udstr\u00e6kning til automatisk sk\u00e6ring af st\u00e5lwirer af enhver specifikation i industrier. S\u00e5som medicinsk udstyr, bildele, bygningssikkerhed, kontorm\u00f8bler, cykler, sportsudstyr og lockdown. <\/p>\n<p><img fetchpriority=\"high\" decoding=\"async\" class=\"alignnone wp-image-5021 size-full\" src=\"https:\/\/zunzz.com\/wp-content\/uploads\/2023\/09\/Cutting-and-Annealing-Machine.webp\" alt=\"Sk\u00e6re- og udgl\u00f8dningsmaskine\" width=\"600\" height=\"600\" srcset=\"https:\/\/zunzz.com\/wp-content\/uploads\/2023\/09\/Cutting-and-Annealing-Machine.webp 600w, https:\/\/zunzz.com\/wp-content\/uploads\/2023\/09\/Cutting-and-Annealing-Machine-300x300.webp 300w, https:\/\/zunzz.com\/wp-content\/uploads\/2023\/09\/Cutting-and-Annealing-Machine-150x150.webp 150w, https:\/\/zunzz.com\/wp-content\/uploads\/2023\/09\/Cutting-and-Annealing-Machine-570x570.webp 570w, https:\/\/zunzz.com\/wp-content\/uploads\/2023\/09\/Cutting-and-Annealing-Machine-500x500.webp 500w, https:\/\/zunzz.com\/wp-content\/uploads\/2023\/09\/Cutting-and-Annealing-Machine-100x100.webp 100w\" sizes=\"(max-width: 600px) 100vw, 600px\" \/><\/p>\n<p><iframe title=\"Wire Rope Annealing Machine 1-5mm\" width=\"1060\" height=\"596\" src=\"https:\/\/www.youtube.com\/embed\/-hWHbhQLEHA?feature=oembed\" frameborder=\"0\" allow=\"accelerometer; autoplay; clipboard-write; encrypted-media; gyroscope; picture-in-picture; web-share\" referrerpolicy=\"strict-origin-when-cross-origin\" allowfullscreen><\/iframe><\/p>\n<h2>2. tekniske parametre<\/h2>\n<div class=\"table-r\">\n<table width=\"100%\">\n<tbody>\n<tr>\n<td width=\"50%\">Maskintype\n<\/td>\n<td width=\"50%\"><strong>Sk\u00e6re- og udgl\u00f8dningsmaskine<\/strong><\/td>\n<\/tr>\n<tr>\n<td width=\"50%\">Udbr\u00e6ndt r\u00e6kkevidde\n<\/td>\n<td width=\"50%\">1 mm-5 mm<\/td>\n<\/tr>\n<tr>\n<td width=\"50%\">Lufttryk\n<\/td>\n<td width=\"50%\">0,4 MPa<\/td>\n<\/tr>\n<tr>\n<td width=\"50%\">Sp\u00e6nding\n<\/td>\n<td width=\"50%\">Som anmodet<\/td>\n<\/tr>\n<tr>\n<td width=\"50%\">Magt\n<\/td>\n<td width=\"50%\">7,5KW<\/td>\n<\/tr>\n<tr>\n<td width=\"50%\">Dimension (mm)\n<\/td>\n<td width=\"50%\">800L*800W*1500H<\/td>\n<\/tr>\n<tr>\n<td width=\"50%\">V\u00e6gt\n<\/td>\n<td width=\"50%\">400 kg<\/td>\n<\/tr>\n<tr>\n<td width=\"50%\">N\u00f8jagtighed\n<\/td>\n<td width=\"50%\">\u00b12 mm\/m<\/td>\n<\/tr>\n<tr>\n<td width=\"50%\">Min.udgl\u00f8dningsl\u00e6ngde\n<\/td>\n<td width=\"50%\">1,5 cm<\/td>\n<\/tr>\n<\/tbody>\n<\/table>\n<\/div>\n<h3><img decoding=\"async\" class=\"alignnone wp-image-5036 size-large\" src=\"https:\/\/zunzz.com\/wp-content\/uploads\/2023\/09\/11-1024x634.webp\" alt=\"Sk\u00e6re- og udgl\u00f8dningsmaskine\" width=\"1024\" height=\"634\" srcset=\"https:\/\/zunzz.com\/wp-content\/uploads\/2023\/09\/11-1024x634.webp 1024w, https:\/\/zunzz.com\/wp-content\/uploads\/2023\/09\/11-300x186.webp 300w, https:\/\/zunzz.com\/wp-content\/uploads\/2023\/09\/11-768x476.webp 768w, https:\/\/zunzz.com\/wp-content\/uploads\/2023\/09\/11-700x434.webp 700w, https:\/\/zunzz.com\/wp-content\/uploads\/2023\/09\/11-600x372.webp 600w, https:\/\/zunzz.com\/wp-content\/uploads\/2023\/09\/11.webp 1093w\" sizes=\"(max-width: 1024px) 100vw, 1024px\" \/><\/h3>\n<h2>3. Karakteristika af sk\u00e6re- og udgl\u00f8dningsmaskine<\/h2>\n<ul>\n<li>Uds\u00f8gt design, let og praktisk, let at flytte.<\/li>\n<li>Smeltediameteromr\u00e5det er bredt, og smeltningen af \u200b\u200bst\u00e5ltovet kan afsluttes inden for det specificerede diameteromr\u00e5de uden at udskifte nogen dele.<\/li>\n<li>Den er nem at betjene, der kr\u00e6ves ingen skruen\u00f8gle til fastg\u00f8relsesanordningen.<\/li>\n<li>Lavt str\u00f8mforbrug, h\u00f8j effektivitet og energibesparelse, hvilket sikrer sikker brug.<\/li>\n<li>Overkommelige priser, fremragende kvalitet og fremragende v\u00e6rdi for pengene.<\/li>\n<li>Smeltehastigheden er hurtig. Og det smeltede st\u00e5ltov er p\u00e6nt og glat med en konisk form for enden. <\/li>\n<li>St\u00f8jen under drift er kun 75 decibel, og det st\u00f8jsvage design sikrer et behageligt arbejdsmilj\u00f8.<\/li>\n<\/ul>\n<h1><img decoding=\"async\" class=\"alignnone size-large wp-image-5051\" src=\"https:\/\/zunzz.com\/wp-content\/uploads\/2023\/09\/2-1-1024x634.webp\" alt=\"Sk\u00e6re- og udgl\u00f8dningsmaskine\" width=\"1024\" height=\"634\" srcset=\"https:\/\/zunzz.com\/wp-content\/uploads\/2023\/09\/2-1-1024x634.webp 1024w, https:\/\/zunzz.com\/wp-content\/uploads\/2023\/09\/2-1-300x186.webp 300w, https:\/\/zunzz.com\/wp-content\/uploads\/2023\/09\/2-1-768x476.webp 768w, https:\/\/zunzz.com\/wp-content\/uploads\/2023\/09\/2-1-700x434.webp 700w, https:\/\/zunzz.com\/wp-content\/uploads\/2023\/09\/2-1-600x372.webp 600w, https:\/\/zunzz.com\/wp-content\/uploads\/2023\/09\/2-1.webp 1093w\" sizes=\"(max-width: 1024px) 100vw, 1024px\" \/><\/h1>\n<h1 class=\"product_title entry-title\"><img loading=\"lazy\" decoding=\"async\" class=\"alignnone wp-image-361 \" src=\"https:\/\/zunzz.com\/wp-content\/uploads\/2023\/09\/Cutting-and-Annealing-Machine-5MM-1.webp\" alt=\"Sk\u00e6re- og udgl\u00f8dningsmaskine 5MM-1\" width=\"1021\" height=\"1541\" srcset=\"https:\/\/zunzz.com\/wp-content\/uploads\/2023\/09\/Cutting-and-Annealing-Machine-5MM-1.webp 1000w, https:\/\/zunzz.com\/wp-content\/uploads\/2023\/09\/Cutting-and-Annealing-Machine-5MM-1-199x300.webp 199w, https:\/\/zunzz.com\/wp-content\/uploads\/2023\/09\/Cutting-and-Annealing-Machine-5MM-1-679x1024.webp 679w, https:\/\/zunzz.com\/wp-content\/uploads\/2023\/09\/Cutting-and-Annealing-Machine-5MM-1-768x1159.webp 768w, https:\/\/zunzz.com\/wp-content\/uploads\/2023\/09\/Cutting-and-Annealing-Machine-5MM-1-700x1056.webp 700w, https:\/\/zunzz.com\/wp-content\/uploads\/2023\/09\/Cutting-and-Annealing-Machine-5MM-1-600x905.webp 600w\" sizes=\"(max-width: 1021px) 100vw, 1021px\" \/><\/h1>\n<h3>4. Andre parametre for sk\u00e6re- og udgl\u00f8dningsmaskine<\/h3>\n<div class=\"table-r\">\n<table width=\"100%\">\n<tbody>\n<tr>\n<td width=\"50%\">M\u00e6rkenavn\n<\/td>\n<td width=\"50%\">Zunzz Wire Rope Sling Machine Company<\/td>\n<\/tr>\n<tr>\n<td width=\"50%\">Produktionsland\/-region\n<\/td>\n<td width=\"50%\">Baoding, Kina<\/td>\n<\/tr>\n<tr>\n<td width=\"50%\">\u00c5r for f\u00f8rste udgivelse\n<\/td>\n<td width=\"50%\">2001<\/td>\n<\/tr>\n<tr>\n<td width=\"50%\">Produktionsdato\n<\/td>\n<td width=\"50%\">bestille tid<\/td>\n<\/tr>\n<tr>\n<td width=\"50%\">Garantiperiode\n<\/td>\n<td width=\"50%\">1 \u00e5r<\/td>\n<\/tr>\n<tr>\n<td width=\"50%\">Antal (styk)\/leveringstid (dage)\n<\/td>\n<td width=\"50%\">1-1 (styk)\/35 (dage), 2-10 (styk)\/45 (dage), Mere end 10 (styk)\/skal forhandles<\/td>\n<\/tr>\n<tr>\n<td width=\"50%\">Farve\n<\/td>\n<td width=\"50%\">bl\u00e5 eller tilpasset<\/td>\n<\/tr>\n<tr>\n<td width=\"50%\">Emballage detaljer\n<\/td>\n<td width=\"50%\">tr\u00e6kasse<\/td>\n<\/tr>\n<tr>\n<td width=\"50%\">service support\n<\/td>\n<td width=\"50%\">Fjernsupport via telefon<\/td>\n<\/tr>\n<\/tbody>\n<\/table>\n<\/div>\n<p><strong>5. Den st\u00e6rke pakke<\/strong><\/p>\n<p>De automatiske <a href=\"https:\/\/zunzz.com\/da\/product\/automated-wire-rope-fuser-cutting-machine\/\">wire fuser sk\u00e6remaskiner<\/a> er blevet eksporteret til mange lande. Vi bruger international tr\u00e6kasse til levering af maskinerne for at bekr\u00e6fte sikkerheden under levering. <\/p>\n<p><strong>Sk\u00e6re- og udgl\u00f8dningsmaskine<\/strong> er til st\u00e5ltov 1-5 mm med tilspidset ende Automatisk. Vi har stadig denne maskine til st\u00e5lwire 1-3 mm.<\/p>\n<p>Maskinerne har eksporteret til Storbritannien, Danmark, Italien, Marokko, Iran, Indonesien, Indien, UAE, Singapore, Polen mv.<\/p>\n<p><img loading=\"lazy\" decoding=\"async\" class=\"alignnone size-large wp-image-5066\" src=\"https:\/\/zunzz.com\/wp-content\/uploads\/2023\/09\/baozhuag-1024x512.webp\" alt=\"Sk\u00e6re- og udgl\u00f8dningsmaskine\" width=\"1024\" height=\"512\" srcset=\"https:\/\/zunzz.com\/wp-content\/uploads\/2023\/09\/baozhuag-1024x512.webp 1024w, https:\/\/zunzz.com\/wp-content\/uploads\/2023\/09\/baozhuag-300x150.webp 300w, https:\/\/zunzz.com\/wp-content\/uploads\/2023\/09\/baozhuag-768x384.webp 768w, https:\/\/zunzz.com\/wp-content\/uploads\/2023\/09\/baozhuag-1000x500.webp 1000w, https:\/\/zunzz.com\/wp-content\/uploads\/2023\/09\/baozhuag-700x350.webp 700w, https:\/\/zunzz.com\/wp-content\/uploads\/2023\/09\/baozhuag-1300x650.webp 1300w, https:\/\/zunzz.com\/wp-content\/uploads\/2023\/09\/baozhuag-600x300.webp 600w, https:\/\/zunzz.com\/wp-content\/uploads\/2023\/09\/baozhuag.webp 1500w\" sizes=\"(max-width: 1024px) 100vw, 1024px\" \/><\/p>\n\n<div class=\"wpcf7 no-js\" id=\"wpcf7-f5517-o1\" lang=\"da-DK\" dir=\"ltr\" data-wpcf7-id=\"5517\">\n<div class=\"screen-reader-response\"><p role=\"status\" aria-live=\"polite\" aria-atomic=\"true\"><\/p> <ul><\/ul><\/div>\n<form action=\"\/da\/wp-json\/wp\/v2\/product\/2918#wpcf7-f5517-o1\" method=\"post\" class=\"wpcf7-form init\" aria-label=\"Kontaktformular\" novalidate=\"novalidate\" data-status=\"init\">\n<fieldset class=\"hidden-fields-container\"><input type=\"hidden\" name=\"_wpcf7\" value=\"5517\" \/><input type=\"hidden\" name=\"_wpcf7_version\" value=\"6.1.4\" \/><input type=\"hidden\" name=\"_wpcf7_locale\" value=\"da_DK\" \/><input type=\"hidden\" name=\"_wpcf7_unit_tag\" value=\"wpcf7-f5517-o1\" \/><input type=\"hidden\" name=\"_wpcf7_container_post\" value=\"0\" \/><input type=\"hidden\" name=\"_wpcf7_posted_data_hash\" value=\"\" \/>\n<\/fieldset>\n<div class=\"wpcf7-turnstile cf-turnstile\" data-sitekey=\"0x4AAAAAACHlhHyKtoljFN8P\" data-response-field-name=\"_wpcf7_turnstile_response\"><\/div>\n\n<p>\n    <\/p><h4 style=\"color:#333333;font-size:20px;font-family:\"background-color:#FFFFFF;font-weight:normal !important;\">\n        <span style=\"color:red;\">Send os dine krav \u2013 vi svarer inden for 24 timer<\/span>\n    <\/h4>\n\n\n<div class=\"row\" style=\"display:flex; flex-wrap:wrap; width:100%;\">\n\n    <!-- Name -->\n    <div style=\"width:40%; padding-right:10px; box-sizing:border-box;\">\n        <div class=\"form-group\" style=\"margin-bottom:15px;\">\n <span class=\"wpcf7-form-control-wrap\" data-name=\"your-name\"><input size=\"40\" maxlength=\"400\" class=\"wpcf7-form-control wpcf7-text wpcf7-validates-as-required\" aria-required=\"true\" aria-invalid=\"false\" placeholder=\"Dit navn *\" value=\"\" type=\"text\" name=\"your-name\" \/><\/span>\n        <\/div>\n    <\/div>\n\n    <!-- Email -->\n    <div style=\"width:60%; padding-left:10px; box-sizing:border-box;\">\n        <div class=\"form-group\" style=\"margin-bottom:15px;\">\n <span class=\"wpcf7-form-control-wrap\" data-name=\"your-email\"><input size=\"40\" maxlength=\"400\" class=\"wpcf7-form-control wpcf7-email wpcf7-validates-as-required wpcf7-text wpcf7-validates-as-email\" aria-required=\"true\" aria-invalid=\"false\" placeholder=\"E-mailadresse *\" value=\"\" type=\"email\" name=\"your-email\" \/><\/span>\n        <\/div>\n    <\/div>\n\n    <!-- Message -->\n    <div style=\"width:100%; box-sizing:border-box;\">\n        <div class=\"form-group\" style=\"margin-bottom:15px;\">\n            <span class=\"wpcf7-form-control-wrap\" data-name=\"your-message\"><textarea cols=\"30\" rows=\"4\" maxlength=\"2000\" class=\"wpcf7-form-control wpcf7-textarea\" aria-invalid=\"false\" placeholder=\"Skriv venligst din besked her\" name=\"your-message\"><\/textarea><\/span>\n        <\/div>\n    <\/div>\n\n    <!-- Submit -->\n    <div style=\"width:100%; box-sizing:border-box;\">\n        <input class=\"wpcf7-form-control wpcf7-submit has-spinner btn btn-default\" type=\"submit\" value=\"Kontakt os og f\u00e5 et tilbud\" \/>\n    <\/div>\n\n<\/div><div class=\"wpcf7-response-output\" aria-hidden=\"true\"><\/div>\n<\/form>\n<\/div>\n\n","protected":false},"excerpt":{"rendered":"<div class=\"table-r\">\n<table width=\"100%\">\n<tbody>\n<tr>\n<td width=\"50%\">Model:\n<\/td>\n<td width=\"50%\">WST-500<\/td>\n<\/tr>\n<tr>\n<td width=\"50%\">Maks. st\u00e5ltov:<\/td>\n<td width=\"50%\">5 mm<\/td>\n<\/tr>\n<tr>\n<td width=\"50%\">Magt:\n<\/td>\n<td width=\"50%\">7,5KW<\/td>\n<\/tr>\n<tr>\n<td width=\"50%\">Dimensioner:\n<\/td>\n<td width=\"50%\">800*800*1500 mm<\/td>\n<\/tr>\n<tr>\n<td width=\"50%\">V\u00e6gt:\n<\/td>\n<td width=\"50%\">400 kg<\/td>\n<\/tr>\n<\/tbody>\n<\/table>\n<p><strong>Tilg\u00e6ngeligt sprog:<\/strong>[wpml_language_selector_widget]<\/p>\n[contact-form-7 id=\"055e9b5\" title=\"Contact form 2\"]\n<\/div>\n","protected":false},"featured_media":2919,"comment_status":"open","ping_status":"closed","template":"","meta":[],"product_brand":[],"product_cat":[182],"product_tag":[339,350],"class_list":{"0":"post-2918","1":"product","2":"type-product","3":"status-publish","4":"has-post-thumbnail","6":"product_cat-wire-rope-annealing-machine","7":"product_tag-wire-rope-annealing-machine","8":"product_tag-cutting-and-annealing-machine","10":"first","11":"instock","12":"taxable","13":"shipping-taxable","14":"product-type-simple"},"yoast_head":"<!-- This site is optimized with the Yoast SEO plugin v26.8 - https:\/\/yoast.com\/product\/yoast-seo-wordpress\/ -->\n<title>Sk\u00e6re- og udgl\u00f8dningsmaskine 5MM<\/title>\n<meta name=\"description\" content=\"St\u00e5ltovsk\u00e6re- og udgl\u00f8dningsmaskine er til st\u00e5ltov 1-5mm med tilspidset ende Automatisk. Vi har stadig denne maskine til st\u00e5lwire 1-3 mm.\" \/>\n<meta name=\"robots\" content=\"index, follow, max-snippet:-1, max-image-preview:large, max-video-preview:-1\" \/>\n<link rel=\"canonical\" href=\"https:\/\/zunzz.com\/da\/product\/skaere-og-udgloedningsmaskine-5mm\/\" \/>\n<meta property=\"og:locale\" content=\"da_DK\" \/>\n<meta property=\"og:type\" content=\"article\" \/>\n<meta property=\"og:title\" content=\"Sk\u00e6re- og udgl\u00f8dningsmaskine 5MM\" \/>\n<meta property=\"og:description\" content=\"St\u00e5ltovsk\u00e6re- og udgl\u00f8dningsmaskine er til st\u00e5ltov 1-5mm med tilspidset ende Automatisk. Vi har stadig denne maskine til st\u00e5lwire 1-3 mm.\" \/>\n<meta property=\"og:url\" content=\"https:\/\/zunzz.com\/da\/product\/skaere-og-udgloedningsmaskine-5mm\/\" \/>\n<meta property=\"og:site_name\" content=\"Zunzz Wire Rope Sling Machine Company\" \/>\n<meta property=\"article:modified_time\" content=\"2025-12-13T12:19:29+00:00\" \/>\n<meta property=\"og:image\" content=\"https:\/\/zunzz.com\/wp-content\/uploads\/2023\/09\/Cutting-and-Annealing-Machine-5MM-3.webp\" \/>\n\t<meta property=\"og:image:width\" content=\"600\" \/>\n\t<meta property=\"og:image:height\" content=\"600\" \/>\n\t<meta property=\"og:image:type\" content=\"image\/webp\" \/>\n<meta name=\"twitter:card\" content=\"summary_large_image\" \/>\n<meta name=\"twitter:label1\" content=\"Estimeret l\u00e6setid\" \/>\n\t<meta name=\"twitter:data1\" content=\"5 minutter\" \/>\n<script type=\"application\/ld+json\" class=\"yoast-schema-graph\">{\"@context\":\"https:\/\/schema.org\",\"@graph\":[{\"@type\":\"WebPage\",\"@id\":\"https:\/\/zunzz.com\/da\/product\/skaere-og-udgloedningsmaskine-5mm\/\",\"url\":\"https:\/\/zunzz.com\/da\/product\/skaere-og-udgloedningsmaskine-5mm\/\",\"name\":\"Sk\u00e6re- og udgl\u00f8dningsmaskine 5MM\",\"isPartOf\":{\"@id\":\"https:\/\/zunzz.com\/da\/#website\"},\"primaryImageOfPage\":{\"@id\":\"https:\/\/zunzz.com\/da\/product\/skaere-og-udgloedningsmaskine-5mm\/#primaryimage\"},\"image\":{\"@id\":\"https:\/\/zunzz.com\/da\/product\/skaere-og-udgloedningsmaskine-5mm\/#primaryimage\"},\"thumbnailUrl\":\"https:\/\/zunzz.com\/wp-content\/uploads\/2023\/09\/Cutting-and-Annealing-Machine-5MM-3.webp\",\"datePublished\":\"2025-12-12T01:50:14+00:00\",\"dateModified\":\"2025-12-13T12:19:29+00:00\",\"description\":\"St\u00e5ltovsk\u00e6re- og udgl\u00f8dningsmaskine er til st\u00e5ltov 1-5mm med tilspidset ende Automatisk. Vi har stadig denne maskine til st\u00e5lwire 1-3 mm.\",\"breadcrumb\":{\"@id\":\"https:\/\/zunzz.com\/da\/product\/skaere-og-udgloedningsmaskine-5mm\/#breadcrumb\"},\"inLanguage\":\"da-DK\",\"potentialAction\":[{\"@type\":\"ReadAction\",\"target\":[\"https:\/\/zunzz.com\/da\/product\/skaere-og-udgloedningsmaskine-5mm\/\"]}]},{\"@type\":\"ImageObject\",\"inLanguage\":\"da-DK\",\"@id\":\"https:\/\/zunzz.com\/da\/product\/skaere-og-udgloedningsmaskine-5mm\/#primaryimage\",\"url\":\"https:\/\/zunzz.com\/wp-content\/uploads\/2023\/09\/Cutting-and-Annealing-Machine-5MM-3.webp\",\"contentUrl\":\"https:\/\/zunzz.com\/wp-content\/uploads\/2023\/09\/Cutting-and-Annealing-Machine-5MM-3.webp\",\"width\":600,\"height\":600,\"caption\":\"Sk\u00e6re- og udgl\u00f8dningsmaskine 5MM-3\"},{\"@type\":\"BreadcrumbList\",\"@id\":\"https:\/\/zunzz.com\/da\/product\/skaere-og-udgloedningsmaskine-5mm\/#breadcrumb\",\"itemListElement\":[{\"@type\":\"ListItem\",\"position\":1,\"name\":\"Home\",\"item\":\"https:\/\/zunzz.com\/da\/home\/\"},{\"@type\":\"ListItem\",\"position\":2,\"name\":\"Shop\",\"item\":\"https:\/\/zunzz.com\/bg\/shop\/\"},{\"@type\":\"ListItem\",\"position\":3,\"name\":\"Sk\u00e6re- og udgl\u00f8dningsmaskine 5MM\"}]},{\"@type\":\"WebSite\",\"@id\":\"https:\/\/zunzz.com\/da\/#website\",\"url\":\"https:\/\/zunzz.com\/da\/\",\"name\":\"Zunzz Wire Rope Sling Machine Company\",\"description\":\"Zunzz Wire Rope Sling Machine Company is a leading manufacturer of wire rope sling machines and related products.\",\"publisher\":{\"@id\":\"https:\/\/zunzz.com\/da\/#organization\"},\"potentialAction\":[{\"@type\":\"SearchAction\",\"target\":{\"@type\":\"EntryPoint\",\"urlTemplate\":\"https:\/\/zunzz.com\/da\/?s={search_term_string}\"},\"query-input\":{\"@type\":\"PropertyValueSpecification\",\"valueRequired\":true,\"valueName\":\"search_term_string\"}}],\"inLanguage\":\"da-DK\"},{\"@type\":\"Organization\",\"@id\":\"https:\/\/zunzz.com\/da\/#organization\",\"name\":\"Zunzz Wire Rope Sling Machine Company\",\"url\":\"https:\/\/zunzz.com\/da\/\",\"logo\":{\"@type\":\"ImageObject\",\"inLanguage\":\"da-DK\",\"@id\":\"https:\/\/zunzz.com\/da\/#\/schema\/logo\/image\/\",\"url\":\"https:\/\/zunzz.com\/wp-content\/uploads\/2023\/09\/Logo.png\",\"contentUrl\":\"https:\/\/zunzz.com\/wp-content\/uploads\/2023\/09\/Logo.png\",\"width\":171,\"height\":133,\"caption\":\"Zunzz Wire Rope Sling Machine Company\"},\"image\":{\"@id\":\"https:\/\/zunzz.com\/da\/#\/schema\/logo\/image\/\"}}]}<\/script>\n<!-- \/ Yoast SEO plugin. -->","yoast_head_json":{"title":"Sk\u00e6re- og udgl\u00f8dningsmaskine 5MM","description":"St\u00e5ltovsk\u00e6re- og udgl\u00f8dningsmaskine er til st\u00e5ltov 1-5mm med tilspidset ende Automatisk. Vi har stadig denne maskine til st\u00e5lwire 1-3 mm.","robots":{"index":"index","follow":"follow","max-snippet":"max-snippet:-1","max-image-preview":"max-image-preview:large","max-video-preview":"max-video-preview:-1"},"canonical":"https:\/\/zunzz.com\/da\/product\/skaere-og-udgloedningsmaskine-5mm\/","og_locale":"da_DK","og_type":"article","og_title":"Sk\u00e6re- og udgl\u00f8dningsmaskine 5MM","og_description":"St\u00e5ltovsk\u00e6re- og udgl\u00f8dningsmaskine er til st\u00e5ltov 1-5mm med tilspidset ende Automatisk. Vi har stadig denne maskine til st\u00e5lwire 1-3 mm.","og_url":"https:\/\/zunzz.com\/da\/product\/skaere-og-udgloedningsmaskine-5mm\/","og_site_name":"Zunzz Wire Rope Sling Machine Company","article_modified_time":"2025-12-13T12:19:29+00:00","og_image":[{"width":600,"height":600,"url":"https:\/\/zunzz.com\/wp-content\/uploads\/2023\/09\/Cutting-and-Annealing-Machine-5MM-3.webp","type":"image\/webp"}],"twitter_card":"summary_large_image","twitter_misc":{"Estimeret l\u00e6setid":"5 minutter"},"schema":{"@context":"https:\/\/schema.org","@graph":[{"@type":"WebPage","@id":"https:\/\/zunzz.com\/da\/product\/skaere-og-udgloedningsmaskine-5mm\/","url":"https:\/\/zunzz.com\/da\/product\/skaere-og-udgloedningsmaskine-5mm\/","name":"Sk\u00e6re- og udgl\u00f8dningsmaskine 5MM","isPartOf":{"@id":"https:\/\/zunzz.com\/da\/#website"},"primaryImageOfPage":{"@id":"https:\/\/zunzz.com\/da\/product\/skaere-og-udgloedningsmaskine-5mm\/#primaryimage"},"image":{"@id":"https:\/\/zunzz.com\/da\/product\/skaere-og-udgloedningsmaskine-5mm\/#primaryimage"},"thumbnailUrl":"https:\/\/zunzz.com\/wp-content\/uploads\/2023\/09\/Cutting-and-Annealing-Machine-5MM-3.webp","datePublished":"2025-12-12T01:50:14+00:00","dateModified":"2025-12-13T12:19:29+00:00","description":"St\u00e5ltovsk\u00e6re- og udgl\u00f8dningsmaskine er til st\u00e5ltov 1-5mm med tilspidset ende Automatisk. Vi har stadig denne maskine til st\u00e5lwire 1-3 mm.","breadcrumb":{"@id":"https:\/\/zunzz.com\/da\/product\/skaere-og-udgloedningsmaskine-5mm\/#breadcrumb"},"inLanguage":"da-DK","potentialAction":[{"@type":"ReadAction","target":["https:\/\/zunzz.com\/da\/product\/skaere-og-udgloedningsmaskine-5mm\/"]}]},{"@type":"ImageObject","inLanguage":"da-DK","@id":"https:\/\/zunzz.com\/da\/product\/skaere-og-udgloedningsmaskine-5mm\/#primaryimage","url":"https:\/\/zunzz.com\/wp-content\/uploads\/2023\/09\/Cutting-and-Annealing-Machine-5MM-3.webp","contentUrl":"https:\/\/zunzz.com\/wp-content\/uploads\/2023\/09\/Cutting-and-Annealing-Machine-5MM-3.webp","width":600,"height":600,"caption":"Sk\u00e6re- og udgl\u00f8dningsmaskine 5MM-3"},{"@type":"BreadcrumbList","@id":"https:\/\/zunzz.com\/da\/product\/skaere-og-udgloedningsmaskine-5mm\/#breadcrumb","itemListElement":[{"@type":"ListItem","position":1,"name":"Home","item":"https:\/\/zunzz.com\/da\/home\/"},{"@type":"ListItem","position":2,"name":"Shop","item":"https:\/\/zunzz.com\/bg\/shop\/"},{"@type":"ListItem","position":3,"name":"Sk\u00e6re- og udgl\u00f8dningsmaskine 5MM"}]},{"@type":"WebSite","@id":"https:\/\/zunzz.com\/da\/#website","url":"https:\/\/zunzz.com\/da\/","name":"Zunzz Wire Rope Sling Machine Company","description":"Zunzz Wire Rope Sling Machine Company is a leading manufacturer of wire rope sling machines and related products.","publisher":{"@id":"https:\/\/zunzz.com\/da\/#organization"},"potentialAction":[{"@type":"SearchAction","target":{"@type":"EntryPoint","urlTemplate":"https:\/\/zunzz.com\/da\/?s={search_term_string}"},"query-input":{"@type":"PropertyValueSpecification","valueRequired":true,"valueName":"search_term_string"}}],"inLanguage":"da-DK"},{"@type":"Organization","@id":"https:\/\/zunzz.com\/da\/#organization","name":"Zunzz Wire Rope Sling Machine Company","url":"https:\/\/zunzz.com\/da\/","logo":{"@type":"ImageObject","inLanguage":"da-DK","@id":"https:\/\/zunzz.com\/da\/#\/schema\/logo\/image\/","url":"https:\/\/zunzz.com\/wp-content\/uploads\/2023\/09\/Logo.png","contentUrl":"https:\/\/zunzz.com\/wp-content\/uploads\/2023\/09\/Logo.png","width":171,"height":133,"caption":"Zunzz Wire Rope Sling Machine Company"},"image":{"@id":"https:\/\/zunzz.com\/da\/#\/schema\/logo\/image\/"}}]}},"_links":{"self":[{"href":"https:\/\/zunzz.com\/da\/wp-json\/wp\/v2\/product\/2918","targetHints":{"allow":["GET"]}}],"collection":[{"href":"https:\/\/zunzz.com\/da\/wp-json\/wp\/v2\/product"}],"about":[{"href":"https:\/\/zunzz.com\/da\/wp-json\/wp\/v2\/types\/product"}],"replies":[{"embeddable":true,"href":"https:\/\/zunzz.com\/da\/wp-json\/wp\/v2\/comments?post=2918"}],"wp:featuredmedia":[{"embeddable":true,"href":"https:\/\/zunzz.com\/da\/wp-json\/wp\/v2\/media\/2919"}],"wp:attachment":[{"href":"https:\/\/zunzz.com\/da\/wp-json\/wp\/v2\/media?parent=2918"}],"wp:term":[{"taxonomy":"product_brand","embeddable":true,"href":"https:\/\/zunzz.com\/da\/wp-json\/wp\/v2\/product_brand?post=2918"},{"taxonomy":"product_cat","embeddable":true,"href":"https:\/\/zunzz.com\/da\/wp-json\/wp\/v2\/product_cat?post=2918"},{"taxonomy":"product_tag","embeddable":true,"href":"https:\/\/zunzz.com\/da\/wp-json\/wp\/v2\/product_tag?post=2918"}],"curies":[{"name":"wp","href":"https:\/\/api.w.org\/{rel}","templated":true}]}}