{"id":2840,"date":"2025-12-13T02:04:06","date_gmt":"2025-12-13T02:04:06","guid":{"rendered":"https:\/\/zunzz.com\/product\/maskine-til-udgloedning-af-staalwire-55-mm\/"},"modified":"2025-12-14T03:19:51","modified_gmt":"2025-12-14T03:19:51","slug":"wire-rope-annealing-machine","status":"publish","type":"product","link":"https:\/\/zunzz.com\/da\/product\/wire-rope-annealing-machine\/","title":{"rendered":"maskine til udgl\u00f8dning af st\u00e5lwire 55 mm"},"content":{"rendered":"<h3>1.Om wire-udgl\u00f8dningsmaskine<\/h3>\n<p>Denne <strong>tr\u00e5drebsgl\u00f8demaskine<\/strong> er velegnet til st\u00e5ltove med en diameter p\u00e5 22-55 mm. Den er resultatet af kontinuerlige forbedringer siden Zunzz Wire Rope Machine Company blev etableret i 2001. Med den fortsatte innovation og teknologiske udvikling har vores maskiner markant forbedret arbejdseffektiviteten og sikkerheden. Den er ideel til enhver industri, der kr\u00e6ver hyppig sk\u00e6ring af tr\u00e5dreb.   <\/p>\n<h3>2. parametre for gl\u00f8demaskine til st\u00e5ltove<\/h3>\n<div class=\"table-r\">\n<table width=\"100%\">\n<tbody>\n<tr>\n<td width=\"50%\">Model nr\n<\/td>\n<td width=\"50%\">UNR-55<\/td>\n<\/tr>\n<tr>\n<td width=\"50%\">Machine color\n<\/td>\n<td width=\"50%\"> as requested<\/td>\n<\/tr>\n<tr>\n<td width=\"50%\">Br\u00e6nd vores sortiment\n<\/td>\n<td width=\"50%\">\u00d820-55mm<\/td>\n<\/tr>\n<tr>\n<td width=\"50%\">Klemme\n<\/td>\n<td width=\"50%\">4 s\u00e6t<\/td>\n<\/tr>\n<tr>\n<td width=\"50%\">Magt\n<\/td>\n<td width=\"50%\">150KW<\/td>\n<\/tr>\n<tr>\n<td width=\"50%\">Sp\u00e6nding\n<\/td>\n<td width=\"50%\">Som anmodning<\/td>\n<\/tr>\n<tr>\n<td width=\"50%\">Dimension (mm)\n<\/td>\n<td width=\"50%\">1100*900*1600<\/td>\n<\/tr>\n<tr>\n<td width=\"50%\">V\u00e6gt\n<\/td>\n<td width=\"50%\">800 kg<\/td>\n<\/tr>\n<tr>\n<td width=\"50%\">Kontrollere\n<\/td>\n<td width=\"50%\">mikrocomputer<\/td>\n<\/tr>\n<\/tbody>\n<\/table>\n<p>&nbsp;<\/p>\n<\/div>\n<p><iframe title=\"Wire Rope Annealing Machine 55mmm\" width=\"1060\" height=\"596\" src=\"https:\/\/www.youtube.com\/embed\/dyr3C3Txx3w?feature=oembed\" frameborder=\"0\" allow=\"accelerometer; autoplay; clipboard-write; encrypted-media; gyroscope; picture-in-picture; web-share\" referrerpolicy=\"strict-origin-when-cross-origin\" allowfullscreen><\/iframe><\/p>\n<div class=\"table-r\">\n<h3>3.Instruktioner for wire-udgl\u00f8dningsmaskine<\/h3>\n<p>Processen med gl\u00f8dning af tr\u00e5dreb kaldes nogle gange sammensmeltning og tilspidsning. Under denne gl\u00f8dningsproces opvarmes strengene i tr\u00e5drebet til en meget h\u00f8j temperatur ved at styre str\u00f8mforsyningen via en fodkontakt. Metalpartiklerne vil rekrystallisere under den h\u00f8je varme, hvilket g\u00f8r det muligt for dem at smelte sammen.  <\/p>\n<p>Endelig best\u00e5r den af \u200b\u200bto uafh\u00e6ngige dele: 1. Gennem hjulet og h\u00e5ndtaget er st\u00e5ltovet viklet lidt stramt og smeltet sammen. 2. Juster afstanden mellem klemmen. Til sidst delt i to dele. P\u00e5 denne m\u00e5de vil enden af \u200b\u200brebet v\u00e6re let tilspidset og fuldst\u00e6ndig smeltet sammen.    <\/p>\n<p>For at undg\u00e5, at rebet bliver spr\u00f8dt, skal du s\u00f8rge for at afk\u00f8le det langsomt. S\u00e5 f\u00e5r du et p\u00e6nt og glat st\u00e5ltov med tilspidset form og spiralender. <\/p>\n<h3><img fetchpriority=\"high\" decoding=\"async\" class=\"alignnone wp-image-365 size-full\" src=\"https:\/\/zunzz.com\/wp-content\/uploads\/2023\/09\/Wire-Rope-Annealing-Machine-55mm-2.webp\" alt=\"Wire-gl\u00f8dningsmaskine 55mm-2\" width=\"1000\" height=\"1000\" srcset=\"https:\/\/zunzz.com\/wp-content\/uploads\/2023\/09\/Wire-Rope-Annealing-Machine-55mm-2.webp 1000w, https:\/\/zunzz.com\/wp-content\/uploads\/2023\/09\/Wire-Rope-Annealing-Machine-55mm-2-300x300.webp 300w, https:\/\/zunzz.com\/wp-content\/uploads\/2023\/09\/Wire-Rope-Annealing-Machine-55mm-2-150x150.webp 150w, https:\/\/zunzz.com\/wp-content\/uploads\/2023\/09\/Wire-Rope-Annealing-Machine-55mm-2-768x768.webp 768w, https:\/\/zunzz.com\/wp-content\/uploads\/2023\/09\/Wire-Rope-Annealing-Machine-55mm-2-570x570.webp 570w, https:\/\/zunzz.com\/wp-content\/uploads\/2023\/09\/Wire-Rope-Annealing-Machine-55mm-2-500x500.webp 500w, https:\/\/zunzz.com\/wp-content\/uploads\/2023\/09\/Wire-Rope-Annealing-Machine-55mm-2-700x700.webp 700w, https:\/\/zunzz.com\/wp-content\/uploads\/2023\/09\/Wire-Rope-Annealing-Machine-55mm-2-650x650.webp 650w, https:\/\/zunzz.com\/wp-content\/uploads\/2023\/09\/Wire-Rope-Annealing-Machine-55mm-2-600x600.webp 600w, https:\/\/zunzz.com\/wp-content\/uploads\/2023\/09\/Wire-Rope-Annealing-Machine-55mm-2-100x100.webp 100w\" sizes=\"(max-width: 1000px) 100vw, 1000px\" \/><\/h3>\n<h3><\/h3>\n<h3>4. Fordele ved wire-udgl\u00f8dningsmaskine<\/h3>\n<ul>\n<li>Smart form og b\u00e6rbarhed:<\/li>\n<\/ul>\n<p><strong>Tr\u00e5drebsgl\u00f8demaskinen<\/strong> er smart designet, s\u00e5 den nemt kan flyttes til forskellige arbejdsscenarier. For eksempel kan dette udstyr spille en vigtig rolle p\u00e5 byggepladser, ved brokonstruktion, skibsbygning og mange andre situationer, hvor tr\u00e5dreb skal sk\u00e6res. <\/p>\n<ul>\n<li>Hurtig smeltning og praktisk betjening:<\/li>\n<\/ul>\n<p><a title=\"Sk\u00e6re- og udgl\u00f8dningsmaskine 5MM\" href=\"https:\/\/zunzz.com\/da\/product\/skaere-og-udgloedningsmaskine-5mm\/\">Sk\u00e6re- og gl\u00f8demaskinen<\/a> har egenskaberne hurtig smeltning og sk\u00e6ring af st\u00e5ltove og er samtidig nem at betjene, hvilket forbedrer produktions effektiviteten.<\/p>\n<ul>\n<li>Energibesparelse og sikkerhed:<\/li>\n<\/ul>\n<p>Udgl\u00f8dningsmaskinens arbejdskraft er relativt lav, hvilket hj\u00e6lper med at spare energi. Og det unikke design kan sikre driftsikkerheden. <\/p>\n<ul>\n<li>Udgl\u00f8dningsenden er p\u00e6n og glat:<\/li>\n<\/ul>\n<p>konisk og spiral, vil ledningen ikke tr\u00e6vle op.<\/p>\n<ul>\n<li>Samarbejde med r\u00f8gudsugningsanordningen:<\/li>\n<\/ul>\n<p>Maskinen kan arbejde sammen med r\u00f8gudst\u00f8dningsanordningen for effektivt at kontrollere og eliminere r\u00f8gen og st\u00f8vet, der genereres under svejseprocessen, hvilket sikrer renheden og sikkerheden i arbejdsmilj\u00f8et.<\/p>\n<ul>\n<li>Bredt udgl\u00f8dningsdiameteromr\u00e5de:<\/li>\n<\/ul>\n<p>Udgl\u00f8dningsmaskinen har et bredt smeltediameteromr\u00e5de og kan sammensmelte 22-55 mm st\u00e5lwire uden at udskifte nogen dele. <span style=\"color: #ff0000;\">Skal du sammensmelte st\u00e5ltove med forskellige diametre, tilbyder vi ogs\u00e5 andre modeller af maskiner, der kan opfylde dine behov.<\/span><\/p>\n<ul>\n<li>Unikt klemmedesign:<\/li>\n<\/ul>\n<p>Klemmen har et unikt klemmedesign for at sikre, at st\u00e5ltovet er solidt fastgjort, hvilket forbedrer stabiliteten og driftsikkerheden.<\/p>\n<\/div>\n<p><img decoding=\"async\" class=\"alignnone wp-image-366 \" src=\"https:\/\/zunzz.com\/wp-content\/uploads\/2023\/09\/Wire-Rope-Annealing-Machine-55mm-1.webp\" alt=\"Wire-gl\u00f8dningsmaskine 55mm-1\" width=\"1000\" height=\"1333\" srcset=\"https:\/\/zunzz.com\/wp-content\/uploads\/2023\/09\/Wire-Rope-Annealing-Machine-55mm-1.webp 960w, https:\/\/zunzz.com\/wp-content\/uploads\/2023\/09\/Wire-Rope-Annealing-Machine-55mm-1-225x300.webp 225w, https:\/\/zunzz.com\/wp-content\/uploads\/2023\/09\/Wire-Rope-Annealing-Machine-55mm-1-768x1024.webp 768w, https:\/\/zunzz.com\/wp-content\/uploads\/2023\/09\/Wire-Rope-Annealing-Machine-55mm-1-600x800.webp 600w, https:\/\/zunzz.com\/wp-content\/uploads\/2023\/09\/Wire-Rope-Annealing-Machine-55mm-1-700x933.webp 700w\" sizes=\"(max-width: 1000px) 100vw, 1000px\" \/><\/p>\n<p><img decoding=\"async\" class=\"alignnone wp-image-368 \" src=\"https:\/\/zunzz.com\/wp-content\/uploads\/2023\/09\/Wire-Rope-Annealing-Machine-55mm-4.webp\" alt=\"Wire-gl\u00f8dningsmaskine 55mm-4\" width=\"1000\" height=\"1333\" srcset=\"https:\/\/zunzz.com\/wp-content\/uploads\/2023\/09\/Wire-Rope-Annealing-Machine-55mm-4.webp 960w, https:\/\/zunzz.com\/wp-content\/uploads\/2023\/09\/Wire-Rope-Annealing-Machine-55mm-4-225x300.webp 225w, https:\/\/zunzz.com\/wp-content\/uploads\/2023\/09\/Wire-Rope-Annealing-Machine-55mm-4-768x1024.webp 768w, https:\/\/zunzz.com\/wp-content\/uploads\/2023\/09\/Wire-Rope-Annealing-Machine-55mm-4-600x800.webp 600w, https:\/\/zunzz.com\/wp-content\/uploads\/2023\/09\/Wire-Rope-Annealing-Machine-55mm-4-700x933.webp 700w\" sizes=\"(max-width: 1000px) 100vw, 1000px\" \/><\/p>\n<h3><\/h3>\n<h3>5. Andre parametre for sk\u00e6re- og udgl\u00f8dningsmaskine<\/h3>\n<div class=\"table-r\">\n<table width=\"100%\">\n<tbody>\n<tr>\n<td width=\"50%\">Tilstand\n<\/td>\n<td width=\"50%\">Splinterny<\/td>\n<\/tr>\n<tr>\n<td width=\"50%\">M\u00e6rkenavn\n<\/td>\n<td width=\"50%\">Zunzz Wire Rope Sling Machine Company<\/td>\n<\/tr>\n<tr>\n<td width=\"50%\">Produktionsland\/-region\n<\/td>\n<td width=\"50%\">Baoding, Kina<\/td>\n<\/tr>\n<tr>\n<td width=\"50%\">\u00c5r for f\u00f8rste udgivelse\n<\/td>\n<td width=\"50%\">2001<\/td>\n<\/tr>\n<tr>\n<td width=\"50%\">Produktionsdato\n<\/td>\n<td width=\"50%\">Bestil tid<\/td>\n<\/tr>\n<tr>\n<td width=\"50%\">Garantiperiode\n<\/td>\n<td width=\"50%\">1 \u00e5r<\/td>\n<\/tr>\n<tr>\n<td width=\"50%\">Antal (styk)\/leveringstid (dage)\n<\/td>\n<td width=\"50%\">1-1 (stykker)\/35 (dage), 2-10 (stykker)\/45 (dage), Mere end 10 (stykker)\/skal forhandles<\/td>\n<\/tr>\n<tr>\n<td width=\"50%\">Farve\n<\/td>\n<td width=\"50%\">R\u00f8d eller tilpasset<\/td>\n<\/tr>\n<tr>\n<td width=\"50%\">Emballage detaljer\n<\/td>\n<td width=\"50%\">Tr\u00e6kasse<\/td>\n<\/tr>\n<tr>\n<td width=\"50%\">service support\n<\/td>\n<td width=\"50%\">Fjernsupport via telefon<\/td>\n<\/tr>\n<\/tbody>\n<\/table>\n<\/div>\n<p>&nbsp;<\/p>\n<p><img loading=\"lazy\" decoding=\"async\" class=\"alignnone wp-image-367 \" src=\"https:\/\/zunzz.com\/wp-content\/uploads\/2023\/09\/Wire-Rope-Annealing-Machine-55mm-3.webp\" alt=\"Wire-gl\u00f8dningsmaskine 55mm-3\" width=\"1000\" height=\"1334\" srcset=\"https:\/\/zunzz.com\/wp-content\/uploads\/2023\/09\/Wire-Rope-Annealing-Machine-55mm-3.webp 810w, https:\/\/zunzz.com\/wp-content\/uploads\/2023\/09\/Wire-Rope-Annealing-Machine-55mm-3-225x300.webp 225w, https:\/\/zunzz.com\/wp-content\/uploads\/2023\/09\/Wire-Rope-Annealing-Machine-55mm-3-768x1024.webp 768w, https:\/\/zunzz.com\/wp-content\/uploads\/2023\/09\/Wire-Rope-Annealing-Machine-55mm-3-600x800.webp 600w, https:\/\/zunzz.com\/wp-content\/uploads\/2023\/09\/Wire-Rope-Annealing-Machine-55mm-3-700x933.webp 700w\" sizes=\"(max-width: 1000px) 100vw, 1000px\" \/><\/p>\n<p>Maskinerne har eksporteret til Storbritannien, Danmark, Italien, Marokko, Iran, Indonesien, Indien, UAE, Singapore, Polen mv.<\/p>\n\n<div class=\"wpcf7 no-js\" id=\"wpcf7-f5517-o1\" lang=\"da-DK\" dir=\"ltr\" data-wpcf7-id=\"5517\">\n<div class=\"screen-reader-response\"><p role=\"status\" aria-live=\"polite\" aria-atomic=\"true\"><\/p> <ul><\/ul><\/div>\n<form action=\"\/da\/wp-json\/wp\/v2\/product\/2840#wpcf7-f5517-o1\" method=\"post\" class=\"wpcf7-form init\" aria-label=\"Kontaktformular\" novalidate=\"novalidate\" data-status=\"init\">\n<fieldset class=\"hidden-fields-container\"><input type=\"hidden\" name=\"_wpcf7\" value=\"5517\" \/><input type=\"hidden\" name=\"_wpcf7_version\" value=\"6.1.4\" \/><input type=\"hidden\" name=\"_wpcf7_locale\" value=\"da_DK\" \/><input type=\"hidden\" name=\"_wpcf7_unit_tag\" value=\"wpcf7-f5517-o1\" \/><input type=\"hidden\" name=\"_wpcf7_container_post\" value=\"0\" \/><input type=\"hidden\" name=\"_wpcf7_posted_data_hash\" value=\"\" \/>\n<\/fieldset>\n<div class=\"wpcf7-turnstile cf-turnstile\" data-sitekey=\"0x4AAAAAACHlhHyKtoljFN8P\" data-response-field-name=\"_wpcf7_turnstile_response\"><\/div>\n\n<p>\n    <\/p><h4 style=\"color:#333333;font-size:20px;font-family:\"background-color:#FFFFFF;font-weight:normal !important;\">\n        <span style=\"color:red;\">Send os dine krav \u2013 vi svarer inden for 24 timer<\/span>\n    <\/h4>\n\n\n<div class=\"row\" style=\"display:flex; flex-wrap:wrap; width:100%;\">\n\n    <!-- Name -->\n    <div style=\"width:40%; padding-right:10px; box-sizing:border-box;\">\n        <div class=\"form-group\" style=\"margin-bottom:15px;\">\n <span class=\"wpcf7-form-control-wrap\" data-name=\"your-name\"><input size=\"40\" maxlength=\"400\" class=\"wpcf7-form-control wpcf7-text wpcf7-validates-as-required\" aria-required=\"true\" aria-invalid=\"false\" placeholder=\"Dit navn *\" value=\"\" type=\"text\" name=\"your-name\" \/><\/span>\n        <\/div>\n    <\/div>\n\n    <!-- Email -->\n    <div style=\"width:60%; padding-left:10px; box-sizing:border-box;\">\n        <div class=\"form-group\" style=\"margin-bottom:15px;\">\n <span class=\"wpcf7-form-control-wrap\" data-name=\"your-email\"><input size=\"40\" maxlength=\"400\" class=\"wpcf7-form-control wpcf7-email wpcf7-validates-as-required wpcf7-text wpcf7-validates-as-email\" aria-required=\"true\" aria-invalid=\"false\" placeholder=\"E-mailadresse *\" value=\"\" type=\"email\" name=\"your-email\" \/><\/span>\n        <\/div>\n    <\/div>\n\n    <!-- Message -->\n    <div style=\"width:100%; box-sizing:border-box;\">\n        <div class=\"form-group\" style=\"margin-bottom:15px;\">\n            <span class=\"wpcf7-form-control-wrap\" data-name=\"your-message\"><textarea cols=\"30\" rows=\"4\" maxlength=\"2000\" class=\"wpcf7-form-control wpcf7-textarea\" aria-invalid=\"false\" placeholder=\"Skriv venligst din besked her\" name=\"your-message\"><\/textarea><\/span>\n        <\/div>\n    <\/div>\n\n    <!-- Submit -->\n    <div style=\"width:100%; box-sizing:border-box;\">\n        <input class=\"wpcf7-form-control wpcf7-submit has-spinner btn btn-default\" type=\"submit\" value=\"Kontakt os og f\u00e5 et tilbud\" \/>\n    <\/div>\n\n<\/div><div class=\"wpcf7-response-output\" aria-hidden=\"true\"><\/div>\n<\/form>\n<\/div>\n\n","protected":false},"excerpt":{"rendered":"<div class=\"table-r\">\n<table width=\"100%\">\n<tbody>\n<tr>\n<td width=\"50%\">Model:\n<\/td>\n<td width=\"50%\">RDJ-175<\/td>\n<\/tr>\n<tr>\n<td width=\"50%\">Maks. st\u00e5ltov:<\/td>\n<td width=\"50%\">55 mm<\/td>\n<\/tr>\n<tr>\n<td width=\"50%\">Magt:\n<\/td>\n<td width=\"50%\">175KW<\/td>\n<\/tr>\n<tr>\n<td width=\"50%\">Dimensioner:\n<\/td>\n<td width=\"50%\">1100mm*640mm*1500mm<\/td>\n<\/tr>\n<tr>\n<td width=\"50%\">V\u00e6gt:\n<\/td>\n<td width=\"50%\">750 kg<\/td>\n<\/tr>\n<\/tbody>\n<\/table>\n<p><strong>Tilg\u00e6ngeligt sprog:<\/strong>[wpml_language_selector_widget]<\/p>\n[contact-form-7 id=\"055e9b5\" title=\"Contact form 2\"]\n<\/div>\n","protected":false},"featured_media":2841,"comment_status":"open","ping_status":"closed","template":"","meta":[],"product_brand":[],"product_cat":[182],"product_tag":[339],"class_list":{"0":"post-2840","1":"product","2":"type-product","3":"status-publish","4":"has-post-thumbnail","6":"product_cat-wire-rope-annealing-machine","7":"product_tag-wire-rope-annealing-machine","9":"first","10":"instock","11":"taxable","12":"shipping-taxable","13":"product-type-simple"},"yoast_head":"<!-- This site is optimized with the Yoast SEO plugin v26.8 - https:\/\/yoast.com\/product\/yoast-seo-wordpress\/ -->\n<title>maskine til udgl\u00f8dning af st\u00e5lwire 55 mm<\/title>\n<meta name=\"description\" content=\"St\u00e5lgl\u00f8demaskine til wire 22-55mm. Maskinen kan arbejde sammen med r\u00f8gudsugning. Andre wiretovsomr\u00e5der kan udf\u00f8res efter anmodning.\" \/>\n<meta name=\"robots\" content=\"index, follow, max-snippet:-1, max-image-preview:large, max-video-preview:-1\" \/>\n<link rel=\"canonical\" href=\"https:\/\/zunzz.com\/da\/product\/wire-rope-annealing-machine\/\" \/>\n<meta property=\"og:locale\" content=\"da_DK\" \/>\n<meta property=\"og:type\" content=\"article\" \/>\n<meta property=\"og:title\" content=\"maskine til udgl\u00f8dning af st\u00e5lwire 55 mm\" \/>\n<meta property=\"og:description\" content=\"St\u00e5lgl\u00f8demaskine til wire 22-55mm. Maskinen kan arbejde sammen med r\u00f8gudsugning. Andre wiretovsomr\u00e5der kan udf\u00f8res efter anmodning.\" \/>\n<meta property=\"og:url\" content=\"https:\/\/zunzz.com\/da\/product\/wire-rope-annealing-machine\/\" \/>\n<meta property=\"og:site_name\" content=\"Zunzz Wire Rope Sling Machine Company\" \/>\n<meta property=\"article:modified_time\" content=\"2025-12-14T03:19:51+00:00\" \/>\n<meta property=\"og:image\" content=\"https:\/\/zunzz.com\/wp-content\/uploads\/2023\/09\/Wire-Rope-Annealing-Machine-55mm-2.webp\" \/>\n\t<meta property=\"og:image:width\" content=\"1000\" \/>\n\t<meta property=\"og:image:height\" content=\"1000\" \/>\n\t<meta property=\"og:image:type\" content=\"image\/webp\" \/>\n<meta name=\"twitter:card\" content=\"summary_large_image\" \/>\n<meta name=\"twitter:label1\" content=\"Estimeret l\u00e6setid\" \/>\n\t<meta name=\"twitter:data1\" content=\"5 minutter\" \/>\n<script type=\"application\/ld+json\" class=\"yoast-schema-graph\">{\"@context\":\"https:\/\/schema.org\",\"@graph\":[{\"@type\":\"WebPage\",\"@id\":\"https:\/\/zunzz.com\/da\/product\/wire-rope-annealing-machine\/\",\"url\":\"https:\/\/zunzz.com\/da\/product\/wire-rope-annealing-machine\/\",\"name\":\"maskine til udgl\u00f8dning af st\u00e5lwire 55 mm\",\"isPartOf\":{\"@id\":\"https:\/\/zunzz.com\/da\/#website\"},\"primaryImageOfPage\":{\"@id\":\"https:\/\/zunzz.com\/da\/product\/wire-rope-annealing-machine\/#primaryimage\"},\"image\":{\"@id\":\"https:\/\/zunzz.com\/da\/product\/wire-rope-annealing-machine\/#primaryimage\"},\"thumbnailUrl\":\"https:\/\/zunzz.com\/wp-content\/uploads\/2023\/09\/Wire-Rope-Annealing-Machine-55mm-2.webp\",\"datePublished\":\"2025-12-13T02:04:06+00:00\",\"dateModified\":\"2025-12-14T03:19:51+00:00\",\"description\":\"St\u00e5lgl\u00f8demaskine til wire 22-55mm. Maskinen kan arbejde sammen med r\u00f8gudsugning. Andre wiretovsomr\u00e5der kan udf\u00f8res efter anmodning.\",\"breadcrumb\":{\"@id\":\"https:\/\/zunzz.com\/da\/product\/wire-rope-annealing-machine\/#breadcrumb\"},\"inLanguage\":\"da-DK\",\"potentialAction\":[{\"@type\":\"ReadAction\",\"target\":[\"https:\/\/zunzz.com\/da\/product\/wire-rope-annealing-machine\/\"]}]},{\"@type\":\"ImageObject\",\"inLanguage\":\"da-DK\",\"@id\":\"https:\/\/zunzz.com\/da\/product\/wire-rope-annealing-machine\/#primaryimage\",\"url\":\"https:\/\/zunzz.com\/wp-content\/uploads\/2023\/09\/Wire-Rope-Annealing-Machine-55mm-2.webp\",\"contentUrl\":\"https:\/\/zunzz.com\/wp-content\/uploads\/2023\/09\/Wire-Rope-Annealing-Machine-55mm-2.webp\",\"width\":1000,\"height\":1000,\"caption\":\"Wire-gl\u00f8dningsmaskine 55mm-2\"},{\"@type\":\"BreadcrumbList\",\"@id\":\"https:\/\/zunzz.com\/da\/product\/wire-rope-annealing-machine\/#breadcrumb\",\"itemListElement\":[{\"@type\":\"ListItem\",\"position\":1,\"name\":\"Home\",\"item\":\"https:\/\/zunzz.com\/da\/home\/\"},{\"@type\":\"ListItem\",\"position\":2,\"name\":\"Shop\",\"item\":\"https:\/\/zunzz.com\/bg\/shop\/\"},{\"@type\":\"ListItem\",\"position\":3,\"name\":\"maskine til udgl\u00f8dning af st\u00e5lwire 55 mm\"}]},{\"@type\":\"WebSite\",\"@id\":\"https:\/\/zunzz.com\/da\/#website\",\"url\":\"https:\/\/zunzz.com\/da\/\",\"name\":\"Zunzz Wire Rope Sling Machine Company\",\"description\":\"Zunzz Wire Rope Sling Machine Company is a leading manufacturer of wire rope sling machines and related products.\",\"publisher\":{\"@id\":\"https:\/\/zunzz.com\/da\/#organization\"},\"potentialAction\":[{\"@type\":\"SearchAction\",\"target\":{\"@type\":\"EntryPoint\",\"urlTemplate\":\"https:\/\/zunzz.com\/da\/?s={search_term_string}\"},\"query-input\":{\"@type\":\"PropertyValueSpecification\",\"valueRequired\":true,\"valueName\":\"search_term_string\"}}],\"inLanguage\":\"da-DK\"},{\"@type\":\"Organization\",\"@id\":\"https:\/\/zunzz.com\/da\/#organization\",\"name\":\"Zunzz Wire Rope Sling Machine Company\",\"url\":\"https:\/\/zunzz.com\/da\/\",\"logo\":{\"@type\":\"ImageObject\",\"inLanguage\":\"da-DK\",\"@id\":\"https:\/\/zunzz.com\/da\/#\/schema\/logo\/image\/\",\"url\":\"https:\/\/zunzz.com\/wp-content\/uploads\/2023\/09\/Logo.png\",\"contentUrl\":\"https:\/\/zunzz.com\/wp-content\/uploads\/2023\/09\/Logo.png\",\"width\":171,\"height\":133,\"caption\":\"Zunzz Wire Rope Sling Machine Company\"},\"image\":{\"@id\":\"https:\/\/zunzz.com\/da\/#\/schema\/logo\/image\/\"}}]}<\/script>\n<!-- \/ Yoast SEO plugin. -->","yoast_head_json":{"title":"maskine til udgl\u00f8dning af st\u00e5lwire 55 mm","description":"St\u00e5lgl\u00f8demaskine til wire 22-55mm. Maskinen kan arbejde sammen med r\u00f8gudsugning. Andre wiretovsomr\u00e5der kan udf\u00f8res efter anmodning.","robots":{"index":"index","follow":"follow","max-snippet":"max-snippet:-1","max-image-preview":"max-image-preview:large","max-video-preview":"max-video-preview:-1"},"canonical":"https:\/\/zunzz.com\/da\/product\/wire-rope-annealing-machine\/","og_locale":"da_DK","og_type":"article","og_title":"maskine til udgl\u00f8dning af st\u00e5lwire 55 mm","og_description":"St\u00e5lgl\u00f8demaskine til wire 22-55mm. Maskinen kan arbejde sammen med r\u00f8gudsugning. Andre wiretovsomr\u00e5der kan udf\u00f8res efter anmodning.","og_url":"https:\/\/zunzz.com\/da\/product\/wire-rope-annealing-machine\/","og_site_name":"Zunzz Wire Rope Sling Machine Company","article_modified_time":"2025-12-14T03:19:51+00:00","og_image":[{"width":1000,"height":1000,"url":"https:\/\/zunzz.com\/wp-content\/uploads\/2023\/09\/Wire-Rope-Annealing-Machine-55mm-2.webp","type":"image\/webp"}],"twitter_card":"summary_large_image","twitter_misc":{"Estimeret l\u00e6setid":"5 minutter"},"schema":{"@context":"https:\/\/schema.org","@graph":[{"@type":"WebPage","@id":"https:\/\/zunzz.com\/da\/product\/wire-rope-annealing-machine\/","url":"https:\/\/zunzz.com\/da\/product\/wire-rope-annealing-machine\/","name":"maskine til udgl\u00f8dning af st\u00e5lwire 55 mm","isPartOf":{"@id":"https:\/\/zunzz.com\/da\/#website"},"primaryImageOfPage":{"@id":"https:\/\/zunzz.com\/da\/product\/wire-rope-annealing-machine\/#primaryimage"},"image":{"@id":"https:\/\/zunzz.com\/da\/product\/wire-rope-annealing-machine\/#primaryimage"},"thumbnailUrl":"https:\/\/zunzz.com\/wp-content\/uploads\/2023\/09\/Wire-Rope-Annealing-Machine-55mm-2.webp","datePublished":"2025-12-13T02:04:06+00:00","dateModified":"2025-12-14T03:19:51+00:00","description":"St\u00e5lgl\u00f8demaskine til wire 22-55mm. Maskinen kan arbejde sammen med r\u00f8gudsugning. Andre wiretovsomr\u00e5der kan udf\u00f8res efter anmodning.","breadcrumb":{"@id":"https:\/\/zunzz.com\/da\/product\/wire-rope-annealing-machine\/#breadcrumb"},"inLanguage":"da-DK","potentialAction":[{"@type":"ReadAction","target":["https:\/\/zunzz.com\/da\/product\/wire-rope-annealing-machine\/"]}]},{"@type":"ImageObject","inLanguage":"da-DK","@id":"https:\/\/zunzz.com\/da\/product\/wire-rope-annealing-machine\/#primaryimage","url":"https:\/\/zunzz.com\/wp-content\/uploads\/2023\/09\/Wire-Rope-Annealing-Machine-55mm-2.webp","contentUrl":"https:\/\/zunzz.com\/wp-content\/uploads\/2023\/09\/Wire-Rope-Annealing-Machine-55mm-2.webp","width":1000,"height":1000,"caption":"Wire-gl\u00f8dningsmaskine 55mm-2"},{"@type":"BreadcrumbList","@id":"https:\/\/zunzz.com\/da\/product\/wire-rope-annealing-machine\/#breadcrumb","itemListElement":[{"@type":"ListItem","position":1,"name":"Home","item":"https:\/\/zunzz.com\/da\/home\/"},{"@type":"ListItem","position":2,"name":"Shop","item":"https:\/\/zunzz.com\/bg\/shop\/"},{"@type":"ListItem","position":3,"name":"maskine til udgl\u00f8dning af st\u00e5lwire 55 mm"}]},{"@type":"WebSite","@id":"https:\/\/zunzz.com\/da\/#website","url":"https:\/\/zunzz.com\/da\/","name":"Zunzz Wire Rope Sling Machine Company","description":"Zunzz Wire Rope Sling Machine Company is a leading manufacturer of wire rope sling machines and related products.","publisher":{"@id":"https:\/\/zunzz.com\/da\/#organization"},"potentialAction":[{"@type":"SearchAction","target":{"@type":"EntryPoint","urlTemplate":"https:\/\/zunzz.com\/da\/?s={search_term_string}"},"query-input":{"@type":"PropertyValueSpecification","valueRequired":true,"valueName":"search_term_string"}}],"inLanguage":"da-DK"},{"@type":"Organization","@id":"https:\/\/zunzz.com\/da\/#organization","name":"Zunzz Wire Rope Sling Machine Company","url":"https:\/\/zunzz.com\/da\/","logo":{"@type":"ImageObject","inLanguage":"da-DK","@id":"https:\/\/zunzz.com\/da\/#\/schema\/logo\/image\/","url":"https:\/\/zunzz.com\/wp-content\/uploads\/2023\/09\/Logo.png","contentUrl":"https:\/\/zunzz.com\/wp-content\/uploads\/2023\/09\/Logo.png","width":171,"height":133,"caption":"Zunzz Wire Rope Sling Machine Company"},"image":{"@id":"https:\/\/zunzz.com\/da\/#\/schema\/logo\/image\/"}}]}},"_links":{"self":[{"href":"https:\/\/zunzz.com\/da\/wp-json\/wp\/v2\/product\/2840","targetHints":{"allow":["GET"]}}],"collection":[{"href":"https:\/\/zunzz.com\/da\/wp-json\/wp\/v2\/product"}],"about":[{"href":"https:\/\/zunzz.com\/da\/wp-json\/wp\/v2\/types\/product"}],"replies":[{"embeddable":true,"href":"https:\/\/zunzz.com\/da\/wp-json\/wp\/v2\/comments?post=2840"}],"wp:featuredmedia":[{"embeddable":true,"href":"https:\/\/zunzz.com\/da\/wp-json\/wp\/v2\/media\/2841"}],"wp:attachment":[{"href":"https:\/\/zunzz.com\/da\/wp-json\/wp\/v2\/media?parent=2840"}],"wp:term":[{"taxonomy":"product_brand","embeddable":true,"href":"https:\/\/zunzz.com\/da\/wp-json\/wp\/v2\/product_brand?post=2840"},{"taxonomy":"product_cat","embeddable":true,"href":"https:\/\/zunzz.com\/da\/wp-json\/wp\/v2\/product_cat?post=2840"},{"taxonomy":"product_tag","embeddable":true,"href":"https:\/\/zunzz.com\/da\/wp-json\/wp\/v2\/product_tag?post=2840"}],"curies":[{"name":"wp","href":"https:\/\/api.w.org\/{rel}","templated":true}]}}