{"id":2784,"date":"2025-12-13T05:13:39","date_gmt":"2025-12-13T05:13:39","guid":{"rendered":"https:\/\/zunzz.com\/product\/pressemaskine-til-wirer-150t\/"},"modified":"2025-12-20T12:51:24","modified_gmt":"2025-12-20T12:51:24","slug":"wire-rope-press-machine","status":"publish","type":"product","link":"https:\/\/zunzz.com\/da\/product\/wire-rope-press-machine\/","title":{"rendered":"Pressemaskine til wirer 150T"},"content":{"rendered":"<h3>1.Om wiretovspressemaskine<\/h3>\n<p><strong>Wiretovspressemaskinen<\/strong> er en ny maskine, der blev udviklet uafh\u00e6ngigt af Zunzz Machine Company i 2001. Vi bruger komponenter af h\u00f8j kvalitet fra f\u00f8rende m\u00e6rker for at sikre fremragende p\u00e5lidelighed og holdbarhed. <\/p>\n<p>Det er lavet af h\u00f8jkvalitets legeret st\u00e5l og er anerkendt af kunder for sin lave fejlrate, glatte drift, h\u00f8je effektivitet, lave st\u00f8j og kompakte struktur.<br \/>\nDerfor er det meget brugt i st\u00e5l, skibsbygning, kraftv\u00e6rker, havne, transport, byggeri og andre industrier.<\/p>\n<p>Den traditionelle splejsningsproces af st\u00e5ltovsstropper kr\u00e6ver, at man inds\u00e6tter en metalb\u00f8sning i enden af \u200b\u200bst\u00e5ltovet. Og s\u00e5 trykke og fikse det. Denne proces kan let for\u00e5rsage indre skader p\u00e5 st\u00e5ltovet.  <\/p>\n<p>Den ikke-sk\u00e6rende formningsteknologi, der anvendes af den hydrauliske st\u00e5lwirepresse, kr\u00e6ver ikke inds\u00e6ttelse af metalb\u00f8sninger under presningsprocessen. I stedet placeres st\u00e5ltovet direkte i formen, og tryk p\u00e5f\u00f8res gennem det hydrauliske system. <\/p>\n<p>Metallet i matricens hulrum er fuldt og t\u00e6t kombineret, og st\u00e5ltovet er fastgjort til tilbeh\u00f8r. Denne metode reducerer skader p\u00e5 det indre af st\u00e5ltovet, kan bedre bevare st\u00e5ltovets styrke og holdbarhed og forl\u00e6nger dets levetid. <\/p>\n<h3>2. Parameter<\/h3>\n<div class=\"table-r\">\n<table width=\"100%\">\n<tbody>\n<tr>\n<td width=\"50%\">Kapacitet\n<\/td>\n<td width=\"50%\">1500kN<\/td>\n<\/tr>\n<tr>\n<td width=\"50%\">Swage r\u00e6kkevidde\n<\/td>\n<td width=\"50%\">6-16 mm<\/td>\n<\/tr>\n<tr>\n<td width=\"50%\">Multitryk\n<\/td>\n<td width=\"50%\">20 mm<\/td>\n<\/tr>\n<tr>\n<td width=\"50%\">Maks. Olietryk<\/td>\n<td width=\"50%\">63Mpa<\/td>\n<\/tr>\n<tr>\n<td width=\"50%\">Kontroller olietryk\n<\/td>\n<td width=\"50%\">7 Mpa<\/td>\n<\/tr>\n<tr>\n<td width=\"50%\">Arbejdsslag\n<\/td>\n<td width=\"50%\">50 mm<\/td>\n<\/tr>\n<tr>\n<td width=\"50%\">Fart opad\n<\/td>\n<td width=\"50%\">9,8 mm\/s<\/td>\n<\/tr>\n<\/tbody>\n<\/table>\n<\/div>\n<p>&nbsp;<\/p>\n<p><iframe title=\"wire rope swaging machine\" width=\"1060\" height=\"596\" src=\"https:\/\/www.youtube.com\/embed\/Gn9A0sCPr0Y?feature=oembed\" frameborder=\"0\" allow=\"accelerometer; autoplay; clipboard-write; encrypted-media; gyroscope; picture-in-picture; web-share\" referrerpolicy=\"strict-origin-when-cross-origin\" allowfullscreen><\/iframe><\/p>\n<h3>3. Funktionerne ved wirepressemaskinen:<\/h3>\n<p><strong>H\u00f8j styrke, god koncentricitet og glat overflade af den pressede slynge:<\/strong> Avanceret presseteknologi bruges til at sikre, at den pressede wireslynge har h\u00f8j styrke, god koncentricitet og glat overflade.<\/p>\n<p><strong>Ensartet kraft, stabil presning, lang levetid, lille vedligeholdelse:<\/strong> Maskindesignet er rimeligt, og kraften er j\u00e6vn under presseprocessen, hvilket sikrer sejlets kvalitet og levetid og reducerer antallet af vedligeholdelsestider og vedligeholdelsesomkostninger.<\/p>\n<p><strong>Olieforsyningssystemet har h\u00f8j t\u00e6tningsydelse, er sikkert, p\u00e5lideligt og holdbart:<\/strong> Oliepumpesystemet bruger h\u00f8jtryks- og lavtrykspumper til at levere olie, og maskinen har ekstrem h\u00f8j t\u00e6tningsydelse, hvilket g\u00f8r den sikrere, mere p\u00e5lidelig og holdbar.<\/p>\n<p><strong>Rund formdesign, automatisk positionering, praktisk at udskifte forskellige forme:<\/strong> Det runde formdesign kan realisere automatisk positionering, bekvem og hurtig udskiftning af forskellige forme, forbedre produktionseffektiviteten, og presningen af \u200b\u200ben st\u00e5ltr\u00e5d kan afsluttes p\u00e5 f\u00e5 minutter. <strong>Blokmatricerne kan ogs\u00e5 leveres.<\/strong><\/p>\n<p><strong>Stemplet kan stoppe i enhver position:<\/strong> Stemplet er designet til at v\u00e6re fleksibelt og kan stoppe i enhver position for nem betjening og justering.<\/p>\n<p><strong>Avanceret teknologi, smukt udseende:<\/strong> Lavet med avanceret teknologi, smukt udseende, i tr\u00e5d med moderne industriel \u00e6stetik og ergonomiske krav.<\/p>\n<p><strong>Spar st\u00e5ltov:<\/strong> Brugen af \u200b\u200bst\u00e5ltov spares under presseprocessen, hvilket sparer omkostninger for kunderne.<\/p>\n<h3><img fetchpriority=\"high\" decoding=\"async\" class=\"alignnone wp-image-373 \" src=\"https:\/\/zunzz.com\/wp-content\/uploads\/2023\/09\/Wire-Rope-Press-Machine-150T-3.webp\" alt=\"Pressemaskine til wirer 150T-3\" width=\"1080\" height=\"1080\" srcset=\"https:\/\/zunzz.com\/wp-content\/uploads\/2023\/09\/Wire-Rope-Press-Machine-150T-3.webp 1024w, https:\/\/zunzz.com\/wp-content\/uploads\/2023\/09\/Wire-Rope-Press-Machine-150T-3-300x300.webp 300w, https:\/\/zunzz.com\/wp-content\/uploads\/2023\/09\/Wire-Rope-Press-Machine-150T-3-150x150.webp 150w, https:\/\/zunzz.com\/wp-content\/uploads\/2023\/09\/Wire-Rope-Press-Machine-150T-3-768x768.webp 768w, https:\/\/zunzz.com\/wp-content\/uploads\/2023\/09\/Wire-Rope-Press-Machine-150T-3-570x570.webp 570w, https:\/\/zunzz.com\/wp-content\/uploads\/2023\/09\/Wire-Rope-Press-Machine-150T-3-500x500.webp 500w, https:\/\/zunzz.com\/wp-content\/uploads\/2023\/09\/Wire-Rope-Press-Machine-150T-3-1000x1000.webp 1000w, https:\/\/zunzz.com\/wp-content\/uploads\/2023\/09\/Wire-Rope-Press-Machine-150T-3-700x700.webp 700w, https:\/\/zunzz.com\/wp-content\/uploads\/2023\/09\/Wire-Rope-Press-Machine-150T-3-650x650.webp 650w, https:\/\/zunzz.com\/wp-content\/uploads\/2023\/09\/Wire-Rope-Press-Machine-150T-3-600x600.webp 600w, https:\/\/zunzz.com\/wp-content\/uploads\/2023\/09\/Wire-Rope-Press-Machine-150T-3-100x100.webp 100w\" sizes=\"(max-width: 1080px) 100vw, 1080px\" \/><\/h3>\n<h3><img decoding=\"async\" class=\"alignnone wp-image-372 size-full\" src=\"https:\/\/zunzz.com\/wp-content\/uploads\/2023\/09\/Wire-Rope-Press-Machine-150T-2.webp\" alt=\"Pressemaskine til wirer 150T-2\" width=\"1080\" height=\"1440\" srcset=\"https:\/\/zunzz.com\/wp-content\/uploads\/2023\/09\/Wire-Rope-Press-Machine-150T-2.webp 1080w, https:\/\/zunzz.com\/wp-content\/uploads\/2023\/09\/Wire-Rope-Press-Machine-150T-2-225x300.webp 225w, https:\/\/zunzz.com\/wp-content\/uploads\/2023\/09\/Wire-Rope-Press-Machine-150T-2-768x1024.webp 768w, https:\/\/zunzz.com\/wp-content\/uploads\/2023\/09\/Wire-Rope-Press-Machine-150T-2-600x800.webp 600w, https:\/\/zunzz.com\/wp-content\/uploads\/2023\/09\/Wire-Rope-Press-Machine-150T-2-700x933.webp 700w\" sizes=\"(max-width: 1080px) 100vw, 1080px\" \/><\/h3>\n<h3>4. Driftstrin for hydraulisk st\u00e5lwirepressemaskine:<\/h3>\n<p><strong>Fastg\u00f8r formen:<\/strong> Montering af formene.<\/p>\n<p><strong>Juster tryk:<\/strong> Juster maskinen til at p\u00e5f\u00f8re passende tryk i henhold til kravet til st\u00e5ltov.<\/p>\n<p><strong>H\u00e6veoperation:<\/strong> Placer st\u00e5ltovsmanchetten lodret i midten af \u200b\u200bformen. Tryk p\u00e5 pedalen op, og stemplet vil begynde at stige. N\u00e5r stemplet stiger til et givet tryk, vil den stigende indikator lyse, og maskinen stopper automatisk og afslutter presningen.  <\/p>\n<p><strong>S\u00e6nkning:<\/strong> Efter at have afsluttet presningen, tryk p\u00e5 s\u00e6nkekontakten, og stemplet vil falde. Indikatorlampen for s\u00e6nkning vil lyse, hvilket indikerer, at stemplet s\u00e6nker sig. N\u00e5r stemplet er faldet helt ned, tages det pressede st\u00e5ltov ud.  <\/p>\n<h3><img decoding=\"async\" class=\"alignnone wp-image-371 size-full\" src=\"https:\/\/zunzz.com\/wp-content\/uploads\/2023\/09\/Wire-Rope-Press-Machine-150T-1.webp\" alt=\"Pressemaskine til wirer 150T-1\" width=\"1080\" height=\"1440\" srcset=\"https:\/\/zunzz.com\/wp-content\/uploads\/2023\/09\/Wire-Rope-Press-Machine-150T-1.webp 1080w, https:\/\/zunzz.com\/wp-content\/uploads\/2023\/09\/Wire-Rope-Press-Machine-150T-1-225x300.webp 225w, https:\/\/zunzz.com\/wp-content\/uploads\/2023\/09\/Wire-Rope-Press-Machine-150T-1-768x1024.webp 768w, https:\/\/zunzz.com\/wp-content\/uploads\/2023\/09\/Wire-Rope-Press-Machine-150T-1-600x800.webp 600w, https:\/\/zunzz.com\/wp-content\/uploads\/2023\/09\/Wire-Rope-Press-Machine-150T-1-700x933.webp 700w\" sizes=\"(max-width: 1080px) 100vw, 1080px\" \/><\/h3>\n<p><img loading=\"lazy\" decoding=\"async\" class=\"alignnone wp-image-374 size-full\" src=\"https:\/\/zunzz.com\/wp-content\/uploads\/2023\/09\/Wire-Rope-Press-Machine-150T-4.webp\" alt=\"Pressemaskine til wirer 150T-4\" width=\"1080\" height=\"1440\" srcset=\"https:\/\/zunzz.com\/wp-content\/uploads\/2023\/09\/Wire-Rope-Press-Machine-150T-4.webp 1080w, https:\/\/zunzz.com\/wp-content\/uploads\/2023\/09\/Wire-Rope-Press-Machine-150T-4-225x300.webp 225w, https:\/\/zunzz.com\/wp-content\/uploads\/2023\/09\/Wire-Rope-Press-Machine-150T-4-768x1024.webp 768w, https:\/\/zunzz.com\/wp-content\/uploads\/2023\/09\/Wire-Rope-Press-Machine-150T-4-600x800.webp 600w, https:\/\/zunzz.com\/wp-content\/uploads\/2023\/09\/Wire-Rope-Press-Machine-150T-4-700x933.webp 700w\" sizes=\"(max-width: 1080px) 100vw, 1080px\" \/><\/p>\n<h3>5.Ofte stillede sp\u00f8rgsm\u00e5l:<\/h3>\n<p><strong>1. Hvad er eftersalgsservice?<\/strong><br \/>\nEftersalgsservice refererer til de support- og vedligeholdelsestjenester, der ydes efter kundernes k\u00f8b af produkter, herunder garanti og vedligeholdelse osv. Vi yder 24-timers garanti og 12-m\u00e5neders produktlevetid vedligeholdelse. <\/p>\n<p><strong>2.Hvis jeg ikke har brugt en presse f\u00f8r, hvordan installerer og betjener jeg s\u00e5 maskinen?<\/strong><br \/>\nintet problem! Vi vil levere en brugermanual med detaljerede installations- og betjeningstrin for at g\u00f8re det nemt for dig at komme i gang. <\/p>\n<p><strong>3. Skal jeg se maskinen arbejde f\u00f8r jeg bestiller?<\/strong><br \/>\nen. Du kan sende en foresp\u00f8rgsel, og vi vil tjekke, om der er en kundedisplaymaskine i dit land.<br \/>\nb. Velkommen til vores fabrik, vi vil personligt l\u00e6re dig at betjene.<br \/>\nc. Hvis det ikke er praktisk at v\u00e6re der, kan vi ogs\u00e5 vise dig maskinens arbejdsproces gennem video.   <\/p>\n<p><strong>4.Hvis jeg afgiver en ordre, hvor lang tid tager det, f\u00f8r en maskine er f\u00e6rdig?<\/strong><br \/>\nNormalt er leveringstiden 45 dage. Hvis vi har de maskiner og forme, du skal bruge, p\u00e5 lager, kan vi sende dem inden for 7-10 dage efter modtagelse af din betaling. <\/p>\n<p><strong>5.Er du en handelsvirksomhed eller en fabrik?<br \/>\n<\/strong>Vi er en professionel producent af <strong>st\u00e5ltovspressemaskine<\/strong> og producent af <strong>st\u00e5ltovsudgl\u00f8dningsmaskine<\/strong> med 20 \u00e5rs erfaring. Alle produkter produceres p\u00e5 vores egen fabrik. <\/p>\n<p><strong>6. Har I andre modeller af wiretovskrimmaskiner?<br \/>\n<\/strong>Vi har stadig 350T, <a title=\"Wirepressemaskine 600T\" href=\"https:\/\/zunzz.com\/da\/product\/wire-rope-pressing-machine\/\">wiretovspressemaskine 600T<\/a>, 1000T, 1500T, 3000T, 5000T.<\/p>\n<p><strong>7.Hvordan kontakter man salg?<\/strong><br \/>\nDu kan komme i kontakt med os ved at udfylde beskedformularen, og vores salgsteam vil kommunikere med dig s\u00e5 hurtigt som muligt.<\/p>\n\n<div class=\"wpcf7 no-js\" id=\"wpcf7-f5517-o1\" lang=\"da-DK\" dir=\"ltr\" data-wpcf7-id=\"5517\">\n<div class=\"screen-reader-response\"><p role=\"status\" aria-live=\"polite\" aria-atomic=\"true\"><\/p> <ul><\/ul><\/div>\n<form action=\"\/da\/wp-json\/wp\/v2\/product\/2784#wpcf7-f5517-o1\" method=\"post\" class=\"wpcf7-form init\" aria-label=\"Kontaktformular\" novalidate=\"novalidate\" data-status=\"init\">\n<fieldset class=\"hidden-fields-container\"><input type=\"hidden\" name=\"_wpcf7\" value=\"5517\" \/><input type=\"hidden\" name=\"_wpcf7_version\" value=\"6.1.4\" \/><input type=\"hidden\" name=\"_wpcf7_locale\" value=\"da_DK\" \/><input type=\"hidden\" name=\"_wpcf7_unit_tag\" value=\"wpcf7-f5517-o1\" \/><input type=\"hidden\" name=\"_wpcf7_container_post\" value=\"0\" \/><input type=\"hidden\" name=\"_wpcf7_posted_data_hash\" value=\"\" \/>\n<\/fieldset>\n<div class=\"wpcf7-turnstile cf-turnstile\" data-sitekey=\"0x4AAAAAACHlhHyKtoljFN8P\" data-response-field-name=\"_wpcf7_turnstile_response\"><\/div>\n\n<p>\n    <\/p><h4 style=\"color:#333333;font-size:20px;font-family:\"background-color:#FFFFFF;font-weight:normal !important;\">\n        <span style=\"color:red;\">Send os dine krav \u2013 vi svarer inden for 24 timer<\/span>\n    <\/h4>\n\n\n<div class=\"row\" style=\"display:flex; flex-wrap:wrap; width:100%;\">\n\n    <!-- Name -->\n    <div style=\"width:40%; padding-right:10px; box-sizing:border-box;\">\n        <div class=\"form-group\" style=\"margin-bottom:15px;\">\n <span class=\"wpcf7-form-control-wrap\" data-name=\"your-name\"><input size=\"40\" maxlength=\"400\" class=\"wpcf7-form-control wpcf7-text wpcf7-validates-as-required\" aria-required=\"true\" aria-invalid=\"false\" placeholder=\"Dit navn *\" value=\"\" type=\"text\" name=\"your-name\" \/><\/span>\n        <\/div>\n    <\/div>\n\n    <!-- Email -->\n    <div style=\"width:60%; padding-left:10px; box-sizing:border-box;\">\n        <div class=\"form-group\" style=\"margin-bottom:15px;\">\n <span class=\"wpcf7-form-control-wrap\" data-name=\"your-email\"><input size=\"40\" maxlength=\"400\" class=\"wpcf7-form-control wpcf7-email wpcf7-validates-as-required wpcf7-text wpcf7-validates-as-email\" aria-required=\"true\" aria-invalid=\"false\" placeholder=\"E-mailadresse *\" value=\"\" type=\"email\" name=\"your-email\" \/><\/span>\n        <\/div>\n    <\/div>\n\n    <!-- Message -->\n    <div style=\"width:100%; box-sizing:border-box;\">\n        <div class=\"form-group\" style=\"margin-bottom:15px;\">\n            <span class=\"wpcf7-form-control-wrap\" data-name=\"your-message\"><textarea cols=\"30\" rows=\"4\" maxlength=\"2000\" class=\"wpcf7-form-control wpcf7-textarea\" aria-invalid=\"false\" placeholder=\"Skriv venligst din besked her\" name=\"your-message\"><\/textarea><\/span>\n        <\/div>\n    <\/div>\n\n    <!-- Submit -->\n    <div style=\"width:100%; box-sizing:border-box;\">\n        <input class=\"wpcf7-form-control wpcf7-submit has-spinner btn btn-default\" type=\"submit\" value=\"Kontakt os og f\u00e5 et tilbud\" \/>\n    <\/div>\n\n<\/div><div class=\"wpcf7-response-output\" aria-hidden=\"true\"><\/div>\n<\/form>\n<\/div>\n\n","protected":false},"excerpt":{"rendered":"<div class=\"table-r\">\n<table width=\"100%\">\n<tbody>\n<tr>\n<td width=\"50%\">Model:\n<\/td>\n<td width=\"50%\">YT150<\/td>\n<\/tr>\n<tr>\n<td width=\"50%\">Kapacitet:\n<\/td>\n<td width=\"50%\">1500kr<\/td>\n<\/tr>\n<tr>\n<td width=\"50%\">Tryk Diameter:\n<\/td>\n<td width=\"50%\">16 cm<\/td>\n<\/tr>\n<tr>\n<td width=\"50%\">Magt:\n<\/td>\n<td width=\"50%\">4kw<\/td>\n<\/tr>\n<tr>\n<td width=\"50%\">St\u00f8rrelse:\n<\/td>\n<td width=\"50%\">900*530*1400mm<\/td>\n<\/tr>\n<tr>\n<td width=\"50%\">V\u00e6gt:\n<\/td>\n<td width=\"50%\">400 kg<\/td>\n<\/tr>\n<\/tbody>\n<\/table>\n<p><strong>Tilg\u00e6ngeligt sprog:<\/strong>[wpml_language_selector_widget]<\/p>\n[contact-form-7 id=\"055e9b5\" title=\"Contact form 2\"]\n<\/div>\n","protected":false},"featured_media":2785,"comment_status":"open","ping_status":"closed","template":"","meta":[],"product_brand":[],"product_cat":[180],"product_tag":[266],"class_list":{"0":"post-2784","1":"product","2":"type-product","3":"status-publish","4":"has-post-thumbnail","6":"product_cat-wire-rope-swaging-machine","7":"product_tag-wire-rope-swaging-machine","9":"first","10":"instock","11":"taxable","12":"shipping-taxable","13":"product-type-simple"},"yoast_head":"<!-- This site is optimized with the Yoast SEO plugin v26.8 - https:\/\/yoast.com\/product\/yoast-seo-wordpress\/ -->\n<title>Pressemaskine til wirer 150T<\/title>\n<meta name=\"description\" content=\"Wiretovspressen er en ny maskine, der blev udviklet uafh\u00e6ngigt af Zunzz i 2001. Vi bruger komponenter af h\u00f8j kvalitet fra f\u00f8rende m\u00e6rker.\" \/>\n<meta name=\"robots\" content=\"index, follow, max-snippet:-1, max-image-preview:large, max-video-preview:-1\" \/>\n<link rel=\"canonical\" href=\"https:\/\/zunzz.com\/da\/product\/wire-rope-press-machine\/\" \/>\n<meta property=\"og:locale\" content=\"da_DK\" \/>\n<meta property=\"og:type\" content=\"article\" \/>\n<meta property=\"og:title\" content=\"Pressemaskine til wirer 150T\" \/>\n<meta property=\"og:description\" content=\"Wiretovspressen er en ny maskine, der blev udviklet uafh\u00e6ngigt af Zunzz i 2001. Vi bruger komponenter af h\u00f8j kvalitet fra f\u00f8rende m\u00e6rker.\" \/>\n<meta property=\"og:url\" content=\"https:\/\/zunzz.com\/da\/product\/wire-rope-press-machine\/\" \/>\n<meta property=\"og:site_name\" content=\"Zunzz Wire Rope Sling Machine Company\" \/>\n<meta property=\"article:modified_time\" content=\"2025-12-20T12:51:24+00:00\" \/>\n<meta property=\"og:image\" content=\"https:\/\/zunzz.com\/wp-content\/uploads\/2023\/09\/Wire-Rope-Press-Machine-150T-3.webp\" \/>\n\t<meta property=\"og:image:width\" content=\"1024\" \/>\n\t<meta property=\"og:image:height\" content=\"1024\" \/>\n\t<meta property=\"og:image:type\" content=\"image\/webp\" \/>\n<meta name=\"twitter:card\" content=\"summary_large_image\" \/>\n<meta name=\"twitter:label1\" content=\"Estimeret l\u00e6setid\" \/>\n\t<meta name=\"twitter:data1\" content=\"6 minutter\" \/>\n<script type=\"application\/ld+json\" class=\"yoast-schema-graph\">{\"@context\":\"https:\/\/schema.org\",\"@graph\":[{\"@type\":\"WebPage\",\"@id\":\"https:\/\/zunzz.com\/da\/product\/wire-rope-press-machine\/\",\"url\":\"https:\/\/zunzz.com\/da\/product\/wire-rope-press-machine\/\",\"name\":\"Pressemaskine til wirer 150T\",\"isPartOf\":{\"@id\":\"https:\/\/zunzz.com\/da\/#website\"},\"primaryImageOfPage\":{\"@id\":\"https:\/\/zunzz.com\/da\/product\/wire-rope-press-machine\/#primaryimage\"},\"image\":{\"@id\":\"https:\/\/zunzz.com\/da\/product\/wire-rope-press-machine\/#primaryimage\"},\"thumbnailUrl\":\"https:\/\/zunzz.com\/wp-content\/uploads\/2023\/09\/Wire-Rope-Press-Machine-150T-3.webp\",\"datePublished\":\"2025-12-13T05:13:39+00:00\",\"dateModified\":\"2025-12-20T12:51:24+00:00\",\"description\":\"Wiretovspressen er en ny maskine, der blev udviklet uafh\u00e6ngigt af Zunzz i 2001. Vi bruger komponenter af h\u00f8j kvalitet fra f\u00f8rende m\u00e6rker.\",\"breadcrumb\":{\"@id\":\"https:\/\/zunzz.com\/da\/product\/wire-rope-press-machine\/#breadcrumb\"},\"inLanguage\":\"da-DK\",\"potentialAction\":[{\"@type\":\"ReadAction\",\"target\":[\"https:\/\/zunzz.com\/da\/product\/wire-rope-press-machine\/\"]}]},{\"@type\":\"ImageObject\",\"inLanguage\":\"da-DK\",\"@id\":\"https:\/\/zunzz.com\/da\/product\/wire-rope-press-machine\/#primaryimage\",\"url\":\"https:\/\/zunzz.com\/wp-content\/uploads\/2023\/09\/Wire-Rope-Press-Machine-150T-3.webp\",\"contentUrl\":\"https:\/\/zunzz.com\/wp-content\/uploads\/2023\/09\/Wire-Rope-Press-Machine-150T-3.webp\",\"width\":1024,\"height\":1024,\"caption\":\"Pressemaskine til wirer 150T-3\"},{\"@type\":\"BreadcrumbList\",\"@id\":\"https:\/\/zunzz.com\/da\/product\/wire-rope-press-machine\/#breadcrumb\",\"itemListElement\":[{\"@type\":\"ListItem\",\"position\":1,\"name\":\"Home\",\"item\":\"https:\/\/zunzz.com\/da\/home\/\"},{\"@type\":\"ListItem\",\"position\":2,\"name\":\"Shop\",\"item\":\"https:\/\/zunzz.com\/bg\/shop\/\"},{\"@type\":\"ListItem\",\"position\":3,\"name\":\"Pressemaskine til wirer 150T\"}]},{\"@type\":\"WebSite\",\"@id\":\"https:\/\/zunzz.com\/da\/#website\",\"url\":\"https:\/\/zunzz.com\/da\/\",\"name\":\"Zunzz Wire Rope Sling Machine Company\",\"description\":\"Zunzz Wire Rope Sling Machine Company is a leading manufacturer of wire rope sling machines and related products.\",\"publisher\":{\"@id\":\"https:\/\/zunzz.com\/da\/#organization\"},\"potentialAction\":[{\"@type\":\"SearchAction\",\"target\":{\"@type\":\"EntryPoint\",\"urlTemplate\":\"https:\/\/zunzz.com\/da\/?s={search_term_string}\"},\"query-input\":{\"@type\":\"PropertyValueSpecification\",\"valueRequired\":true,\"valueName\":\"search_term_string\"}}],\"inLanguage\":\"da-DK\"},{\"@type\":\"Organization\",\"@id\":\"https:\/\/zunzz.com\/da\/#organization\",\"name\":\"Zunzz Wire Rope Sling Machine Company\",\"url\":\"https:\/\/zunzz.com\/da\/\",\"logo\":{\"@type\":\"ImageObject\",\"inLanguage\":\"da-DK\",\"@id\":\"https:\/\/zunzz.com\/da\/#\/schema\/logo\/image\/\",\"url\":\"https:\/\/zunzz.com\/wp-content\/uploads\/2023\/09\/Logo.png\",\"contentUrl\":\"https:\/\/zunzz.com\/wp-content\/uploads\/2023\/09\/Logo.png\",\"width\":171,\"height\":133,\"caption\":\"Zunzz Wire Rope Sling Machine Company\"},\"image\":{\"@id\":\"https:\/\/zunzz.com\/da\/#\/schema\/logo\/image\/\"}}]}<\/script>\n<!-- \/ Yoast SEO plugin. -->","yoast_head_json":{"title":"Pressemaskine til wirer 150T","description":"Wiretovspressen er en ny maskine, der blev udviklet uafh\u00e6ngigt af Zunzz i 2001. Vi bruger komponenter af h\u00f8j kvalitet fra f\u00f8rende m\u00e6rker.","robots":{"index":"index","follow":"follow","max-snippet":"max-snippet:-1","max-image-preview":"max-image-preview:large","max-video-preview":"max-video-preview:-1"},"canonical":"https:\/\/zunzz.com\/da\/product\/wire-rope-press-machine\/","og_locale":"da_DK","og_type":"article","og_title":"Pressemaskine til wirer 150T","og_description":"Wiretovspressen er en ny maskine, der blev udviklet uafh\u00e6ngigt af Zunzz i 2001. Vi bruger komponenter af h\u00f8j kvalitet fra f\u00f8rende m\u00e6rker.","og_url":"https:\/\/zunzz.com\/da\/product\/wire-rope-press-machine\/","og_site_name":"Zunzz Wire Rope Sling Machine Company","article_modified_time":"2025-12-20T12:51:24+00:00","og_image":[{"width":1024,"height":1024,"url":"https:\/\/zunzz.com\/wp-content\/uploads\/2023\/09\/Wire-Rope-Press-Machine-150T-3.webp","type":"image\/webp"}],"twitter_card":"summary_large_image","twitter_misc":{"Estimeret l\u00e6setid":"6 minutter"},"schema":{"@context":"https:\/\/schema.org","@graph":[{"@type":"WebPage","@id":"https:\/\/zunzz.com\/da\/product\/wire-rope-press-machine\/","url":"https:\/\/zunzz.com\/da\/product\/wire-rope-press-machine\/","name":"Pressemaskine til wirer 150T","isPartOf":{"@id":"https:\/\/zunzz.com\/da\/#website"},"primaryImageOfPage":{"@id":"https:\/\/zunzz.com\/da\/product\/wire-rope-press-machine\/#primaryimage"},"image":{"@id":"https:\/\/zunzz.com\/da\/product\/wire-rope-press-machine\/#primaryimage"},"thumbnailUrl":"https:\/\/zunzz.com\/wp-content\/uploads\/2023\/09\/Wire-Rope-Press-Machine-150T-3.webp","datePublished":"2025-12-13T05:13:39+00:00","dateModified":"2025-12-20T12:51:24+00:00","description":"Wiretovspressen er en ny maskine, der blev udviklet uafh\u00e6ngigt af Zunzz i 2001. Vi bruger komponenter af h\u00f8j kvalitet fra f\u00f8rende m\u00e6rker.","breadcrumb":{"@id":"https:\/\/zunzz.com\/da\/product\/wire-rope-press-machine\/#breadcrumb"},"inLanguage":"da-DK","potentialAction":[{"@type":"ReadAction","target":["https:\/\/zunzz.com\/da\/product\/wire-rope-press-machine\/"]}]},{"@type":"ImageObject","inLanguage":"da-DK","@id":"https:\/\/zunzz.com\/da\/product\/wire-rope-press-machine\/#primaryimage","url":"https:\/\/zunzz.com\/wp-content\/uploads\/2023\/09\/Wire-Rope-Press-Machine-150T-3.webp","contentUrl":"https:\/\/zunzz.com\/wp-content\/uploads\/2023\/09\/Wire-Rope-Press-Machine-150T-3.webp","width":1024,"height":1024,"caption":"Pressemaskine til wirer 150T-3"},{"@type":"BreadcrumbList","@id":"https:\/\/zunzz.com\/da\/product\/wire-rope-press-machine\/#breadcrumb","itemListElement":[{"@type":"ListItem","position":1,"name":"Home","item":"https:\/\/zunzz.com\/da\/home\/"},{"@type":"ListItem","position":2,"name":"Shop","item":"https:\/\/zunzz.com\/bg\/shop\/"},{"@type":"ListItem","position":3,"name":"Pressemaskine til wirer 150T"}]},{"@type":"WebSite","@id":"https:\/\/zunzz.com\/da\/#website","url":"https:\/\/zunzz.com\/da\/","name":"Zunzz Wire Rope Sling Machine Company","description":"Zunzz Wire Rope Sling Machine Company is a leading manufacturer of wire rope sling machines and related products.","publisher":{"@id":"https:\/\/zunzz.com\/da\/#organization"},"potentialAction":[{"@type":"SearchAction","target":{"@type":"EntryPoint","urlTemplate":"https:\/\/zunzz.com\/da\/?s={search_term_string}"},"query-input":{"@type":"PropertyValueSpecification","valueRequired":true,"valueName":"search_term_string"}}],"inLanguage":"da-DK"},{"@type":"Organization","@id":"https:\/\/zunzz.com\/da\/#organization","name":"Zunzz Wire Rope Sling Machine Company","url":"https:\/\/zunzz.com\/da\/","logo":{"@type":"ImageObject","inLanguage":"da-DK","@id":"https:\/\/zunzz.com\/da\/#\/schema\/logo\/image\/","url":"https:\/\/zunzz.com\/wp-content\/uploads\/2023\/09\/Logo.png","contentUrl":"https:\/\/zunzz.com\/wp-content\/uploads\/2023\/09\/Logo.png","width":171,"height":133,"caption":"Zunzz Wire Rope Sling Machine Company"},"image":{"@id":"https:\/\/zunzz.com\/da\/#\/schema\/logo\/image\/"}}]}},"_links":{"self":[{"href":"https:\/\/zunzz.com\/da\/wp-json\/wp\/v2\/product\/2784","targetHints":{"allow":["GET"]}}],"collection":[{"href":"https:\/\/zunzz.com\/da\/wp-json\/wp\/v2\/product"}],"about":[{"href":"https:\/\/zunzz.com\/da\/wp-json\/wp\/v2\/types\/product"}],"replies":[{"embeddable":true,"href":"https:\/\/zunzz.com\/da\/wp-json\/wp\/v2\/comments?post=2784"}],"wp:featuredmedia":[{"embeddable":true,"href":"https:\/\/zunzz.com\/da\/wp-json\/wp\/v2\/media\/2785"}],"wp:attachment":[{"href":"https:\/\/zunzz.com\/da\/wp-json\/wp\/v2\/media?parent=2784"}],"wp:term":[{"taxonomy":"product_brand","embeddable":true,"href":"https:\/\/zunzz.com\/da\/wp-json\/wp\/v2\/product_brand?post=2784"},{"taxonomy":"product_cat","embeddable":true,"href":"https:\/\/zunzz.com\/da\/wp-json\/wp\/v2\/product_cat?post=2784"},{"taxonomy":"product_tag","embeddable":true,"href":"https:\/\/zunzz.com\/da\/wp-json\/wp\/v2\/product_tag?post=2784"}],"curies":[{"name":"wp","href":"https:\/\/api.w.org\/{rel}","templated":true}]}}