{"id":2576,"date":"2023-09-22T02:36:31","date_gmt":"2023-09-22T02:36:31","guid":{"rendered":"https:\/\/zunzz.com\/product\/hydraulisk-traekproevemaskine-200t\/"},"modified":"2025-04-13T04:27:21","modified_gmt":"2025-04-13T04:27:21","slug":"hydraulic-tensile-testing-machine","status":"publish","type":"product","link":"https:\/\/zunzz.com\/da\/product\/hydraulic-tensile-testing-machine\/","title":{"rendered":"Hydraulisk tr\u00e6kpr\u00f8vemaskine 200T"},"content":{"rendered":"<h2>1.Hydraulisk tr\u00e6kpr\u00f8vemaskine<\/h2>\n<p><strong>Hydraulisk tr\u00e6kpr\u00f8vningsmaskine<\/strong> tester st\u00e5ltovet, st\u00e5ltovsslyngen, b\u00e5ndslyngen, krogen, k\u00e6den og s\u00e5 videre. Det er meget udbredt inden for omr\u00e5der som skibe, byggeri, elektricitet, l\u00f8ft og redning for at sikre sikkerheden og p\u00e5lideligheden af \u200b\u200brigning.<\/p>\n<p>Testrapporten kan udskrives.<\/p>\n<p><strong>Sikkerhedsforanstaltninger:<\/strong> F\u00f8r testning skal du kontrollere, om fiksturen er forsvarligt fastsp\u00e6ndt for at undg\u00e5 at glide. Overbelastning er strengt forbudt for at forhindre skade p\u00e5 udstyr eller personskade. Kalibrer sensorer regelm\u00e6ssigt for at sikre datan\u00f8jagtighed.<\/p>\n<p><strong>hovedfunktion<\/strong><\/p>\n<p>Tr\u00e6ktest: m\u00e5l den maksimale tr\u00e6kstyrke (brudstyrke) af riggen.<br \/>\nLasttest: Simuler faktiske arbejdsbelastninger for at verificere riggens b\u00e6reevne.<br \/>\nForl\u00e6ngelsetest: Registrer graden af \u200b\u200bdeformation af materialet under sp\u00e6nding.<br \/>\nHoldbarhedstest: gentagen belastning for at teste tr\u00e6thedslevetid.<br \/>\nStatisk\/dynamisk test: V\u00e6lg forskellige testtilstande baseret p\u00e5 krav.<\/p>\n<p><img fetchpriority=\"high\" decoding=\"async\" class=\"alignnone wp-image-383 size-full\" src=\"https:\/\/zunzz.com\/wp-content\/uploads\/2023\/09\/Hydraulic-Tensile-Testing-Machine-2.webp\" alt=\"Hydraulisk tr\u00e6kpr\u00f8vemaskine-2\" width=\"1000\" height=\"1267\" srcset=\"https:\/\/zunzz.com\/wp-content\/uploads\/2023\/09\/Hydraulic-Tensile-Testing-Machine-2.webp 1000w, https:\/\/zunzz.com\/wp-content\/uploads\/2023\/09\/Hydraulic-Tensile-Testing-Machine-2-237x300.webp 237w, https:\/\/zunzz.com\/wp-content\/uploads\/2023\/09\/Hydraulic-Tensile-Testing-Machine-2-808x1024.webp 808w, https:\/\/zunzz.com\/wp-content\/uploads\/2023\/09\/Hydraulic-Tensile-Testing-Machine-2-768x973.webp 768w, https:\/\/zunzz.com\/wp-content\/uploads\/2023\/09\/Hydraulic-Tensile-Testing-Machine-2-700x887.webp 700w, https:\/\/zunzz.com\/wp-content\/uploads\/2023\/09\/Hydraulic-Tensile-Testing-Machine-2-600x760.webp 600w\" sizes=\"(max-width: 1000px) 100vw, 1000px\" \/><\/p>\n<h2>2. Tekniske parametre<\/h2>\n<div class=\"table-r\">\n<table width=\"100%\">\n<tbody>\n<tr>\n<td width=\"50%\">Maks. belastet tryk<\/td>\n<td width=\"50%\">63Mpa<\/td>\n<\/tr>\n<tr>\n<td width=\"50%\">Maks. Stempelbev\u00e6gelse<\/td>\n<td width=\"50%\">1500 mm<\/td>\n<\/tr>\n<tr>\n<td width=\"50%\">Stemplets udtr\u00e6kshastighed<\/td>\n<td width=\"50%\">8 mm\/sek<\/td>\n<\/tr>\n<tr>\n<td width=\"50%\">Stemplets belastede hastighed<\/td>\n<td width=\"50%\">2 mm\/sek<\/td>\n<\/tr>\n<tr>\n<td width=\"50%\">Stemplets hastighed bagud<\/td>\n<td width=\"50%\">10 mm\/sek<\/td>\n<\/tr>\n<tr>\n<td width=\"50%\">Tolerance for tr\u00e6kpr\u00f8vningspr\u00e6cision<\/td>\n<td width=\"50%\">\u22641 %<\/td>\n<\/tr>\n<tr>\n<td width=\"50%\">Tolerance for forskydningspr\u00e6cision<\/td>\n<td width=\"50%\">\u22641 %<\/td>\n<\/tr>\n<tr>\n<td width=\"50%\">Tolerance af statisk belastning Pr\u00e6cision<\/td>\n<td width=\"50%\">\u22641 %<\/td>\n<\/tr>\n<tr>\n<td width=\"50%\">St\u00f8jniveau<\/td>\n<td width=\"50%\">\u226470dB<\/td>\n<\/tr>\n<tr>\n<td width=\"50%\">Kontrolmetode<\/td>\n<td width=\"50%\">Computer<\/td>\n<\/tr>\n<tr>\n<td width=\"50%\">Automatisk beskyttelsesd\u00e6ksel<\/td>\n<td width=\"50%\">Tilg\u00e6ngelig<\/td>\n<\/tr>\n<\/tbody>\n<\/table>\n<p>&nbsp;<\/p>\n<p><iframe title=\"test bench for wire rope, websling, chain and so on testing.\" width=\"1060\" height=\"596\" src=\"https:\/\/www.youtube.com\/embed\/vC5deAoKkuU?feature=oembed\" frameborder=\"0\" allow=\"accelerometer; autoplay; clipboard-write; encrypted-media; gyroscope; picture-in-picture; web-share\" referrerpolicy=\"strict-origin-when-cross-origin\" allowfullscreen><\/iframe><\/p>\n<h2>3.Fordelene ved testsengen<\/h2>\n<p>1. Ved at bruge menneske-computer-interaktion til at analysere og beregne de mekaniske ydeevneindikatorer for de testede materialer, beregnes tr\u00e6kkraften automatisk ved afslutningen af \u200b\u200beksperimentet. P\u00e5 baggrund af den automatiske analyse kan analyseresultaterne ogs\u00e5 korrigeres manuelt for at forbedre analysens n\u00f8jagtighed.<\/p>\n<p>2. Forskellige kurver s\u00e5som kraftdeformation, kraftforskydning, krafttid, sp\u00e6ndingsbelastning, deformationstid, forskydningstid kan kontrolleres;<\/p>\n<p>3. Delvis amplifikation af eksperimentelle kurver og sammenligning af multiple kurveoverlejringer;<\/p>\n<p>4. Kontroltilstanden har automatisk kontroltilstand. Den automatiske kontrol er en fuldt digital servotilstand med to metoder til indstilling af testbetingelser: fuldautomatisk kontrol og programmerbar kontrol i dialog mellem menneske og maskine.<\/p>\n<p>5. Flere anvendelser: kan udf\u00f8re tr\u00e6k-, rive- og andre tests p\u00e5 metal, ikke-metal og komponenter. Den kan opfylde forskellige testmetodestandarder som ISO og GB.<\/p>\n<p>6. Oliekilden vedtager et lydl\u00f8st design, som er milj\u00f8venligt og brugervenligt, hvilket reducerer energiforbruget, reducerer varmeudviklingen og beskytter oliekredsl\u00f8bet;<\/p>\n<p>7. Brugen af \u200b\u200bh\u00f8j hastighed, h\u00f8j integration, kraftfuld kontrol, databehandlingskapaciteter og h\u00f8j p\u00e5lidelighed er uovertruffen ved at teste maskiner, der bruger andre processorer.<\/p>\n<p>&nbsp;<\/p>\n<\/div>\n<p><img decoding=\"async\" class=\"alignnone wp-image-385 size-full\" src=\"https:\/\/zunzz.com\/wp-content\/uploads\/2023\/09\/Hydraulic-Tensile-Testing-Machine-4.webp\" alt=\"Hydraulisk tr\u00e6kpr\u00f8vemaskine-4\" width=\"1000\" height=\"800\" srcset=\"https:\/\/zunzz.com\/wp-content\/uploads\/2023\/09\/Hydraulic-Tensile-Testing-Machine-4.webp 1000w, https:\/\/zunzz.com\/wp-content\/uploads\/2023\/09\/Hydraulic-Tensile-Testing-Machine-4-300x240.webp 300w, https:\/\/zunzz.com\/wp-content\/uploads\/2023\/09\/Hydraulic-Tensile-Testing-Machine-4-768x614.webp 768w, https:\/\/zunzz.com\/wp-content\/uploads\/2023\/09\/Hydraulic-Tensile-Testing-Machine-4-700x560.webp 700w, https:\/\/zunzz.com\/wp-content\/uploads\/2023\/09\/Hydraulic-Tensile-Testing-Machine-4-600x480.webp 600w\" sizes=\"(max-width: 1000px) 100vw, 1000px\" \/> <img decoding=\"async\" class=\"alignnone wp-image-384 size-full\" src=\"https:\/\/zunzz.com\/wp-content\/uploads\/2023\/09\/Hydraulic-Tensile-Testing-Machine-3.webp\" alt=\"Hydraulisk tr\u00e6kpr\u00f8vemaskine-3\" width=\"1000\" height=\"1267\" srcset=\"https:\/\/zunzz.com\/wp-content\/uploads\/2023\/09\/Hydraulic-Tensile-Testing-Machine-3.webp 1000w, https:\/\/zunzz.com\/wp-content\/uploads\/2023\/09\/Hydraulic-Tensile-Testing-Machine-3-237x300.webp 237w, https:\/\/zunzz.com\/wp-content\/uploads\/2023\/09\/Hydraulic-Tensile-Testing-Machine-3-808x1024.webp 808w, https:\/\/zunzz.com\/wp-content\/uploads\/2023\/09\/Hydraulic-Tensile-Testing-Machine-3-768x973.webp 768w, https:\/\/zunzz.com\/wp-content\/uploads\/2023\/09\/Hydraulic-Tensile-Testing-Machine-3-700x887.webp 700w, https:\/\/zunzz.com\/wp-content\/uploads\/2023\/09\/Hydraulic-Tensile-Testing-Machine-3-600x760.webp 600w\" sizes=\"(max-width: 1000px) 100vw, 1000px\" \/> <img loading=\"lazy\" decoding=\"async\" class=\"alignnone wp-image-382 \" src=\"https:\/\/zunzz.com\/wp-content\/uploads\/2023\/09\/Hydraulic-Tensile-Testing-Machine-1.webp\" alt=\"Hydraulisk tr\u00e6kpr\u00f8vemaskine-1\" width=\"1000\" height=\"1000\" srcset=\"https:\/\/zunzz.com\/wp-content\/uploads\/2023\/09\/Hydraulic-Tensile-Testing-Machine-1.webp 988w, https:\/\/zunzz.com\/wp-content\/uploads\/2023\/09\/Hydraulic-Tensile-Testing-Machine-1-300x300.webp 300w, https:\/\/zunzz.com\/wp-content\/uploads\/2023\/09\/Hydraulic-Tensile-Testing-Machine-1-150x150.webp 150w, https:\/\/zunzz.com\/wp-content\/uploads\/2023\/09\/Hydraulic-Tensile-Testing-Machine-1-768x768.webp 768w, https:\/\/zunzz.com\/wp-content\/uploads\/2023\/09\/Hydraulic-Tensile-Testing-Machine-1-570x570.webp 570w, https:\/\/zunzz.com\/wp-content\/uploads\/2023\/09\/Hydraulic-Tensile-Testing-Machine-1-500x500.webp 500w, https:\/\/zunzz.com\/wp-content\/uploads\/2023\/09\/Hydraulic-Tensile-Testing-Machine-1-700x700.webp 700w, https:\/\/zunzz.com\/wp-content\/uploads\/2023\/09\/Hydraulic-Tensile-Testing-Machine-1-650x650.webp 650w, https:\/\/zunzz.com\/wp-content\/uploads\/2023\/09\/Hydraulic-Tensile-Testing-Machine-1-600x600.webp 600w, https:\/\/zunzz.com\/wp-content\/uploads\/2023\/09\/Hydraulic-Tensile-Testing-Machine-1-100x100.webp 100w\" sizes=\"(max-width: 1000px) 100vw, 1000px\" \/><\/p>\n<h4><span style=\"color: #ff0000;\">Kontakt os venligst for flere detaljer, vi vil svare dig inden for 24 timer<\/span><\/h4>\n<p class=\"wpcf7-contact-form-not-found\"><strong>Fejl:<\/strong> Kontaktformular ikke fundet.<\/p>\n<p>&nbsp;<\/p>\n","protected":false},"excerpt":{"rendered":"<div class=\"table-r\">\n<p>Den grundl\u00e6ggende struktur af <strong>hydraulisk tr\u00e6ktestmaskine<\/strong> inkluderer en h\u00f8jstyrke hovedramme, hydraulisk belastningssystem, armatursystem, sensorsystem og kontrol- og dataindsamlingssystem. Vi producerer testsengen med kapaciteten 100T 200T 300T 600T 1000T og 2000T. <\/p>\n<table width=\"100%\">\n<tbody>\n<tr>\n<td width=\"50%\">Model:\n<\/td>\n<td width=\"50%\">DYWP-2000<\/td>\n<\/tr>\n<tr>\n<td width=\"50%\">Maks. Kapacitet:<\/td>\n<td width=\"50%\">2000 kN<\/td>\n<\/tr>\n<tr>\n<td width=\"50%\">Overordnede dimensioner:\n<\/td>\n<td width=\"50%\">25000mm*1800mm*900mm<\/td>\n<\/tr>\n<tr>\n<td width=\"50%\">Testl\u00e6ngde:\n<\/td>\n<td width=\"50%\">som anmodet<\/td>\n<\/tr>\n<tr>\n<td width=\"50%\">V\u00e6gt:\n<\/td>\n<td width=\"50%\">20000 kg<\/td>\n<\/tr>\n<tr>\n<td width=\"50%\">Dataindsamling og analyse:\n<\/td>\n<td width=\"50%\">Realtidsvisning af sp\u00e6ndingsforskydningskurve og automatisk generering af testrapport.<\/td>\n<\/tr>\n<\/tbody>\n<\/table>\n<p><strong>Tilg\u00e6ngeligt sprog:<\/strong>[wpml_language_selector_widget]<\/p>\n<p><a class=\"single_add_to_cart_button button alt\" href=\"https:\/\/zunzz.com\/da\/contact-store\/\" target=\"_blank\" rel=\"noopener noreferrer\">FORESP\u00d8RG NU<\/a><\/p>\n<\/div>\n","protected":false},"featured_media":2577,"comment_status":"open","ping_status":"closed","template":"","meta":[],"product_brand":[],"product_cat":[179],"product_tag":[319,318],"class_list":{"0":"post-2576","1":"product","2":"type-product","3":"status-publish","4":"has-post-thumbnail","6":"product_cat-tensile-test-machine","7":"product_tag-hydraulic-tensile-test-machine","8":"product_tag-tensile-test-machine","10":"first","11":"instock","12":"taxable","13":"shipping-taxable","14":"product-type-simple"},"yoast_head":"<!-- This site is optimized with the Yoast SEO plugin v26.8 - https:\/\/yoast.com\/product\/yoast-seo-wordpress\/ -->\n<title>Hydraulisk tr\u00e6kpr\u00f8vemaskine<\/title>\n<meta name=\"description\" content=\"Hydraulisk tr\u00e6ktestmaskine tester st\u00e5ltov, st\u00e5ltovsslynge, webbing-slynge, krog, k\u00e6de. testelement: tr\u00e6ktest \/ statisk belastningstest \/ brudtest\" \/>\n<meta name=\"robots\" content=\"index, follow, max-snippet:-1, max-image-preview:large, max-video-preview:-1\" \/>\n<link rel=\"canonical\" href=\"https:\/\/zunzz.com\/da\/product\/hydraulic-tensile-testing-machine\/\" \/>\n<meta property=\"og:locale\" content=\"da_DK\" \/>\n<meta property=\"og:type\" content=\"article\" \/>\n<meta property=\"og:title\" content=\"Hydraulisk tr\u00e6kpr\u00f8vemaskine\" \/>\n<meta property=\"og:description\" content=\"Hydraulisk tr\u00e6ktestmaskine tester st\u00e5ltov, st\u00e5ltovsslynge, webbing-slynge, krog, k\u00e6de. testelement: tr\u00e6ktest \/ statisk belastningstest \/ brudtest\" \/>\n<meta property=\"og:url\" content=\"https:\/\/zunzz.com\/da\/product\/hydraulic-tensile-testing-machine\/\" \/>\n<meta property=\"og:site_name\" content=\"Zunzz Wire Rope Sling Machine Company\" \/>\n<meta property=\"article:modified_time\" content=\"2025-04-13T04:27:21+00:00\" \/>\n<meta property=\"og:image\" content=\"https:\/\/zunzz.com\/wp-content\/uploads\/2023\/09\/Hydraulic-Tensile-Testing-Machine-1.webp\" \/>\n\t<meta property=\"og:image:width\" content=\"988\" \/>\n\t<meta property=\"og:image:height\" content=\"988\" \/>\n\t<meta property=\"og:image:type\" content=\"image\/webp\" \/>\n<meta name=\"twitter:card\" content=\"summary_large_image\" \/>\n<meta name=\"twitter:label1\" content=\"Estimeret l\u00e6setid\" \/>\n\t<meta name=\"twitter:data1\" content=\"4 minutter\" \/>\n<script type=\"application\/ld+json\" class=\"yoast-schema-graph\">{\"@context\":\"https:\/\/schema.org\",\"@graph\":[{\"@type\":\"WebPage\",\"@id\":\"https:\/\/zunzz.com\/da\/product\/hydraulic-tensile-testing-machine\/\",\"url\":\"https:\/\/zunzz.com\/da\/product\/hydraulic-tensile-testing-machine\/\",\"name\":\"Hydraulisk tr\u00e6kpr\u00f8vemaskine\",\"isPartOf\":{\"@id\":\"https:\/\/zunzz.com\/da\/#website\"},\"primaryImageOfPage\":{\"@id\":\"https:\/\/zunzz.com\/da\/product\/hydraulic-tensile-testing-machine\/#primaryimage\"},\"image\":{\"@id\":\"https:\/\/zunzz.com\/da\/product\/hydraulic-tensile-testing-machine\/#primaryimage\"},\"thumbnailUrl\":\"https:\/\/zunzz.com\/wp-content\/uploads\/2023\/09\/Hydraulic-Tensile-Testing-Machine-1.webp\",\"datePublished\":\"2023-09-22T02:36:31+00:00\",\"dateModified\":\"2025-04-13T04:27:21+00:00\",\"description\":\"Hydraulisk tr\u00e6ktestmaskine tester st\u00e5ltov, st\u00e5ltovsslynge, webbing-slynge, krog, k\u00e6de. testelement: tr\u00e6ktest \/ statisk belastningstest \/ brudtest\",\"breadcrumb\":{\"@id\":\"https:\/\/zunzz.com\/da\/product\/hydraulic-tensile-testing-machine\/#breadcrumb\"},\"inLanguage\":\"da-DK\",\"potentialAction\":[{\"@type\":\"ReadAction\",\"target\":[\"https:\/\/zunzz.com\/da\/product\/hydraulic-tensile-testing-machine\/\"]}]},{\"@type\":\"ImageObject\",\"inLanguage\":\"da-DK\",\"@id\":\"https:\/\/zunzz.com\/da\/product\/hydraulic-tensile-testing-machine\/#primaryimage\",\"url\":\"https:\/\/zunzz.com\/wp-content\/uploads\/2023\/09\/Hydraulic-Tensile-Testing-Machine-1.webp\",\"contentUrl\":\"https:\/\/zunzz.com\/wp-content\/uploads\/2023\/09\/Hydraulic-Tensile-Testing-Machine-1.webp\",\"width\":988,\"height\":988,\"caption\":\"Hydraulic-Tensile-Testing-Machine\"},{\"@type\":\"BreadcrumbList\",\"@id\":\"https:\/\/zunzz.com\/da\/product\/hydraulic-tensile-testing-machine\/#breadcrumb\",\"itemListElement\":[{\"@type\":\"ListItem\",\"position\":1,\"name\":\"Home\",\"item\":\"https:\/\/zunzz.com\/da\/home\/\"},{\"@type\":\"ListItem\",\"position\":2,\"name\":\"Shop\",\"item\":\"https:\/\/zunzz.com\/bg\/shop\/\"},{\"@type\":\"ListItem\",\"position\":3,\"name\":\"Hydraulisk tr\u00e6kpr\u00f8vemaskine 200T\"}]},{\"@type\":\"WebSite\",\"@id\":\"https:\/\/zunzz.com\/da\/#website\",\"url\":\"https:\/\/zunzz.com\/da\/\",\"name\":\"Zunzz Wire Rope Sling Machine Company\",\"description\":\"Zunzz Wire Rope Sling Machine Company is a leading manufacturer of wire rope sling machines and related products.\",\"publisher\":{\"@id\":\"https:\/\/zunzz.com\/da\/#organization\"},\"potentialAction\":[{\"@type\":\"SearchAction\",\"target\":{\"@type\":\"EntryPoint\",\"urlTemplate\":\"https:\/\/zunzz.com\/da\/?s={search_term_string}\"},\"query-input\":{\"@type\":\"PropertyValueSpecification\",\"valueRequired\":true,\"valueName\":\"search_term_string\"}}],\"inLanguage\":\"da-DK\"},{\"@type\":\"Organization\",\"@id\":\"https:\/\/zunzz.com\/da\/#organization\",\"name\":\"Zunzz Wire Rope Sling Machine Company\",\"url\":\"https:\/\/zunzz.com\/da\/\",\"logo\":{\"@type\":\"ImageObject\",\"inLanguage\":\"da-DK\",\"@id\":\"https:\/\/zunzz.com\/da\/#\/schema\/logo\/image\/\",\"url\":\"https:\/\/zunzz.com\/wp-content\/uploads\/2023\/09\/Logo.png\",\"contentUrl\":\"https:\/\/zunzz.com\/wp-content\/uploads\/2023\/09\/Logo.png\",\"width\":171,\"height\":133,\"caption\":\"Zunzz Wire Rope Sling Machine Company\"},\"image\":{\"@id\":\"https:\/\/zunzz.com\/da\/#\/schema\/logo\/image\/\"}}]}<\/script>\n<!-- \/ Yoast SEO plugin. -->","yoast_head_json":{"title":"Hydraulisk tr\u00e6kpr\u00f8vemaskine","description":"Hydraulisk tr\u00e6ktestmaskine tester st\u00e5ltov, st\u00e5ltovsslynge, webbing-slynge, krog, k\u00e6de. testelement: tr\u00e6ktest \/ statisk belastningstest \/ brudtest","robots":{"index":"index","follow":"follow","max-snippet":"max-snippet:-1","max-image-preview":"max-image-preview:large","max-video-preview":"max-video-preview:-1"},"canonical":"https:\/\/zunzz.com\/da\/product\/hydraulic-tensile-testing-machine\/","og_locale":"da_DK","og_type":"article","og_title":"Hydraulisk tr\u00e6kpr\u00f8vemaskine","og_description":"Hydraulisk tr\u00e6ktestmaskine tester st\u00e5ltov, st\u00e5ltovsslynge, webbing-slynge, krog, k\u00e6de. testelement: tr\u00e6ktest \/ statisk belastningstest \/ brudtest","og_url":"https:\/\/zunzz.com\/da\/product\/hydraulic-tensile-testing-machine\/","og_site_name":"Zunzz Wire Rope Sling Machine Company","article_modified_time":"2025-04-13T04:27:21+00:00","og_image":[{"width":988,"height":988,"url":"https:\/\/zunzz.com\/wp-content\/uploads\/2023\/09\/Hydraulic-Tensile-Testing-Machine-1.webp","type":"image\/webp"}],"twitter_card":"summary_large_image","twitter_misc":{"Estimeret l\u00e6setid":"4 minutter"},"schema":{"@context":"https:\/\/schema.org","@graph":[{"@type":"WebPage","@id":"https:\/\/zunzz.com\/da\/product\/hydraulic-tensile-testing-machine\/","url":"https:\/\/zunzz.com\/da\/product\/hydraulic-tensile-testing-machine\/","name":"Hydraulisk tr\u00e6kpr\u00f8vemaskine","isPartOf":{"@id":"https:\/\/zunzz.com\/da\/#website"},"primaryImageOfPage":{"@id":"https:\/\/zunzz.com\/da\/product\/hydraulic-tensile-testing-machine\/#primaryimage"},"image":{"@id":"https:\/\/zunzz.com\/da\/product\/hydraulic-tensile-testing-machine\/#primaryimage"},"thumbnailUrl":"https:\/\/zunzz.com\/wp-content\/uploads\/2023\/09\/Hydraulic-Tensile-Testing-Machine-1.webp","datePublished":"2023-09-22T02:36:31+00:00","dateModified":"2025-04-13T04:27:21+00:00","description":"Hydraulisk tr\u00e6ktestmaskine tester st\u00e5ltov, st\u00e5ltovsslynge, webbing-slynge, krog, k\u00e6de. testelement: tr\u00e6ktest \/ statisk belastningstest \/ brudtest","breadcrumb":{"@id":"https:\/\/zunzz.com\/da\/product\/hydraulic-tensile-testing-machine\/#breadcrumb"},"inLanguage":"da-DK","potentialAction":[{"@type":"ReadAction","target":["https:\/\/zunzz.com\/da\/product\/hydraulic-tensile-testing-machine\/"]}]},{"@type":"ImageObject","inLanguage":"da-DK","@id":"https:\/\/zunzz.com\/da\/product\/hydraulic-tensile-testing-machine\/#primaryimage","url":"https:\/\/zunzz.com\/wp-content\/uploads\/2023\/09\/Hydraulic-Tensile-Testing-Machine-1.webp","contentUrl":"https:\/\/zunzz.com\/wp-content\/uploads\/2023\/09\/Hydraulic-Tensile-Testing-Machine-1.webp","width":988,"height":988,"caption":"Hydraulic-Tensile-Testing-Machine"},{"@type":"BreadcrumbList","@id":"https:\/\/zunzz.com\/da\/product\/hydraulic-tensile-testing-machine\/#breadcrumb","itemListElement":[{"@type":"ListItem","position":1,"name":"Home","item":"https:\/\/zunzz.com\/da\/home\/"},{"@type":"ListItem","position":2,"name":"Shop","item":"https:\/\/zunzz.com\/bg\/shop\/"},{"@type":"ListItem","position":3,"name":"Hydraulisk tr\u00e6kpr\u00f8vemaskine 200T"}]},{"@type":"WebSite","@id":"https:\/\/zunzz.com\/da\/#website","url":"https:\/\/zunzz.com\/da\/","name":"Zunzz Wire Rope Sling Machine Company","description":"Zunzz Wire Rope Sling Machine Company is a leading manufacturer of wire rope sling machines and related products.","publisher":{"@id":"https:\/\/zunzz.com\/da\/#organization"},"potentialAction":[{"@type":"SearchAction","target":{"@type":"EntryPoint","urlTemplate":"https:\/\/zunzz.com\/da\/?s={search_term_string}"},"query-input":{"@type":"PropertyValueSpecification","valueRequired":true,"valueName":"search_term_string"}}],"inLanguage":"da-DK"},{"@type":"Organization","@id":"https:\/\/zunzz.com\/da\/#organization","name":"Zunzz Wire Rope Sling Machine Company","url":"https:\/\/zunzz.com\/da\/","logo":{"@type":"ImageObject","inLanguage":"da-DK","@id":"https:\/\/zunzz.com\/da\/#\/schema\/logo\/image\/","url":"https:\/\/zunzz.com\/wp-content\/uploads\/2023\/09\/Logo.png","contentUrl":"https:\/\/zunzz.com\/wp-content\/uploads\/2023\/09\/Logo.png","width":171,"height":133,"caption":"Zunzz Wire Rope Sling Machine Company"},"image":{"@id":"https:\/\/zunzz.com\/da\/#\/schema\/logo\/image\/"}}]}},"_links":{"self":[{"href":"https:\/\/zunzz.com\/da\/wp-json\/wp\/v2\/product\/2576","targetHints":{"allow":["GET"]}}],"collection":[{"href":"https:\/\/zunzz.com\/da\/wp-json\/wp\/v2\/product"}],"about":[{"href":"https:\/\/zunzz.com\/da\/wp-json\/wp\/v2\/types\/product"}],"replies":[{"embeddable":true,"href":"https:\/\/zunzz.com\/da\/wp-json\/wp\/v2\/comments?post=2576"}],"wp:featuredmedia":[{"embeddable":true,"href":"https:\/\/zunzz.com\/da\/wp-json\/wp\/v2\/media\/2577"}],"wp:attachment":[{"href":"https:\/\/zunzz.com\/da\/wp-json\/wp\/v2\/media?parent=2576"}],"wp:term":[{"taxonomy":"product_brand","embeddable":true,"href":"https:\/\/zunzz.com\/da\/wp-json\/wp\/v2\/product_brand?post=2576"},{"taxonomy":"product_cat","embeddable":true,"href":"https:\/\/zunzz.com\/da\/wp-json\/wp\/v2\/product_cat?post=2576"},{"taxonomy":"product_tag","embeddable":true,"href":"https:\/\/zunzz.com\/da\/wp-json\/wp\/v2\/product_tag?post=2576"}],"curies":[{"name":"wp","href":"https:\/\/api.w.org\/{rel}","templated":true}]}}