{"id":2451,"date":"2023-09-22T02:53:44","date_gmt":"2023-09-22T02:53:44","guid":{"rendered":"https:\/\/zunzz.com\/product\/presse-til-svejsning-af-wire-3000t\/"},"modified":"2023-12-24T13:20:52","modified_gmt":"2023-12-24T13:20:52","slug":"wire-rope-swaging-press","status":"publish","type":"product","link":"https:\/\/zunzz.com\/da\/product\/wire-rope-swaging-press\/","title":{"rendered":"Presse til svejsning af wire 3000T"},"content":{"rendered":"<h3>1. Introduktion af Wire Rope Swaging Press 3000T<\/h3>\n<p>Denne wiresvejsepresse er til wirer fra 22 mm til 105 mm. Med blokstempler til runde stempler. Stanseformene kan laves til aluminiumsmuffer, S-505, fatninger efter \u00f8nske.<\/p>\n<p>Sp\u00e6ndingen vil blive udf\u00f8rt som \u00f8nsket.<\/p>\n<p>Der er firkantede dies og runde dies, som du kan v\u00e6lge imellem.<\/p>\n<h3>2. tekniske parametre<\/h3>\n<div class=\"table-r\">\n<table width=\"100%\">\n<tbody>\n<tr>\n<td width=\"50%\">Maks. en Svejsediameter<\/td>\n<td width=\"50%\">32 mm-105 mm<\/td>\n<\/tr>\n<tr>\n<td width=\"50%\">Forsyning af matricer<\/td>\n<td width=\"50%\">22-65 mm gratis, 65-110 mm v\u00e6lg 4 s\u00e6t gratis<\/td>\n<\/tr>\n<tr>\n<td width=\"50%\">Maks. belastet olietryk<\/td>\n<td width=\"50%\">76Mpa<\/td>\n<\/tr>\n<tr>\n<td width=\"50%\">Kontrol af olietryk<\/td>\n<td width=\"50%\">12Mpa<\/td>\n<\/tr>\n<tr>\n<td width=\"50%\">Maks. Stempelbev\u00e6gelse<\/td>\n<td width=\"50%\">240 mm<\/td>\n<\/tr>\n<tr>\n<td width=\"50%\">Arbejdende stempelbev\u00e6gelse<\/td>\n<td width=\"50%\">270 mm<\/td>\n<\/tr>\n<tr>\n<td width=\"50%\">Stemplets hastighed op<\/td>\n<td width=\"50%\">5 mm\/sek<\/td>\n<\/tr>\n<tr>\n<td width=\"50%\">Stemplets belastningshastighed<\/td>\n<td width=\"50%\">2 mm\/sek<\/td>\n<\/tr>\n<tr>\n<td width=\"50%\">Stemplets nedadg\u00e5ende hastighed<\/td>\n<td width=\"50%\">9,8 mm\/sek<\/td>\n<\/tr>\n<\/tbody>\n<\/table>\n<\/div>\n<p>&nbsp;<\/p>\n<p><img fetchpriority=\"high\" decoding=\"async\" class=\"alignnone wp-image-393 size-full\" src=\"https:\/\/zunzz.com\/wp-content\/uploads\/2023\/09\/Wire-Rope-Swaging-Press-3000T-1.webp\" alt=\"Presse til svejsning af wire 3000T-1\" width=\"1000\" height=\"1000\" srcset=\"https:\/\/zunzz.com\/wp-content\/uploads\/2023\/09\/Wire-Rope-Swaging-Press-3000T-1.webp 1000w, https:\/\/zunzz.com\/wp-content\/uploads\/2023\/09\/Wire-Rope-Swaging-Press-3000T-1-300x300.webp 300w, https:\/\/zunzz.com\/wp-content\/uploads\/2023\/09\/Wire-Rope-Swaging-Press-3000T-1-150x150.webp 150w, https:\/\/zunzz.com\/wp-content\/uploads\/2023\/09\/Wire-Rope-Swaging-Press-3000T-1-768x768.webp 768w, https:\/\/zunzz.com\/wp-content\/uploads\/2023\/09\/Wire-Rope-Swaging-Press-3000T-1-570x570.webp 570w, https:\/\/zunzz.com\/wp-content\/uploads\/2023\/09\/Wire-Rope-Swaging-Press-3000T-1-500x500.webp 500w, https:\/\/zunzz.com\/wp-content\/uploads\/2023\/09\/Wire-Rope-Swaging-Press-3000T-1-700x700.webp 700w, https:\/\/zunzz.com\/wp-content\/uploads\/2023\/09\/Wire-Rope-Swaging-Press-3000T-1-650x650.webp 650w, https:\/\/zunzz.com\/wp-content\/uploads\/2023\/09\/Wire-Rope-Swaging-Press-3000T-1-600x600.webp 600w, https:\/\/zunzz.com\/wp-content\/uploads\/2023\/09\/Wire-Rope-Swaging-Press-3000T-1-100x100.webp 100w\" sizes=\"(max-width: 1000px) 100vw, 1000px\" \/> <img decoding=\"async\" class=\"alignnone wp-image-394 size-full\" src=\"https:\/\/zunzz.com\/wp-content\/uploads\/2023\/09\/Wire-Rope-Swaging-Press-3000T-2.webp\" alt=\"Presse til svejsning af wire 3000T-2\" width=\"1000\" height=\"1333\" srcset=\"https:\/\/zunzz.com\/wp-content\/uploads\/2023\/09\/Wire-Rope-Swaging-Press-3000T-2.webp 1000w, https:\/\/zunzz.com\/wp-content\/uploads\/2023\/09\/Wire-Rope-Swaging-Press-3000T-2-225x300.webp 225w, https:\/\/zunzz.com\/wp-content\/uploads\/2023\/09\/Wire-Rope-Swaging-Press-3000T-2-768x1024.webp 768w, https:\/\/zunzz.com\/wp-content\/uploads\/2023\/09\/Wire-Rope-Swaging-Press-3000T-2-600x800.webp 600w, https:\/\/zunzz.com\/wp-content\/uploads\/2023\/09\/Wire-Rope-Swaging-Press-3000T-2-700x933.webp 700w\" sizes=\"(max-width: 1000px) 100vw, 1000px\" \/> <img decoding=\"async\" class=\"alignnone wp-image-395 size-full\" src=\"https:\/\/zunzz.com\/wp-content\/uploads\/2023\/09\/Wire-Rope-Swaging-Press-3000T-3.webp\" alt=\"Presse til svejsning af wirer 3000T-3\" width=\"1000\" height=\"1333\" srcset=\"https:\/\/zunzz.com\/wp-content\/uploads\/2023\/09\/Wire-Rope-Swaging-Press-3000T-3.webp 1000w, https:\/\/zunzz.com\/wp-content\/uploads\/2023\/09\/Wire-Rope-Swaging-Press-3000T-3-225x300.webp 225w, https:\/\/zunzz.com\/wp-content\/uploads\/2023\/09\/Wire-Rope-Swaging-Press-3000T-3-768x1024.webp 768w, https:\/\/zunzz.com\/wp-content\/uploads\/2023\/09\/Wire-Rope-Swaging-Press-3000T-3-600x800.webp 600w, https:\/\/zunzz.com\/wp-content\/uploads\/2023\/09\/Wire-Rope-Swaging-Press-3000T-3-700x933.webp 700w\" sizes=\"(max-width: 1000px) 100vw, 1000px\" \/><\/p>\n<h3>3. Om vores virksomhed<\/h3>\n<p>Vi har et erfarent team af ingeni\u00f8rer og eksperter, der kan levere omfattende teknisk support og l\u00f8sninger til brugerne. Uanset hvilken type maskine og service, du har brug for, kan vi give dig tilfredsstillende l\u00f8sninger.<\/p>\n<p>Hvis du er interesseret i vores produkter og tjenester eller gerne vil vide mere om forarbejdningsindustrien for st\u00e5lwire, kan du bes\u00f8ge vores hjemmeside eller kontakte os direkte. Vi vil helhjertet tjene dig! Vi vil fortsat v\u00e6re engagerede i teknologisk innovation og produktudvikling, s\u00e5 vi kan tilbyde dig mere effektive og stabile maskiner og tjenester til forarbejdning af st\u00e5lwire. Lad os arbejde sammen om at skabe en bedre fremtid!<\/p>\n","protected":false},"excerpt":{"rendered":"<p>Model: YT3000<br \/>\nKapacitet: 30000KN<br \/>\nPressens diameter: 105 mm<br \/>\nEffekt: 7,5 kW*2<br \/>\nSt\u00f8rrelse: 2000*990*3400mm<br \/>\nV\u00e6gt: 18000KG<\/p>\n<p>Tilg\u00e6ngeligt sprog:[wpml_language_selector_widget]<\/p>\n<p><a href=\"https:\/\/zunzz.com\/da\/contact-store\/\"><button class=\"single_add_to_cart_button button alt\" type=\"submit\">FORESP\u00d8RG NU<\/button><\/a><\/p>\n","protected":false},"featured_media":2452,"comment_status":"open","ping_status":"closed","template":"","meta":[],"product_brand":[],"product_cat":[180],"product_tag":[266],"class_list":{"0":"post-2451","1":"product","2":"type-product","3":"status-publish","4":"has-post-thumbnail","6":"product_cat-wire-rope-swaging-machine","7":"product_tag-wire-rope-swaging-machine","9":"first","10":"instock","11":"taxable","12":"shipping-taxable","13":"product-type-simple"},"yoast_head":"<!-- This site is optimized with the Yoast SEO plugin v26.8 - https:\/\/yoast.com\/product\/yoast-seo-wordpress\/ -->\n<title>Presse til svejsning af wire<\/title>\n<meta name=\"description\" content=\"Denne wiresvejsepresse er til wirer fra 22 mm til 105 mm. Med blokstempler til runde stempler. Stemplerne kan laves til aluminiumsr\u00f8r, S-505, fatning\" \/>\n<meta name=\"robots\" content=\"index, follow, max-snippet:-1, max-image-preview:large, max-video-preview:-1\" \/>\n<link rel=\"canonical\" href=\"https:\/\/zunzz.com\/da\/product\/wire-rope-swaging-press\/\" \/>\n<meta property=\"og:locale\" content=\"da_DK\" \/>\n<meta property=\"og:type\" content=\"article\" \/>\n<meta property=\"og:title\" content=\"Presse til svejsning af wire\" \/>\n<meta property=\"og:description\" content=\"Denne wiresvejsepresse er til wirer fra 22 mm til 105 mm. Med blokstempler til runde stempler. Stemplerne kan laves til aluminiumsr\u00f8r, S-505, fatning\" \/>\n<meta property=\"og:url\" content=\"https:\/\/zunzz.com\/da\/product\/wire-rope-swaging-press\/\" \/>\n<meta property=\"og:site_name\" content=\"Zunzz Wire Rope Sling Machine Company\" \/>\n<meta property=\"article:modified_time\" content=\"2023-12-24T13:20:52+00:00\" \/>\n<meta property=\"og:image\" content=\"https:\/\/zunzz.com\/wp-content\/uploads\/2023\/09\/Wire-Rope-Swaging-Press-3000T-1.webp\" \/>\n\t<meta property=\"og:image:width\" content=\"1000\" \/>\n\t<meta property=\"og:image:height\" content=\"1000\" \/>\n\t<meta property=\"og:image:type\" content=\"image\/webp\" \/>\n<meta name=\"twitter:card\" content=\"summary_large_image\" \/>\n<meta name=\"twitter:label1\" content=\"Estimeret l\u00e6setid\" \/>\n\t<meta name=\"twitter:data1\" content=\"3 minutter\" \/>\n<script type=\"application\/ld+json\" class=\"yoast-schema-graph\">{\"@context\":\"https:\/\/schema.org\",\"@graph\":[{\"@type\":\"WebPage\",\"@id\":\"https:\/\/zunzz.com\/da\/product\/wire-rope-swaging-press\/\",\"url\":\"https:\/\/zunzz.com\/da\/product\/wire-rope-swaging-press\/\",\"name\":\"Presse til svejsning af wire\",\"isPartOf\":{\"@id\":\"https:\/\/zunzz.com\/da\/#website\"},\"primaryImageOfPage\":{\"@id\":\"https:\/\/zunzz.com\/da\/product\/wire-rope-swaging-press\/#primaryimage\"},\"image\":{\"@id\":\"https:\/\/zunzz.com\/da\/product\/wire-rope-swaging-press\/#primaryimage\"},\"thumbnailUrl\":\"https:\/\/zunzz.com\/wp-content\/uploads\/2023\/09\/Wire-Rope-Swaging-Press-3000T-1.webp\",\"datePublished\":\"2023-09-22T02:53:44+00:00\",\"dateModified\":\"2023-12-24T13:20:52+00:00\",\"description\":\"Denne wiresvejsepresse er til wirer fra 22 mm til 105 mm. Med blokstempler til runde stempler. Stemplerne kan laves til aluminiumsr\u00f8r, S-505, fatning\",\"breadcrumb\":{\"@id\":\"https:\/\/zunzz.com\/da\/product\/wire-rope-swaging-press\/#breadcrumb\"},\"inLanguage\":\"da-DK\",\"potentialAction\":[{\"@type\":\"ReadAction\",\"target\":[\"https:\/\/zunzz.com\/da\/product\/wire-rope-swaging-press\/\"]}]},{\"@type\":\"ImageObject\",\"inLanguage\":\"da-DK\",\"@id\":\"https:\/\/zunzz.com\/da\/product\/wire-rope-swaging-press\/#primaryimage\",\"url\":\"https:\/\/zunzz.com\/wp-content\/uploads\/2023\/09\/Wire-Rope-Swaging-Press-3000T-1.webp\",\"contentUrl\":\"https:\/\/zunzz.com\/wp-content\/uploads\/2023\/09\/Wire-Rope-Swaging-Press-3000T-1.webp\",\"width\":1000,\"height\":1000,\"caption\":\"Wire Rope Swaging Press 3000T\"},{\"@type\":\"BreadcrumbList\",\"@id\":\"https:\/\/zunzz.com\/da\/product\/wire-rope-swaging-press\/#breadcrumb\",\"itemListElement\":[{\"@type\":\"ListItem\",\"position\":1,\"name\":\"Home\",\"item\":\"https:\/\/zunzz.com\/da\/home\/\"},{\"@type\":\"ListItem\",\"position\":2,\"name\":\"Shop\",\"item\":\"https:\/\/zunzz.com\/bg\/shop\/\"},{\"@type\":\"ListItem\",\"position\":3,\"name\":\"Presse til svejsning af wire 3000T\"}]},{\"@type\":\"WebSite\",\"@id\":\"https:\/\/zunzz.com\/da\/#website\",\"url\":\"https:\/\/zunzz.com\/da\/\",\"name\":\"Zunzz Wire Rope Sling Machine Company\",\"description\":\"Zunzz Wire Rope Sling Machine Company is a leading manufacturer of wire rope sling machines and related products.\",\"publisher\":{\"@id\":\"https:\/\/zunzz.com\/da\/#organization\"},\"potentialAction\":[{\"@type\":\"SearchAction\",\"target\":{\"@type\":\"EntryPoint\",\"urlTemplate\":\"https:\/\/zunzz.com\/da\/?s={search_term_string}\"},\"query-input\":{\"@type\":\"PropertyValueSpecification\",\"valueRequired\":true,\"valueName\":\"search_term_string\"}}],\"inLanguage\":\"da-DK\"},{\"@type\":\"Organization\",\"@id\":\"https:\/\/zunzz.com\/da\/#organization\",\"name\":\"Zunzz Wire Rope Sling Machine Company\",\"url\":\"https:\/\/zunzz.com\/da\/\",\"logo\":{\"@type\":\"ImageObject\",\"inLanguage\":\"da-DK\",\"@id\":\"https:\/\/zunzz.com\/da\/#\/schema\/logo\/image\/\",\"url\":\"https:\/\/zunzz.com\/wp-content\/uploads\/2023\/09\/Logo.png\",\"contentUrl\":\"https:\/\/zunzz.com\/wp-content\/uploads\/2023\/09\/Logo.png\",\"width\":171,\"height\":133,\"caption\":\"Zunzz Wire Rope Sling Machine Company\"},\"image\":{\"@id\":\"https:\/\/zunzz.com\/da\/#\/schema\/logo\/image\/\"}}]}<\/script>\n<!-- \/ Yoast SEO plugin. -->","yoast_head_json":{"title":"Presse til svejsning af wire","description":"Denne wiresvejsepresse er til wirer fra 22 mm til 105 mm. Med blokstempler til runde stempler. Stemplerne kan laves til aluminiumsr\u00f8r, S-505, fatning","robots":{"index":"index","follow":"follow","max-snippet":"max-snippet:-1","max-image-preview":"max-image-preview:large","max-video-preview":"max-video-preview:-1"},"canonical":"https:\/\/zunzz.com\/da\/product\/wire-rope-swaging-press\/","og_locale":"da_DK","og_type":"article","og_title":"Presse til svejsning af wire","og_description":"Denne wiresvejsepresse er til wirer fra 22 mm til 105 mm. Med blokstempler til runde stempler. Stemplerne kan laves til aluminiumsr\u00f8r, S-505, fatning","og_url":"https:\/\/zunzz.com\/da\/product\/wire-rope-swaging-press\/","og_site_name":"Zunzz Wire Rope Sling Machine Company","article_modified_time":"2023-12-24T13:20:52+00:00","og_image":[{"width":1000,"height":1000,"url":"https:\/\/zunzz.com\/wp-content\/uploads\/2023\/09\/Wire-Rope-Swaging-Press-3000T-1.webp","type":"image\/webp"}],"twitter_card":"summary_large_image","twitter_misc":{"Estimeret l\u00e6setid":"3 minutter"},"schema":{"@context":"https:\/\/schema.org","@graph":[{"@type":"WebPage","@id":"https:\/\/zunzz.com\/da\/product\/wire-rope-swaging-press\/","url":"https:\/\/zunzz.com\/da\/product\/wire-rope-swaging-press\/","name":"Presse til svejsning af wire","isPartOf":{"@id":"https:\/\/zunzz.com\/da\/#website"},"primaryImageOfPage":{"@id":"https:\/\/zunzz.com\/da\/product\/wire-rope-swaging-press\/#primaryimage"},"image":{"@id":"https:\/\/zunzz.com\/da\/product\/wire-rope-swaging-press\/#primaryimage"},"thumbnailUrl":"https:\/\/zunzz.com\/wp-content\/uploads\/2023\/09\/Wire-Rope-Swaging-Press-3000T-1.webp","datePublished":"2023-09-22T02:53:44+00:00","dateModified":"2023-12-24T13:20:52+00:00","description":"Denne wiresvejsepresse er til wirer fra 22 mm til 105 mm. Med blokstempler til runde stempler. Stemplerne kan laves til aluminiumsr\u00f8r, S-505, fatning","breadcrumb":{"@id":"https:\/\/zunzz.com\/da\/product\/wire-rope-swaging-press\/#breadcrumb"},"inLanguage":"da-DK","potentialAction":[{"@type":"ReadAction","target":["https:\/\/zunzz.com\/da\/product\/wire-rope-swaging-press\/"]}]},{"@type":"ImageObject","inLanguage":"da-DK","@id":"https:\/\/zunzz.com\/da\/product\/wire-rope-swaging-press\/#primaryimage","url":"https:\/\/zunzz.com\/wp-content\/uploads\/2023\/09\/Wire-Rope-Swaging-Press-3000T-1.webp","contentUrl":"https:\/\/zunzz.com\/wp-content\/uploads\/2023\/09\/Wire-Rope-Swaging-Press-3000T-1.webp","width":1000,"height":1000,"caption":"Wire Rope Swaging Press 3000T"},{"@type":"BreadcrumbList","@id":"https:\/\/zunzz.com\/da\/product\/wire-rope-swaging-press\/#breadcrumb","itemListElement":[{"@type":"ListItem","position":1,"name":"Home","item":"https:\/\/zunzz.com\/da\/home\/"},{"@type":"ListItem","position":2,"name":"Shop","item":"https:\/\/zunzz.com\/bg\/shop\/"},{"@type":"ListItem","position":3,"name":"Presse til svejsning af wire 3000T"}]},{"@type":"WebSite","@id":"https:\/\/zunzz.com\/da\/#website","url":"https:\/\/zunzz.com\/da\/","name":"Zunzz Wire Rope Sling Machine Company","description":"Zunzz Wire Rope Sling Machine Company is a leading manufacturer of wire rope sling machines and related products.","publisher":{"@id":"https:\/\/zunzz.com\/da\/#organization"},"potentialAction":[{"@type":"SearchAction","target":{"@type":"EntryPoint","urlTemplate":"https:\/\/zunzz.com\/da\/?s={search_term_string}"},"query-input":{"@type":"PropertyValueSpecification","valueRequired":true,"valueName":"search_term_string"}}],"inLanguage":"da-DK"},{"@type":"Organization","@id":"https:\/\/zunzz.com\/da\/#organization","name":"Zunzz Wire Rope Sling Machine Company","url":"https:\/\/zunzz.com\/da\/","logo":{"@type":"ImageObject","inLanguage":"da-DK","@id":"https:\/\/zunzz.com\/da\/#\/schema\/logo\/image\/","url":"https:\/\/zunzz.com\/wp-content\/uploads\/2023\/09\/Logo.png","contentUrl":"https:\/\/zunzz.com\/wp-content\/uploads\/2023\/09\/Logo.png","width":171,"height":133,"caption":"Zunzz Wire Rope Sling Machine Company"},"image":{"@id":"https:\/\/zunzz.com\/da\/#\/schema\/logo\/image\/"}}]}},"_links":{"self":[{"href":"https:\/\/zunzz.com\/da\/wp-json\/wp\/v2\/product\/2451","targetHints":{"allow":["GET"]}}],"collection":[{"href":"https:\/\/zunzz.com\/da\/wp-json\/wp\/v2\/product"}],"about":[{"href":"https:\/\/zunzz.com\/da\/wp-json\/wp\/v2\/types\/product"}],"replies":[{"embeddable":true,"href":"https:\/\/zunzz.com\/da\/wp-json\/wp\/v2\/comments?post=2451"}],"wp:featuredmedia":[{"embeddable":true,"href":"https:\/\/zunzz.com\/da\/wp-json\/wp\/v2\/media\/2452"}],"wp:attachment":[{"href":"https:\/\/zunzz.com\/da\/wp-json\/wp\/v2\/media?parent=2451"}],"wp:term":[{"taxonomy":"product_brand","embeddable":true,"href":"https:\/\/zunzz.com\/da\/wp-json\/wp\/v2\/product_brand?post=2451"},{"taxonomy":"product_cat","embeddable":true,"href":"https:\/\/zunzz.com\/da\/wp-json\/wp\/v2\/product_cat?post=2451"},{"taxonomy":"product_tag","embeddable":true,"href":"https:\/\/zunzz.com\/da\/wp-json\/wp\/v2\/product_tag?post=2451"}],"curies":[{"name":"wp","href":"https:\/\/api.w.org\/{rel}","templated":true}]}}