{"id":2289,"date":"2023-10-14T12:24:43","date_gmt":"2023-10-14T12:24:43","guid":{"rendered":"https:\/\/zunzz.com\/product\/staaltovskaeremaskine\/"},"modified":"2023-12-16T11:51:45","modified_gmt":"2023-12-16T11:51:45","slug":"wire-rope-cutting-machine","status":"publish","type":"product","link":"https:\/\/zunzz.com\/da\/product\/wire-rope-cutting-machine\/","title":{"rendered":"St\u00e5ltovsk\u00e6remaskine"},"content":{"rendered":"<h3>1.St\u00e5ltovsk\u00e6remaskine<\/h3>\n<p>St\u00e5ltovsk\u00e6remaskinen best\u00e5r hovedsageligt af en str\u00f8mkilde (elektrisk pumpe eller manuel pumpe), en fungerende oliecylinder, en glideskinne og et sk\u00e6reblad.<\/p>\n<p>Der er to hovedmodeller af hydrauliske st\u00e5lwiresk\u00e6rere, den ene er QY-30 hydraulisk st\u00e5lwiresk\u00e6rer, som bruges til at sk\u00e6re st\u00e5lwirer med en diameter p\u00e5 mindre end 30 mm. En anden type er QY-48 hydrauliske st\u00e5lwiresk\u00e6rer, som bruges til at sk\u00e6re st\u00e5lwirer med en diameter p\u00e5 48 mm. Som et professionelt v\u00e6rkt\u00f8j til at sk\u00e6re st\u00e5lwirer.<\/p>\n<p>Form\u00e5l med hydraulisk st\u00e5ltovsk\u00e6rer<\/p>\n<p>Den hydrauliske st\u00e5ltovsk\u00e6rer reducerer arbejdsintensiteten ved at sk\u00e6re st\u00e5ltove og forbedrer arbejdseffektiviteten, hvilket g\u00f8r den velegnet til afdelinger som skibsreparation og minedrift. Det har karakteristika af smukt design, avanceret struktur, lille st\u00f8rrelse, let v\u00e6gt, p\u00e5lidelig og bekvem brug.<\/p>\n<h3>2.Hydrauliske wire wire cutter parametre<\/h3>\n<div class=\"table-r\">\n<table width=\"100%\">\n<tbody>\n<tr>\n<td width=\"50%\">Model<\/td>\n<td width=\"50%\">QY30, QY48<\/td>\n<\/tr>\n<tr>\n<td width=\"50%\">Sk\u00e6ring af st\u00e5ltr\u00e5d med stor diameter<\/td>\n<td width=\"50%\">30 mm, 48 mm<\/td>\n<\/tr>\n<tr>\n<td width=\"50%\">Stempel fremskridt<\/td>\n<td width=\"50%\">\u2265 38 mm, \u2265 60 mm<\/td>\n<\/tr>\n<tr>\n<td width=\"50%\">Stor forskydningskraft<\/td>\n<td width=\"50%\">7,5T, 20T<\/td>\n<\/tr>\n<tr>\n<td width=\"50%\">Olielagerkapacitet<\/td>\n<td width=\"50%\">0,19 L, 0,30 L<\/td>\n<\/tr>\n<tr>\n<td width=\"50%\">H\u00e5ndtag kraft<\/td>\n<td width=\"50%\">\u2264 25 kgf, \u2264 39 kgf<\/td>\n<\/tr>\n<\/tbody>\n<\/table>\n<p>&nbsp;<\/p>\n<\/div>\n<p><img fetchpriority=\"high\" decoding=\"async\" class=\"alignnone wp-image-1306 \" src=\"https:\/\/zunzz.com\/wp-content\/uploads\/2023\/10\/11.webp\" alt=\"st\u00e5ltovsk\u00e6remaskine\" width=\"750\" height=\"750\" srcset=\"https:\/\/zunzz.com\/wp-content\/uploads\/2023\/10\/11.webp 700w, https:\/\/zunzz.com\/wp-content\/uploads\/2023\/10\/11-300x300.webp 300w, https:\/\/zunzz.com\/wp-content\/uploads\/2023\/10\/11-150x150.webp 150w, https:\/\/zunzz.com\/wp-content\/uploads\/2023\/10\/11-570x570.webp 570w, https:\/\/zunzz.com\/wp-content\/uploads\/2023\/10\/11-500x500.webp 500w, https:\/\/zunzz.com\/wp-content\/uploads\/2023\/10\/11-650x650.webp 650w, https:\/\/zunzz.com\/wp-content\/uploads\/2023\/10\/11-600x600.webp 600w, https:\/\/zunzz.com\/wp-content\/uploads\/2023\/10\/11-100x100.webp 100w\" sizes=\"(max-width: 750px) 100vw, 750px\" \/><img decoding=\"async\" class=\"alignnone wp-image-1133\" src=\"https:\/\/zunzz.com\/wp-content\/uploads\/2023\/10\/2.webp\" alt=\"st\u00e5ltovsk\u00e6remaskine\" width=\"750\" height=\"750\" srcset=\"https:\/\/zunzz.com\/wp-content\/uploads\/2023\/10\/2.webp 750w, https:\/\/zunzz.com\/wp-content\/uploads\/2023\/10\/2-300x300.webp 300w, https:\/\/zunzz.com\/wp-content\/uploads\/2023\/10\/2-150x150.webp 150w, https:\/\/zunzz.com\/wp-content\/uploads\/2023\/10\/2-570x570.webp 570w, https:\/\/zunzz.com\/wp-content\/uploads\/2023\/10\/2-500x500.webp 500w, https:\/\/zunzz.com\/wp-content\/uploads\/2023\/10\/2-700x700.webp 700w, https:\/\/zunzz.com\/wp-content\/uploads\/2023\/10\/2-650x650.webp 650w, https:\/\/zunzz.com\/wp-content\/uploads\/2023\/10\/2-600x600.webp 600w, https:\/\/zunzz.com\/wp-content\/uploads\/2023\/10\/2-100x100.webp 100w\" sizes=\"(max-width: 750px) 100vw, 750px\" \/><\/p>\n<p><img decoding=\"async\" class=\"alignnone wp-image-1137\" src=\"https:\/\/zunzz.com\/wp-content\/uploads\/2023\/10\/O1CN01blCJBM1eN0jAPBHEd_2208311683858-0-cib.webp\" alt=\"st\u00e5ltovsk\u00e6remaskine\" width=\"750\" height=\"750\" srcset=\"https:\/\/zunzz.com\/wp-content\/uploads\/2023\/10\/O1CN01blCJBM1eN0jAPBHEd_2208311683858-0-cib.webp 750w, https:\/\/zunzz.com\/wp-content\/uploads\/2023\/10\/O1CN01blCJBM1eN0jAPBHEd_2208311683858-0-cib-300x300.webp 300w, https:\/\/zunzz.com\/wp-content\/uploads\/2023\/10\/O1CN01blCJBM1eN0jAPBHEd_2208311683858-0-cib-150x150.webp 150w, https:\/\/zunzz.com\/wp-content\/uploads\/2023\/10\/O1CN01blCJBM1eN0jAPBHEd_2208311683858-0-cib-570x570.webp 570w, https:\/\/zunzz.com\/wp-content\/uploads\/2023\/10\/O1CN01blCJBM1eN0jAPBHEd_2208311683858-0-cib-500x500.webp 500w, https:\/\/zunzz.com\/wp-content\/uploads\/2023\/10\/O1CN01blCJBM1eN0jAPBHEd_2208311683858-0-cib-700x700.webp 700w, https:\/\/zunzz.com\/wp-content\/uploads\/2023\/10\/O1CN01blCJBM1eN0jAPBHEd_2208311683858-0-cib-650x650.webp 650w, https:\/\/zunzz.com\/wp-content\/uploads\/2023\/10\/O1CN01blCJBM1eN0jAPBHEd_2208311683858-0-cib-600x600.webp 600w, https:\/\/zunzz.com\/wp-content\/uploads\/2023\/10\/O1CN01blCJBM1eN0jAPBHEd_2208311683858-0-cib-100x100.webp 100w\" sizes=\"(max-width: 750px) 100vw, 750px\" \/><\/p>\n<p><img loading=\"lazy\" decoding=\"async\" class=\"alignnone wp-image-1141\" src=\"https:\/\/zunzz.com\/wp-content\/uploads\/2023\/10\/O1CN01il9jc31eN0jGe43iA_2208311683858-0-cib.webp\" alt=\"st\u00e5ltovsk\u00e6remaskine\" width=\"750\" height=\"750\" srcset=\"https:\/\/zunzz.com\/wp-content\/uploads\/2023\/10\/O1CN01il9jc31eN0jGe43iA_2208311683858-0-cib.webp 750w, https:\/\/zunzz.com\/wp-content\/uploads\/2023\/10\/O1CN01il9jc31eN0jGe43iA_2208311683858-0-cib-300x300.webp 300w, https:\/\/zunzz.com\/wp-content\/uploads\/2023\/10\/O1CN01il9jc31eN0jGe43iA_2208311683858-0-cib-150x150.webp 150w, https:\/\/zunzz.com\/wp-content\/uploads\/2023\/10\/O1CN01il9jc31eN0jGe43iA_2208311683858-0-cib-570x570.webp 570w, https:\/\/zunzz.com\/wp-content\/uploads\/2023\/10\/O1CN01il9jc31eN0jGe43iA_2208311683858-0-cib-500x500.webp 500w, https:\/\/zunzz.com\/wp-content\/uploads\/2023\/10\/O1CN01il9jc31eN0jGe43iA_2208311683858-0-cib-700x700.webp 700w, https:\/\/zunzz.com\/wp-content\/uploads\/2023\/10\/O1CN01il9jc31eN0jGe43iA_2208311683858-0-cib-650x650.webp 650w, https:\/\/zunzz.com\/wp-content\/uploads\/2023\/10\/O1CN01il9jc31eN0jGe43iA_2208311683858-0-cib-600x600.webp 600w, https:\/\/zunzz.com\/wp-content\/uploads\/2023\/10\/O1CN01il9jc31eN0jGe43iA_2208311683858-0-cib-100x100.webp 100w\" sizes=\"(max-width: 750px) 100vw, 750px\" \/><\/p>\n<p>Dette produkt er blevet eksporteret til flere lande s\u00e5som USA, Frankrig, Canada, Indonesien, Rusland, Vietnam, Australien, Sydkorea, Iran og har modtaget enstemmig ros fra kunder.<\/p>\n","protected":false},"excerpt":{"rendered":"<p>Model: QY30, QY48<br \/>\nMaks. st\u00e5ltov: 30mm 48mm<br \/>\nStor forskydningskraft: 7,5T, 20T<br \/>\nOlielagerkapacitet: 0,19L, 0,30L<br \/>\nTilg\u00e6ngeligt sprog:[wpml_language_selector_widget]<\/p>\n<p><a href=\"https:\/\/zunzz.com\/da\/contact-store\/\"><button class=\"single_add_to_cart_button button alt\" type=\"submit\">FORESP\u00d8RG NU<\/button><\/a><\/p>\n","protected":false},"featured_media":2290,"comment_status":"open","ping_status":"closed","template":"","meta":[],"product_brand":[],"product_cat":[182],"product_tag":[281,279,280],"class_list":{"0":"post-2289","1":"product","2":"type-product","3":"status-publish","4":"has-post-thumbnail","6":"product_cat-wire-rope-annealing-machine","7":"product_tag-steel-bar-cutter","8":"product_tag-wire-rope-cutting-machine","9":"product_tag-wire-rope-cutter","11":"first","12":"instock","13":"taxable","14":"shipping-taxable","15":"product-type-simple"},"yoast_head":"<!-- This site is optimized with the Yoast SEO plugin v26.8 - https:\/\/yoast.com\/product\/yoast-seo-wordpress\/ -->\n<title>St\u00e5ltovsk\u00e6remaskine<\/title>\n<meta name=\"description\" content=\"St\u00e5ltovsk\u00e6remaskinen best\u00e5r hovedsageligt af en str\u00f8mkilde (elektrisk pumpe eller manuel pumpe), en fungerende oliecylinder, en glideskinne og et sk\u00e6reblad.\" \/>\n<meta name=\"robots\" content=\"index, follow, max-snippet:-1, max-image-preview:large, max-video-preview:-1\" \/>\n<link rel=\"canonical\" href=\"https:\/\/zunzz.com\/da\/product\/wire-rope-cutting-machine\/\" \/>\n<meta property=\"og:locale\" content=\"da_DK\" \/>\n<meta property=\"og:type\" content=\"article\" \/>\n<meta property=\"og:title\" content=\"St\u00e5ltovsk\u00e6remaskine\" \/>\n<meta property=\"og:description\" content=\"St\u00e5ltovsk\u00e6remaskinen best\u00e5r hovedsageligt af en str\u00f8mkilde (elektrisk pumpe eller manuel pumpe), en fungerende oliecylinder, en glideskinne og et sk\u00e6reblad.\" \/>\n<meta property=\"og:url\" content=\"https:\/\/zunzz.com\/da\/product\/wire-rope-cutting-machine\/\" \/>\n<meta property=\"og:site_name\" content=\"Zunzz Wire Rope Sling Machine Company\" \/>\n<meta property=\"article:modified_time\" content=\"2023-12-16T11:51:45+00:00\" \/>\n<meta property=\"og:image\" content=\"https:\/\/zunzz.com\/wp-content\/uploads\/2023\/10\/11.webp\" \/>\n\t<meta property=\"og:image:width\" content=\"700\" \/>\n\t<meta property=\"og:image:height\" content=\"700\" \/>\n\t<meta property=\"og:image:type\" content=\"image\/webp\" \/>\n<meta name=\"twitter:card\" content=\"summary_large_image\" \/>\n<meta name=\"twitter:label1\" content=\"Estimeret l\u00e6setid\" \/>\n\t<meta name=\"twitter:data1\" content=\"3 minutter\" \/>\n<script type=\"application\/ld+json\" class=\"yoast-schema-graph\">{\"@context\":\"https:\/\/schema.org\",\"@graph\":[{\"@type\":\"WebPage\",\"@id\":\"https:\/\/zunzz.com\/da\/product\/wire-rope-cutting-machine\/\",\"url\":\"https:\/\/zunzz.com\/da\/product\/wire-rope-cutting-machine\/\",\"name\":\"St\u00e5ltovsk\u00e6remaskine\",\"isPartOf\":{\"@id\":\"https:\/\/zunzz.com\/da\/#website\"},\"primaryImageOfPage\":{\"@id\":\"https:\/\/zunzz.com\/da\/product\/wire-rope-cutting-machine\/#primaryimage\"},\"image\":{\"@id\":\"https:\/\/zunzz.com\/da\/product\/wire-rope-cutting-machine\/#primaryimage\"},\"thumbnailUrl\":\"https:\/\/zunzz.com\/wp-content\/uploads\/2023\/10\/11.webp\",\"datePublished\":\"2023-10-14T12:24:43+00:00\",\"dateModified\":\"2023-12-16T11:51:45+00:00\",\"description\":\"St\u00e5ltovsk\u00e6remaskinen best\u00e5r hovedsageligt af en str\u00f8mkilde (elektrisk pumpe eller manuel pumpe), en fungerende oliecylinder, en glideskinne og et sk\u00e6reblad.\",\"breadcrumb\":{\"@id\":\"https:\/\/zunzz.com\/da\/product\/wire-rope-cutting-machine\/#breadcrumb\"},\"inLanguage\":\"da-DK\",\"potentialAction\":[{\"@type\":\"ReadAction\",\"target\":[\"https:\/\/zunzz.com\/da\/product\/wire-rope-cutting-machine\/\"]}]},{\"@type\":\"ImageObject\",\"inLanguage\":\"da-DK\",\"@id\":\"https:\/\/zunzz.com\/da\/product\/wire-rope-cutting-machine\/#primaryimage\",\"url\":\"https:\/\/zunzz.com\/wp-content\/uploads\/2023\/10\/11.webp\",\"contentUrl\":\"https:\/\/zunzz.com\/wp-content\/uploads\/2023\/10\/11.webp\",\"width\":700,\"height\":700,\"caption\":\"maskine til sk\u00e6ring af st\u00e5ltove\"},{\"@type\":\"BreadcrumbList\",\"@id\":\"https:\/\/zunzz.com\/da\/product\/wire-rope-cutting-machine\/#breadcrumb\",\"itemListElement\":[{\"@type\":\"ListItem\",\"position\":1,\"name\":\"Home\",\"item\":\"https:\/\/zunzz.com\/da\/home\/\"},{\"@type\":\"ListItem\",\"position\":2,\"name\":\"Shop\",\"item\":\"https:\/\/zunzz.com\/bg\/shop\/\"},{\"@type\":\"ListItem\",\"position\":3,\"name\":\"St\u00e5ltovsk\u00e6remaskine\"}]},{\"@type\":\"WebSite\",\"@id\":\"https:\/\/zunzz.com\/da\/#website\",\"url\":\"https:\/\/zunzz.com\/da\/\",\"name\":\"Zunzz Wire Rope Sling Machine Company\",\"description\":\"Zunzz Wire Rope Sling Machine Company is a leading manufacturer of wire rope sling machines and related products.\",\"publisher\":{\"@id\":\"https:\/\/zunzz.com\/da\/#organization\"},\"potentialAction\":[{\"@type\":\"SearchAction\",\"target\":{\"@type\":\"EntryPoint\",\"urlTemplate\":\"https:\/\/zunzz.com\/da\/?s={search_term_string}\"},\"query-input\":{\"@type\":\"PropertyValueSpecification\",\"valueRequired\":true,\"valueName\":\"search_term_string\"}}],\"inLanguage\":\"da-DK\"},{\"@type\":\"Organization\",\"@id\":\"https:\/\/zunzz.com\/da\/#organization\",\"name\":\"Zunzz Wire Rope Sling Machine Company\",\"url\":\"https:\/\/zunzz.com\/da\/\",\"logo\":{\"@type\":\"ImageObject\",\"inLanguage\":\"da-DK\",\"@id\":\"https:\/\/zunzz.com\/da\/#\/schema\/logo\/image\/\",\"url\":\"https:\/\/zunzz.com\/wp-content\/uploads\/2023\/09\/Logo.png\",\"contentUrl\":\"https:\/\/zunzz.com\/wp-content\/uploads\/2023\/09\/Logo.png\",\"width\":171,\"height\":133,\"caption\":\"Zunzz Wire Rope Sling Machine Company\"},\"image\":{\"@id\":\"https:\/\/zunzz.com\/da\/#\/schema\/logo\/image\/\"}}]}<\/script>\n<!-- \/ Yoast SEO plugin. -->","yoast_head_json":{"title":"St\u00e5ltovsk\u00e6remaskine","description":"St\u00e5ltovsk\u00e6remaskinen best\u00e5r hovedsageligt af en str\u00f8mkilde (elektrisk pumpe eller manuel pumpe), en fungerende oliecylinder, en glideskinne og et sk\u00e6reblad.","robots":{"index":"index","follow":"follow","max-snippet":"max-snippet:-1","max-image-preview":"max-image-preview:large","max-video-preview":"max-video-preview:-1"},"canonical":"https:\/\/zunzz.com\/da\/product\/wire-rope-cutting-machine\/","og_locale":"da_DK","og_type":"article","og_title":"St\u00e5ltovsk\u00e6remaskine","og_description":"St\u00e5ltovsk\u00e6remaskinen best\u00e5r hovedsageligt af en str\u00f8mkilde (elektrisk pumpe eller manuel pumpe), en fungerende oliecylinder, en glideskinne og et sk\u00e6reblad.","og_url":"https:\/\/zunzz.com\/da\/product\/wire-rope-cutting-machine\/","og_site_name":"Zunzz Wire Rope Sling Machine Company","article_modified_time":"2023-12-16T11:51:45+00:00","og_image":[{"width":700,"height":700,"url":"https:\/\/zunzz.com\/wp-content\/uploads\/2023\/10\/11.webp","type":"image\/webp"}],"twitter_card":"summary_large_image","twitter_misc":{"Estimeret l\u00e6setid":"3 minutter"},"schema":{"@context":"https:\/\/schema.org","@graph":[{"@type":"WebPage","@id":"https:\/\/zunzz.com\/da\/product\/wire-rope-cutting-machine\/","url":"https:\/\/zunzz.com\/da\/product\/wire-rope-cutting-machine\/","name":"St\u00e5ltovsk\u00e6remaskine","isPartOf":{"@id":"https:\/\/zunzz.com\/da\/#website"},"primaryImageOfPage":{"@id":"https:\/\/zunzz.com\/da\/product\/wire-rope-cutting-machine\/#primaryimage"},"image":{"@id":"https:\/\/zunzz.com\/da\/product\/wire-rope-cutting-machine\/#primaryimage"},"thumbnailUrl":"https:\/\/zunzz.com\/wp-content\/uploads\/2023\/10\/11.webp","datePublished":"2023-10-14T12:24:43+00:00","dateModified":"2023-12-16T11:51:45+00:00","description":"St\u00e5ltovsk\u00e6remaskinen best\u00e5r hovedsageligt af en str\u00f8mkilde (elektrisk pumpe eller manuel pumpe), en fungerende oliecylinder, en glideskinne og et sk\u00e6reblad.","breadcrumb":{"@id":"https:\/\/zunzz.com\/da\/product\/wire-rope-cutting-machine\/#breadcrumb"},"inLanguage":"da-DK","potentialAction":[{"@type":"ReadAction","target":["https:\/\/zunzz.com\/da\/product\/wire-rope-cutting-machine\/"]}]},{"@type":"ImageObject","inLanguage":"da-DK","@id":"https:\/\/zunzz.com\/da\/product\/wire-rope-cutting-machine\/#primaryimage","url":"https:\/\/zunzz.com\/wp-content\/uploads\/2023\/10\/11.webp","contentUrl":"https:\/\/zunzz.com\/wp-content\/uploads\/2023\/10\/11.webp","width":700,"height":700,"caption":"maskine til sk\u00e6ring af st\u00e5ltove"},{"@type":"BreadcrumbList","@id":"https:\/\/zunzz.com\/da\/product\/wire-rope-cutting-machine\/#breadcrumb","itemListElement":[{"@type":"ListItem","position":1,"name":"Home","item":"https:\/\/zunzz.com\/da\/home\/"},{"@type":"ListItem","position":2,"name":"Shop","item":"https:\/\/zunzz.com\/bg\/shop\/"},{"@type":"ListItem","position":3,"name":"St\u00e5ltovsk\u00e6remaskine"}]},{"@type":"WebSite","@id":"https:\/\/zunzz.com\/da\/#website","url":"https:\/\/zunzz.com\/da\/","name":"Zunzz Wire Rope Sling Machine Company","description":"Zunzz Wire Rope Sling Machine Company is a leading manufacturer of wire rope sling machines and related products.","publisher":{"@id":"https:\/\/zunzz.com\/da\/#organization"},"potentialAction":[{"@type":"SearchAction","target":{"@type":"EntryPoint","urlTemplate":"https:\/\/zunzz.com\/da\/?s={search_term_string}"},"query-input":{"@type":"PropertyValueSpecification","valueRequired":true,"valueName":"search_term_string"}}],"inLanguage":"da-DK"},{"@type":"Organization","@id":"https:\/\/zunzz.com\/da\/#organization","name":"Zunzz Wire Rope Sling Machine Company","url":"https:\/\/zunzz.com\/da\/","logo":{"@type":"ImageObject","inLanguage":"da-DK","@id":"https:\/\/zunzz.com\/da\/#\/schema\/logo\/image\/","url":"https:\/\/zunzz.com\/wp-content\/uploads\/2023\/09\/Logo.png","contentUrl":"https:\/\/zunzz.com\/wp-content\/uploads\/2023\/09\/Logo.png","width":171,"height":133,"caption":"Zunzz Wire Rope Sling Machine Company"},"image":{"@id":"https:\/\/zunzz.com\/da\/#\/schema\/logo\/image\/"}}]}},"_links":{"self":[{"href":"https:\/\/zunzz.com\/da\/wp-json\/wp\/v2\/product\/2289","targetHints":{"allow":["GET"]}}],"collection":[{"href":"https:\/\/zunzz.com\/da\/wp-json\/wp\/v2\/product"}],"about":[{"href":"https:\/\/zunzz.com\/da\/wp-json\/wp\/v2\/types\/product"}],"replies":[{"embeddable":true,"href":"https:\/\/zunzz.com\/da\/wp-json\/wp\/v2\/comments?post=2289"}],"wp:featuredmedia":[{"embeddable":true,"href":"https:\/\/zunzz.com\/da\/wp-json\/wp\/v2\/media\/2290"}],"wp:attachment":[{"href":"https:\/\/zunzz.com\/da\/wp-json\/wp\/v2\/media?parent=2289"}],"wp:term":[{"taxonomy":"product_brand","embeddable":true,"href":"https:\/\/zunzz.com\/da\/wp-json\/wp\/v2\/product_brand?post=2289"},{"taxonomy":"product_cat","embeddable":true,"href":"https:\/\/zunzz.com\/da\/wp-json\/wp\/v2\/product_cat?post=2289"},{"taxonomy":"product_tag","embeddable":true,"href":"https:\/\/zunzz.com\/da\/wp-json\/wp\/v2\/product_tag?post=2289"}],"curies":[{"name":"wp","href":"https:\/\/api.w.org\/{rel}","templated":true}]}}