{"id":2183,"date":"2023-11-02T12:43:48","date_gmt":"2023-11-02T12:43:48","guid":{"rendered":"https:\/\/zunzz.com\/product\/kabelspolemaskine\/"},"modified":"2023-12-03T12:44:03","modified_gmt":"2023-12-03T12:44:03","slug":"cable-spooling-machine","status":"publish","type":"product","link":"https:\/\/zunzz.com\/da\/product\/cable-spooling-machine\/","title":{"rendered":"Kabelspolemaskine"},"content":{"rendered":"<h3>1. Introduktion af kabelspolemaskine<\/h3>\n<p>Kabelspolemaskinen bruges normalt til st\u00e5ltov, wirekabel, kobbertr\u00e5d og andre ledninger, der oprulles. Det kan automatisk spole og l\u00e6gge kabler.<\/p>\n<h3 style=\"text-align: left;\">2. Parametrene for kabelspolemaskine<\/h3>\n<div class=\"table-r\">\n<table width=\"100%\">\n<tbody>\n<tr>\n<td width=\"50%\">Tr\u00e5dskive diameter<\/td>\n<td width=\"50%\">800-1250 mm<\/td>\n<\/tr>\n<tr>\n<td width=\"50%\">Tr\u00e5ddiameter<\/td>\n<td width=\"50%\">\u226420 mm<\/td>\n<\/tr>\n<tr>\n<td width=\"50%\">Str\u00f8m<\/td>\n<td width=\"50%\">7,5KW+RV130 Hastighedsreducer<\/td>\n<\/tr>\n<tr>\n<td width=\"50%\">Sp\u00e6nding<\/td>\n<td width=\"50%\">Som anmodet<\/td>\n<\/tr>\n<tr>\n<td width=\"50%\">Fart<\/td>\n<td width=\"50%\">0-30m pr. min<\/td>\n<\/tr>\n<\/tbody>\n<\/table>\n<p>&nbsp;<\/p>\n<\/div>\n<p><iframe title=\"wire cable spooling machine\" width=\"1060\" height=\"596\" src=\"https:\/\/www.youtube.com\/embed\/kvHdzTHdCjQ?feature=oembed\" frameborder=\"0\" allow=\"accelerometer; autoplay; clipboard-write; encrypted-media; gyroscope; picture-in-picture; web-share\" allowfullscreen><\/iframe><\/p>\n<p>&nbsp;<\/p>\n<h3>3. Funktion af kabelspolemaskine<\/h3>\n<p>Den automatiske kabeloptagningsmaskine er normalt sammensat af kabelrulle, optr\u00e6ksmotor, controller og andre dele. Kabelrullen bruges til at vikle kabler, som kan rotere og automatisk justere kablernes t\u00e6thed. Optagemotoren bruges til at drive rotationen af kabeltromlen og kan ogs\u00e5 styre rotationshastigheden og -retningen. Regulatoren bruges til at styre driften af hele udstyret, og forskellige tilstande og parametre kan indstilles efter behov.<\/p>\n<p>Det kan i h\u00f8j grad reducere arbejdsintensiteten ved manuel opbevaring af kabler og forbedre arbejdseffektiviteten. For det andet kan det sikre kablets opbevaringskvalitet og levetid og undg\u00e5 skader eller forurening af kablet. Derudover kan den ogs\u00e5 opn\u00e5 hurtig frigivelse og genbrug af kabler, hvilket g\u00f8r det bekvemt for brugerne at bruge og betjene.<\/p>\n<p><img fetchpriority=\"high\" decoding=\"async\" class=\"alignnone wp-image-1284\" src=\"https:\/\/zunzz.com\/wp-content\/uploads\/2023\/11\/cable-coiling-machine.webp\" alt=\"kabelspolemaskine\" width=\"1004\" height=\"1004\" srcset=\"https:\/\/zunzz.com\/wp-content\/uploads\/2023\/11\/cable-coiling-machine.webp 1200w, https:\/\/zunzz.com\/wp-content\/uploads\/2023\/11\/cable-coiling-machine-300x300.webp 300w, https:\/\/zunzz.com\/wp-content\/uploads\/2023\/11\/cable-coiling-machine-1024x1024.webp 1024w, https:\/\/zunzz.com\/wp-content\/uploads\/2023\/11\/cable-coiling-machine-150x150.webp 150w, https:\/\/zunzz.com\/wp-content\/uploads\/2023\/11\/cable-coiling-machine-768x768.webp 768w, https:\/\/zunzz.com\/wp-content\/uploads\/2023\/11\/cable-coiling-machine-570x570.webp 570w, https:\/\/zunzz.com\/wp-content\/uploads\/2023\/11\/cable-coiling-machine-500x500.webp 500w, https:\/\/zunzz.com\/wp-content\/uploads\/2023\/11\/cable-coiling-machine-1000x1000.webp 1000w, https:\/\/zunzz.com\/wp-content\/uploads\/2023\/11\/cable-coiling-machine-700x700.webp 700w, https:\/\/zunzz.com\/wp-content\/uploads\/2023\/11\/cable-coiling-machine-650x650.webp 650w, https:\/\/zunzz.com\/wp-content\/uploads\/2023\/11\/cable-coiling-machine-600x600.webp 600w, https:\/\/zunzz.com\/wp-content\/uploads\/2023\/11\/cable-coiling-machine-100x100.webp 100w\" sizes=\"(max-width: 1004px) 100vw, 1004px\" \/> <img decoding=\"async\" class=\"alignnone wp-image-1288\" src=\"https:\/\/zunzz.com\/wp-content\/uploads\/2023\/11\/cable-spooling-machine.webp\" alt=\"kabelspolemaskine\" width=\"999\" height=\"999\" srcset=\"https:\/\/zunzz.com\/wp-content\/uploads\/2023\/11\/cable-spooling-machine.webp 1200w, https:\/\/zunzz.com\/wp-content\/uploads\/2023\/11\/cable-spooling-machine-300x300.webp 300w, https:\/\/zunzz.com\/wp-content\/uploads\/2023\/11\/cable-spooling-machine-1024x1024.webp 1024w, https:\/\/zunzz.com\/wp-content\/uploads\/2023\/11\/cable-spooling-machine-150x150.webp 150w, https:\/\/zunzz.com\/wp-content\/uploads\/2023\/11\/cable-spooling-machine-768x768.webp 768w, https:\/\/zunzz.com\/wp-content\/uploads\/2023\/11\/cable-spooling-machine-570x570.webp 570w, https:\/\/zunzz.com\/wp-content\/uploads\/2023\/11\/cable-spooling-machine-500x500.webp 500w, https:\/\/zunzz.com\/wp-content\/uploads\/2023\/11\/cable-spooling-machine-1000x1000.webp 1000w, https:\/\/zunzz.com\/wp-content\/uploads\/2023\/11\/cable-spooling-machine-700x700.webp 700w, https:\/\/zunzz.com\/wp-content\/uploads\/2023\/11\/cable-spooling-machine-650x650.webp 650w, https:\/\/zunzz.com\/wp-content\/uploads\/2023\/11\/cable-spooling-machine-600x600.webp 600w, https:\/\/zunzz.com\/wp-content\/uploads\/2023\/11\/cable-spooling-machine-100x100.webp 100w\" sizes=\"(max-width: 999px) 100vw, 999px\" \/> <img decoding=\"async\" class=\"alignnone wp-image-1292\" src=\"https:\/\/zunzz.com\/wp-content\/uploads\/2023\/11\/spooling-machine.webp\" alt=\"kabelspolemaskine\" width=\"996\" height=\"996\" srcset=\"https:\/\/zunzz.com\/wp-content\/uploads\/2023\/11\/spooling-machine.webp 1200w, https:\/\/zunzz.com\/wp-content\/uploads\/2023\/11\/spooling-machine-300x300.webp 300w, https:\/\/zunzz.com\/wp-content\/uploads\/2023\/11\/spooling-machine-1024x1024.webp 1024w, https:\/\/zunzz.com\/wp-content\/uploads\/2023\/11\/spooling-machine-150x150.webp 150w, https:\/\/zunzz.com\/wp-content\/uploads\/2023\/11\/spooling-machine-768x768.webp 768w, https:\/\/zunzz.com\/wp-content\/uploads\/2023\/11\/spooling-machine-570x570.webp 570w, https:\/\/zunzz.com\/wp-content\/uploads\/2023\/11\/spooling-machine-500x500.webp 500w, https:\/\/zunzz.com\/wp-content\/uploads\/2023\/11\/spooling-machine-1000x1000.webp 1000w, https:\/\/zunzz.com\/wp-content\/uploads\/2023\/11\/spooling-machine-700x700.webp 700w, https:\/\/zunzz.com\/wp-content\/uploads\/2023\/11\/spooling-machine-650x650.webp 650w, https:\/\/zunzz.com\/wp-content\/uploads\/2023\/11\/spooling-machine-600x600.webp 600w, https:\/\/zunzz.com\/wp-content\/uploads\/2023\/11\/spooling-machine-100x100.webp 100w\" sizes=\"(max-width: 996px) 100vw, 996px\" \/> <img loading=\"lazy\" decoding=\"async\" class=\"alignnone wp-image-1296\" src=\"https:\/\/zunzz.com\/wp-content\/uploads\/2023\/11\/wire-rope-spooling-machine.webp\" alt=\"st\u00e5lwire coilier\" width=\"997\" height=\"997\" srcset=\"https:\/\/zunzz.com\/wp-content\/uploads\/2023\/11\/wire-rope-spooling-machine.webp 1200w, https:\/\/zunzz.com\/wp-content\/uploads\/2023\/11\/wire-rope-spooling-machine-300x300.webp 300w, https:\/\/zunzz.com\/wp-content\/uploads\/2023\/11\/wire-rope-spooling-machine-1024x1024.webp 1024w, https:\/\/zunzz.com\/wp-content\/uploads\/2023\/11\/wire-rope-spooling-machine-150x150.webp 150w, https:\/\/zunzz.com\/wp-content\/uploads\/2023\/11\/wire-rope-spooling-machine-768x768.webp 768w, https:\/\/zunzz.com\/wp-content\/uploads\/2023\/11\/wire-rope-spooling-machine-570x570.webp 570w, https:\/\/zunzz.com\/wp-content\/uploads\/2023\/11\/wire-rope-spooling-machine-500x500.webp 500w, https:\/\/zunzz.com\/wp-content\/uploads\/2023\/11\/wire-rope-spooling-machine-1000x1000.webp 1000w, https:\/\/zunzz.com\/wp-content\/uploads\/2023\/11\/wire-rope-spooling-machine-700x700.webp 700w, https:\/\/zunzz.com\/wp-content\/uploads\/2023\/11\/wire-rope-spooling-machine-650x650.webp 650w, https:\/\/zunzz.com\/wp-content\/uploads\/2023\/11\/wire-rope-spooling-machine-600x600.webp 600w, https:\/\/zunzz.com\/wp-content\/uploads\/2023\/11\/wire-rope-spooling-machine-100x100.webp 100w\" sizes=\"(max-width: 997px) 100vw, 997px\" \/><\/p>\n","protected":false},"excerpt":{"rendered":"<p>Model: CBCL-001<br class=\"yoast-text-mark\" \/>Kapacitet: 1250 diameter<br \/>\nMaks. Diameter: 20 mm<br \/>\nEffekt: 7,5KW<br \/>\nAnvendelse: til st\u00e5ltr\u00e5d, tr\u00e5dkabel, kobbertr\u00e5d og andre ledninger, der spoler<br \/>\nTilg\u00e6ngeligt sprog:[wpml_language_selector_widget]<\/p>\n<p><a href=\"https:\/\/zunzz.com\/da\/contact-store\/\"><button class=\"single_add_to_cart_button button alt\" type=\"submit\">FORESP\u00d8RG NU<\/button><\/a><\/p>\n","protected":false},"featured_media":2184,"comment_status":"open","ping_status":"closed","template":"","meta":[],"product_brand":[],"product_cat":[181],"product_tag":[247,246],"class_list":{"0":"post-2183","1":"product","2":"type-product","3":"status-publish","4":"has-post-thumbnail","6":"product_cat-wire-rope-coiling-machine","7":"product_tag-spooling-machine","8":"product_tag-wire-rope-coiling-machine","10":"first","11":"instock","12":"taxable","13":"shipping-taxable","14":"product-type-simple"},"yoast_head":"<!-- This site is optimized with the Yoast SEO plugin v26.8 - https:\/\/yoast.com\/product\/yoast-seo-wordpress\/ -->\n<title>Kabelspolemaskine<\/title>\n<meta name=\"description\" content=\"Kabelspolemaskinen bruges normalt til st\u00e5ltov, wirekabel, kobbertr\u00e5d og andre ledninger, der oprulles. Det kan automatisk spole og l\u00e6gge kabler.\" \/>\n<meta name=\"robots\" content=\"index, follow, max-snippet:-1, max-image-preview:large, max-video-preview:-1\" \/>\n<link rel=\"canonical\" href=\"https:\/\/zunzz.com\/da\/product\/cable-spooling-machine\/\" \/>\n<meta property=\"og:locale\" content=\"da_DK\" \/>\n<meta property=\"og:type\" content=\"article\" \/>\n<meta property=\"og:title\" content=\"Kabelspolemaskine\" \/>\n<meta property=\"og:description\" content=\"Kabelspolemaskinen bruges normalt til st\u00e5ltov, wirekabel, kobbertr\u00e5d og andre ledninger, der oprulles. Det kan automatisk spole og l\u00e6gge kabler.\" \/>\n<meta property=\"og:url\" content=\"https:\/\/zunzz.com\/da\/product\/cable-spooling-machine\/\" \/>\n<meta property=\"og:site_name\" content=\"Zunzz Wire Rope Sling Machine Company\" \/>\n<meta property=\"article:modified_time\" content=\"2023-12-03T12:44:03+00:00\" \/>\n<meta property=\"og:image\" content=\"https:\/\/zunzz.com\/wp-content\/uploads\/2023\/11\/spooling-machine.webp\" \/>\n\t<meta property=\"og:image:width\" content=\"1200\" \/>\n\t<meta property=\"og:image:height\" content=\"1200\" \/>\n\t<meta property=\"og:image:type\" content=\"image\/webp\" \/>\n<meta name=\"twitter:card\" content=\"summary_large_image\" \/>\n<meta name=\"twitter:label1\" content=\"Estimeret l\u00e6setid\" \/>\n\t<meta name=\"twitter:data1\" content=\"2 minutter\" \/>\n<script type=\"application\/ld+json\" class=\"yoast-schema-graph\">{\"@context\":\"https:\/\/schema.org\",\"@graph\":[{\"@type\":\"WebPage\",\"@id\":\"https:\/\/zunzz.com\/da\/product\/cable-spooling-machine\/\",\"url\":\"https:\/\/zunzz.com\/da\/product\/cable-spooling-machine\/\",\"name\":\"Kabelspolemaskine\",\"isPartOf\":{\"@id\":\"https:\/\/zunzz.com\/da\/#website\"},\"primaryImageOfPage\":{\"@id\":\"https:\/\/zunzz.com\/da\/product\/cable-spooling-machine\/#primaryimage\"},\"image\":{\"@id\":\"https:\/\/zunzz.com\/da\/product\/cable-spooling-machine\/#primaryimage\"},\"thumbnailUrl\":\"https:\/\/zunzz.com\/wp-content\/uploads\/2023\/11\/spooling-machine.webp\",\"datePublished\":\"2023-11-02T12:43:48+00:00\",\"dateModified\":\"2023-12-03T12:44:03+00:00\",\"description\":\"Kabelspolemaskinen bruges normalt til st\u00e5ltov, wirekabel, kobbertr\u00e5d og andre ledninger, der oprulles. Det kan automatisk spole og l\u00e6gge kabler.\",\"breadcrumb\":{\"@id\":\"https:\/\/zunzz.com\/da\/product\/cable-spooling-machine\/#breadcrumb\"},\"inLanguage\":\"da-DK\",\"potentialAction\":[{\"@type\":\"ReadAction\",\"target\":[\"https:\/\/zunzz.com\/da\/product\/cable-spooling-machine\/\"]}]},{\"@type\":\"ImageObject\",\"inLanguage\":\"da-DK\",\"@id\":\"https:\/\/zunzz.com\/da\/product\/cable-spooling-machine\/#primaryimage\",\"url\":\"https:\/\/zunzz.com\/wp-content\/uploads\/2023\/11\/spooling-machine.webp\",\"contentUrl\":\"https:\/\/zunzz.com\/wp-content\/uploads\/2023\/11\/spooling-machine.webp\",\"width\":1200,\"height\":1200,\"caption\":\"Spolemaskine\"},{\"@type\":\"BreadcrumbList\",\"@id\":\"https:\/\/zunzz.com\/da\/product\/cable-spooling-machine\/#breadcrumb\",\"itemListElement\":[{\"@type\":\"ListItem\",\"position\":1,\"name\":\"Home\",\"item\":\"https:\/\/zunzz.com\/da\/home\/\"},{\"@type\":\"ListItem\",\"position\":2,\"name\":\"Shop\",\"item\":\"https:\/\/zunzz.com\/bg\/shop\/\"},{\"@type\":\"ListItem\",\"position\":3,\"name\":\"Kabelspolemaskine\"}]},{\"@type\":\"WebSite\",\"@id\":\"https:\/\/zunzz.com\/da\/#website\",\"url\":\"https:\/\/zunzz.com\/da\/\",\"name\":\"Zunzz Wire Rope Sling Machine Company\",\"description\":\"Zunzz Wire Rope Sling Machine Company is a leading manufacturer of wire rope sling machines and related products.\",\"publisher\":{\"@id\":\"https:\/\/zunzz.com\/da\/#organization\"},\"potentialAction\":[{\"@type\":\"SearchAction\",\"target\":{\"@type\":\"EntryPoint\",\"urlTemplate\":\"https:\/\/zunzz.com\/da\/?s={search_term_string}\"},\"query-input\":{\"@type\":\"PropertyValueSpecification\",\"valueRequired\":true,\"valueName\":\"search_term_string\"}}],\"inLanguage\":\"da-DK\"},{\"@type\":\"Organization\",\"@id\":\"https:\/\/zunzz.com\/da\/#organization\",\"name\":\"Zunzz Wire Rope Sling Machine Company\",\"url\":\"https:\/\/zunzz.com\/da\/\",\"logo\":{\"@type\":\"ImageObject\",\"inLanguage\":\"da-DK\",\"@id\":\"https:\/\/zunzz.com\/da\/#\/schema\/logo\/image\/\",\"url\":\"https:\/\/zunzz.com\/wp-content\/uploads\/2023\/09\/Logo.png\",\"contentUrl\":\"https:\/\/zunzz.com\/wp-content\/uploads\/2023\/09\/Logo.png\",\"width\":171,\"height\":133,\"caption\":\"Zunzz Wire Rope Sling Machine Company\"},\"image\":{\"@id\":\"https:\/\/zunzz.com\/da\/#\/schema\/logo\/image\/\"}}]}<\/script>\n<!-- \/ Yoast SEO plugin. -->","yoast_head_json":{"title":"Kabelspolemaskine","description":"Kabelspolemaskinen bruges normalt til st\u00e5ltov, wirekabel, kobbertr\u00e5d og andre ledninger, der oprulles. Det kan automatisk spole og l\u00e6gge kabler.","robots":{"index":"index","follow":"follow","max-snippet":"max-snippet:-1","max-image-preview":"max-image-preview:large","max-video-preview":"max-video-preview:-1"},"canonical":"https:\/\/zunzz.com\/da\/product\/cable-spooling-machine\/","og_locale":"da_DK","og_type":"article","og_title":"Kabelspolemaskine","og_description":"Kabelspolemaskinen bruges normalt til st\u00e5ltov, wirekabel, kobbertr\u00e5d og andre ledninger, der oprulles. Det kan automatisk spole og l\u00e6gge kabler.","og_url":"https:\/\/zunzz.com\/da\/product\/cable-spooling-machine\/","og_site_name":"Zunzz Wire Rope Sling Machine Company","article_modified_time":"2023-12-03T12:44:03+00:00","og_image":[{"width":1200,"height":1200,"url":"https:\/\/zunzz.com\/wp-content\/uploads\/2023\/11\/spooling-machine.webp","type":"image\/webp"}],"twitter_card":"summary_large_image","twitter_misc":{"Estimeret l\u00e6setid":"2 minutter"},"schema":{"@context":"https:\/\/schema.org","@graph":[{"@type":"WebPage","@id":"https:\/\/zunzz.com\/da\/product\/cable-spooling-machine\/","url":"https:\/\/zunzz.com\/da\/product\/cable-spooling-machine\/","name":"Kabelspolemaskine","isPartOf":{"@id":"https:\/\/zunzz.com\/da\/#website"},"primaryImageOfPage":{"@id":"https:\/\/zunzz.com\/da\/product\/cable-spooling-machine\/#primaryimage"},"image":{"@id":"https:\/\/zunzz.com\/da\/product\/cable-spooling-machine\/#primaryimage"},"thumbnailUrl":"https:\/\/zunzz.com\/wp-content\/uploads\/2023\/11\/spooling-machine.webp","datePublished":"2023-11-02T12:43:48+00:00","dateModified":"2023-12-03T12:44:03+00:00","description":"Kabelspolemaskinen bruges normalt til st\u00e5ltov, wirekabel, kobbertr\u00e5d og andre ledninger, der oprulles. Det kan automatisk spole og l\u00e6gge kabler.","breadcrumb":{"@id":"https:\/\/zunzz.com\/da\/product\/cable-spooling-machine\/#breadcrumb"},"inLanguage":"da-DK","potentialAction":[{"@type":"ReadAction","target":["https:\/\/zunzz.com\/da\/product\/cable-spooling-machine\/"]}]},{"@type":"ImageObject","inLanguage":"da-DK","@id":"https:\/\/zunzz.com\/da\/product\/cable-spooling-machine\/#primaryimage","url":"https:\/\/zunzz.com\/wp-content\/uploads\/2023\/11\/spooling-machine.webp","contentUrl":"https:\/\/zunzz.com\/wp-content\/uploads\/2023\/11\/spooling-machine.webp","width":1200,"height":1200,"caption":"Spolemaskine"},{"@type":"BreadcrumbList","@id":"https:\/\/zunzz.com\/da\/product\/cable-spooling-machine\/#breadcrumb","itemListElement":[{"@type":"ListItem","position":1,"name":"Home","item":"https:\/\/zunzz.com\/da\/home\/"},{"@type":"ListItem","position":2,"name":"Shop","item":"https:\/\/zunzz.com\/bg\/shop\/"},{"@type":"ListItem","position":3,"name":"Kabelspolemaskine"}]},{"@type":"WebSite","@id":"https:\/\/zunzz.com\/da\/#website","url":"https:\/\/zunzz.com\/da\/","name":"Zunzz Wire Rope Sling Machine Company","description":"Zunzz Wire Rope Sling Machine Company is a leading manufacturer of wire rope sling machines and related products.","publisher":{"@id":"https:\/\/zunzz.com\/da\/#organization"},"potentialAction":[{"@type":"SearchAction","target":{"@type":"EntryPoint","urlTemplate":"https:\/\/zunzz.com\/da\/?s={search_term_string}"},"query-input":{"@type":"PropertyValueSpecification","valueRequired":true,"valueName":"search_term_string"}}],"inLanguage":"da-DK"},{"@type":"Organization","@id":"https:\/\/zunzz.com\/da\/#organization","name":"Zunzz Wire Rope Sling Machine Company","url":"https:\/\/zunzz.com\/da\/","logo":{"@type":"ImageObject","inLanguage":"da-DK","@id":"https:\/\/zunzz.com\/da\/#\/schema\/logo\/image\/","url":"https:\/\/zunzz.com\/wp-content\/uploads\/2023\/09\/Logo.png","contentUrl":"https:\/\/zunzz.com\/wp-content\/uploads\/2023\/09\/Logo.png","width":171,"height":133,"caption":"Zunzz Wire Rope Sling Machine Company"},"image":{"@id":"https:\/\/zunzz.com\/da\/#\/schema\/logo\/image\/"}}]}},"_links":{"self":[{"href":"https:\/\/zunzz.com\/da\/wp-json\/wp\/v2\/product\/2183","targetHints":{"allow":["GET"]}}],"collection":[{"href":"https:\/\/zunzz.com\/da\/wp-json\/wp\/v2\/product"}],"about":[{"href":"https:\/\/zunzz.com\/da\/wp-json\/wp\/v2\/types\/product"}],"replies":[{"embeddable":true,"href":"https:\/\/zunzz.com\/da\/wp-json\/wp\/v2\/comments?post=2183"}],"wp:featuredmedia":[{"embeddable":true,"href":"https:\/\/zunzz.com\/da\/wp-json\/wp\/v2\/media\/2184"}],"wp:attachment":[{"href":"https:\/\/zunzz.com\/da\/wp-json\/wp\/v2\/media?parent=2183"}],"wp:term":[{"taxonomy":"product_brand","embeddable":true,"href":"https:\/\/zunzz.com\/da\/wp-json\/wp\/v2\/product_brand?post=2183"},{"taxonomy":"product_cat","embeddable":true,"href":"https:\/\/zunzz.com\/da\/wp-json\/wp\/v2\/product_cat?post=2183"},{"taxonomy":"product_tag","embeddable":true,"href":"https:\/\/zunzz.com\/da\/wp-json\/wp\/v2\/product_tag?post=2183"}],"curies":[{"name":"wp","href":"https:\/\/api.w.org\/{rel}","templated":true}]}}