{"id":1596,"date":"2020-01-14T14:10:46","date_gmt":"2020-01-14T14:10:46","guid":{"rendered":"https:\/\/zunzz.com\/seneste-nyt\/"},"modified":"2025-12-18T02:51:47","modified_gmt":"2025-12-18T02:51:47","slug":"latest-news","status":"publish","type":"page","link":"https:\/\/zunzz.com\/da\/latest-news\/","title":{"rendered":"Seneste nyt"},"content":{"rendered":"\t\t<div data-elementor-type=\"wp-page\" data-elementor-id=\"1596\" class=\"elementor elementor-1596 elementor-160\">\n\t\t\t\t\t\t<section class=\"elementor-section elementor-top-section elementor-element elementor-element-6ee884d elementor-section-boxed elementor-section-height-default elementor-section-height-default parallax_section_no qode_elementor_container_no\" data-id=\"6ee884d\" data-element_type=\"section\">\n\t\t\t\t\t\t<div class=\"elementor-container elementor-column-gap-default\">\n\t\t\t\t\t<div class=\"elementor-column elementor-col-100 elementor-top-column elementor-element elementor-element-16e9107\" data-id=\"16e9107\" data-element_type=\"column\">\n\t\t\t<div class=\"elementor-widget-wrap elementor-element-populated\">\n\t\t\t\t\t\t<div class=\"elementor-element elementor-element-75f07c1 elementor-widget elementor-widget-bridge_latest_posts\" data-id=\"75f07c1\" data-element_type=\"widget\" data-widget_type=\"bridge_latest_posts.default\">\n\t\t\t\t<div class=\"elementor-widget-container\">\n\t\t\t\t\t\n<div class='latest_post_holder image_in_box  ' >\n    <ul>\n    \n        <li class=\"clearfix\">\n            <div class=\"latest_post\"  >\n                <div class=\"latest_post_image clearfix\">\n                    <a itemprop=\"url\" href=\"https:\/\/zunzz.com\/da\/wire-rope-reeling-machine\/\">\n                                            <\/a>\n                <\/div>\n\n\n                <div class=\"latest_post_text\">\n                    <div class=\"latest_post_inner\">\n                        <div class=\"latest_post_text_inner\">\n                            <h3 itemprop=\"name\" class=\"latest_post_title entry_title\"><a itemprop=\"url\" href=\"https:\/\/zunzz.com\/da\/wire-rope-reeling-machine\/\">Almindelige sp\u00f8rgsm\u00e5l og svar til wire reb oprullemaskine<\/a><\/h3>\n                            <p class=\"excerpt\">I forbindelse med konstruktion og anvendelse af st\u00e5lwire spiller st\u00e5lwireoprullningsmaskinen en afg\u00f8rende rolle som vigtigt hj\u00e6lpeudstyr. P\u00e5 grund af faktorer som milj\u00f8et p\u00e5 stedet, driftsvaner og uds...<\/p>\n                            <span class=\"post_infos\">\n                                                                    <span class=\"date_hour_holder\">\n                                        <span itemprop=\"dateCreated\" class=\"date entry_date updated\">03 juni, 2025 <meta itemprop=\"interactionCount\" content=\"UserComments: 0\"\/><\/span>\n                                    <\/span>\n                                \n                                \n                                \n                                \n                                                            <\/span>\n                        <\/div>\n                    <\/div>\n                <\/div>\n            <\/div>\n        <\/li>\n        \n        <li class=\"clearfix\">\n            <div class=\"latest_post\"  >\n                <div class=\"latest_post_image clearfix\">\n                    <a itemprop=\"url\" href=\"https:\/\/zunzz.com\/da\/ten-major-faults-of-wire-rope-swaging-machine\/\">\n                        <img decoding=\"async\" width=\"150\" height=\"150\" src=\"https:\/\/zunzz.com\/wp-content\/uploads\/2024\/12\/swager-motor-1-150x150.webp\" class=\"attachment-thumbnail size-thumbnail\" alt=\"swager motor\" srcset=\"https:\/\/zunzz.com\/wp-content\/uploads\/2024\/12\/swager-motor-1-150x150.webp 150w, https:\/\/zunzz.com\/wp-content\/uploads\/2024\/12\/swager-motor-1-300x300.webp 300w, https:\/\/zunzz.com\/wp-content\/uploads\/2024\/12\/swager-motor-1-100x100.webp 100w, https:\/\/zunzz.com\/wp-content\/uploads\/2024\/12\/swager-motor-1.webp 500w\" sizes=\"(max-width: 150px) 100vw, 150px\" \/>                    <\/a>\n                <\/div>\n\n\n                <div class=\"latest_post_text\">\n                    <div class=\"latest_post_inner\">\n                        <div class=\"latest_post_text_inner\">\n                            <h3 itemprop=\"name\" class=\"latest_post_title entry_title\"><a itemprop=\"url\" href=\"https:\/\/zunzz.com\/da\/ten-major-faults-of-wire-rope-swaging-machine\/\">Ti store fejl ved ledningsreb swaging maskine<\/a><\/h3>\n                            <p class=\"excerpt\">Detaljeret analyse af top 10 problemer, der kan opst\u00e5 under brugen af maskinen, og giver praktiske l\u00f8sninger. 1. S\u00e6nkemaskinens tryk kan ikke n\u00e5 N\u00e5r ledningsreb swaging maskinen arbejder, vil trykket ...<\/p>\n                            <span class=\"post_infos\">\n                                                                    <span class=\"date_hour_holder\">\n                                        <span itemprop=\"dateCreated\" class=\"date entry_date updated\">14 december, 2024 <meta itemprop=\"interactionCount\" content=\"UserComments: 0\"\/><\/span>\n                                    <\/span>\n                                \n                                \n                                \n                                \n                                                            <\/span>\n                        <\/div>\n                    <\/div>\n                <\/div>\n            <\/div>\n        <\/li>\n        \n        <li class=\"clearfix\">\n            <div class=\"latest_post\"  >\n                <div class=\"latest_post_image clearfix\">\n                    <a itemprop=\"url\" href=\"https:\/\/zunzz.com\/da\/let-you-know-about-cutting-and-annealing-machine-at-one-time\/\">\n                                            <\/a>\n                <\/div>\n\n\n                <div class=\"latest_post_text\">\n                    <div class=\"latest_post_inner\">\n                        <div class=\"latest_post_text_inner\">\n                            <h3 itemprop=\"name\" class=\"latest_post_title entry_title\"><a itemprop=\"url\" href=\"https:\/\/zunzz.com\/da\/let-you-know-about-cutting-and-annealing-machine-at-one-time\/\">Fort\u00e6l dig om sk\u00e6re- og udgl\u00f8dningsmaskine p\u00e5 \u00e9n gang<\/a><\/h3>\n                            <p class=\"excerpt\">1. Workflow for sk\u00e6re- og udgl\u00f8dningsmaskine I dag vil vi fort\u00e6lle dig sk\u00e6re- og udgl\u00f8dningsmaskinen ad gangen. F\u00f8rst manuel eller fuldautomatisk driftstart. \u2193 Under fremf\u00f8ringsfasen afslutter transpo...<\/p>\n                            <span class=\"post_infos\">\n                                                                    <span class=\"date_hour_holder\">\n                                        <span itemprop=\"dateCreated\" class=\"date entry_date updated\">05 december, 2024 <meta itemprop=\"interactionCount\" content=\"UserComments: 0\"\/><\/span>\n                                    <\/span>\n                                \n                                \n                                \n                                \n                                                            <\/span>\n                        <\/div>\n                    <\/div>\n                <\/div>\n            <\/div>\n        <\/li>\n        \n        <li class=\"clearfix\">\n            <div class=\"latest_post\"  >\n                <div class=\"latest_post_image clearfix\">\n                    <a itemprop=\"url\" href=\"https:\/\/zunzz.com\/da\/klassificering-af-wirestropper\/\">\n                                            <\/a>\n                <\/div>\n\n\n                <div class=\"latest_post_text\">\n                    <div class=\"latest_post_inner\">\n                        <div class=\"latest_post_text_inner\">\n                            <h3 itemprop=\"name\" class=\"latest_post_title entry_title\"><a itemprop=\"url\" href=\"https:\/\/zunzz.com\/da\/klassificering-af-wirestropper\/\">Klassificering af wirestropper<\/a><\/h3>\n                            <p class=\"excerpt\">1. RIGGING AF PRESSET ST\u00c5L Presset rigning er en type st\u00e5lwireslynge, som vi almindeligvis bruger, som generelt er opdelt i to typer: med krave og uden krave. Sammenlignet med gammeldags st\u00e5lwirestrop...<\/p>\n                            <span class=\"post_infos\">\n                                                                    <span class=\"date_hour_holder\">\n                                        <span itemprop=\"dateCreated\" class=\"date entry_date updated\">24 september, 2023 <meta itemprop=\"interactionCount\" content=\"UserComments: 0\"\/><\/span>\n                                    <\/span>\n                                \n                                \n                                \n                                \n                                                            <\/span>\n                        <\/div>\n                    <\/div>\n                <\/div>\n            <\/div>\n        <\/li>\n        \n        <li class=\"clearfix\">\n            <div class=\"latest_post\"  >\n                <div class=\"latest_post_image clearfix\">\n                    <a itemprop=\"url\" href=\"https:\/\/zunzz.com\/da\/wire-rope-sling\/\">\n                                            <\/a>\n                <\/div>\n\n\n                <div class=\"latest_post_text\">\n                    <div class=\"latest_post_inner\">\n                        <div class=\"latest_post_text_inner\">\n                            <h3 itemprop=\"name\" class=\"latest_post_title entry_title\"><a itemprop=\"url\" href=\"https:\/\/zunzz.com\/da\/wire-rope-sling\/\">Slynge af st\u00e5ltov<\/a><\/h3>\n                            <p class=\"excerpt\">Hvad er en st\u00e5lwire-slynge? Slynger af st\u00e5lwire er reb, der forarbejdes med st\u00e5lwire som r\u00e5materiale, og som hovedsageligt bruges til l\u00f8ft, tr\u00e6k, sp\u00e6nding og b\u00e6rende reb. St\u00e5lwire-rigning har h\u00f8j styr...<\/p>\n                            <span class=\"post_infos\">\n                                                                    <span class=\"date_hour_holder\">\n                                        <span itemprop=\"dateCreated\" class=\"date entry_date updated\">14 januar, 2020 <meta itemprop=\"interactionCount\" content=\"UserComments: 0\"\/><\/span>\n                                    <\/span>\n                                \n                                \n                                \n                                \n                                                            <\/span>\n                        <\/div>\n                    <\/div>\n                <\/div>\n            <\/div>\n        <\/li>\n        \n    <\/ul>\n<\/div>\t\t\t\t<\/div>\n\t\t\t\t<\/div>\n\t\t\t\t\t<\/div>\n\t\t<\/div>\n\t\t\t\t\t<\/div>\n\t\t<\/section>\n\t\t\t\t<\/div>\n\t\t","protected":false},"excerpt":{"rendered":"<p>Common Questions and Answers for Wire Rope Reeling Machine In the process of steel wire rope construction and application, the steel wire rope reeling machine plays a crucial role as an important auxiliary equipment. However, due to factors such as on-site en&#8230; 03 June, 2025&#8230;<\/p>\n","protected":false},"author":1,"featured_media":0,"parent":0,"menu_order":0,"comment_status":"closed","ping_status":"closed","template":"","meta":{"footnotes":""},"class_list":["post-1596","page","type-page","status-publish","hentry"],"yoast_head":"<!-- This site is optimized with the Yoast SEO plugin v26.8 - https:\/\/yoast.com\/product\/yoast-seo-wordpress\/ -->\n<title>Seneste nyt - Zunzz wire reb slynge maskine selskab<\/title>\n<meta name=\"description\" content=\"Omfattende information om de seneste produktudgivelser, branchetendenser, teknologiske innovationer og markedstendenser fra Zunzz wire reb slynge maskine selskab.\" \/>\n<meta name=\"robots\" content=\"index, follow, max-snippet:-1, max-image-preview:large, max-video-preview:-1\" \/>\n<link rel=\"canonical\" href=\"https:\/\/zunzz.com\/da\/latest-news\/\" \/>\n<meta property=\"og:locale\" content=\"da_DK\" \/>\n<meta property=\"og:type\" content=\"article\" \/>\n<meta property=\"og:title\" content=\"Seneste nyt - Zunzz wire reb slynge maskine selskab\" \/>\n<meta property=\"og:description\" content=\"Omfattende information om de seneste produktudgivelser, branchetendenser, teknologiske innovationer og markedstendenser fra Zunzz wire reb slynge maskine selskab.\" \/>\n<meta property=\"og:url\" content=\"https:\/\/zunzz.com\/da\/latest-news\/\" \/>\n<meta property=\"og:site_name\" content=\"Zunzz Wire Rope Sling Machine Company\" \/>\n<meta property=\"article:modified_time\" content=\"2025-12-18T02:51:47+00:00\" \/>\n<meta property=\"og:image\" content=\"https:\/\/zunzz.com\/wp-content\/uploads\/2020\/01\/1.webp\" \/>\n\t<meta property=\"og:image:width\" content=\"1400\" \/>\n\t<meta property=\"og:image:height\" content=\"1400\" \/>\n\t<meta property=\"og:image:type\" content=\"image\/webp\" \/>\n<meta name=\"twitter:card\" content=\"summary_large_image\" \/>\n<meta name=\"twitter:label1\" content=\"Estimeret l\u00e6setid\" \/>\n\t<meta name=\"twitter:data1\" content=\"1 minut\" \/>\n<script type=\"application\/ld+json\" class=\"yoast-schema-graph\">{\"@context\":\"https:\/\/schema.org\",\"@graph\":[{\"@type\":\"WebPage\",\"@id\":\"https:\/\/zunzz.com\/da\/latest-news\/\",\"url\":\"https:\/\/zunzz.com\/da\/latest-news\/\",\"name\":\"Seneste nyt - Zunzz wire reb slynge maskine selskab\",\"isPartOf\":{\"@id\":\"https:\/\/zunzz.com\/da\/#website\"},\"primaryImageOfPage\":{\"@id\":\"https:\/\/zunzz.com\/da\/latest-news\/#primaryimage\"},\"image\":{\"@id\":\"https:\/\/zunzz.com\/da\/latest-news\/#primaryimage\"},\"thumbnailUrl\":\"https:\/\/zunzz.com\/wp-content\/uploads\/2025\/06\/Wire-Rope-Coiling-Machine-5T-150x150.webp\",\"datePublished\":\"2020-01-14T14:10:46+00:00\",\"dateModified\":\"2025-12-18T02:51:47+00:00\",\"description\":\"Omfattende information om de seneste produktudgivelser, branchetendenser, teknologiske innovationer og markedstendenser fra Zunzz wire reb slynge maskine selskab.\",\"breadcrumb\":{\"@id\":\"https:\/\/zunzz.com\/da\/latest-news\/#breadcrumb\"},\"inLanguage\":\"da-DK\",\"potentialAction\":[{\"@type\":\"ReadAction\",\"target\":[\"https:\/\/zunzz.com\/da\/latest-news\/\"]}]},{\"@type\":\"ImageObject\",\"inLanguage\":\"da-DK\",\"@id\":\"https:\/\/zunzz.com\/da\/latest-news\/#primaryimage\",\"url\":\"https:\/\/zunzz.com\/wp-content\/uploads\/2025\/06\/Wire-Rope-Coiling-Machine-5T-150x150.webp\",\"contentUrl\":\"https:\/\/zunzz.com\/wp-content\/uploads\/2025\/06\/Wire-Rope-Coiling-Machine-5T-150x150.webp\"},{\"@type\":\"BreadcrumbList\",\"@id\":\"https:\/\/zunzz.com\/da\/latest-news\/#breadcrumb\",\"itemListElement\":[{\"@type\":\"ListItem\",\"position\":1,\"name\":\"Home\",\"item\":\"https:\/\/zunzz.com\/da\/home\/\"},{\"@type\":\"ListItem\",\"position\":2,\"name\":\"Seneste nyt\"}]},{\"@type\":\"WebSite\",\"@id\":\"https:\/\/zunzz.com\/da\/#website\",\"url\":\"https:\/\/zunzz.com\/da\/\",\"name\":\"Zunzz Wire Rope Sling Machine Company\",\"description\":\"Zunzz Wire Rope Sling Machine Company is a leading manufacturer of wire rope sling machines and related products.\",\"publisher\":{\"@id\":\"https:\/\/zunzz.com\/da\/#organization\"},\"potentialAction\":[{\"@type\":\"SearchAction\",\"target\":{\"@type\":\"EntryPoint\",\"urlTemplate\":\"https:\/\/zunzz.com\/da\/?s={search_term_string}\"},\"query-input\":{\"@type\":\"PropertyValueSpecification\",\"valueRequired\":true,\"valueName\":\"search_term_string\"}}],\"inLanguage\":\"da-DK\"},{\"@type\":\"Organization\",\"@id\":\"https:\/\/zunzz.com\/da\/#organization\",\"name\":\"Zunzz Wire Rope Sling Machine Company\",\"url\":\"https:\/\/zunzz.com\/da\/\",\"logo\":{\"@type\":\"ImageObject\",\"inLanguage\":\"da-DK\",\"@id\":\"https:\/\/zunzz.com\/da\/#\/schema\/logo\/image\/\",\"url\":\"https:\/\/zunzz.com\/wp-content\/uploads\/2023\/09\/Logo.png\",\"contentUrl\":\"https:\/\/zunzz.com\/wp-content\/uploads\/2023\/09\/Logo.png\",\"width\":171,\"height\":133,\"caption\":\"Zunzz Wire Rope Sling Machine Company\"},\"image\":{\"@id\":\"https:\/\/zunzz.com\/da\/#\/schema\/logo\/image\/\"}}]}<\/script>\n<!-- \/ Yoast SEO plugin. -->","yoast_head_json":{"title":"Seneste nyt - Zunzz wire reb slynge maskine selskab","description":"Omfattende information om de seneste produktudgivelser, branchetendenser, teknologiske innovationer og markedstendenser fra Zunzz wire reb slynge maskine selskab.","robots":{"index":"index","follow":"follow","max-snippet":"max-snippet:-1","max-image-preview":"max-image-preview:large","max-video-preview":"max-video-preview:-1"},"canonical":"https:\/\/zunzz.com\/da\/latest-news\/","og_locale":"da_DK","og_type":"article","og_title":"Seneste nyt - Zunzz wire reb slynge maskine selskab","og_description":"Omfattende information om de seneste produktudgivelser, branchetendenser, teknologiske innovationer og markedstendenser fra Zunzz wire reb slynge maskine selskab.","og_url":"https:\/\/zunzz.com\/da\/latest-news\/","og_site_name":"Zunzz Wire Rope Sling Machine Company","article_modified_time":"2025-12-18T02:51:47+00:00","og_image":[{"width":1400,"height":1400,"url":"https:\/\/zunzz.com\/wp-content\/uploads\/2020\/01\/1.webp","type":"image\/webp"}],"twitter_card":"summary_large_image","twitter_misc":{"Estimeret l\u00e6setid":"1 minut"},"schema":{"@context":"https:\/\/schema.org","@graph":[{"@type":"WebPage","@id":"https:\/\/zunzz.com\/da\/latest-news\/","url":"https:\/\/zunzz.com\/da\/latest-news\/","name":"Seneste nyt - Zunzz wire reb slynge maskine selskab","isPartOf":{"@id":"https:\/\/zunzz.com\/da\/#website"},"primaryImageOfPage":{"@id":"https:\/\/zunzz.com\/da\/latest-news\/#primaryimage"},"image":{"@id":"https:\/\/zunzz.com\/da\/latest-news\/#primaryimage"},"thumbnailUrl":"https:\/\/zunzz.com\/wp-content\/uploads\/2025\/06\/Wire-Rope-Coiling-Machine-5T-150x150.webp","datePublished":"2020-01-14T14:10:46+00:00","dateModified":"2025-12-18T02:51:47+00:00","description":"Omfattende information om de seneste produktudgivelser, branchetendenser, teknologiske innovationer og markedstendenser fra Zunzz wire reb slynge maskine selskab.","breadcrumb":{"@id":"https:\/\/zunzz.com\/da\/latest-news\/#breadcrumb"},"inLanguage":"da-DK","potentialAction":[{"@type":"ReadAction","target":["https:\/\/zunzz.com\/da\/latest-news\/"]}]},{"@type":"ImageObject","inLanguage":"da-DK","@id":"https:\/\/zunzz.com\/da\/latest-news\/#primaryimage","url":"https:\/\/zunzz.com\/wp-content\/uploads\/2025\/06\/Wire-Rope-Coiling-Machine-5T-150x150.webp","contentUrl":"https:\/\/zunzz.com\/wp-content\/uploads\/2025\/06\/Wire-Rope-Coiling-Machine-5T-150x150.webp"},{"@type":"BreadcrumbList","@id":"https:\/\/zunzz.com\/da\/latest-news\/#breadcrumb","itemListElement":[{"@type":"ListItem","position":1,"name":"Home","item":"https:\/\/zunzz.com\/da\/home\/"},{"@type":"ListItem","position":2,"name":"Seneste nyt"}]},{"@type":"WebSite","@id":"https:\/\/zunzz.com\/da\/#website","url":"https:\/\/zunzz.com\/da\/","name":"Zunzz Wire Rope Sling Machine Company","description":"Zunzz Wire Rope Sling Machine Company is a leading manufacturer of wire rope sling machines and related products.","publisher":{"@id":"https:\/\/zunzz.com\/da\/#organization"},"potentialAction":[{"@type":"SearchAction","target":{"@type":"EntryPoint","urlTemplate":"https:\/\/zunzz.com\/da\/?s={search_term_string}"},"query-input":{"@type":"PropertyValueSpecification","valueRequired":true,"valueName":"search_term_string"}}],"inLanguage":"da-DK"},{"@type":"Organization","@id":"https:\/\/zunzz.com\/da\/#organization","name":"Zunzz Wire Rope Sling Machine Company","url":"https:\/\/zunzz.com\/da\/","logo":{"@type":"ImageObject","inLanguage":"da-DK","@id":"https:\/\/zunzz.com\/da\/#\/schema\/logo\/image\/","url":"https:\/\/zunzz.com\/wp-content\/uploads\/2023\/09\/Logo.png","contentUrl":"https:\/\/zunzz.com\/wp-content\/uploads\/2023\/09\/Logo.png","width":171,"height":133,"caption":"Zunzz Wire Rope Sling Machine Company"},"image":{"@id":"https:\/\/zunzz.com\/da\/#\/schema\/logo\/image\/"}}]}},"_links":{"self":[{"href":"https:\/\/zunzz.com\/da\/wp-json\/wp\/v2\/pages\/1596","targetHints":{"allow":["GET"]}}],"collection":[{"href":"https:\/\/zunzz.com\/da\/wp-json\/wp\/v2\/pages"}],"about":[{"href":"https:\/\/zunzz.com\/da\/wp-json\/wp\/v2\/types\/page"}],"author":[{"embeddable":true,"href":"https:\/\/zunzz.com\/da\/wp-json\/wp\/v2\/users\/1"}],"replies":[{"embeddable":true,"href":"https:\/\/zunzz.com\/da\/wp-json\/wp\/v2\/comments?post=1596"}],"version-history":[{"count":6,"href":"https:\/\/zunzz.com\/da\/wp-json\/wp\/v2\/pages\/1596\/revisions"}],"predecessor-version":[{"id":5948,"href":"https:\/\/zunzz.com\/da\/wp-json\/wp\/v2\/pages\/1596\/revisions\/5948"}],"wp:attachment":[{"href":"https:\/\/zunzz.com\/da\/wp-json\/wp\/v2\/media?parent=1596"}],"curies":[{"name":"wp","href":"https:\/\/api.w.org\/{rel}","templated":true}]}}